{"id":8258,"date":"2011-04-07T09:32:04","date_gmt":"2011-04-07T09:32:04","guid":{"rendered":"https:\/\/homehostelsvalencia.com\/youth-hostel-center-valencia\/"},"modified":"2022-06-13T16:45:42","modified_gmt":"2022-06-13T14:45:42","slug":"youth-hostel-centrum-valencia","status":"publish","type":"page","link":"https:\/\/homehostelsvalencia.com\/nl\/youth-hostel-centrum-valencia\/","title":{"rendered":"Locatie Thuis Jeugdherberg"},"content":{"rendered":"\n<p class=\"has-text-align-center\">[ci-button size=&#8221;small&#8221; scheme=&#8221;blue&#8221; icon=&#8221;fa-tag&#8221; url=&#8221;\/youth-hostel-valencia\/presentation\/&#8221;]Overview[\/ci-button][ci-button size=&#8221;small&#8221; scheme=&#8221;blue&#8221; icon=&#8221;fa-picture-o&#8221; url=&#8221;\/youth-hostel-valencia\/hostel-pictures\/&#8221;]Gallery[\/ci-button][ci-button size=&#8221;small&#8221; scheme=&#8221;blue&#8221; icon=&#8221;fa-location-arrow&#8221; url=&#8221;\/youth-hostel-valencia\/youth-hostel-center-valencia\/&#8221;]Location[\/ci-button][ci-button size=&#8221;small&#8221; scheme=&#8221;blue&#8221; icon=&#8221;fa-bed&#8221; url=&#8221;\/youth-hostel-valencia\/youth-hostel-rooms\/&#8221;]Rooms[\/ci-button][ci-button size=&#8221;small&#8221; scheme=&#8221;blue&#8221; icon=&#8221;fa-group&#8221; url=&#8221;\/youth-hostel-valencia\/hostel-groups-valencia\/&#8221;]Groups[\/ci-button][ci-button size=&#8221;small&#8221; scheme=&#8221;blue&#8221; icon=&#8221;fa-commenting-o&#8221; url=&#8221;\/youth-hostel-valencia\/reviews\/&#8221;]Reviews[\/ci-button][ci-button size=&#8221;small&#8221; scheme=&#8221;blue&#8221; icon=&#8221;fa-street-view&#8221; url=&#8221;\/youth-hostel-valencia\/virtual-tour\/&#8221;]Virtual 360\u00ba[\/ci-button][ci-button size=&#8221;small&#8221; scheme=&#8221;blue&#8221; icon=&#8221;fa-video-camera&#8221; url=&#8221;\/youth-hostel-valencia\/hostel-videos\/&#8221;]Videos[\/ci-button]<\/p>\n\n\n\n<p><strong>Home Youth Hostel<\/strong> is een jeugdherberg in het centrum van Valencia, niet ver van het trein- en busstation. Dit hostel ligt op slechts een steenworp afstand van Mercado Central (centrale markt) en La Lonja, twee zeer belangrijke toeristische plekken in Valencia.<\/p>\n\n\n\n<p><iframe style=\"border: 0;\" src=\"https:\/\/www.google.com\/maps\/embed?pb=!1m18!1m12!1m3!1d3079.7708102282204!2d-0.3802786844710481!3d39.474506120324065!2m3!1f0!2f0!3f0!3m2!1i1024!2i768!4f13.1!3m3!1m2!1s0xd604f4d969667a3%3A0x1664dfe919d42dc5!2s%F0%9F%8F%A8+Home+Youth+Hostel+Valencia+by+Feetup!5e0!3m2!1ses!2ses!4v1471910073520\" width=\"100%\" height=\"300\" frameborder=\"0\" allowfullscreen=\"allowfullscreen\"><\/iframe><\/p>\n\n\n\n<div id=\"hostel-page-map\" style=\"text-align: justify;\">&nbsp;<\/div>\n\n\n\n<p>Adres: Calle Lonja # 4, 46001<br>Valencia &#8211; SPAIN<br>Telefoon: [+34] 96 391 62 29<\/p>\n\n\n\n<h2 class=\"wp-block-heading\">Van het vliegveld<\/h2>\n\n\n\n<p>Er is een metroverbinding tussen 06.00 en 23.55 uur van het vliegveld naar het stadscentrum. In het centrum stap je uit bij X\u00e0tiva, vlak voor het treinstation (Estaci\u00f3n del Norte). Volg vanaf daar onze aanwijzingen vanaf het treinstation. U kunt ook een taxi nemen, deze kost ongeveer tussen de 15 en 20 euro en duurt ongeveer 15 minuten.<\/p>\n\n\n\n<h2 class=\"wp-block-heading\">Vanaf het treinstation Valencia Nord<\/h2>\n\n\n\n<p>15 minuten. Vanaf de hoofduitgang van het treinstation loopt Valencia Nord rechtdoor naar de Plaza del Ayuntamiento. Loop langs de fontein (laat deze aan je rechterhand) tot je bij de Citibank komt. Neem de Avenida Maria Cristina aan uw linkerhand tot u de Centrale Markt bereikt. Aan uw rechterhand ziet u de oude zijdemarkt &#8220;Lonja de la Seda&#8221;. Neem de trap naast de Lonja. Uiteindelijk, net voordat u de Plaza del Collado bereikt, ziet u aan uw linkerhand Home Youth Hostel.<\/p>\n\n\n\n<h2 class=\"wp-block-heading\">Vanaf het treinstation Joaquin Sorolla<\/h2>\n\n\n\n<p>30 minuten. 3 opties.<\/p>\n\n\n\n<p>1) Buiten bij de hoofduitgang ziet u een geel\/zwarte bus, die gratis is bij uw treinkaartje, die u naar het treinstation \u201cValencia Nord\u201d brengt.<\/p>\n\n\n\n<p>2) Of u kunt 15 minuten lopen langs de sporen tot u het treinstation Valencia Nord bereikt. Vanaf de hoofduitgang van het treinstation loopt Valencia Nord rechtdoor naar de Plaza del Ayuntamiento. Loop langs de fontein (laat deze aan je rechterhand) tot je bij de Citibank komt. Neem de Avenida Maria Cristina aan uw linkerhand tot u de Centrale Markt bereikt. Aan uw rechterhand ziet u de oude zijdemarkt &#8220;Lonja de la Seda&#8221;. Neem de trap naast de Lonja. Uiteindelijk, net voordat je de Plaza del Collado bereikt, zie je aan je linkerhand Home Youth Hostel.<\/p>\n\n\n\n<p>3) Buiten bij de hoofduitgang gaat u linksaf en gaat u naar de straat Calle San Vicente Martir. Daar neemt u bus 27 tot aan Mercat \u2013 San Ferrer. Als je uit de bus stapt zie je de Centrale markt en voor La Lonja, de oude zijdemarkt. Neem de trap naast de Lonja. Uiteindelijk, net voordat je de Plaza del Collado bereikt, zie je aan je linkerhand <strong>Home Youth Hostel.<\/strong><\/p>\n\n\n\n<h2 class=\"wp-block-heading\">Vanaf het busstation<\/h2>\n\n\n\n<p>Neem bus nr. 28 buiten het busstation en stap uit bij Plaza de la Reina. Aan uw rechterhand ziet u een McDonald&#8217;s. Neem de Calle Correjer\u00eda tot deze eindigt; sla dan linksaf naar de Calle de la Pur\u00edsima. Ga rechtdoor naar de Calle de la Estame\u00f1er\u00eda Vieja totdat u bij een pleintje komt genaamd Plaza del Dr. Collado. Eenmaal op het plein zie je Caf\u00e9 Lisboa en Bar El Kiosco. Op een tegenoverliggend gebouw ziet u het Home-logo. De ingang van het hostel bevindt zich aan de linkerkant van dit gebouw. Aanbellen en welkom!!<\/p>\n\n\n\n<h2 class=\"wp-block-heading\">Vanaf de haven<\/h2>\n\n\n\n<p>Eenmaal buiten de haven gaat u rechtdoor richting Avenida de Francia (5 minuten lopen) en neemt u bus nr. 19. Stap uit bij Plaza del Ayuntamiento (het centrale plein). Loop langs de fontein (laat deze aan je rechterhand) tot je bij de Citibank komt. Neem de Avenida Maria Cristina aan uw linkerhand tot u de Centrale Markt bereikt. Aan uw rechterhand ziet u de oude zijdemarkt &#8220;Lonja de la Seda&#8221;. Neem de trap naast de Lonja. Uiteindelijk, net voordat u de Plaza del Collado bereikt, ziet u aan uw linkerhand Home Youth Hostel.<\/p>\n","protected":false},"excerpt":{"rendered":"<p>[ci-button size=&#8221;small&#8221; scheme=&#8221;blue&#8221; icon=&#8221;fa-tag&#8221; url=&#8221;\/youth-hostel-valencia\/presentation\/&#8221;]Overview[\/ci-button][ci-button size=&#8221;small&#8221; scheme=&#8221;blue&#8221; icon=&#8221;fa-picture-o&#8221; url=&#8221;\/youth-hostel-valencia\/hostel-pictures\/&#8221;]Gallery[\/ci-button][ci-button size=&#8221;small&#8221; scheme=&#8221;blue&#8221; icon=&#8221;fa-location-arrow&#8221; url=&#8221;\/youth-hostel-valencia\/youth-hostel-center-valencia\/&#8221;]Location[\/ci-button][ci-button size=&#8221;small&#8221; scheme=&#8221;blue&#8221; icon=&#8221;fa-bed&#8221; url=&#8221;\/youth-hostel-valencia\/youth-hostel-rooms\/&#8221;]Rooms[\/ci-button][ci-button size=&#8221;small&#8221; scheme=&#8221;blue&#8221; icon=&#8221;fa-group&#8221; url=&#8221;\/youth-hostel-valencia\/hostel-groups-valencia\/&#8221;]Groups[\/ci-button][ci-button size=&#8221;small&#8221; scheme=&#8221;blue&#8221; icon=&#8221;fa-commenting-o&#8221; url=&#8221;\/youth-hostel-valencia\/reviews\/&#8221;]Reviews[\/ci-button][ci-button size=&#8221;small&#8221; scheme=&#8221;blue&#8221; icon=&#8221;fa-street-view&#8221; url=&#8221;\/youth-hostel-valencia\/virtual-tour\/&#8221;]Virtual 360\u00ba[\/ci-button][ci-button size=&#8221;small&#8221; scheme=&#8221;blue&#8221; icon=&#8221;fa-video-camera&#8221; url=&#8221;\/youth-hostel-valencia\/hostel-videos\/&#8221;]Videos[\/ci-button] Home Youth Hostel is een jeugdherberg in het centrum van Valencia, niet ver van het trein- en busstation. Dit hostel ligt [&hellip;]<\/p>\n","protected":false},"author":7,"featured_media":0,"parent":0,"menu_order":0,"comment_status":"closed","ping_status":"closed","template":"","meta":{"footnotes":""},"class_list":["post-8258","page","type-page","status-publish","hentry"],"yoast_head":"<!-- This site is optimized with the Yoast SEO plugin v27.3 - https:\/\/yoast.com\/product\/yoast-seo-wordpress\/ -->\n<title>Locatie Home Youth Hostel - Centrum van Valencia!!!<\/title>\n<meta name=\"description\" content=\"Home Youth in het centrum van Valencia, vlakbij het trein- en busstation en op een steenworp afstand van de belangrijkste monumenten. Locatie Home Youth - Centrum van Valencia\" \/>\n<meta name=\"robots\" content=\"index, follow, max-snippet:-1, max-image-preview:large, max-video-preview:-1\" \/>\n<link rel=\"canonical\" href=\"https:\/\/homehostelsvalencia.com\/nl\/youth-hostel-centrum-valencia\/\" \/>\n<meta property=\"og:locale\" content=\"nl_NL\" \/>\n<meta property=\"og:type\" content=\"article\" \/>\n<meta property=\"og:title\" content=\"Locatie Home Youth Hostel - Centrum van Valencia!!!\" \/>\n<meta property=\"og:description\" content=\"Home Youth in het centrum van Valencia, vlakbij het trein- en busstation en op een steenworp afstand van de belangrijkste monumenten. Locatie Home Youth - Centrum van Valencia\" \/>\n<meta property=\"og:url\" content=\"https:\/\/homehostelsvalencia.com\/nl\/youth-hostel-centrum-valencia\/\" \/>\n<meta property=\"og:site_name\" content=\"H\u00f4me Hostels Valencia\" \/>\n<meta property=\"article:publisher\" content=\"https:\/\/www.facebook.com\/HomeHostelsValencia\" \/>\n<meta property=\"article:modified_time\" content=\"2022-06-13T14:45:42+00:00\" \/>\n<meta name=\"twitter:card\" content=\"summary_large_image\" \/>\n<meta name=\"twitter:site\" content=\"@homehostelsvlc\" \/>\n<meta name=\"twitter:label1\" content=\"Geschatte leestijd\" \/>\n\t<meta name=\"twitter:data1\" content=\"3 minuten\" \/>\n<script type=\"application\/ld+json\" class=\"yoast-schema-graph\">{\"@context\":\"https:\\\/\\\/schema.org\",\"@graph\":[{\"@type\":\"WebPage\",\"@id\":\"https:\\\/\\\/homehostelsvalencia.com\\\/nl\\\/youth-hostel-centrum-valencia\\\/\",\"url\":\"https:\\\/\\\/homehostelsvalencia.com\\\/nl\\\/youth-hostel-centrum-valencia\\\/\",\"name\":\"Locatie Home Youth Hostel - Centrum van Valencia!!!\",\"isPartOf\":{\"@id\":\"https:\\\/\\\/homehostelsvalencia.com\\\/nl\\\/#website\"},\"datePublished\":\"2011-04-07T09:32:04+00:00\",\"dateModified\":\"2022-06-13T14:45:42+00:00\",\"description\":\"Home Youth in het centrum van Valencia, vlakbij het trein- en busstation en op een steenworp afstand van de belangrijkste monumenten. Locatie Home Youth - Centrum van Valencia\",\"breadcrumb\":{\"@id\":\"https:\\\/\\\/homehostelsvalencia.com\\\/nl\\\/youth-hostel-centrum-valencia\\\/#breadcrumb\"},\"inLanguage\":\"nl-NL\",\"potentialAction\":[{\"@type\":\"ReadAction\",\"target\":[\"https:\\\/\\\/homehostelsvalencia.com\\\/nl\\\/youth-hostel-centrum-valencia\\\/\"]}]},{\"@type\":\"BreadcrumbList\",\"@id\":\"https:\\\/\\\/homehostelsvalencia.com\\\/nl\\\/youth-hostel-centrum-valencia\\\/#breadcrumb\",\"itemListElement\":[{\"@type\":\"ListItem\",\"position\":1,\"name\":\"Portada\",\"item\":\"https:\\\/\\\/homehostelsvalencia.com\\\/nl\\\/\"},{\"@type\":\"ListItem\",\"position\":2,\"name\":\"Locatie Thuis Jeugdherberg\"}]},{\"@type\":\"WebSite\",\"@id\":\"https:\\\/\\\/homehostelsvalencia.com\\\/nl\\\/#website\",\"url\":\"https:\\\/\\\/homehostelsvalencia.com\\\/nl\\\/\",\"name\":\"H\u00f4me Hostels Valencia\",\"description\":\"If you&#039;re looking for a cheap place to stay en Valencia, come to H\u00f4me Hostels Valencia.\",\"publisher\":{\"@id\":\"https:\\\/\\\/homehostelsvalencia.com\\\/nl\\\/#organization\"},\"potentialAction\":[{\"@type\":\"SearchAction\",\"target\":{\"@type\":\"EntryPoint\",\"urlTemplate\":\"https:\\\/\\\/homehostelsvalencia.com\\\/nl\\\/?s={search_term_string}\"},\"query-input\":{\"@type\":\"PropertyValueSpecification\",\"valueRequired\":true,\"valueName\":\"search_term_string\"}}],\"inLanguage\":\"nl-NL\"},{\"@type\":\"Organization\",\"@id\":\"https:\\\/\\\/homehostelsvalencia.com\\\/nl\\\/#organization\",\"name\":\"Home Hostels Valencia\",\"url\":\"https:\\\/\\\/homehostelsvalencia.com\\\/nl\\\/\",\"logo\":{\"@type\":\"ImageObject\",\"inLanguage\":\"nl-NL\",\"@id\":\"https:\\\/\\\/homehostelsvalencia.com\\\/nl\\\/#\\\/schema\\\/logo\\\/image\\\/\",\"url\":\"https:\\\/\\\/homehostelsvalencia.com\\\/wp-content\\\/uploads\\\/2017\\\/01\\\/logo-home-hostels-valencia-spain.png\",\"contentUrl\":\"https:\\\/\\\/homehostelsvalencia.com\\\/wp-content\\\/uploads\\\/2017\\\/01\\\/logo-home-hostels-valencia-spain.png\",\"width\":233,\"height\":93,\"caption\":\"Home Hostels Valencia\"},\"image\":{\"@id\":\"https:\\\/\\\/homehostelsvalencia.com\\\/nl\\\/#\\\/schema\\\/logo\\\/image\\\/\"},\"sameAs\":[\"https:\\\/\\\/www.facebook.com\\\/HomeHostelsValencia\",\"https:\\\/\\\/x.com\\\/homehostelsvlc\",\"https:\\\/\\\/www.youtube.com\\\/user\\\/homehostelsvalencia\"]}]}<\/script>\n<!-- \/ Yoast SEO plugin. -->","yoast_head_json":{"title":"Locatie Home Youth Hostel - Centrum van Valencia!!!","description":"Home Youth in het centrum van Valencia, vlakbij het trein- en busstation en op een steenworp afstand van de belangrijkste monumenten. Locatie Home Youth - Centrum van Valencia","robots":{"index":"index","follow":"follow","max-snippet":"max-snippet:-1","max-image-preview":"max-image-preview:large","max-video-preview":"max-video-preview:-1"},"canonical":"https:\/\/homehostelsvalencia.com\/nl\/youth-hostel-centrum-valencia\/","og_locale":"nl_NL","og_type":"article","og_title":"Locatie Home Youth Hostel - Centrum van Valencia!!!","og_description":"Home Youth in het centrum van Valencia, vlakbij het trein- en busstation en op een steenworp afstand van de belangrijkste monumenten. Locatie Home Youth - Centrum van Valencia","og_url":"https:\/\/homehostelsvalencia.com\/nl\/youth-hostel-centrum-valencia\/","og_site_name":"H\u00f4me Hostels Valencia","article_publisher":"https:\/\/www.facebook.com\/HomeHostelsValencia","article_modified_time":"2022-06-13T14:45:42+00:00","twitter_card":"summary_large_image","twitter_site":"@homehostelsvlc","twitter_misc":{"Geschatte leestijd":"3 minuten"},"schema":{"@context":"https:\/\/schema.org","@graph":[{"@type":"WebPage","@id":"https:\/\/homehostelsvalencia.com\/nl\/youth-hostel-centrum-valencia\/","url":"https:\/\/homehostelsvalencia.com\/nl\/youth-hostel-centrum-valencia\/","name":"Locatie Home Youth Hostel - Centrum van Valencia!!!","isPartOf":{"@id":"https:\/\/homehostelsvalencia.com\/nl\/#website"},"datePublished":"2011-04-07T09:32:04+00:00","dateModified":"2022-06-13T14:45:42+00:00","description":"Home Youth in het centrum van Valencia, vlakbij het trein- en busstation en op een steenworp afstand van de belangrijkste monumenten. Locatie Home Youth - Centrum van Valencia","breadcrumb":{"@id":"https:\/\/homehostelsvalencia.com\/nl\/youth-hostel-centrum-valencia\/#breadcrumb"},"inLanguage":"nl-NL","potentialAction":[{"@type":"ReadAction","target":["https:\/\/homehostelsvalencia.com\/nl\/youth-hostel-centrum-valencia\/"]}]},{"@type":"BreadcrumbList","@id":"https:\/\/homehostelsvalencia.com\/nl\/youth-hostel-centrum-valencia\/#breadcrumb","itemListElement":[{"@type":"ListItem","position":1,"name":"Portada","item":"https:\/\/homehostelsvalencia.com\/nl\/"},{"@type":"ListItem","position":2,"name":"Locatie Thuis Jeugdherberg"}]},{"@type":"WebSite","@id":"https:\/\/homehostelsvalencia.com\/nl\/#website","url":"https:\/\/homehostelsvalencia.com\/nl\/","name":"H\u00f4me Hostels Valencia","description":"If you&#039;re looking for a cheap place to stay en Valencia, come to H\u00f4me Hostels Valencia.","publisher":{"@id":"https:\/\/homehostelsvalencia.com\/nl\/#organization"},"potentialAction":[{"@type":"SearchAction","target":{"@type":"EntryPoint","urlTemplate":"https:\/\/homehostelsvalencia.com\/nl\/?s={search_term_string}"},"query-input":{"@type":"PropertyValueSpecification","valueRequired":true,"valueName":"search_term_string"}}],"inLanguage":"nl-NL"},{"@type":"Organization","@id":"https:\/\/homehostelsvalencia.com\/nl\/#organization","name":"Home Hostels Valencia","url":"https:\/\/homehostelsvalencia.com\/nl\/","logo":{"@type":"ImageObject","inLanguage":"nl-NL","@id":"https:\/\/homehostelsvalencia.com\/nl\/#\/schema\/logo\/image\/","url":"https:\/\/homehostelsvalencia.com\/wp-content\/uploads\/2017\/01\/logo-home-hostels-valencia-spain.png","contentUrl":"https:\/\/homehostelsvalencia.com\/wp-content\/uploads\/2017\/01\/logo-home-hostels-valencia-spain.png","width":233,"height":93,"caption":"Home Hostels Valencia"},"image":{"@id":"https:\/\/homehostelsvalencia.com\/nl\/#\/schema\/logo\/image\/"},"sameAs":["https:\/\/www.facebook.com\/HomeHostelsValencia","https:\/\/x.com\/homehostelsvlc","https:\/\/www.youtube.com\/user\/homehostelsvalencia"]}]}},"_links":{"self":[{"href":"https:\/\/homehostelsvalencia.com\/nl\/wp-json\/wp\/v2\/pages\/8258","targetHints":{"allow":["GET"]}}],"collection":[{"href":"https:\/\/homehostelsvalencia.com\/nl\/wp-json\/wp\/v2\/pages"}],"about":[{"href":"https:\/\/homehostelsvalencia.com\/nl\/wp-json\/wp\/v2\/types\/page"}],"author":[{"embeddable":true,"href":"https:\/\/homehostelsvalencia.com\/nl\/wp-json\/wp\/v2\/users\/7"}],"replies":[{"embeddable":true,"href":"https:\/\/homehostelsvalencia.com\/nl\/wp-json\/wp\/v2\/comments?post=8258"}],"version-history":[{"count":0,"href":"https:\/\/homehostelsvalencia.com\/nl\/wp-json\/wp\/v2\/pages\/8258\/revisions"}],"wp:attachment":[{"href":"https:\/\/homehostelsvalencia.com\/nl\/wp-json\/wp\/v2\/media?parent=8258"}],"curies":[{"name":"wp","href":"https:\/\/api.w.org\/{rel}","templated":true}]}}