{"id":11685,"date":"2011-04-28T16:33:08","date_gmt":"2011-04-28T16:33:08","guid":{"rendered":"https:\/\/homehostelsvalencia.com\/hostel-for-fallas\/"},"modified":"2022-06-14T11:48:47","modified_gmt":"2022-06-14T09:48:47","slug":"hostel-voor-fallas","status":"publish","type":"page","link":"https:\/\/homehostelsvalencia.com\/nl\/hostel-voor-fallas\/","title":{"rendered":"Hostel voor Fallas in Valencia"},"content":{"rendered":"\n<h2 class=\"wp-block-heading\">Op zoek naar een plek om te verblijven tijdens Fallas &#8211; Hostels voor Fallas?<\/h2>\n\n\n\n<p>Bij <strong>Home Hostels Valencia<\/strong> hebben we twee hostels in het hart van de Fallas festivalactiviteiten.<\/p>\n\n\n\n<p>We bieden je twee <strong>voordelige hostels<\/strong> zodat je kunt komen genieten van <strong>Fallas<\/strong>. Er is geen betere plek om te verblijven, aangezien we ons in het hart van de Fallas-festivalevenementen bevinden.<\/p>\n\n\n\n<p>Onze hostels liggen op loopafstand van de Masclet\u00e1 op de Plaza del Ayutamiento (Hoofdplein), de Ofrenda op de Plaza de la Virgen en het vuurwerk in de Turia. U kunt ook de monumenten van de beroemdste vallers bezoeken.<\/p>\n\n\n\n<p><strong>Fallas is <\/strong>het belangrijkste en beste vuurfeest in de stad Valencia. Fallas is een van de beste Spaanse Festivals van Vuur en daarom is het niet eenvoudig om een goed en goedkoop hostel in Fallas te vinden. Hostels in het centrum van Valencia en de omliggende gebieden zijn vele maanden voor de Fallas uitverkocht, <strong>dus we raden je aan om je Valencia Hostel voor Fallas ruim van tevoren te boeken.<\/strong><\/p>\n\n\n\n<p>Bij Home Hostels in Valencia bieden we je twee zeer goede hostels aan in het centrum van Valencia, net naast Fallas:<\/p>\n\n\n\n<p>&#8211; <strong>Home Youth Hostel Valencia: <\/strong>kamers voor 2, 3 of 4 personen. Het eerste hostel in Valencia zonder stapelbedden in het oude centrum van de stad.<\/p>\n\n\n\n<p>&#8211; <strong>Home Backpackers Hostel:<\/strong> slaapzalen met 2, 4, 6, 8, 10 en 12 stapelbedden. Grote, goedkope, schone, zonnige en kleurrijke kamers.<\/p>\n\n\n\n<p>Fallas begint op 15 maart tot 19 maart, wanneer u kunt genieten van geweldig vuurwerk, masclet\u00e1s (daglichtvuurwerk) en Ofrenda. Het is een ongelooflijk vuurwerk en kleurrijk festival dat je niet mag missen als je in Home Hostel in Valencia verblijft.<\/p>\n\n\n\n<p>Falla&#8217;s zijn gemaakt van hout, karton en papier-mach\u00e9-beelden of figuren die ninots worden genoemd, sommige zijn enorm groot en branden op de laatste dag van Fallas en cre\u00ebren een zeer verrassende en mooie sfeer van vuur en vuurwerk. Elk buurtcomit\u00e9, de casal faller, zamelt de nodige financi\u00ebn in voor de bouw van de ninots.<\/p>\n\n\n\n<p>De belangrijkste Casals en <strong>Fallas bevinden zich in het oude centrum van Valencia, net naast Home Hostels Valencia.<\/strong><\/p>\n\n\n\n<p>Fallas is een unieke ervaring vol geluid, kleur en geluk die je minstens \u00e9\u00e9n keer in je leven moet zien. Fallas laten de stad eruit zien als brandend en zitten de hele dag vol met vuurwerk, vuurwerk, parades, veel mensen op straat, kleurrijke lichten door de hele stad, paella-wedstrijden en schoonheidsshows.<\/p>\n\n\n\n<p>Als je op zoek bent naar het beste en oudste hostel in Valencia om in Fallas te verblijven, mis dan niet de kans om naar Home Hostels te komen: Home Youth Hostel Valencia en Home Backpackers Hostel in het oude stadscentrum waar de belangrijkste evenementen van Fallas plaatsvinden .<\/p>\n\n\n\n<p>Bij <strong>Home Hostels<\/strong> vind je comfortabele, goedkope en schone hostels met een gemoedelijke en feestelijke sfeer.<\/p>\n\n\n\n<p>Raadpleeg onze <a href=\"https:\/\/homehostelsvalencia.com\/nl\/category\/valencia-guide-nl\/\">Valencia-gids<\/a> voor meer informatie over Fallas<\/p>\n\n\n\n<p>Voor meer informatie over Home, Youth Hostel Valencia klik op <a href=\"https:\/\/homehostelsvalencia.com\/nl\/presentatie\/\">Home Youth Hostel Valencia<\/a><\/p>\n\n\n\n<p>Voor meer informatie over Home Backpackers Hostel klik op <a href=\"https:\/\/homehostelsvalencia.com\/nl\/presentatie-2\/\">Home Backpackers Hostel<\/a><\/p>\n","protected":false},"excerpt":{"rendered":"<p>Op zoek naar een plek om te verblijven tijdens Fallas &#8211; Hostels voor Fallas? Bij Home Hostels Valencia hebben we twee hostels in het hart van de Fallas festivalactiviteiten. We bieden je twee voordelige hostels zodat je kunt komen genieten van Fallas. Er is geen betere plek om te verblijven, aangezien we ons in het [&hellip;]<\/p>\n","protected":false},"author":15,"featured_media":10937,"parent":0,"menu_order":0,"comment_status":"closed","ping_status":"closed","template":"","meta":{"footnotes":""},"class_list":["post-11685","page","type-page","status-publish","has-post-thumbnail","hentry"],"yoast_head":"<!-- This site is optimized with the Yoast SEO plugin v27.5 - https:\/\/yoast.com\/product\/yoast-seo-wordpress\/ -->\n<title>Home Hostels voor Fallas - Fallas in het hart van Valencia<\/title>\n<meta name=\"description\" content=\"Op zoek naar een plek om te verblijven tijdens Fallas? Bij Home Hostels hebben we er twee perfecte hostels voor! Home Hostels voor Fallas - Fallas in het hart van Valencia\" \/>\n<meta name=\"robots\" content=\"index, follow, max-snippet:-1, max-image-preview:large, max-video-preview:-1\" \/>\n<link rel=\"canonical\" href=\"https:\/\/homehostelsvalencia.com\/nl\/hostel-voor-fallas\/\" \/>\n<meta property=\"og:locale\" content=\"nl_NL\" \/>\n<meta property=\"og:type\" content=\"article\" \/>\n<meta property=\"og:title\" content=\"Home Hostels voor Fallas - Fallas in het hart van Valencia\" \/>\n<meta property=\"og:description\" content=\"Op zoek naar een plek om te verblijven tijdens Fallas? Bij Home Hostels hebben we er twee perfecte hostels voor! Home Hostels voor Fallas - Fallas in het hart van Valencia\" \/>\n<meta property=\"og:url\" content=\"https:\/\/homehostelsvalencia.com\/nl\/hostel-voor-fallas\/\" \/>\n<meta property=\"og:site_name\" content=\"H\u00f4me Hostels Valencia\" \/>\n<meta property=\"article:publisher\" content=\"https:\/\/www.facebook.com\/HomeHostelsValencia\" \/>\n<meta property=\"article:modified_time\" content=\"2022-06-14T09:48:47+00:00\" \/>\n<meta property=\"og:image\" content=\"https:\/\/homehostelsvalencia.com\/wp-content\/uploads\/2011\/04\/youth-hostel-valencia-fallas.jpg\" \/>\n\t<meta property=\"og:image:width\" content=\"800\" \/>\n\t<meta property=\"og:image:height\" content=\"537\" \/>\n\t<meta property=\"og:image:type\" content=\"image\/jpeg\" \/>\n<meta name=\"twitter:card\" content=\"summary_large_image\" \/>\n<meta name=\"twitter:site\" content=\"@homehostelsvlc\" \/>\n<meta name=\"twitter:label1\" content=\"Geschatte leestijd\" \/>\n\t<meta name=\"twitter:data1\" content=\"3 minuten\" \/>\n<script type=\"application\/ld+json\" class=\"yoast-schema-graph\">{\"@context\":\"https:\\\/\\\/schema.org\",\"@graph\":[{\"@type\":\"WebPage\",\"@id\":\"https:\\\/\\\/homehostelsvalencia.com\\\/nl\\\/hostel-voor-fallas\\\/\",\"url\":\"https:\\\/\\\/homehostelsvalencia.com\\\/nl\\\/hostel-voor-fallas\\\/\",\"name\":\"Home Hostels voor Fallas - Fallas in het hart van Valencia\",\"isPartOf\":{\"@id\":\"https:\\\/\\\/homehostelsvalencia.com\\\/nl\\\/#website\"},\"primaryImageOfPage\":{\"@id\":\"https:\\\/\\\/homehostelsvalencia.com\\\/nl\\\/hostel-voor-fallas\\\/#primaryimage\"},\"image\":{\"@id\":\"https:\\\/\\\/homehostelsvalencia.com\\\/nl\\\/hostel-voor-fallas\\\/#primaryimage\"},\"thumbnailUrl\":\"https:\\\/\\\/homehostelsvalencia.com\\\/wp-content\\\/uploads\\\/2011\\\/04\\\/youth-hostel-valencia-fallas.jpg\",\"datePublished\":\"2011-04-28T16:33:08+00:00\",\"dateModified\":\"2022-06-14T09:48:47+00:00\",\"description\":\"Op zoek naar een plek om te verblijven tijdens Fallas? Bij Home Hostels hebben we er twee perfecte hostels voor! Home Hostels voor Fallas - Fallas in het hart van Valencia\",\"breadcrumb\":{\"@id\":\"https:\\\/\\\/homehostelsvalencia.com\\\/nl\\\/hostel-voor-fallas\\\/#breadcrumb\"},\"inLanguage\":\"nl-NL\",\"potentialAction\":[{\"@type\":\"ReadAction\",\"target\":[\"https:\\\/\\\/homehostelsvalencia.com\\\/nl\\\/hostel-voor-fallas\\\/\"]}]},{\"@type\":\"ImageObject\",\"inLanguage\":\"nl-NL\",\"@id\":\"https:\\\/\\\/homehostelsvalencia.com\\\/nl\\\/hostel-voor-fallas\\\/#primaryimage\",\"url\":\"https:\\\/\\\/homehostelsvalencia.com\\\/wp-content\\\/uploads\\\/2011\\\/04\\\/youth-hostel-valencia-fallas.jpg\",\"contentUrl\":\"https:\\\/\\\/homehostelsvalencia.com\\\/wp-content\\\/uploads\\\/2011\\\/04\\\/youth-hostel-valencia-fallas.jpg\",\"width\":800,\"height\":537},{\"@type\":\"BreadcrumbList\",\"@id\":\"https:\\\/\\\/homehostelsvalencia.com\\\/nl\\\/hostel-voor-fallas\\\/#breadcrumb\",\"itemListElement\":[{\"@type\":\"ListItem\",\"position\":1,\"name\":\"Portada\",\"item\":\"https:\\\/\\\/homehostelsvalencia.com\\\/nl\\\/\"},{\"@type\":\"ListItem\",\"position\":2,\"name\":\"Hostel voor Fallas in Valencia\"}]},{\"@type\":\"WebSite\",\"@id\":\"https:\\\/\\\/homehostelsvalencia.com\\\/nl\\\/#website\",\"url\":\"https:\\\/\\\/homehostelsvalencia.com\\\/nl\\\/\",\"name\":\"H\u00f4me Hostels Valencia\",\"description\":\"If you&#039;re looking for a cheap place to stay en Valencia, come to H\u00f4me Hostels Valencia.\",\"publisher\":{\"@id\":\"https:\\\/\\\/homehostelsvalencia.com\\\/nl\\\/#organization\"},\"potentialAction\":[{\"@type\":\"SearchAction\",\"target\":{\"@type\":\"EntryPoint\",\"urlTemplate\":\"https:\\\/\\\/homehostelsvalencia.com\\\/nl\\\/?s={search_term_string}\"},\"query-input\":{\"@type\":\"PropertyValueSpecification\",\"valueRequired\":true,\"valueName\":\"search_term_string\"}}],\"inLanguage\":\"nl-NL\"},{\"@type\":\"Organization\",\"@id\":\"https:\\\/\\\/homehostelsvalencia.com\\\/nl\\\/#organization\",\"name\":\"Home Hostels Valencia\",\"url\":\"https:\\\/\\\/homehostelsvalencia.com\\\/nl\\\/\",\"logo\":{\"@type\":\"ImageObject\",\"inLanguage\":\"nl-NL\",\"@id\":\"https:\\\/\\\/homehostelsvalencia.com\\\/nl\\\/#\\\/schema\\\/logo\\\/image\\\/\",\"url\":\"https:\\\/\\\/homehostelsvalencia.com\\\/wp-content\\\/uploads\\\/2017\\\/01\\\/logo-home-hostels-valencia-spain.png\",\"contentUrl\":\"https:\\\/\\\/homehostelsvalencia.com\\\/wp-content\\\/uploads\\\/2017\\\/01\\\/logo-home-hostels-valencia-spain.png\",\"width\":233,\"height\":93,\"caption\":\"Home Hostels Valencia\"},\"image\":{\"@id\":\"https:\\\/\\\/homehostelsvalencia.com\\\/nl\\\/#\\\/schema\\\/logo\\\/image\\\/\"},\"sameAs\":[\"https:\\\/\\\/www.facebook.com\\\/HomeHostelsValencia\",\"https:\\\/\\\/x.com\\\/homehostelsvlc\",\"https:\\\/\\\/www.youtube.com\\\/user\\\/homehostelsvalencia\"]}]}<\/script>\n<!-- \/ Yoast SEO plugin. -->","yoast_head_json":{"title":"Home Hostels voor Fallas - Fallas in het hart van Valencia","description":"Op zoek naar een plek om te verblijven tijdens Fallas? Bij Home Hostels hebben we er twee perfecte hostels voor! Home Hostels voor Fallas - Fallas in het hart van Valencia","robots":{"index":"index","follow":"follow","max-snippet":"max-snippet:-1","max-image-preview":"max-image-preview:large","max-video-preview":"max-video-preview:-1"},"canonical":"https:\/\/homehostelsvalencia.com\/nl\/hostel-voor-fallas\/","og_locale":"nl_NL","og_type":"article","og_title":"Home Hostels voor Fallas - Fallas in het hart van Valencia","og_description":"Op zoek naar een plek om te verblijven tijdens Fallas? Bij Home Hostels hebben we er twee perfecte hostels voor! Home Hostels voor Fallas - Fallas in het hart van Valencia","og_url":"https:\/\/homehostelsvalencia.com\/nl\/hostel-voor-fallas\/","og_site_name":"H\u00f4me Hostels Valencia","article_publisher":"https:\/\/www.facebook.com\/HomeHostelsValencia","article_modified_time":"2022-06-14T09:48:47+00:00","og_image":[{"width":800,"height":537,"url":"https:\/\/homehostelsvalencia.com\/wp-content\/uploads\/2011\/04\/youth-hostel-valencia-fallas.jpg","type":"image\/jpeg"}],"twitter_card":"summary_large_image","twitter_site":"@homehostelsvlc","twitter_misc":{"Geschatte leestijd":"3 minuten"},"schema":{"@context":"https:\/\/schema.org","@graph":[{"@type":"WebPage","@id":"https:\/\/homehostelsvalencia.com\/nl\/hostel-voor-fallas\/","url":"https:\/\/homehostelsvalencia.com\/nl\/hostel-voor-fallas\/","name":"Home Hostels voor Fallas - Fallas in het hart van Valencia","isPartOf":{"@id":"https:\/\/homehostelsvalencia.com\/nl\/#website"},"primaryImageOfPage":{"@id":"https:\/\/homehostelsvalencia.com\/nl\/hostel-voor-fallas\/#primaryimage"},"image":{"@id":"https:\/\/homehostelsvalencia.com\/nl\/hostel-voor-fallas\/#primaryimage"},"thumbnailUrl":"https:\/\/homehostelsvalencia.com\/wp-content\/uploads\/2011\/04\/youth-hostel-valencia-fallas.jpg","datePublished":"2011-04-28T16:33:08+00:00","dateModified":"2022-06-14T09:48:47+00:00","description":"Op zoek naar een plek om te verblijven tijdens Fallas? Bij Home Hostels hebben we er twee perfecte hostels voor! Home Hostels voor Fallas - Fallas in het hart van Valencia","breadcrumb":{"@id":"https:\/\/homehostelsvalencia.com\/nl\/hostel-voor-fallas\/#breadcrumb"},"inLanguage":"nl-NL","potentialAction":[{"@type":"ReadAction","target":["https:\/\/homehostelsvalencia.com\/nl\/hostel-voor-fallas\/"]}]},{"@type":"ImageObject","inLanguage":"nl-NL","@id":"https:\/\/homehostelsvalencia.com\/nl\/hostel-voor-fallas\/#primaryimage","url":"https:\/\/homehostelsvalencia.com\/wp-content\/uploads\/2011\/04\/youth-hostel-valencia-fallas.jpg","contentUrl":"https:\/\/homehostelsvalencia.com\/wp-content\/uploads\/2011\/04\/youth-hostel-valencia-fallas.jpg","width":800,"height":537},{"@type":"BreadcrumbList","@id":"https:\/\/homehostelsvalencia.com\/nl\/hostel-voor-fallas\/#breadcrumb","itemListElement":[{"@type":"ListItem","position":1,"name":"Portada","item":"https:\/\/homehostelsvalencia.com\/nl\/"},{"@type":"ListItem","position":2,"name":"Hostel voor Fallas in Valencia"}]},{"@type":"WebSite","@id":"https:\/\/homehostelsvalencia.com\/nl\/#website","url":"https:\/\/homehostelsvalencia.com\/nl\/","name":"H\u00f4me Hostels Valencia","description":"If you&#039;re looking for a cheap place to stay en Valencia, come to H\u00f4me Hostels Valencia.","publisher":{"@id":"https:\/\/homehostelsvalencia.com\/nl\/#organization"},"potentialAction":[{"@type":"SearchAction","target":{"@type":"EntryPoint","urlTemplate":"https:\/\/homehostelsvalencia.com\/nl\/?s={search_term_string}"},"query-input":{"@type":"PropertyValueSpecification","valueRequired":true,"valueName":"search_term_string"}}],"inLanguage":"nl-NL"},{"@type":"Organization","@id":"https:\/\/homehostelsvalencia.com\/nl\/#organization","name":"Home Hostels Valencia","url":"https:\/\/homehostelsvalencia.com\/nl\/","logo":{"@type":"ImageObject","inLanguage":"nl-NL","@id":"https:\/\/homehostelsvalencia.com\/nl\/#\/schema\/logo\/image\/","url":"https:\/\/homehostelsvalencia.com\/wp-content\/uploads\/2017\/01\/logo-home-hostels-valencia-spain.png","contentUrl":"https:\/\/homehostelsvalencia.com\/wp-content\/uploads\/2017\/01\/logo-home-hostels-valencia-spain.png","width":233,"height":93,"caption":"Home Hostels Valencia"},"image":{"@id":"https:\/\/homehostelsvalencia.com\/nl\/#\/schema\/logo\/image\/"},"sameAs":["https:\/\/www.facebook.com\/HomeHostelsValencia","https:\/\/x.com\/homehostelsvlc","https:\/\/www.youtube.com\/user\/homehostelsvalencia"]}]}},"_links":{"self":[{"href":"https:\/\/homehostelsvalencia.com\/nl\/wp-json\/wp\/v2\/pages\/11685","targetHints":{"allow":["GET"]}}],"collection":[{"href":"https:\/\/homehostelsvalencia.com\/nl\/wp-json\/wp\/v2\/pages"}],"about":[{"href":"https:\/\/homehostelsvalencia.com\/nl\/wp-json\/wp\/v2\/types\/page"}],"author":[{"embeddable":true,"href":"https:\/\/homehostelsvalencia.com\/nl\/wp-json\/wp\/v2\/users\/15"}],"replies":[{"embeddable":true,"href":"https:\/\/homehostelsvalencia.com\/nl\/wp-json\/wp\/v2\/comments?post=11685"}],"version-history":[{"count":0,"href":"https:\/\/homehostelsvalencia.com\/nl\/wp-json\/wp\/v2\/pages\/11685\/revisions"}],"wp:featuredmedia":[{"embeddable":true,"href":"https:\/\/homehostelsvalencia.com\/nl\/wp-json\/wp\/v2\/media\/10937"}],"wp:attachment":[{"href":"https:\/\/homehostelsvalencia.com\/nl\/wp-json\/wp\/v2\/media?parent=11685"}],"curies":[{"name":"wp","href":"https:\/\/api.w.org\/{rel}","templated":true}]}}