{"id":4545,"date":"2012-07-17T16:56:17","date_gmt":"2012-07-17T14:56:17","guid":{"rendered":"http:\/\/dev.homehostelsvalencia.com\/?page_id=4545"},"modified":"2017-10-02T12:28:40","modified_gmt":"2017-10-02T10:28:40","slug":"ostello-barcelona","status":"publish","type":"page","link":"https:\/\/homehostelsvalencia.com\/it\/ostello-barcelona\/","title":{"rendered":"Youth Hostel Barcelona"},"content":{"rendered":"<p><script src=\"https:\/\/wubook.net\/js\/wblib.jgz\"><\/script><\/p>\n<div id=\"_baror_\"  class=\"_baror____fixed\"> <a href=\"http:\/\/es.wubook.net\/\" style=\"display: block; margin-top: 5px; text-decoration:none;border:none;background: rgb(244, 63, 40); margin-top:0; z-index: 1000;\" target=\"_blank\">  <\/a> <\/div>\n<p><script>\n  var WuBook= new _WuBook(1399028894);\n  var wbparams= {\n    fixedPosition: 1,\n    ditextcolor: '#ffffff',\n    avgcolor: '#fff200',\n    textcolorbb: '#ffffff',\n    plusperc: 5,\n    listtypebb: '#ffffff',\n    rpkgs: '',\n    barbackground: 'rgb(244, 63, 40)',\n    textcolorpk: '#988454',\n    default_nights: 3,\n    textcolorcalendarbe: '#000000',\n    bordercolor: '#ffffff',\n    blocks: 'be,fe',\n    failback_lang: 'it',\n    hdcode: '',\n    textcolorbuttonbe: '#ffffff',\n    avgtextcolor: '#fff200',\n    diinputcolor: '#ffffff',\n    lang: 'it',\n    buttoncolorbe: '#f43f28',\n    dibuttoncolor: '#008000',\n    wbgoogle: 1,\n    bgblocks: '#000000',\n    cmsgs: '',\n    textcolornightspk: '#ffffff',\n    adchi: 1,\n    only_beds_occupancy: 1\n  };\n  WuBook.design_bwidget(\"_baror_\", wbparams);\n<\/script><\/p>\n","protected":false},"excerpt":{"rendered":"","protected":false},"author":15,"featured_media":6195,"parent":0,"menu_order":0,"comment_status":"closed","ping_status":"closed","template":"","meta":{"footnotes":""},"class_list":["post-4545","page","type-page","status-publish","has-post-thumbnail","hentry"],"yoast_head":"<!-- This site is optimized with the Yoast SEO plugin v27.3 - https:\/\/yoast.com\/product\/yoast-seo-wordpress\/ -->\n<title>Youth Hostel Barcelona \u2022 Ostello economico - Barcelona citt\u00e0<\/title>\n<meta name=\"description\" content=\"Il megliore Youth Hostel Barcelona \u00e8 Garden House Hostel, molto economico e nella citt\u00e0 di Barcelona, vieni con famiglia, copia o amici.\" \/>\n<meta name=\"robots\" content=\"index, follow, max-snippet:-1, max-image-preview:large, max-video-preview:-1\" \/>\n<link rel=\"canonical\" href=\"https:\/\/homehostelsvalencia.com\/it\/ostello-barcelona\/\" \/>\n<meta property=\"og:locale\" content=\"it_IT\" \/>\n<meta property=\"og:type\" content=\"article\" \/>\n<meta property=\"og:title\" content=\"Youth Hostel Barcelona \u2022 Ostello economico - Barcelona citt\u00e0\" \/>\n<meta property=\"og:description\" content=\"Il megliore Youth Hostel Barcelona \u00e8 Garden House Hostel, molto economico e nella citt\u00e0 di Barcelona, vieni con famiglia, copia o amici.\" \/>\n<meta property=\"og:url\" content=\"https:\/\/homehostelsvalencia.com\/it\/ostello-barcelona\/\" \/>\n<meta property=\"og:site_name\" content=\"Home Hostels Valencia\" \/>\n<meta property=\"article:publisher\" content=\"https:\/\/www.facebook.com\/HomeHostelsValencia\" \/>\n<meta property=\"article:modified_time\" content=\"2017-10-02T10:28:40+00:00\" \/>\n<meta property=\"og:image\" content=\"https:\/\/homehostelsvalencia.com\/wp-content\/uploads\/2012\/07\/hostels-in-barcelona.jpg\" \/>\n\t<meta property=\"og:image:width\" content=\"700\" \/>\n\t<meta property=\"og:image:height\" content=\"865\" \/>\n\t<meta property=\"og:image:type\" content=\"image\/jpeg\" \/>\n<meta name=\"twitter:card\" content=\"summary_large_image\" \/>\n<meta name=\"twitter:site\" content=\"@homehostelsvlc\" \/>\n<script type=\"application\/ld+json\" class=\"yoast-schema-graph\">{\"@context\":\"https:\\\/\\\/schema.org\",\"@graph\":[{\"@type\":\"WebPage\",\"@id\":\"https:\\\/\\\/homehostelsvalencia.com\\\/it\\\/ostello-barcelona\\\/\",\"url\":\"https:\\\/\\\/homehostelsvalencia.com\\\/it\\\/ostello-barcelona\\\/\",\"name\":\"Youth Hostel Barcelona \u2022 Ostello economico - Barcelona citt\u00e0\",\"isPartOf\":{\"@id\":\"https:\\\/\\\/homehostelsvalencia.com\\\/it\\\/#website\"},\"primaryImageOfPage\":{\"@id\":\"https:\\\/\\\/homehostelsvalencia.com\\\/it\\\/ostello-barcelona\\\/#primaryimage\"},\"image\":{\"@id\":\"https:\\\/\\\/homehostelsvalencia.com\\\/it\\\/ostello-barcelona\\\/#primaryimage\"},\"thumbnailUrl\":\"https:\\\/\\\/homehostelsvalencia.com\\\/wp-content\\\/uploads\\\/2012\\\/07\\\/hostels-in-barcelona.jpg\",\"datePublished\":\"2012-07-17T14:56:17+00:00\",\"dateModified\":\"2017-10-02T10:28:40+00:00\",\"description\":\"Il megliore Youth Hostel Barcelona \u00e8 Garden House Hostel, molto economico e nella citt\u00e0 di Barcelona, vieni con famiglia, copia o amici.\",\"breadcrumb\":{\"@id\":\"https:\\\/\\\/homehostelsvalencia.com\\\/it\\\/ostello-barcelona\\\/#breadcrumb\"},\"inLanguage\":\"it-IT\",\"potentialAction\":[{\"@type\":\"ReadAction\",\"target\":[\"https:\\\/\\\/homehostelsvalencia.com\\\/it\\\/ostello-barcelona\\\/\"]}]},{\"@type\":\"ImageObject\",\"inLanguage\":\"it-IT\",\"@id\":\"https:\\\/\\\/homehostelsvalencia.com\\\/it\\\/ostello-barcelona\\\/#primaryimage\",\"url\":\"https:\\\/\\\/homehostelsvalencia.com\\\/wp-content\\\/uploads\\\/2012\\\/07\\\/hostels-in-barcelona.jpg\",\"contentUrl\":\"https:\\\/\\\/homehostelsvalencia.com\\\/wp-content\\\/uploads\\\/2012\\\/07\\\/hostels-in-barcelona.jpg\",\"width\":700,\"height\":865,\"caption\":\"hostel barcelona\"},{\"@type\":\"BreadcrumbList\",\"@id\":\"https:\\\/\\\/homehostelsvalencia.com\\\/it\\\/ostello-barcelona\\\/#breadcrumb\",\"itemListElement\":[{\"@type\":\"ListItem\",\"position\":1,\"name\":\"Portada\",\"item\":\"https:\\\/\\\/homehostelsvalencia.com\\\/it\\\/\"},{\"@type\":\"ListItem\",\"position\":2,\"name\":\"Youth Hostel Barcelona\"}]},{\"@type\":\"WebSite\",\"@id\":\"https:\\\/\\\/homehostelsvalencia.com\\\/it\\\/#website\",\"url\":\"https:\\\/\\\/homehostelsvalencia.com\\\/it\\\/\",\"name\":\"Home Hostels Valencia\",\"description\":\"If you&#039;re looking for a cheap place to stay en Valencia, come to H\u00f4me Hostels Valencia.\",\"publisher\":{\"@id\":\"https:\\\/\\\/homehostelsvalencia.com\\\/it\\\/#organization\"},\"potentialAction\":[{\"@type\":\"SearchAction\",\"target\":{\"@type\":\"EntryPoint\",\"urlTemplate\":\"https:\\\/\\\/homehostelsvalencia.com\\\/it\\\/?s={search_term_string}\"},\"query-input\":{\"@type\":\"PropertyValueSpecification\",\"valueRequired\":true,\"valueName\":\"search_term_string\"}}],\"inLanguage\":\"it-IT\"},{\"@type\":\"Organization\",\"@id\":\"https:\\\/\\\/homehostelsvalencia.com\\\/it\\\/#organization\",\"name\":\"Home Hostels Valencia\",\"url\":\"https:\\\/\\\/homehostelsvalencia.com\\\/it\\\/\",\"logo\":{\"@type\":\"ImageObject\",\"inLanguage\":\"it-IT\",\"@id\":\"https:\\\/\\\/homehostelsvalencia.com\\\/it\\\/#\\\/schema\\\/logo\\\/image\\\/\",\"url\":\"https:\\\/\\\/homehostelsvalencia.com\\\/wp-content\\\/uploads\\\/2017\\\/01\\\/logo-home-hostels-valencia-spain.png\",\"contentUrl\":\"https:\\\/\\\/homehostelsvalencia.com\\\/wp-content\\\/uploads\\\/2017\\\/01\\\/logo-home-hostels-valencia-spain.png\",\"width\":233,\"height\":93,\"caption\":\"Home Hostels Valencia\"},\"image\":{\"@id\":\"https:\\\/\\\/homehostelsvalencia.com\\\/it\\\/#\\\/schema\\\/logo\\\/image\\\/\"},\"sameAs\":[\"https:\\\/\\\/www.facebook.com\\\/HomeHostelsValencia\",\"https:\\\/\\\/x.com\\\/homehostelsvlc\",\"https:\\\/\\\/www.youtube.com\\\/user\\\/homehostelsvalencia\"]}]}<\/script>\n<!-- \/ Yoast SEO plugin. -->","yoast_head_json":{"title":"Youth Hostel Barcelona \u2022 Ostello economico - Barcelona citt\u00e0","description":"Il megliore Youth Hostel Barcelona \u00e8 Garden House Hostel, molto economico e nella citt\u00e0 di Barcelona, vieni con famiglia, copia o amici.","robots":{"index":"index","follow":"follow","max-snippet":"max-snippet:-1","max-image-preview":"max-image-preview:large","max-video-preview":"max-video-preview:-1"},"canonical":"https:\/\/homehostelsvalencia.com\/it\/ostello-barcelona\/","og_locale":"it_IT","og_type":"article","og_title":"Youth Hostel Barcelona \u2022 Ostello economico - Barcelona citt\u00e0","og_description":"Il megliore Youth Hostel Barcelona \u00e8 Garden House Hostel, molto economico e nella citt\u00e0 di Barcelona, vieni con famiglia, copia o amici.","og_url":"https:\/\/homehostelsvalencia.com\/it\/ostello-barcelona\/","og_site_name":"Home Hostels Valencia","article_publisher":"https:\/\/www.facebook.com\/HomeHostelsValencia","article_modified_time":"2017-10-02T10:28:40+00:00","og_image":[{"width":700,"height":865,"url":"https:\/\/homehostelsvalencia.com\/wp-content\/uploads\/2012\/07\/hostels-in-barcelona.jpg","type":"image\/jpeg"}],"twitter_card":"summary_large_image","twitter_site":"@homehostelsvlc","schema":{"@context":"https:\/\/schema.org","@graph":[{"@type":"WebPage","@id":"https:\/\/homehostelsvalencia.com\/it\/ostello-barcelona\/","url":"https:\/\/homehostelsvalencia.com\/it\/ostello-barcelona\/","name":"Youth Hostel Barcelona \u2022 Ostello economico - Barcelona citt\u00e0","isPartOf":{"@id":"https:\/\/homehostelsvalencia.com\/it\/#website"},"primaryImageOfPage":{"@id":"https:\/\/homehostelsvalencia.com\/it\/ostello-barcelona\/#primaryimage"},"image":{"@id":"https:\/\/homehostelsvalencia.com\/it\/ostello-barcelona\/#primaryimage"},"thumbnailUrl":"https:\/\/homehostelsvalencia.com\/wp-content\/uploads\/2012\/07\/hostels-in-barcelona.jpg","datePublished":"2012-07-17T14:56:17+00:00","dateModified":"2017-10-02T10:28:40+00:00","description":"Il megliore Youth Hostel Barcelona \u00e8 Garden House Hostel, molto economico e nella citt\u00e0 di Barcelona, vieni con famiglia, copia o amici.","breadcrumb":{"@id":"https:\/\/homehostelsvalencia.com\/it\/ostello-barcelona\/#breadcrumb"},"inLanguage":"it-IT","potentialAction":[{"@type":"ReadAction","target":["https:\/\/homehostelsvalencia.com\/it\/ostello-barcelona\/"]}]},{"@type":"ImageObject","inLanguage":"it-IT","@id":"https:\/\/homehostelsvalencia.com\/it\/ostello-barcelona\/#primaryimage","url":"https:\/\/homehostelsvalencia.com\/wp-content\/uploads\/2012\/07\/hostels-in-barcelona.jpg","contentUrl":"https:\/\/homehostelsvalencia.com\/wp-content\/uploads\/2012\/07\/hostels-in-barcelona.jpg","width":700,"height":865,"caption":"hostel barcelona"},{"@type":"BreadcrumbList","@id":"https:\/\/homehostelsvalencia.com\/it\/ostello-barcelona\/#breadcrumb","itemListElement":[{"@type":"ListItem","position":1,"name":"Portada","item":"https:\/\/homehostelsvalencia.com\/it\/"},{"@type":"ListItem","position":2,"name":"Youth Hostel Barcelona"}]},{"@type":"WebSite","@id":"https:\/\/homehostelsvalencia.com\/it\/#website","url":"https:\/\/homehostelsvalencia.com\/it\/","name":"Home Hostels Valencia","description":"If you&#039;re looking for a cheap place to stay en Valencia, come to H\u00f4me Hostels Valencia.","publisher":{"@id":"https:\/\/homehostelsvalencia.com\/it\/#organization"},"potentialAction":[{"@type":"SearchAction","target":{"@type":"EntryPoint","urlTemplate":"https:\/\/homehostelsvalencia.com\/it\/?s={search_term_string}"},"query-input":{"@type":"PropertyValueSpecification","valueRequired":true,"valueName":"search_term_string"}}],"inLanguage":"it-IT"},{"@type":"Organization","@id":"https:\/\/homehostelsvalencia.com\/it\/#organization","name":"Home Hostels Valencia","url":"https:\/\/homehostelsvalencia.com\/it\/","logo":{"@type":"ImageObject","inLanguage":"it-IT","@id":"https:\/\/homehostelsvalencia.com\/it\/#\/schema\/logo\/image\/","url":"https:\/\/homehostelsvalencia.com\/wp-content\/uploads\/2017\/01\/logo-home-hostels-valencia-spain.png","contentUrl":"https:\/\/homehostelsvalencia.com\/wp-content\/uploads\/2017\/01\/logo-home-hostels-valencia-spain.png","width":233,"height":93,"caption":"Home Hostels Valencia"},"image":{"@id":"https:\/\/homehostelsvalencia.com\/it\/#\/schema\/logo\/image\/"},"sameAs":["https:\/\/www.facebook.com\/HomeHostelsValencia","https:\/\/x.com\/homehostelsvlc","https:\/\/www.youtube.com\/user\/homehostelsvalencia"]}]}},"_links":{"self":[{"href":"https:\/\/homehostelsvalencia.com\/it\/wp-json\/wp\/v2\/pages\/4545","targetHints":{"allow":["GET"]}}],"collection":[{"href":"https:\/\/homehostelsvalencia.com\/it\/wp-json\/wp\/v2\/pages"}],"about":[{"href":"https:\/\/homehostelsvalencia.com\/it\/wp-json\/wp\/v2\/types\/page"}],"author":[{"embeddable":true,"href":"https:\/\/homehostelsvalencia.com\/it\/wp-json\/wp\/v2\/users\/15"}],"replies":[{"embeddable":true,"href":"https:\/\/homehostelsvalencia.com\/it\/wp-json\/wp\/v2\/comments?post=4545"}],"version-history":[{"count":0,"href":"https:\/\/homehostelsvalencia.com\/it\/wp-json\/wp\/v2\/pages\/4545\/revisions"}],"wp:featuredmedia":[{"embeddable":true,"href":"https:\/\/homehostelsvalencia.com\/it\/wp-json\/wp\/v2\/media\/6195"}],"wp:attachment":[{"href":"https:\/\/homehostelsvalencia.com\/it\/wp-json\/wp\/v2\/media?parent=4545"}],"curies":[{"name":"wp","href":"https:\/\/api.w.org\/{rel}","templated":true}]}}