{"id":2990,"date":"2012-04-30T11:22:16","date_gmt":"2012-04-30T11:22:16","guid":{"rendered":"http:\/\/dev.homehostelsvalencia.com\/pensione-a-valencia\/"},"modified":"2017-10-02T12:19:32","modified_gmt":"2017-10-02T10:19:32","slug":"pensione-valencia","status":"publish","type":"page","link":"https:\/\/homehostelsvalencia.com\/it\/pensione-valencia\/","title":{"rendered":"Pensione a Valencia"},"content":{"rendered":"<p>Se stai cercando una<strong> pensione a Valencia<\/strong> economica , nei nostri ostelli Home Backpackers Valencia e Home Youth Hostel Valencia, ti offriamo due <strong>pensioni<\/strong> di alta qualit\u00e0\u00a0 dove potrai dormire; originariamente pensati per viaggiatori giovani, le nostre <strong>pensioni<\/strong> si adattano a qualsiasi tipologia di viaggiatore che stia cercando una sistemazione\u00a0 pero dormire accogliente ed economica.<\/p>\n<p><a title=\"Pensione Valencia\" href=\"\/it\/backpackers-hostel-valencia\/presentazione\/\">Home Youth Hoste<\/a>l \u00e8 una<strong> pensione a Valenci<\/strong>a che si trova nel centro storico, vicino al Mercato Centrale e alla Lonja, due punti turistici irrinunciabili nella visita di<\/p>\n<p>Valencia e a solo 8 minuti a piedi dalla stazione del treno e degli autobus.<\/p>\n<p><a title=\"Pensione a Valencia\" href=\"\/it\/youth-hostel-valencia\/presentazione\/\">Home Backpackers Hostel<\/a> \u00e8 una<strong> pensione a Valencia<\/strong> nel centro, in pieno Barrio del Carmen, a 15 minuti a piedi dalla stazione dei treni e degli autobus.<\/p>\n<p><img decoding=\"async\" class=\"alignleft size-full wp-image-2679\" title=\"IT-Pensione-Valencia\" src=\"\/wp-content\/uploads\/2012\/04\/IT-Pensione-Valencia.jpg\" alt=\"Pensione Valencia\" \/><\/p>\n<h2>Pensione Valencia<\/h2>\n<p>Le nostre <strong>pensioni<\/strong> sono tra le pi\u00f9 antiche della citt\u00e0 ed \u00e8 per questo che offriamo i prezzi pi\u00f9 economici di tutta <strong>Valencia<\/strong>. Avrai a disposizione reception 24h, internet, e conoscerai gente giovane di tutte le nazionalit\u00e0. Ti sentirai come a casa dato che i nostri ostelli sono grandi, puliti, con una decorazione contemporanea e potrai godere della nostra terrazza anorme, ideale per avere una splendida vista sulla citt\u00e0 e prendere il sole nelle giornate d&#8217;estate.<strong> <span style=\"color: #ffffff;\">Pensione Valencia<\/span><\/strong><\/p>\n<p>Se stai cercando una<strong> pensione a Valencia<\/strong> dove passare le tue vacanze andando in spiaggia o visitando il Centro Storico della citt\u00e0, questo \u00e8 il tuo ostello, vieni a godertelo!!<\/p>\n<p>Home Hostels Valencia \u00e8 la prima catena di<strong> pensioni<\/strong> a basso costo a Valencia<\/p>\n<p>Per pi\u00f9 informazioni su Valencia guarda la nostra <a title=\"Pensione a Valencia Guida di Valencia\" href=\"\/it\/guida-di-valencia\/\">Guida di Valencia<\/a><\/p>\n<p><script src=\"https:\/\/wubook.net\/js\/wblib.jgz\"><\/script><\/p>\n<div id=\"_baror_\"  class=\"_baror____fixed\"> <a href=\"http:\/\/es.wubook.net\/\" style=\"display: block; margin-top: 5px; text-decoration:none;border:none;background: rgb(244, 63, 40); margin-top:0; z-index: 1000;\" target=\"_blank\">  <\/a> <\/div>\n<p><script>\n  var WuBook= new _WuBook(1399028894);\n  var wbparams= {\n    fixedPosition: 1,\n    ditextcolor: '#ffffff',\n    avgcolor: '#fff200',\n    textcolorbb: '#ffffff',\n    plusperc: 5,\n    listtypebb: '#ffffff',\n    rpkgs: '',\n    barbackground: 'rgb(244, 63, 40)',\n    textcolorpk: '#988454',\n    default_nights: 3,\n    textcolorcalendarbe: '#000000',\n    bordercolor: '#ffffff',\n    blocks: 'be,fe',\n    failback_lang: 'it',\n    hdcode: '',\n    textcolorbuttonbe: '#ffffff',\n    avgtextcolor: '#fff200',\n    diinputcolor: '#ffffff',\n    lang: 'it',\n    buttoncolorbe: '#f43f28',\n    dibuttoncolor: '#008000',\n    wbgoogle: 1,\n    bgblocks: '#000000',\n    cmsgs: '',\n    textcolornightspk: '#ffffff',\n    adchi: 1,\n    only_beds_occupancy: 1\n  };\n  WuBook.design_bwidget(\"_baror_\", wbparams);\n<\/script><\/p>\n","protected":false},"excerpt":{"rendered":"<p>Se stai cercando una pensione a Valencia economica , nei nostri ostelli Home Backpackers Valencia e Home Youth Hostel Valencia, ti offriamo due pensioni di alta qualit\u00e0\u00a0 dove potrai dormire; originariamente pensati per viaggiatori giovani, le nostre pensioni si adattano a qualsiasi tipologia di viaggiatore che stia cercando una sistemazione\u00a0 pero dormire accogliente ed economica. [&hellip;]<\/p>\n","protected":false},"author":7,"featured_media":0,"parent":0,"menu_order":0,"comment_status":"closed","ping_status":"closed","template":"","meta":{"footnotes":""},"class_list":["post-2990","page","type-page","status-publish","hentry"],"yoast_head":"<!-- This site is optimized with the Yoast SEO plugin v27.4 - https:\/\/yoast.com\/product\/yoast-seo-wordpress\/ -->\n<title>Pensione Valencia | Home Hostels Valencia, centro citt\u00e0<\/title>\n<meta name=\"description\" content=\"Pensione a Valencia : ti offriamo due pensioni a Valencia di alta qualit\u00e0\" \/>\n<meta name=\"robots\" content=\"index, follow, max-snippet:-1, max-image-preview:large, max-video-preview:-1\" \/>\n<link rel=\"canonical\" href=\"https:\/\/homehostelsvalencia.com\/it\/pensione-valencia\/\" \/>\n<meta property=\"og:locale\" content=\"it_IT\" \/>\n<meta property=\"og:type\" content=\"article\" \/>\n<meta property=\"og:title\" content=\"Pensione Valencia | Home Hostels Valencia, centro citt\u00e0\" \/>\n<meta property=\"og:description\" content=\"Pensione a Valencia : ti offriamo due pensioni a Valencia di alta qualit\u00e0\" \/>\n<meta property=\"og:url\" content=\"https:\/\/homehostelsvalencia.com\/it\/pensione-valencia\/\" \/>\n<meta property=\"og:site_name\" content=\"Home Hostels Valencia\" \/>\n<meta property=\"article:publisher\" content=\"https:\/\/www.facebook.com\/HomeHostelsValencia\" \/>\n<meta property=\"article:modified_time\" content=\"2017-10-02T10:19:32+00:00\" \/>\n<meta name=\"twitter:card\" content=\"summary_large_image\" \/>\n<meta name=\"twitter:site\" content=\"@homehostelsvlc\" \/>\n<meta name=\"twitter:label1\" content=\"Tempo di lettura stimato\" \/>\n\t<meta name=\"twitter:data1\" content=\"1 minute\" \/>\n<script type=\"application\/ld+json\" class=\"yoast-schema-graph\">{\"@context\":\"https:\\\/\\\/schema.org\",\"@graph\":[{\"@type\":\"WebPage\",\"@id\":\"https:\\\/\\\/homehostelsvalencia.com\\\/it\\\/pensione-valencia\\\/\",\"url\":\"https:\\\/\\\/homehostelsvalencia.com\\\/it\\\/pensione-valencia\\\/\",\"name\":\"Pensione Valencia | Home Hostels Valencia, centro citt\u00e0\",\"isPartOf\":{\"@id\":\"https:\\\/\\\/homehostelsvalencia.com\\\/it\\\/#website\"},\"datePublished\":\"2012-04-30T11:22:16+00:00\",\"dateModified\":\"2017-10-02T10:19:32+00:00\",\"description\":\"Pensione a Valencia : ti offriamo due pensioni a Valencia di alta qualit\u00e0\",\"breadcrumb\":{\"@id\":\"https:\\\/\\\/homehostelsvalencia.com\\\/it\\\/pensione-valencia\\\/#breadcrumb\"},\"inLanguage\":\"it-IT\",\"potentialAction\":[{\"@type\":\"ReadAction\",\"target\":[\"https:\\\/\\\/homehostelsvalencia.com\\\/it\\\/pensione-valencia\\\/\"]}]},{\"@type\":\"BreadcrumbList\",\"@id\":\"https:\\\/\\\/homehostelsvalencia.com\\\/it\\\/pensione-valencia\\\/#breadcrumb\",\"itemListElement\":[{\"@type\":\"ListItem\",\"position\":1,\"name\":\"Portada\",\"item\":\"https:\\\/\\\/homehostelsvalencia.com\\\/it\\\/\"},{\"@type\":\"ListItem\",\"position\":2,\"name\":\"Pensione a Valencia\"}]},{\"@type\":\"WebSite\",\"@id\":\"https:\\\/\\\/homehostelsvalencia.com\\\/it\\\/#website\",\"url\":\"https:\\\/\\\/homehostelsvalencia.com\\\/it\\\/\",\"name\":\"Home Hostels Valencia\",\"description\":\"If you&#039;re looking for a cheap place to stay en Valencia, come to H\u00f4me Hostels Valencia.\",\"publisher\":{\"@id\":\"https:\\\/\\\/homehostelsvalencia.com\\\/it\\\/#organization\"},\"potentialAction\":[{\"@type\":\"SearchAction\",\"target\":{\"@type\":\"EntryPoint\",\"urlTemplate\":\"https:\\\/\\\/homehostelsvalencia.com\\\/it\\\/?s={search_term_string}\"},\"query-input\":{\"@type\":\"PropertyValueSpecification\",\"valueRequired\":true,\"valueName\":\"search_term_string\"}}],\"inLanguage\":\"it-IT\"},{\"@type\":\"Organization\",\"@id\":\"https:\\\/\\\/homehostelsvalencia.com\\\/it\\\/#organization\",\"name\":\"Home Hostels Valencia\",\"url\":\"https:\\\/\\\/homehostelsvalencia.com\\\/it\\\/\",\"logo\":{\"@type\":\"ImageObject\",\"inLanguage\":\"it-IT\",\"@id\":\"https:\\\/\\\/homehostelsvalencia.com\\\/it\\\/#\\\/schema\\\/logo\\\/image\\\/\",\"url\":\"https:\\\/\\\/homehostelsvalencia.com\\\/wp-content\\\/uploads\\\/2017\\\/01\\\/logo-home-hostels-valencia-spain.png\",\"contentUrl\":\"https:\\\/\\\/homehostelsvalencia.com\\\/wp-content\\\/uploads\\\/2017\\\/01\\\/logo-home-hostels-valencia-spain.png\",\"width\":233,\"height\":93,\"caption\":\"Home Hostels Valencia\"},\"image\":{\"@id\":\"https:\\\/\\\/homehostelsvalencia.com\\\/it\\\/#\\\/schema\\\/logo\\\/image\\\/\"},\"sameAs\":[\"https:\\\/\\\/www.facebook.com\\\/HomeHostelsValencia\",\"https:\\\/\\\/x.com\\\/homehostelsvlc\",\"https:\\\/\\\/www.youtube.com\\\/user\\\/homehostelsvalencia\"]}]}<\/script>\n<!-- \/ Yoast SEO plugin. -->","yoast_head_json":{"title":"Pensione Valencia | Home Hostels Valencia, centro citt\u00e0","description":"Pensione a Valencia : ti offriamo due pensioni a Valencia di alta qualit\u00e0","robots":{"index":"index","follow":"follow","max-snippet":"max-snippet:-1","max-image-preview":"max-image-preview:large","max-video-preview":"max-video-preview:-1"},"canonical":"https:\/\/homehostelsvalencia.com\/it\/pensione-valencia\/","og_locale":"it_IT","og_type":"article","og_title":"Pensione Valencia | Home Hostels Valencia, centro citt\u00e0","og_description":"Pensione a Valencia : ti offriamo due pensioni a Valencia di alta qualit\u00e0","og_url":"https:\/\/homehostelsvalencia.com\/it\/pensione-valencia\/","og_site_name":"Home Hostels Valencia","article_publisher":"https:\/\/www.facebook.com\/HomeHostelsValencia","article_modified_time":"2017-10-02T10:19:32+00:00","twitter_card":"summary_large_image","twitter_site":"@homehostelsvlc","twitter_misc":{"Tempo di lettura stimato":"1 minute"},"schema":{"@context":"https:\/\/schema.org","@graph":[{"@type":"WebPage","@id":"https:\/\/homehostelsvalencia.com\/it\/pensione-valencia\/","url":"https:\/\/homehostelsvalencia.com\/it\/pensione-valencia\/","name":"Pensione Valencia | Home Hostels Valencia, centro citt\u00e0","isPartOf":{"@id":"https:\/\/homehostelsvalencia.com\/it\/#website"},"datePublished":"2012-04-30T11:22:16+00:00","dateModified":"2017-10-02T10:19:32+00:00","description":"Pensione a Valencia : ti offriamo due pensioni a Valencia di alta qualit\u00e0","breadcrumb":{"@id":"https:\/\/homehostelsvalencia.com\/it\/pensione-valencia\/#breadcrumb"},"inLanguage":"it-IT","potentialAction":[{"@type":"ReadAction","target":["https:\/\/homehostelsvalencia.com\/it\/pensione-valencia\/"]}]},{"@type":"BreadcrumbList","@id":"https:\/\/homehostelsvalencia.com\/it\/pensione-valencia\/#breadcrumb","itemListElement":[{"@type":"ListItem","position":1,"name":"Portada","item":"https:\/\/homehostelsvalencia.com\/it\/"},{"@type":"ListItem","position":2,"name":"Pensione a Valencia"}]},{"@type":"WebSite","@id":"https:\/\/homehostelsvalencia.com\/it\/#website","url":"https:\/\/homehostelsvalencia.com\/it\/","name":"Home Hostels Valencia","description":"If you&#039;re looking for a cheap place to stay en Valencia, come to H\u00f4me Hostels Valencia.","publisher":{"@id":"https:\/\/homehostelsvalencia.com\/it\/#organization"},"potentialAction":[{"@type":"SearchAction","target":{"@type":"EntryPoint","urlTemplate":"https:\/\/homehostelsvalencia.com\/it\/?s={search_term_string}"},"query-input":{"@type":"PropertyValueSpecification","valueRequired":true,"valueName":"search_term_string"}}],"inLanguage":"it-IT"},{"@type":"Organization","@id":"https:\/\/homehostelsvalencia.com\/it\/#organization","name":"Home Hostels Valencia","url":"https:\/\/homehostelsvalencia.com\/it\/","logo":{"@type":"ImageObject","inLanguage":"it-IT","@id":"https:\/\/homehostelsvalencia.com\/it\/#\/schema\/logo\/image\/","url":"https:\/\/homehostelsvalencia.com\/wp-content\/uploads\/2017\/01\/logo-home-hostels-valencia-spain.png","contentUrl":"https:\/\/homehostelsvalencia.com\/wp-content\/uploads\/2017\/01\/logo-home-hostels-valencia-spain.png","width":233,"height":93,"caption":"Home Hostels Valencia"},"image":{"@id":"https:\/\/homehostelsvalencia.com\/it\/#\/schema\/logo\/image\/"},"sameAs":["https:\/\/www.facebook.com\/HomeHostelsValencia","https:\/\/x.com\/homehostelsvlc","https:\/\/www.youtube.com\/user\/homehostelsvalencia"]}]}},"_links":{"self":[{"href":"https:\/\/homehostelsvalencia.com\/it\/wp-json\/wp\/v2\/pages\/2990","targetHints":{"allow":["GET"]}}],"collection":[{"href":"https:\/\/homehostelsvalencia.com\/it\/wp-json\/wp\/v2\/pages"}],"about":[{"href":"https:\/\/homehostelsvalencia.com\/it\/wp-json\/wp\/v2\/types\/page"}],"author":[{"embeddable":true,"href":"https:\/\/homehostelsvalencia.com\/it\/wp-json\/wp\/v2\/users\/7"}],"replies":[{"embeddable":true,"href":"https:\/\/homehostelsvalencia.com\/it\/wp-json\/wp\/v2\/comments?post=2990"}],"version-history":[{"count":0,"href":"https:\/\/homehostelsvalencia.com\/it\/wp-json\/wp\/v2\/pages\/2990\/revisions"}],"wp:attachment":[{"href":"https:\/\/homehostelsvalencia.com\/it\/wp-json\/wp\/v2\/media?parent=2990"}],"curies":[{"name":"wp","href":"https:\/\/api.w.org\/{rel}","templated":true}]}}