{"id":2984,"date":"2012-04-17T11:40:57","date_gmt":"2012-04-17T11:40:57","guid":{"rendered":"http:\/\/dev.homehostelsvalencia.com\/ostello-per-il-fib-2012\/"},"modified":"2017-10-02T12:18:37","modified_gmt":"2017-10-02T10:18:37","slug":"ostello-fib","status":"publish","type":"page","link":"https:\/\/homehostelsvalencia.com\/it\/ostello-fib\/","title":{"rendered":"Ostello per il FIB"},"content":{"rendered":"<h2>Stai cercando un Ostello per il Festival Internazionale di Benicassim??<\/h2>\n<p style=\"text-align: justify;\">Il <strong>Festival Internazionale di Benic\u00e0ssim<\/strong> \u00e8 un avvenimento di musica indipendente che viene celebrato da 15 anni a Benicassim (Castell\u00f3n) nel mese di luglio, nonostante neiprimi anni venisse celebrato il primo fine settimana di agosto.<\/p>\n<p style=\"text-align: center;\"><img fetchpriority=\"high\" decoding=\"async\" class=\"aligncenter\" title=\"Ostello FIB\" src=\"https:\/\/www.homehostelsvalencia.com\/wp-content\/uploads\/2012\/04\/FIB-benicassim.jpg\" alt=\"Ostello FIB\" width=\"600\" height=\"143\" \/><\/p>\n<p style=\"text-align: justify;\">Il festival \u00e8 conosciuto anche come <strong>FIB<\/strong> Heineken dato che la marca di birra lo patrocina gi\u00e0 da diversi anni.<\/p>\n<p style=\"text-align: justify;\"><a href=\"http:\/\/www.homehostelsvalencia.com\/wp-content\/uploads\/2012\/04\/fib12-benicassim-cartel-lineup.jpg\"><img decoding=\"async\" class=\"wp-image-2737 alignleft\" title=\"FIB 2012 partecipanti \" src=\"https:\/\/www.homehostelsvalencia.com\/wp-content\/uploads\/2012\/04\/fib12-benicassim-cartel-lineup-161x220.jpg\" alt=\"FIB 2012 partecipanti \" width=\"99\" height=\"136\" srcset=\"https:\/\/homehostelsvalencia.com\/wp-content\/uploads\/2012\/04\/fib12-benicassim-cartel-lineup-161x220.jpg 161w, https:\/\/homehostelsvalencia.com\/wp-content\/uploads\/2012\/04\/fib12-benicassim-cartel-lineup.jpg 500w\" sizes=\"(max-width: 99px) 100vw, 99px\" \/><\/a>Bob Dylan apre la lunga lista dei partecipanti al<strong> FIB 2012<\/strong>,<strong> Benic\u00e0ssim<\/strong>. Jessie J, Robyn Hitchcock &amp; The Venus 3, Agoria, Totally Enormous Extinct Dinosaurs y Arveene &amp; Misk si aggiungono agli artisti gia annunciati per la diciottesima edizione del FIB, Benic\u00e0ssim: The Stone Roses, New Order, Florence + The Machine, At The Drive-In, David Guetta, Noel Gallagher\u00b4s High Flying Birds, De La Soul, Dizzee Rascal, The Horrors, The Maccabees, Bombay Bicycle Club, The Vaccines, etc.<\/p>\n<p>&nbsp;<\/p>\n<p style=\"text-align: justify;\"><strong>L\u2019ostello<\/strong> pi\u00f9 economico di Valencia.<\/p>\n<p>Se cerchi il migliore e pi\u00f9 antico <strong>ostello<\/strong> di Valencia per il <strong>FIB 2012<\/strong> perdere l\u2019occasione di dormire in uno dei nostri o<strong>stelli Home Youth Hostel e Home Backpackers Hostel<\/strong> situti nel cuore de la cita, nel centro storico di Valencia. In pi\u00f9 Home Hostels sono <strong>ostelli<\/strong> confortevoli, economici, puliti e divertenti, con un ambiente di festa, Hai dua opzioni per dormire nel Barrio del Carmen: Home Youth Hostel Valencia e Home Backpackers Hostel. Vieni a il <strong>FIB<\/strong> e divertiti nei nostri Home Hostels Valencia, la catena di ostelli pi\u00f9 economici nel centro storico di Valencia. Per informazioni sulla citt\u00e0 di Valencia e sulla Fallas visita la nostra Guida di Valencia.<\/p>\n<p style=\"text-align: justify;\">In <strong>Home Hostels Valencia<\/strong> ti offriamo due ostelli ubicati nel centro storico di Valencia:<\/p>\n<p style=\"text-align: justify;\">&#8211; <strong>Home Youth Hostel Valencia:<\/strong> stanze per 3 o 4 persone. Il primo Ostello di Valencia senza letti a castello, situato proprio nel \u201cBarrio del Carmen\u201d , nel centro storico.<\/p>\n<p style=\"text-align: justify;\"><img decoding=\"async\" title=\"Ostello FIB\" src=\"https:\/\/www.homehostelsvalencia.com\/wp-content\/uploads\/2012\/04\/Home-Youth-Hostel-Valencia-Hostal-Barato-Valencia.jpg\" alt=\"Ostello FIB\" width=\"600\" height=\"143\" \/><\/p>\n<p style=\"text-align: justify;\">&#8211; <strong>Home Backpackers Hostel:<\/strong> stanza da 6,8,12,16 letti a castello. Grande, economico, pulito, pieno di colore.<\/p>\n<p style=\"text-align: justify;\"><img loading=\"lazy\" decoding=\"async\" title=\"Ostello FIB\" src=\"https:\/\/www.homehostelsvalencia.com\/wp-content\/uploads\/2012\/04\/Home-Backpackers-Hostel-Valencia-Albergue-Barato-Valencia.jpg\" alt=\"Ostello FIB\" width=\"600\" height=\"143\" \/><\/p>\n<p><script src=\"https:\/\/wubook.net\/js\/wblib.jgz\"><\/script><\/p>\n<div id=\"_baror_\"  class=\"_baror____fixed\"> <a href=\"http:\/\/es.wubook.net\/\" style=\"display: block; margin-top: 5px; text-decoration:none;border:none;background: rgb(244, 63, 40); margin-top:0; z-index: 1000;\" target=\"_blank\">  <\/a> <\/div>\n<p><script>\n  var WuBook= new _WuBook(1399028894);\n  var wbparams= {\n    fixedPosition: 1,\n    ditextcolor: '#ffffff',\n    avgcolor: '#fff200',\n    textcolorbb: '#ffffff',\n    plusperc: 5,\n    listtypebb: '#ffffff',\n    rpkgs: '',\n    barbackground: 'rgb(244, 63, 40)',\n    textcolorpk: '#988454',\n    default_nights: 3,\n    textcolorcalendarbe: '#000000',\n    bordercolor: '#ffffff',\n    blocks: 'be,fe',\n    failback_lang: 'it',\n    hdcode: '',\n    textcolorbuttonbe: '#ffffff',\n    avgtextcolor: '#fff200',\n    diinputcolor: '#ffffff',\n    lang: 'it',\n    buttoncolorbe: '#f43f28',\n    dibuttoncolor: '#008000',\n    wbgoogle: 1,\n    bgblocks: '#000000',\n    cmsgs: '',\n    textcolornightspk: '#ffffff',\n    adchi: 1,\n    only_beds_occupancy: 1\n  };\n  WuBook.design_bwidget(\"_baror_\", wbparams);\n<\/script><\/p>\n","protected":false},"excerpt":{"rendered":"<p>Stai cercando un Ostello per il Festival Internazionale di Benicassim?? Il Festival Internazionale di Benic\u00e0ssim \u00e8 un avvenimento di musica indipendente che viene celebrato da 15 anni a Benicassim (Castell\u00f3n) nel mese di luglio, nonostante neiprimi anni venisse celebrato il primo fine settimana di agosto. Il festival \u00e8 conosciuto anche come FIB Heineken dato che [&hellip;]<\/p>\n","protected":false},"author":7,"featured_media":2543,"parent":0,"menu_order":0,"comment_status":"closed","ping_status":"closed","template":"","meta":{"footnotes":""},"class_list":["post-2984","page","type-page","status-publish","has-post-thumbnail","hentry"],"yoast_head":"<!-- This site is optimized with the Yoast SEO plugin v27.3 - https:\/\/yoast.com\/product\/yoast-seo-wordpress\/ -->\n<title>Ostello per il FIB &#183; Home Hostels Valencia<\/title>\n<meta name=\"description\" content=\"Se cerchi il migliore e pi\u00f9 antico ostello per il FIB 2012 a Valencia perdere l\u2019occasione di dormire in nostri ostelli situti nel centro di Valencia.\" \/>\n<meta name=\"robots\" content=\"index, follow, max-snippet:-1, max-image-preview:large, max-video-preview:-1\" \/>\n<link rel=\"canonical\" href=\"https:\/\/homehostelsvalencia.com\/it\/ostello-fib\/\" \/>\n<meta property=\"og:locale\" content=\"it_IT\" \/>\n<meta property=\"og:type\" content=\"article\" \/>\n<meta property=\"og:title\" content=\"Ostello per il FIB &#183; Home Hostels Valencia\" \/>\n<meta property=\"og:description\" content=\"Se cerchi il migliore e pi\u00f9 antico ostello per il FIB 2012 a Valencia perdere l\u2019occasione di dormire in nostri ostelli situti nel centro di Valencia.\" \/>\n<meta property=\"og:url\" content=\"https:\/\/homehostelsvalencia.com\/it\/ostello-fib\/\" \/>\n<meta property=\"og:site_name\" content=\"Home Hostels Valencia\" \/>\n<meta property=\"article:publisher\" content=\"https:\/\/www.facebook.com\/HomeHostelsValencia\" \/>\n<meta property=\"article:modified_time\" content=\"2017-10-02T10:18:37+00:00\" \/>\n<meta property=\"og:image\" content=\"https:\/\/homehostelsvalencia.com\/wp-content\/uploads\/2012\/04\/FIB-20121.jpg\" \/>\n\t<meta property=\"og:image:width\" content=\"550\" \/>\n\t<meta property=\"og:image:height\" content=\"326\" \/>\n\t<meta property=\"og:image:type\" content=\"image\/jpeg\" \/>\n<meta name=\"twitter:card\" content=\"summary_large_image\" \/>\n<meta name=\"twitter:site\" content=\"@homehostelsvlc\" \/>\n<meta name=\"twitter:label1\" content=\"Tempo di lettura stimato\" \/>\n\t<meta name=\"twitter:data1\" content=\"2 minutes\" \/>\n<script type=\"application\/ld+json\" class=\"yoast-schema-graph\">{\"@context\":\"https:\\\/\\\/schema.org\",\"@graph\":[{\"@type\":\"WebPage\",\"@id\":\"https:\\\/\\\/homehostelsvalencia.com\\\/it\\\/ostello-fib\\\/\",\"url\":\"https:\\\/\\\/homehostelsvalencia.com\\\/it\\\/ostello-fib\\\/\",\"name\":\"Ostello per il FIB &#183; Home Hostels Valencia\",\"isPartOf\":{\"@id\":\"https:\\\/\\\/homehostelsvalencia.com\\\/it\\\/#website\"},\"primaryImageOfPage\":{\"@id\":\"https:\\\/\\\/homehostelsvalencia.com\\\/it\\\/ostello-fib\\\/#primaryimage\"},\"image\":{\"@id\":\"https:\\\/\\\/homehostelsvalencia.com\\\/it\\\/ostello-fib\\\/#primaryimage\"},\"thumbnailUrl\":\"https:\\\/\\\/homehostelsvalencia.com\\\/wp-content\\\/uploads\\\/2012\\\/04\\\/FIB-20121.jpg\",\"datePublished\":\"2012-04-17T11:40:57+00:00\",\"dateModified\":\"2017-10-02T10:18:37+00:00\",\"description\":\"Se cerchi il migliore e pi\u00f9 antico ostello per il FIB 2012 a Valencia perdere l\u2019occasione di dormire in nostri ostelli situti nel centro di Valencia.\",\"breadcrumb\":{\"@id\":\"https:\\\/\\\/homehostelsvalencia.com\\\/it\\\/ostello-fib\\\/#breadcrumb\"},\"inLanguage\":\"it-IT\",\"potentialAction\":[{\"@type\":\"ReadAction\",\"target\":[\"https:\\\/\\\/homehostelsvalencia.com\\\/it\\\/ostello-fib\\\/\"]}]},{\"@type\":\"ImageObject\",\"inLanguage\":\"it-IT\",\"@id\":\"https:\\\/\\\/homehostelsvalencia.com\\\/it\\\/ostello-fib\\\/#primaryimage\",\"url\":\"https:\\\/\\\/homehostelsvalencia.com\\\/wp-content\\\/uploads\\\/2012\\\/04\\\/FIB-20121.jpg\",\"contentUrl\":\"https:\\\/\\\/homehostelsvalencia.com\\\/wp-content\\\/uploads\\\/2012\\\/04\\\/FIB-20121.jpg\",\"width\":\"550\",\"height\":\"326\",\"caption\":\"Hostal para el FIB 2012\"},{\"@type\":\"BreadcrumbList\",\"@id\":\"https:\\\/\\\/homehostelsvalencia.com\\\/it\\\/ostello-fib\\\/#breadcrumb\",\"itemListElement\":[{\"@type\":\"ListItem\",\"position\":1,\"name\":\"Portada\",\"item\":\"https:\\\/\\\/homehostelsvalencia.com\\\/it\\\/\"},{\"@type\":\"ListItem\",\"position\":2,\"name\":\"Ostello per il FIB\"}]},{\"@type\":\"WebSite\",\"@id\":\"https:\\\/\\\/homehostelsvalencia.com\\\/it\\\/#website\",\"url\":\"https:\\\/\\\/homehostelsvalencia.com\\\/it\\\/\",\"name\":\"Home Hostels Valencia\",\"description\":\"If you&#039;re looking for a cheap place to stay en Valencia, come to H\u00f4me Hostels Valencia.\",\"publisher\":{\"@id\":\"https:\\\/\\\/homehostelsvalencia.com\\\/it\\\/#organization\"},\"potentialAction\":[{\"@type\":\"SearchAction\",\"target\":{\"@type\":\"EntryPoint\",\"urlTemplate\":\"https:\\\/\\\/homehostelsvalencia.com\\\/it\\\/?s={search_term_string}\"},\"query-input\":{\"@type\":\"PropertyValueSpecification\",\"valueRequired\":true,\"valueName\":\"search_term_string\"}}],\"inLanguage\":\"it-IT\"},{\"@type\":\"Organization\",\"@id\":\"https:\\\/\\\/homehostelsvalencia.com\\\/it\\\/#organization\",\"name\":\"Home Hostels Valencia\",\"url\":\"https:\\\/\\\/homehostelsvalencia.com\\\/it\\\/\",\"logo\":{\"@type\":\"ImageObject\",\"inLanguage\":\"it-IT\",\"@id\":\"https:\\\/\\\/homehostelsvalencia.com\\\/it\\\/#\\\/schema\\\/logo\\\/image\\\/\",\"url\":\"https:\\\/\\\/homehostelsvalencia.com\\\/wp-content\\\/uploads\\\/2017\\\/01\\\/logo-home-hostels-valencia-spain.png\",\"contentUrl\":\"https:\\\/\\\/homehostelsvalencia.com\\\/wp-content\\\/uploads\\\/2017\\\/01\\\/logo-home-hostels-valencia-spain.png\",\"width\":233,\"height\":93,\"caption\":\"Home Hostels Valencia\"},\"image\":{\"@id\":\"https:\\\/\\\/homehostelsvalencia.com\\\/it\\\/#\\\/schema\\\/logo\\\/image\\\/\"},\"sameAs\":[\"https:\\\/\\\/www.facebook.com\\\/HomeHostelsValencia\",\"https:\\\/\\\/x.com\\\/homehostelsvlc\",\"https:\\\/\\\/www.youtube.com\\\/user\\\/homehostelsvalencia\"]}]}<\/script>\n<!-- \/ Yoast SEO plugin. -->","yoast_head_json":{"title":"Ostello per il FIB &#183; Home Hostels Valencia","description":"Se cerchi il migliore e pi\u00f9 antico ostello per il FIB 2012 a Valencia perdere l\u2019occasione di dormire in nostri ostelli situti nel centro di Valencia.","robots":{"index":"index","follow":"follow","max-snippet":"max-snippet:-1","max-image-preview":"max-image-preview:large","max-video-preview":"max-video-preview:-1"},"canonical":"https:\/\/homehostelsvalencia.com\/it\/ostello-fib\/","og_locale":"it_IT","og_type":"article","og_title":"Ostello per il FIB &#183; Home Hostels Valencia","og_description":"Se cerchi il migliore e pi\u00f9 antico ostello per il FIB 2012 a Valencia perdere l\u2019occasione di dormire in nostri ostelli situti nel centro di Valencia.","og_url":"https:\/\/homehostelsvalencia.com\/it\/ostello-fib\/","og_site_name":"Home Hostels Valencia","article_publisher":"https:\/\/www.facebook.com\/HomeHostelsValencia","article_modified_time":"2017-10-02T10:18:37+00:00","og_image":[{"width":550,"height":326,"url":"https:\/\/homehostelsvalencia.com\/wp-content\/uploads\/2012\/04\/FIB-20121.jpg","type":"image\/jpeg"}],"twitter_card":"summary_large_image","twitter_site":"@homehostelsvlc","twitter_misc":{"Tempo di lettura stimato":"2 minutes"},"schema":{"@context":"https:\/\/schema.org","@graph":[{"@type":"WebPage","@id":"https:\/\/homehostelsvalencia.com\/it\/ostello-fib\/","url":"https:\/\/homehostelsvalencia.com\/it\/ostello-fib\/","name":"Ostello per il FIB &#183; Home Hostels Valencia","isPartOf":{"@id":"https:\/\/homehostelsvalencia.com\/it\/#website"},"primaryImageOfPage":{"@id":"https:\/\/homehostelsvalencia.com\/it\/ostello-fib\/#primaryimage"},"image":{"@id":"https:\/\/homehostelsvalencia.com\/it\/ostello-fib\/#primaryimage"},"thumbnailUrl":"https:\/\/homehostelsvalencia.com\/wp-content\/uploads\/2012\/04\/FIB-20121.jpg","datePublished":"2012-04-17T11:40:57+00:00","dateModified":"2017-10-02T10:18:37+00:00","description":"Se cerchi il migliore e pi\u00f9 antico ostello per il FIB 2012 a Valencia perdere l\u2019occasione di dormire in nostri ostelli situti nel centro di Valencia.","breadcrumb":{"@id":"https:\/\/homehostelsvalencia.com\/it\/ostello-fib\/#breadcrumb"},"inLanguage":"it-IT","potentialAction":[{"@type":"ReadAction","target":["https:\/\/homehostelsvalencia.com\/it\/ostello-fib\/"]}]},{"@type":"ImageObject","inLanguage":"it-IT","@id":"https:\/\/homehostelsvalencia.com\/it\/ostello-fib\/#primaryimage","url":"https:\/\/homehostelsvalencia.com\/wp-content\/uploads\/2012\/04\/FIB-20121.jpg","contentUrl":"https:\/\/homehostelsvalencia.com\/wp-content\/uploads\/2012\/04\/FIB-20121.jpg","width":"550","height":"326","caption":"Hostal para el FIB 2012"},{"@type":"BreadcrumbList","@id":"https:\/\/homehostelsvalencia.com\/it\/ostello-fib\/#breadcrumb","itemListElement":[{"@type":"ListItem","position":1,"name":"Portada","item":"https:\/\/homehostelsvalencia.com\/it\/"},{"@type":"ListItem","position":2,"name":"Ostello per il FIB"}]},{"@type":"WebSite","@id":"https:\/\/homehostelsvalencia.com\/it\/#website","url":"https:\/\/homehostelsvalencia.com\/it\/","name":"Home Hostels Valencia","description":"If you&#039;re looking for a cheap place to stay en Valencia, come to H\u00f4me Hostels Valencia.","publisher":{"@id":"https:\/\/homehostelsvalencia.com\/it\/#organization"},"potentialAction":[{"@type":"SearchAction","target":{"@type":"EntryPoint","urlTemplate":"https:\/\/homehostelsvalencia.com\/it\/?s={search_term_string}"},"query-input":{"@type":"PropertyValueSpecification","valueRequired":true,"valueName":"search_term_string"}}],"inLanguage":"it-IT"},{"@type":"Organization","@id":"https:\/\/homehostelsvalencia.com\/it\/#organization","name":"Home Hostels Valencia","url":"https:\/\/homehostelsvalencia.com\/it\/","logo":{"@type":"ImageObject","inLanguage":"it-IT","@id":"https:\/\/homehostelsvalencia.com\/it\/#\/schema\/logo\/image\/","url":"https:\/\/homehostelsvalencia.com\/wp-content\/uploads\/2017\/01\/logo-home-hostels-valencia-spain.png","contentUrl":"https:\/\/homehostelsvalencia.com\/wp-content\/uploads\/2017\/01\/logo-home-hostels-valencia-spain.png","width":233,"height":93,"caption":"Home Hostels Valencia"},"image":{"@id":"https:\/\/homehostelsvalencia.com\/it\/#\/schema\/logo\/image\/"},"sameAs":["https:\/\/www.facebook.com\/HomeHostelsValencia","https:\/\/x.com\/homehostelsvlc","https:\/\/www.youtube.com\/user\/homehostelsvalencia"]}]}},"_links":{"self":[{"href":"https:\/\/homehostelsvalencia.com\/it\/wp-json\/wp\/v2\/pages\/2984","targetHints":{"allow":["GET"]}}],"collection":[{"href":"https:\/\/homehostelsvalencia.com\/it\/wp-json\/wp\/v2\/pages"}],"about":[{"href":"https:\/\/homehostelsvalencia.com\/it\/wp-json\/wp\/v2\/types\/page"}],"author":[{"embeddable":true,"href":"https:\/\/homehostelsvalencia.com\/it\/wp-json\/wp\/v2\/users\/7"}],"replies":[{"embeddable":true,"href":"https:\/\/homehostelsvalencia.com\/it\/wp-json\/wp\/v2\/comments?post=2984"}],"version-history":[{"count":0,"href":"https:\/\/homehostelsvalencia.com\/it\/wp-json\/wp\/v2\/pages\/2984\/revisions"}],"wp:featuredmedia":[{"embeddable":true,"href":"https:\/\/homehostelsvalencia.com\/it\/wp-json\/wp\/v2\/media\/2543"}],"wp:attachment":[{"href":"https:\/\/homehostelsvalencia.com\/it\/wp-json\/wp\/v2\/media?parent=2984"}],"curies":[{"name":"wp","href":"https:\/\/api.w.org\/{rel}","templated":true}]}}