{"id":2917,"date":"2011-04-28T16:33:08","date_gmt":"2011-04-28T16:33:08","guid":{"rendered":"http:\/\/dev.homehostelsvalencia.com\/ostello-per-fallas\/"},"modified":"2017-10-02T12:17:54","modified_gmt":"2017-10-02T10:17:54","slug":"ostello-per-fallas","status":"publish","type":"page","link":"https:\/\/homehostelsvalencia.com\/it\/ostello-per-fallas\/","title":{"rendered":"Ostello per fallas"},"content":{"rendered":"<h2>Cerchi una sistemazione per andare las Fallas?<\/h2>\n<p>In <strong>Home Hostels Valencia<\/strong> possiamo offrirti due ostelli situati nel cuore di questa festa valenciana.<\/p>\n<p>Mettiamo a tua disposizione due ostelli economici per venire a divertirti con las Fallas. Non c\u2019\u00e8 un posto migliore dove dormire dato che ci troviamo nel centro nevralgico della festa.<\/p>\n<p>Dai nostri ostelli potrai andare a piedi ad assistere alla \u201c<strong>Masclet\u00e1\u201d <\/strong><strong>i<\/strong>n Piazza Ayuntamiento, \u201c<strong>la Ofrenda<\/strong><strong>\u201d<\/strong> in Piazza della Virgen ed i \u201c<strong>castillos\u201d <\/strong><strong>di fuochi artificiali<\/strong> nell\u2019antico letto del fiume Turia, il tutto nella citt\u00e0 di Valencia. Ovviamente potrai anche visitare i monumenti di alcune delle \u201ccase falleras\u201d pi\u00f9 emblematiche di Valencia.<\/p>\n<p><strong>Las Fallas \u00e8 la festa pi\u00f9 importante della citt\u00e0. E\u2019 la miglior festa di fuoco, fuochi artificiali, \u201cmasclet\u00e0s\u201d e \u201ccastillos\u201d di Spagna ed \u00e8 per questo motivo che non \u00e8 facile incontrare un buon ostello economico in Fallas.<\/strong> Gli ostelli e gli alberghi nel centro di Valencia e dintorni di solito vengono prenotati con diversi mesi di anticipo rispetto la festa, \u00e8 per questa ragione che consigliamo di prenotare il vostro Ostello per Fallas il prima possibile.<\/p>\n<p>In Home Hostels Valencia ti offriamo due ostelli ubicati nel centro storico di Valencia, proprio di fianco a las Fallas:<\/p>\n<p>&#8211; <strong>Home Youth Hostel Valencia: <\/strong>stanze per 3 o 4 persone. Il primo Ostello di Valencia senza letti a castello, situato proprio nel \u201cBarrio del Carmen\u201d , nel centro storico.<\/p>\n<p><strong>&#8211;<\/strong> <strong>Home Backpackers Hostel:<\/strong><strong> stanza da 6,8,12,16 letti a castello<\/strong>. Grande, economico, pulito, pieno di colore. L\u2019ostello pi\u00f9 economico di Valencia.<\/p>\n<p>La festa de Las Fallas inizia il 15 marzo e dura fino al 19 marzo, 5 giorni durante i quali potrete godere di fuochi artificiali, \u201cmasclet\u00e0s\u201d, \u201dofrendas\u201d, \u201ccrem\u00e0\u201d, sfilate e molto ancora. Si tratta di una festa piena fuochi di artificio che non potrai perderti se dormirai negli ostelli di Home Hostels Valencia.<\/p>\n<p>Las Fallas sono dei monumenti fatti di legno, cartone e papier mach\u00e9 che rappresentano delle figure chiamate \u201cninots\u201d. Questi monumenti l\u2019ultimo giorno delle Fallas vengono bruciati creando cos\u00ec una meravigliosa atmosfera di fuochi e colori. Ogni quartiere si organizza in comitati chiamati \u201cCasal Fallero\u201d che hanno la scopo di incontrare i fondi necessari per la costruzione delle Fallas.<\/p>\n<p>I casali e le Fallas pi\u00f9 importanti si trovano nella parte antica della citt\u00e0, proprio di fianco agli ostelli Home Hostels Valencia.<\/p>\n<p>Le Fallas sono un\u2019esperienza unica di suoni, colori e allegria che bisogna assolutamente vedere una volta nella vita. Durante Fallas la citt\u00e0 di Valencia brucia in ogni angolo, il cielo si riempie di colori, nelle strati risuonano petardi, sfilate, fiumi di turisti, luci, colori, concorsi di paella e spettacoli sorprendenti.<\/p>\n<p><strong>Se cerchi il migliore e pi\u00f9 antico ostello di Valencia per las Fallas non perdere l\u2019occasione di dormire in uno dei nostri ostelli Home Youth Hostel e Home Backpackers Hostel situti nel cuore de las Fallas<\/strong>, nel centro storico di Valencia e dove si svolgono gli eventi pi\u00f9 importanti delle Fallas.<\/p>\n<p>In pi\u00f9 <strong>Home Hostels <\/strong>sono ostelli confortevoli, economici, puliti e divertenti, con un ambiente di festa, Hai dua opzioni per dormire nel Barrio del Carmen: <a href=\"\/it\/youth-hostel-valencia\/presentazione\/\">Home Youth Hostel Valencia<\/a>\u00a0 e <a href=\"\/it\/backpackers-hostel-valencia\/presentazione\/\">Home Backpackers Hostel<\/a>.<\/p>\n<p>Vieni a las Fallas e divertiti nei nostri <strong>Home Hostels Valencia<\/strong>, la catena di <strong>ostelli pi\u00f9 economici nel centro storico di Valencia.<\/strong><\/p>\n<p>Per informazioni sulla citt\u00e0 di Valencia e sulla Fallas visita la nostra <a href=\"\/it\/guida-di-valencia\/\">Guida di Valencia<\/a><\/p>\n<p>&nbsp;<\/p>\n<p><script src=\"https:\/\/wubook.net\/js\/wblib.jgz\"><\/script><\/p>\n<div id=\"_baror_\"  class=\"_baror____fixed\"> <a href=\"http:\/\/es.wubook.net\/\" style=\"display: block; margin-top: 5px; text-decoration:none;border:none;background: rgb(244, 63, 40); margin-top:0; z-index: 1000;\" target=\"_blank\">  <\/a> <\/div>\n<p><script>\n  var WuBook= new _WuBook(1399028894);\n  var wbparams= {\n    fixedPosition: 1,\n    ditextcolor: '#ffffff',\n    avgcolor: '#fff200',\n    textcolorbb: '#ffffff',\n    plusperc: 5,\n    listtypebb: '#ffffff',\n    rpkgs: '',\n    barbackground: 'rgb(244, 63, 40)',\n    textcolorpk: '#988454',\n    default_nights: 3,\n    textcolorcalendarbe: '#000000',\n    bordercolor: '#ffffff',\n    blocks: 'be,fe',\n    failback_lang: 'it',\n    hdcode: '',\n    textcolorbuttonbe: '#ffffff',\n    avgtextcolor: '#fff200',\n    diinputcolor: '#ffffff',\n    lang: 'it',\n    buttoncolorbe: '#f43f28',\n    dibuttoncolor: '#008000',\n    wbgoogle: 1,\n    bgblocks: '#000000',\n    cmsgs: '',\n    textcolornightspk: '#ffffff',\n    adchi: 1,\n    only_beds_occupancy: 1\n  };\n  WuBook.design_bwidget(\"_baror_\", wbparams);\n<\/script><\/p>\n","protected":false},"excerpt":{"rendered":"<p>Cerchi una sistemazione per andare las Fallas? In Home Hostels Valencia possiamo offrirti due ostelli situati nel cuore di questa festa valenciana. Mettiamo a tua disposizione due ostelli economici per venire a divertirti con las Fallas. Non c\u2019\u00e8 un posto migliore dove dormire dato che ci troviamo nel centro nevralgico della festa. Dai nostri ostelli [&hellip;]<\/p>\n","protected":false},"author":15,"featured_media":6287,"parent":0,"menu_order":0,"comment_status":"closed","ping_status":"closed","template":"","meta":{"footnotes":""},"class_list":["post-2917","page","type-page","status-publish","has-post-thumbnail","hentry"],"yoast_head":"<!-- This site is optimized with the Yoast SEO plugin v27.3 - https:\/\/yoast.com\/product\/yoast-seo-wordpress\/ -->\n<title>Ostello per Fallas - Home Hostels center of Valencia<\/title>\n<meta name=\"description\" content=\"Cerchi alloggio per Fallas? H\u00f4me Hostels mette a tua disposizione due ostelli nel cuore della festa. Ostello per Fallas - Home Hostels center of Valencia\" \/>\n<meta name=\"robots\" content=\"index, follow, max-snippet:-1, max-image-preview:large, max-video-preview:-1\" \/>\n<link rel=\"canonical\" href=\"https:\/\/homehostelsvalencia.com\/it\/ostello-per-fallas\/\" \/>\n<meta property=\"og:locale\" content=\"it_IT\" \/>\n<meta property=\"og:type\" content=\"article\" \/>\n<meta property=\"og:title\" content=\"Ostello per Fallas - Home Hostels center of Valencia\" \/>\n<meta property=\"og:description\" content=\"Cerchi alloggio per Fallas? H\u00f4me Hostels mette a tua disposizione due ostelli nel cuore della festa. Ostello per Fallas - Home Hostels center of Valencia\" \/>\n<meta property=\"og:url\" content=\"https:\/\/homehostelsvalencia.com\/it\/ostello-per-fallas\/\" \/>\n<meta property=\"og:site_name\" content=\"Home Hostels Valencia\" \/>\n<meta property=\"article:publisher\" content=\"https:\/\/www.facebook.com\/HomeHostelsValencia\" \/>\n<meta property=\"article:modified_time\" content=\"2017-10-02T10:17:54+00:00\" \/>\n<meta property=\"og:image\" content=\"https:\/\/homehostelsvalencia.com\/wp-content\/uploads\/2011\/04\/youth-hostel-valencia-fallas.jpg\" \/>\n\t<meta property=\"og:image:width\" content=\"800\" \/>\n\t<meta property=\"og:image:height\" content=\"537\" \/>\n\t<meta property=\"og:image:type\" content=\"image\/jpeg\" \/>\n<meta name=\"twitter:card\" content=\"summary_large_image\" \/>\n<meta name=\"twitter:site\" content=\"@homehostelsvlc\" \/>\n<meta name=\"twitter:label1\" content=\"Tempo di lettura stimato\" \/>\n\t<meta name=\"twitter:data1\" content=\"3 minutes\" \/>\n<script type=\"application\/ld+json\" class=\"yoast-schema-graph\">{\"@context\":\"https:\\\/\\\/schema.org\",\"@graph\":[{\"@type\":\"WebPage\",\"@id\":\"https:\\\/\\\/homehostelsvalencia.com\\\/it\\\/ostello-per-fallas\\\/\",\"url\":\"https:\\\/\\\/homehostelsvalencia.com\\\/it\\\/ostello-per-fallas\\\/\",\"name\":\"Ostello per Fallas - Home Hostels center of Valencia\",\"isPartOf\":{\"@id\":\"https:\\\/\\\/homehostelsvalencia.com\\\/it\\\/#website\"},\"primaryImageOfPage\":{\"@id\":\"https:\\\/\\\/homehostelsvalencia.com\\\/it\\\/ostello-per-fallas\\\/#primaryimage\"},\"image\":{\"@id\":\"https:\\\/\\\/homehostelsvalencia.com\\\/it\\\/ostello-per-fallas\\\/#primaryimage\"},\"thumbnailUrl\":\"https:\\\/\\\/homehostelsvalencia.com\\\/wp-content\\\/uploads\\\/2011\\\/04\\\/youth-hostel-valencia-fallas.jpg\",\"datePublished\":\"2011-04-28T16:33:08+00:00\",\"dateModified\":\"2017-10-02T10:17:54+00:00\",\"description\":\"Cerchi alloggio per Fallas? H\u00f4me Hostels mette a tua disposizione due ostelli nel cuore della festa. Ostello per Fallas - Home Hostels center of Valencia\",\"breadcrumb\":{\"@id\":\"https:\\\/\\\/homehostelsvalencia.com\\\/it\\\/ostello-per-fallas\\\/#breadcrumb\"},\"inLanguage\":\"it-IT\",\"potentialAction\":[{\"@type\":\"ReadAction\",\"target\":[\"https:\\\/\\\/homehostelsvalencia.com\\\/it\\\/ostello-per-fallas\\\/\"]}]},{\"@type\":\"ImageObject\",\"inLanguage\":\"it-IT\",\"@id\":\"https:\\\/\\\/homehostelsvalencia.com\\\/it\\\/ostello-per-fallas\\\/#primaryimage\",\"url\":\"https:\\\/\\\/homehostelsvalencia.com\\\/wp-content\\\/uploads\\\/2011\\\/04\\\/youth-hostel-valencia-fallas.jpg\",\"contentUrl\":\"https:\\\/\\\/homehostelsvalencia.com\\\/wp-content\\\/uploads\\\/2011\\\/04\\\/youth-hostel-valencia-fallas.jpg\",\"width\":800,\"height\":537,\"caption\":\"youth hostel valencia fallas\"},{\"@type\":\"BreadcrumbList\",\"@id\":\"https:\\\/\\\/homehostelsvalencia.com\\\/it\\\/ostello-per-fallas\\\/#breadcrumb\",\"itemListElement\":[{\"@type\":\"ListItem\",\"position\":1,\"name\":\"Portada\",\"item\":\"https:\\\/\\\/homehostelsvalencia.com\\\/it\\\/\"},{\"@type\":\"ListItem\",\"position\":2,\"name\":\"Ostello per fallas\"}]},{\"@type\":\"WebSite\",\"@id\":\"https:\\\/\\\/homehostelsvalencia.com\\\/it\\\/#website\",\"url\":\"https:\\\/\\\/homehostelsvalencia.com\\\/it\\\/\",\"name\":\"Home Hostels Valencia\",\"description\":\"If you&#039;re looking for a cheap place to stay en Valencia, come to H\u00f4me Hostels Valencia.\",\"publisher\":{\"@id\":\"https:\\\/\\\/homehostelsvalencia.com\\\/it\\\/#organization\"},\"potentialAction\":[{\"@type\":\"SearchAction\",\"target\":{\"@type\":\"EntryPoint\",\"urlTemplate\":\"https:\\\/\\\/homehostelsvalencia.com\\\/it\\\/?s={search_term_string}\"},\"query-input\":{\"@type\":\"PropertyValueSpecification\",\"valueRequired\":true,\"valueName\":\"search_term_string\"}}],\"inLanguage\":\"it-IT\"},{\"@type\":\"Organization\",\"@id\":\"https:\\\/\\\/homehostelsvalencia.com\\\/it\\\/#organization\",\"name\":\"Home Hostels Valencia\",\"url\":\"https:\\\/\\\/homehostelsvalencia.com\\\/it\\\/\",\"logo\":{\"@type\":\"ImageObject\",\"inLanguage\":\"it-IT\",\"@id\":\"https:\\\/\\\/homehostelsvalencia.com\\\/it\\\/#\\\/schema\\\/logo\\\/image\\\/\",\"url\":\"https:\\\/\\\/homehostelsvalencia.com\\\/wp-content\\\/uploads\\\/2017\\\/01\\\/logo-home-hostels-valencia-spain.png\",\"contentUrl\":\"https:\\\/\\\/homehostelsvalencia.com\\\/wp-content\\\/uploads\\\/2017\\\/01\\\/logo-home-hostels-valencia-spain.png\",\"width\":233,\"height\":93,\"caption\":\"Home Hostels Valencia\"},\"image\":{\"@id\":\"https:\\\/\\\/homehostelsvalencia.com\\\/it\\\/#\\\/schema\\\/logo\\\/image\\\/\"},\"sameAs\":[\"https:\\\/\\\/www.facebook.com\\\/HomeHostelsValencia\",\"https:\\\/\\\/x.com\\\/homehostelsvlc\",\"https:\\\/\\\/www.youtube.com\\\/user\\\/homehostelsvalencia\"]}]}<\/script>\n<!-- \/ Yoast SEO plugin. -->","yoast_head_json":{"title":"Ostello per Fallas - Home Hostels center of Valencia","description":"Cerchi alloggio per Fallas? H\u00f4me Hostels mette a tua disposizione due ostelli nel cuore della festa. Ostello per Fallas - Home Hostels center of Valencia","robots":{"index":"index","follow":"follow","max-snippet":"max-snippet:-1","max-image-preview":"max-image-preview:large","max-video-preview":"max-video-preview:-1"},"canonical":"https:\/\/homehostelsvalencia.com\/it\/ostello-per-fallas\/","og_locale":"it_IT","og_type":"article","og_title":"Ostello per Fallas - Home Hostels center of Valencia","og_description":"Cerchi alloggio per Fallas? H\u00f4me Hostels mette a tua disposizione due ostelli nel cuore della festa. Ostello per Fallas - Home Hostels center of Valencia","og_url":"https:\/\/homehostelsvalencia.com\/it\/ostello-per-fallas\/","og_site_name":"Home Hostels Valencia","article_publisher":"https:\/\/www.facebook.com\/HomeHostelsValencia","article_modified_time":"2017-10-02T10:17:54+00:00","og_image":[{"width":800,"height":537,"url":"https:\/\/homehostelsvalencia.com\/wp-content\/uploads\/2011\/04\/youth-hostel-valencia-fallas.jpg","type":"image\/jpeg"}],"twitter_card":"summary_large_image","twitter_site":"@homehostelsvlc","twitter_misc":{"Tempo di lettura stimato":"3 minutes"},"schema":{"@context":"https:\/\/schema.org","@graph":[{"@type":"WebPage","@id":"https:\/\/homehostelsvalencia.com\/it\/ostello-per-fallas\/","url":"https:\/\/homehostelsvalencia.com\/it\/ostello-per-fallas\/","name":"Ostello per Fallas - Home Hostels center of Valencia","isPartOf":{"@id":"https:\/\/homehostelsvalencia.com\/it\/#website"},"primaryImageOfPage":{"@id":"https:\/\/homehostelsvalencia.com\/it\/ostello-per-fallas\/#primaryimage"},"image":{"@id":"https:\/\/homehostelsvalencia.com\/it\/ostello-per-fallas\/#primaryimage"},"thumbnailUrl":"https:\/\/homehostelsvalencia.com\/wp-content\/uploads\/2011\/04\/youth-hostel-valencia-fallas.jpg","datePublished":"2011-04-28T16:33:08+00:00","dateModified":"2017-10-02T10:17:54+00:00","description":"Cerchi alloggio per Fallas? H\u00f4me Hostels mette a tua disposizione due ostelli nel cuore della festa. Ostello per Fallas - Home Hostels center of Valencia","breadcrumb":{"@id":"https:\/\/homehostelsvalencia.com\/it\/ostello-per-fallas\/#breadcrumb"},"inLanguage":"it-IT","potentialAction":[{"@type":"ReadAction","target":["https:\/\/homehostelsvalencia.com\/it\/ostello-per-fallas\/"]}]},{"@type":"ImageObject","inLanguage":"it-IT","@id":"https:\/\/homehostelsvalencia.com\/it\/ostello-per-fallas\/#primaryimage","url":"https:\/\/homehostelsvalencia.com\/wp-content\/uploads\/2011\/04\/youth-hostel-valencia-fallas.jpg","contentUrl":"https:\/\/homehostelsvalencia.com\/wp-content\/uploads\/2011\/04\/youth-hostel-valencia-fallas.jpg","width":800,"height":537,"caption":"youth hostel valencia fallas"},{"@type":"BreadcrumbList","@id":"https:\/\/homehostelsvalencia.com\/it\/ostello-per-fallas\/#breadcrumb","itemListElement":[{"@type":"ListItem","position":1,"name":"Portada","item":"https:\/\/homehostelsvalencia.com\/it\/"},{"@type":"ListItem","position":2,"name":"Ostello per fallas"}]},{"@type":"WebSite","@id":"https:\/\/homehostelsvalencia.com\/it\/#website","url":"https:\/\/homehostelsvalencia.com\/it\/","name":"Home Hostels Valencia","description":"If you&#039;re looking for a cheap place to stay en Valencia, come to H\u00f4me Hostels Valencia.","publisher":{"@id":"https:\/\/homehostelsvalencia.com\/it\/#organization"},"potentialAction":[{"@type":"SearchAction","target":{"@type":"EntryPoint","urlTemplate":"https:\/\/homehostelsvalencia.com\/it\/?s={search_term_string}"},"query-input":{"@type":"PropertyValueSpecification","valueRequired":true,"valueName":"search_term_string"}}],"inLanguage":"it-IT"},{"@type":"Organization","@id":"https:\/\/homehostelsvalencia.com\/it\/#organization","name":"Home Hostels Valencia","url":"https:\/\/homehostelsvalencia.com\/it\/","logo":{"@type":"ImageObject","inLanguage":"it-IT","@id":"https:\/\/homehostelsvalencia.com\/it\/#\/schema\/logo\/image\/","url":"https:\/\/homehostelsvalencia.com\/wp-content\/uploads\/2017\/01\/logo-home-hostels-valencia-spain.png","contentUrl":"https:\/\/homehostelsvalencia.com\/wp-content\/uploads\/2017\/01\/logo-home-hostels-valencia-spain.png","width":233,"height":93,"caption":"Home Hostels Valencia"},"image":{"@id":"https:\/\/homehostelsvalencia.com\/it\/#\/schema\/logo\/image\/"},"sameAs":["https:\/\/www.facebook.com\/HomeHostelsValencia","https:\/\/x.com\/homehostelsvlc","https:\/\/www.youtube.com\/user\/homehostelsvalencia"]}]}},"_links":{"self":[{"href":"https:\/\/homehostelsvalencia.com\/it\/wp-json\/wp\/v2\/pages\/2917","targetHints":{"allow":["GET"]}}],"collection":[{"href":"https:\/\/homehostelsvalencia.com\/it\/wp-json\/wp\/v2\/pages"}],"about":[{"href":"https:\/\/homehostelsvalencia.com\/it\/wp-json\/wp\/v2\/types\/page"}],"author":[{"embeddable":true,"href":"https:\/\/homehostelsvalencia.com\/it\/wp-json\/wp\/v2\/users\/15"}],"replies":[{"embeddable":true,"href":"https:\/\/homehostelsvalencia.com\/it\/wp-json\/wp\/v2\/comments?post=2917"}],"version-history":[{"count":0,"href":"https:\/\/homehostelsvalencia.com\/it\/wp-json\/wp\/v2\/pages\/2917\/revisions"}],"wp:featuredmedia":[{"embeddable":true,"href":"https:\/\/homehostelsvalencia.com\/it\/wp-json\/wp\/v2\/media\/6287"}],"wp:attachment":[{"href":"https:\/\/homehostelsvalencia.com\/it\/wp-json\/wp\/v2\/media?parent=2917"}],"curies":[{"name":"wp","href":"https:\/\/api.w.org\/{rel}","templated":true}]}}