{"id":2914,"date":"2011-04-28T16:32:52","date_gmt":"2011-04-28T16:32:52","guid":{"rendered":"http:\/\/dev.homehostelsvalencia.com\/ostello-per-la-tomatina\/"},"modified":"2017-10-02T12:18:57","modified_gmt":"2017-10-02T10:18:57","slug":"ostello-per-tomatina","status":"publish","type":"page","link":"https:\/\/homehostelsvalencia.com\/it\/ostello-per-tomatina\/","title":{"rendered":"Ostello per la Tomatina"},"content":{"rendered":"<h2>Cerchi una sistemazione per andare alla Tomatina?<\/h2>\n<p>In Home Hostels Valencia possiamo offrirti due ostelli a solo 45 minuti da Bu\u00f1ol.<\/p>\n<p><strong>Home Hostels Valencia mette a tua disposizione due ostelli economici e situati nel centro di Valencia.<\/strong> Se stai pensando di andare alla Tomatina di Bu\u00f1ol puoi alloggiare nei nostri ostelli ed approfittare dell\u2019occasione per visitare Valencia.<\/p>\n<p>I nostri ostelli sono economici e situati nel centro storico di Valencia, a solo 10\/15 minuti dalla stazione centrale degli autobus e da quella dei treni, dove potrai acquistare il biglietto per Bu\u00f1ol, situata a circa 45 minuti. Possiamo offrire due ostelli giovanili:<\/p>\n<p>&#8211;\u00a0 <strong>Home Youth Hostel Valencia: <\/strong>stanze incantevoli e piene di colore, senza letti a castello, di buona qualit\u00e0 e situato di fianco al Mercato Centrale e alla Lonja, in pieno centro storico della citt\u00e0.<\/p>\n<p><strong>&#8211;<\/strong> <strong>Home Backpackers Hostel: <\/strong>stanze economiche, letti a castello a basso prezzo, una terrazza di 200 metri quadrati. Nel cuore del \u201cBarrio del Carmen\u201d, in pieno centro di Valencia.<\/p>\n<p><strong>La tomatina \u00e8 una delle feste pi\u00f9 famose in Spagna. Viene celebrata a Bu<\/strong><strong>\u00f1ol<\/strong>, <strong>localit\u00e0 situata poco lontano da Valencia<\/strong> e collegata con una buona rete di trasporti. Ogni anno vengono ai nostri ostelli centinaia di viaggiatori di ogni nazionalit\u00e0 con lo scopo di visitare Valencia e sperimentare l\u2019esperienza della Tomatina; non sembra che rimangano insoddisfatti.<\/p>\n<p>La Tomatina inizi\u00f2 nell\u2019anno 1945 quando un gruppo di amici inizi\u00f2 la battaglia di pomodori durante una sfilata annuale di \u201ccabezudos y gigantes\u201d. Da quel momento si \u00e8 trasformata in una festa tradizionale, a livello internazionale. La festa si svolge l\u2019ultimo mercoled\u00ec del mese di agosto, dal 2002 viene considerata dalla Secretaria General de Turismo \u201cFesta di Interesse Turistico Nazionale\u201d<\/p>\n<p>La Tomatina si svolge a Bu\u00f1ol, una localit\u00e0 situata poco lontano da Valencia. Dagli ostelli Home Youth Hostel e Home Backpackers Hostel potrai facilmente prendere il treno o l\u2019autobus che ti porteranno direttamente dal centro di Valencia a Bu\u00f1ol. Sar\u00e0 facile,economico e veloce. Tra le altre cose i nostri ostelli sono situati vicinissimo alla stazione dei treni pertanto sar\u00e0 ancora pi\u00f9 facile e comodo raggiungere Bu\u00f1ol.<\/p>\n<p><strong>Nei nostri ostelli troverai tutte le informazioni di cui hai bisogno sulla Guerra dei Pomodori, la Tomatina:<\/strong> informazioni su come vestirsi, cosa fare, i trasporti per Bu\u00f1ol ed alcuni trucchi per sfruttare al massimo questa esperienza.<\/p>\n<p>Durante la Tomatina consigliamo di utilizzare occhialini da nuoto dato che l\u2019acido dei pomodori causa bruciore agli occhi. E per favore, sciacquare i vestiti prima di entrare nell\u2019ostello! Di solito la sera, dopo la tomatina, vengono organizzate diverse feste per continuare con il divertimento a Valencia. Normalmente queste feste vengono organizzate a Valencia e hanno luogo proprio vicino agli ostelli Home Hostels.<\/p>\n<p>Il nostro ultimo consiglio \u00e8: Divertiti durante al Tomatina e vieni a dormire nei nostri ostelli per un prezzo molto economico!!!<\/p>\n<p>Tra le altre cose, in <strong>Home Hostels troverai in una sistemazione economica, confortevole, pulita e con un ambiente divertente<\/strong>.<\/p>\n<p>Vieni alla tomatina e alloggia in <strong>Home Hostels Valencia<\/strong>, la prima catena di ostelli a basso prezzo nel centro della citt\u00e0 di Valencia.<\/p>\n<p>Se vuoi maggiori informazioni sulla Tomatina visita la sezione <a href=\"https:\/\/homehostelsvalencia.com\/it\/tomatina\/tomatina\/\">Tomatinadella<\/a> pagina web di Home Hostels. Per informazioni sulla citt\u00e0 di Valencia (cosa visitare, feste, Fallas, dove andare) visita la nostra Guida di Valencia<\/p>\n<p>Per maggiori informazioni sui nostri ostelli nel Barrio del Carmen, il centro storico di Valencia, visita <a href=\"\/it\/youth-hostel-valencia\/presentazione\/\">Home Youth Hostel\u00a0<\/a>e <a href=\"\/it\/backpackers-hostel-valencia\/presentazione\/\">Home Backpackers Hostel<\/a><\/p>\n<p><script src=\"https:\/\/wubook.net\/js\/wblib.jgz\"><\/script><\/p>\n<div id=\"_baror_\"  class=\"_baror____fixed\"> <a href=\"http:\/\/es.wubook.net\/\" style=\"display: block; margin-top: 5px; text-decoration:none;border:none;background: rgb(244, 63, 40); margin-top:0; z-index: 1000;\" target=\"_blank\">  <\/a> <\/div>\n<p><script>\n  var WuBook= new _WuBook(1399028894);\n  var wbparams= {\n    fixedPosition: 1,\n    ditextcolor: '#ffffff',\n    avgcolor: '#fff200',\n    textcolorbb: '#ffffff',\n    plusperc: 5,\n    listtypebb: '#ffffff',\n    rpkgs: '',\n    barbackground: 'rgb(244, 63, 40)',\n    textcolorpk: '#988454',\n    default_nights: 3,\n    textcolorcalendarbe: '#000000',\n    bordercolor: '#ffffff',\n    blocks: 'be,fe',\n    failback_lang: 'it',\n    hdcode: '',\n    textcolorbuttonbe: '#ffffff',\n    avgtextcolor: '#fff200',\n    diinputcolor: '#ffffff',\n    lang: 'it',\n    buttoncolorbe: '#f43f28',\n    dibuttoncolor: '#008000',\n    wbgoogle: 1,\n    bgblocks: '#000000',\n    cmsgs: '',\n    textcolornightspk: '#ffffff',\n    adchi: 1,\n    only_beds_occupancy: 1\n  };\n  WuBook.design_bwidget(\"_baror_\", wbparams);\n<\/script><\/p>\n","protected":false},"excerpt":{"rendered":"<p>Cerchi una sistemazione per andare alla Tomatina? In Home Hostels Valencia possiamo offrirti due ostelli a solo 45 minuti da Bu\u00f1ol. Home Hostels Valencia mette a tua disposizione due ostelli economici e situati nel centro di Valencia. Se stai pensando di andare alla Tomatina di Bu\u00f1ol puoi alloggiare nei nostri ostelli ed approfittare dell\u2019occasione per [&hellip;]<\/p>\n","protected":false},"author":15,"featured_media":6289,"parent":0,"menu_order":0,"comment_status":"closed","ping_status":"closed","template":"","meta":{"footnotes":""},"class_list":["post-2914","page","type-page","status-publish","has-post-thumbnail","hentry"],"yoast_head":"<!-- This site is optimized with the Yoast SEO plugin v27.3 - https:\/\/yoast.com\/product\/yoast-seo-wordpress\/ -->\n<title>Ostello per la Tomatina - Home Hostels Valencia, centro citt\u00e0<\/title>\n<meta name=\"description\" content=\"Cerchi alloggio per andare alla tomatina? H\u00f4me Hostels Valencia mette a tua disposizione due ostelli a soli 45 minuti da Bu\u00f1ol.\" \/>\n<meta name=\"robots\" content=\"index, follow, max-snippet:-1, max-image-preview:large, max-video-preview:-1\" \/>\n<link rel=\"canonical\" href=\"https:\/\/homehostelsvalencia.com\/it\/ostello-per-tomatina\/\" \/>\n<meta property=\"og:locale\" content=\"it_IT\" \/>\n<meta property=\"og:type\" content=\"article\" \/>\n<meta property=\"og:title\" content=\"Ostello per la Tomatina - Home Hostels Valencia, centro citt\u00e0\" \/>\n<meta property=\"og:description\" content=\"Cerchi alloggio per andare alla tomatina? H\u00f4me Hostels Valencia mette a tua disposizione due ostelli a soli 45 minuti da Bu\u00f1ol.\" \/>\n<meta property=\"og:url\" content=\"https:\/\/homehostelsvalencia.com\/it\/ostello-per-tomatina\/\" \/>\n<meta property=\"og:site_name\" content=\"Home Hostels Valencia\" \/>\n<meta property=\"article:publisher\" content=\"https:\/\/www.facebook.com\/HomeHostelsValencia\" \/>\n<meta property=\"article:modified_time\" content=\"2017-10-02T10:18:57+00:00\" \/>\n<meta property=\"og:image\" content=\"https:\/\/homehostelsvalencia.com\/wp-content\/uploads\/2011\/04\/hostel-tomatina-valencia.jpg\" \/>\n\t<meta property=\"og:image:width\" content=\"800\" \/>\n\t<meta property=\"og:image:height\" content=\"537\" \/>\n\t<meta property=\"og:image:type\" content=\"image\/jpeg\" \/>\n<meta name=\"twitter:card\" content=\"summary_large_image\" \/>\n<meta name=\"twitter:site\" content=\"@homehostelsvlc\" \/>\n<meta name=\"twitter:label1\" content=\"Tempo di lettura stimato\" \/>\n\t<meta name=\"twitter:data1\" content=\"3 minutes\" \/>\n<script type=\"application\/ld+json\" class=\"yoast-schema-graph\">{\"@context\":\"https:\\\/\\\/schema.org\",\"@graph\":[{\"@type\":\"WebPage\",\"@id\":\"https:\\\/\\\/homehostelsvalencia.com\\\/it\\\/ostello-per-tomatina\\\/\",\"url\":\"https:\\\/\\\/homehostelsvalencia.com\\\/it\\\/ostello-per-tomatina\\\/\",\"name\":\"Ostello per la Tomatina - Home Hostels Valencia, centro citt\u00e0\",\"isPartOf\":{\"@id\":\"https:\\\/\\\/homehostelsvalencia.com\\\/it\\\/#website\"},\"primaryImageOfPage\":{\"@id\":\"https:\\\/\\\/homehostelsvalencia.com\\\/it\\\/ostello-per-tomatina\\\/#primaryimage\"},\"image\":{\"@id\":\"https:\\\/\\\/homehostelsvalencia.com\\\/it\\\/ostello-per-tomatina\\\/#primaryimage\"},\"thumbnailUrl\":\"https:\\\/\\\/homehostelsvalencia.com\\\/wp-content\\\/uploads\\\/2011\\\/04\\\/hostel-tomatina-valencia.jpg\",\"datePublished\":\"2011-04-28T16:32:52+00:00\",\"dateModified\":\"2017-10-02T10:18:57+00:00\",\"description\":\"Cerchi alloggio per andare alla tomatina? H\u00f4me Hostels Valencia mette a tua disposizione due ostelli a soli 45 minuti da Bu\u00f1ol.\",\"breadcrumb\":{\"@id\":\"https:\\\/\\\/homehostelsvalencia.com\\\/it\\\/ostello-per-tomatina\\\/#breadcrumb\"},\"inLanguage\":\"it-IT\",\"potentialAction\":[{\"@type\":\"ReadAction\",\"target\":[\"https:\\\/\\\/homehostelsvalencia.com\\\/it\\\/ostello-per-tomatina\\\/\"]}]},{\"@type\":\"ImageObject\",\"inLanguage\":\"it-IT\",\"@id\":\"https:\\\/\\\/homehostelsvalencia.com\\\/it\\\/ostello-per-tomatina\\\/#primaryimage\",\"url\":\"https:\\\/\\\/homehostelsvalencia.com\\\/wp-content\\\/uploads\\\/2011\\\/04\\\/hostel-tomatina-valencia.jpg\",\"contentUrl\":\"https:\\\/\\\/homehostelsvalencia.com\\\/wp-content\\\/uploads\\\/2011\\\/04\\\/hostel-tomatina-valencia.jpg\",\"width\":800,\"height\":537,\"caption\":\"hostel tomatina valencia\"},{\"@type\":\"BreadcrumbList\",\"@id\":\"https:\\\/\\\/homehostelsvalencia.com\\\/it\\\/ostello-per-tomatina\\\/#breadcrumb\",\"itemListElement\":[{\"@type\":\"ListItem\",\"position\":1,\"name\":\"Portada\",\"item\":\"https:\\\/\\\/homehostelsvalencia.com\\\/it\\\/\"},{\"@type\":\"ListItem\",\"position\":2,\"name\":\"Ostello per la Tomatina\"}]},{\"@type\":\"WebSite\",\"@id\":\"https:\\\/\\\/homehostelsvalencia.com\\\/it\\\/#website\",\"url\":\"https:\\\/\\\/homehostelsvalencia.com\\\/it\\\/\",\"name\":\"Home Hostels Valencia\",\"description\":\"If you&#039;re looking for a cheap place to stay en Valencia, come to H\u00f4me Hostels Valencia.\",\"publisher\":{\"@id\":\"https:\\\/\\\/homehostelsvalencia.com\\\/it\\\/#organization\"},\"potentialAction\":[{\"@type\":\"SearchAction\",\"target\":{\"@type\":\"EntryPoint\",\"urlTemplate\":\"https:\\\/\\\/homehostelsvalencia.com\\\/it\\\/?s={search_term_string}\"},\"query-input\":{\"@type\":\"PropertyValueSpecification\",\"valueRequired\":true,\"valueName\":\"search_term_string\"}}],\"inLanguage\":\"it-IT\"},{\"@type\":\"Organization\",\"@id\":\"https:\\\/\\\/homehostelsvalencia.com\\\/it\\\/#organization\",\"name\":\"Home Hostels Valencia\",\"url\":\"https:\\\/\\\/homehostelsvalencia.com\\\/it\\\/\",\"logo\":{\"@type\":\"ImageObject\",\"inLanguage\":\"it-IT\",\"@id\":\"https:\\\/\\\/homehostelsvalencia.com\\\/it\\\/#\\\/schema\\\/logo\\\/image\\\/\",\"url\":\"https:\\\/\\\/homehostelsvalencia.com\\\/wp-content\\\/uploads\\\/2017\\\/01\\\/logo-home-hostels-valencia-spain.png\",\"contentUrl\":\"https:\\\/\\\/homehostelsvalencia.com\\\/wp-content\\\/uploads\\\/2017\\\/01\\\/logo-home-hostels-valencia-spain.png\",\"width\":233,\"height\":93,\"caption\":\"Home Hostels Valencia\"},\"image\":{\"@id\":\"https:\\\/\\\/homehostelsvalencia.com\\\/it\\\/#\\\/schema\\\/logo\\\/image\\\/\"},\"sameAs\":[\"https:\\\/\\\/www.facebook.com\\\/HomeHostelsValencia\",\"https:\\\/\\\/x.com\\\/homehostelsvlc\",\"https:\\\/\\\/www.youtube.com\\\/user\\\/homehostelsvalencia\"]}]}<\/script>\n<!-- \/ Yoast SEO plugin. -->","yoast_head_json":{"title":"Ostello per la Tomatina - Home Hostels Valencia, centro citt\u00e0","description":"Cerchi alloggio per andare alla tomatina? H\u00f4me Hostels Valencia mette a tua disposizione due ostelli a soli 45 minuti da Bu\u00f1ol.","robots":{"index":"index","follow":"follow","max-snippet":"max-snippet:-1","max-image-preview":"max-image-preview:large","max-video-preview":"max-video-preview:-1"},"canonical":"https:\/\/homehostelsvalencia.com\/it\/ostello-per-tomatina\/","og_locale":"it_IT","og_type":"article","og_title":"Ostello per la Tomatina - Home Hostels Valencia, centro citt\u00e0","og_description":"Cerchi alloggio per andare alla tomatina? H\u00f4me Hostels Valencia mette a tua disposizione due ostelli a soli 45 minuti da Bu\u00f1ol.","og_url":"https:\/\/homehostelsvalencia.com\/it\/ostello-per-tomatina\/","og_site_name":"Home Hostels Valencia","article_publisher":"https:\/\/www.facebook.com\/HomeHostelsValencia","article_modified_time":"2017-10-02T10:18:57+00:00","og_image":[{"width":800,"height":537,"url":"https:\/\/homehostelsvalencia.com\/wp-content\/uploads\/2011\/04\/hostel-tomatina-valencia.jpg","type":"image\/jpeg"}],"twitter_card":"summary_large_image","twitter_site":"@homehostelsvlc","twitter_misc":{"Tempo di lettura stimato":"3 minutes"},"schema":{"@context":"https:\/\/schema.org","@graph":[{"@type":"WebPage","@id":"https:\/\/homehostelsvalencia.com\/it\/ostello-per-tomatina\/","url":"https:\/\/homehostelsvalencia.com\/it\/ostello-per-tomatina\/","name":"Ostello per la Tomatina - Home Hostels Valencia, centro citt\u00e0","isPartOf":{"@id":"https:\/\/homehostelsvalencia.com\/it\/#website"},"primaryImageOfPage":{"@id":"https:\/\/homehostelsvalencia.com\/it\/ostello-per-tomatina\/#primaryimage"},"image":{"@id":"https:\/\/homehostelsvalencia.com\/it\/ostello-per-tomatina\/#primaryimage"},"thumbnailUrl":"https:\/\/homehostelsvalencia.com\/wp-content\/uploads\/2011\/04\/hostel-tomatina-valencia.jpg","datePublished":"2011-04-28T16:32:52+00:00","dateModified":"2017-10-02T10:18:57+00:00","description":"Cerchi alloggio per andare alla tomatina? H\u00f4me Hostels Valencia mette a tua disposizione due ostelli a soli 45 minuti da Bu\u00f1ol.","breadcrumb":{"@id":"https:\/\/homehostelsvalencia.com\/it\/ostello-per-tomatina\/#breadcrumb"},"inLanguage":"it-IT","potentialAction":[{"@type":"ReadAction","target":["https:\/\/homehostelsvalencia.com\/it\/ostello-per-tomatina\/"]}]},{"@type":"ImageObject","inLanguage":"it-IT","@id":"https:\/\/homehostelsvalencia.com\/it\/ostello-per-tomatina\/#primaryimage","url":"https:\/\/homehostelsvalencia.com\/wp-content\/uploads\/2011\/04\/hostel-tomatina-valencia.jpg","contentUrl":"https:\/\/homehostelsvalencia.com\/wp-content\/uploads\/2011\/04\/hostel-tomatina-valencia.jpg","width":800,"height":537,"caption":"hostel tomatina valencia"},{"@type":"BreadcrumbList","@id":"https:\/\/homehostelsvalencia.com\/it\/ostello-per-tomatina\/#breadcrumb","itemListElement":[{"@type":"ListItem","position":1,"name":"Portada","item":"https:\/\/homehostelsvalencia.com\/it\/"},{"@type":"ListItem","position":2,"name":"Ostello per la Tomatina"}]},{"@type":"WebSite","@id":"https:\/\/homehostelsvalencia.com\/it\/#website","url":"https:\/\/homehostelsvalencia.com\/it\/","name":"Home Hostels Valencia","description":"If you&#039;re looking for a cheap place to stay en Valencia, come to H\u00f4me Hostels Valencia.","publisher":{"@id":"https:\/\/homehostelsvalencia.com\/it\/#organization"},"potentialAction":[{"@type":"SearchAction","target":{"@type":"EntryPoint","urlTemplate":"https:\/\/homehostelsvalencia.com\/it\/?s={search_term_string}"},"query-input":{"@type":"PropertyValueSpecification","valueRequired":true,"valueName":"search_term_string"}}],"inLanguage":"it-IT"},{"@type":"Organization","@id":"https:\/\/homehostelsvalencia.com\/it\/#organization","name":"Home Hostels Valencia","url":"https:\/\/homehostelsvalencia.com\/it\/","logo":{"@type":"ImageObject","inLanguage":"it-IT","@id":"https:\/\/homehostelsvalencia.com\/it\/#\/schema\/logo\/image\/","url":"https:\/\/homehostelsvalencia.com\/wp-content\/uploads\/2017\/01\/logo-home-hostels-valencia-spain.png","contentUrl":"https:\/\/homehostelsvalencia.com\/wp-content\/uploads\/2017\/01\/logo-home-hostels-valencia-spain.png","width":233,"height":93,"caption":"Home Hostels Valencia"},"image":{"@id":"https:\/\/homehostelsvalencia.com\/it\/#\/schema\/logo\/image\/"},"sameAs":["https:\/\/www.facebook.com\/HomeHostelsValencia","https:\/\/x.com\/homehostelsvlc","https:\/\/www.youtube.com\/user\/homehostelsvalencia"]}]}},"_links":{"self":[{"href":"https:\/\/homehostelsvalencia.com\/it\/wp-json\/wp\/v2\/pages\/2914","targetHints":{"allow":["GET"]}}],"collection":[{"href":"https:\/\/homehostelsvalencia.com\/it\/wp-json\/wp\/v2\/pages"}],"about":[{"href":"https:\/\/homehostelsvalencia.com\/it\/wp-json\/wp\/v2\/types\/page"}],"author":[{"embeddable":true,"href":"https:\/\/homehostelsvalencia.com\/it\/wp-json\/wp\/v2\/users\/15"}],"replies":[{"embeddable":true,"href":"https:\/\/homehostelsvalencia.com\/it\/wp-json\/wp\/v2\/comments?post=2914"}],"version-history":[{"count":0,"href":"https:\/\/homehostelsvalencia.com\/it\/wp-json\/wp\/v2\/pages\/2914\/revisions"}],"wp:featuredmedia":[{"embeddable":true,"href":"https:\/\/homehostelsvalencia.com\/it\/wp-json\/wp\/v2\/media\/6289"}],"wp:attachment":[{"href":"https:\/\/homehostelsvalencia.com\/it\/wp-json\/wp\/v2\/media?parent=2914"}],"curies":[{"name":"wp","href":"https:\/\/api.w.org\/{rel}","templated":true}]}}