{"id":2908,"date":"2011-04-28T16:31:01","date_gmt":"2011-04-28T16:31:01","guid":{"rendered":"http:\/\/dev.homehostelsvalencia.com\/ostello-economico-valencia\/"},"modified":"2017-10-02T12:16:58","modified_gmt":"2017-10-02T10:16:58","slug":"ostello-economico-valencia","status":"publish","type":"page","link":"https:\/\/homehostelsvalencia.com\/it\/ostello-economico-valencia\/","title":{"rendered":"Ostello economico Valencia"},"content":{"rendered":"<h2><strong>Ostello economico Valencia<\/strong><\/h2>\n<h2>Stai cercando una sistemazione economica a Valencia?<\/h2>\n<p><strong>Vieni a Home Hostels Valencia, abbiamo i prezzi pi\u00f9 economici della citt\u00e0<\/strong>, due ostelli a basso prezzo situati in pieno centro storico di Valencia.<\/p>\n<p>Home Hostels Valencia ti offre due ostelli molto economici:<\/p>\n<p><strong>Home Youth Hostel<\/strong> \u00e8 un ostello economico situato vicino al Mercato Centrale di Valencia, offre stanze da 2 a 4 persone e con un prezzo molto competitivo, da 11 euro a notte. Uno degli ostelli pi\u00f9 economici di Valencia!!<\/p>\n<p><img fetchpriority=\"high\" decoding=\"async\" title=\"Home Youth Hostel -  Ostello a Valencia\" src=\"https:\/\/www.homehostelsvalencia.com\/wp-content\/uploads\/2011\/04\/Home-Cheap-Youth-Hostel-Cheap-Valencia.jpg\" alt=\"Home Youth Hostel -  Ostello a Valencia\" width=\"600\" height=\"143\" \/><\/p>\n<p><strong>Home Backpackers<\/strong> \u00e8 un ostello economico, con dei prezzi competitivi e in pieno Barrio del Carmen. Le stanze sono con letti a castello e possono ospitare da 6 a 16 persone per un prezzo pi\u00f9 che accessibile; da \u20ac 10 a notte. L\u2019ostello pi\u00f9 economico di tutta Valencia!!!<\/p>\n<p><img decoding=\"async\" title=\"Home Backpackers - Ostello economico Valencia\" src=\"https:\/\/www.homehostelsvalencia.com\/wp-content\/uploads\/2011\/04\/Home-Backpackers-Cheap-Hostel-Valencia.jpg\" alt=\"Home Backpackers - Ostello economico Valencia\" width=\"600\" height=\"143\" \/><\/p>\n<p>Non troverai a Valencia altri ostelli cos\u00ec confortevoli, economici, comodi, puliti, amichevoli e colorati come i nostri situati in una posizione molto centrica.<\/p>\n<p><strong>Gli Ostelli Home Hostels Valencia si trovano nel centro storico di Valencia,<\/strong> vicino ai monumenti principali, ai musei, ristoranti e ai migliori luoghi da visitare. E\u2019 molto semplice ed economico spostarsi per il centro della citt\u00e0 partendo da uno dei nostri Home Hostels Valencia.<\/p>\n<p>I nostri ostelli sono in pi\u00f9 antichi della citt\u00e0, questo \u00e8 il motivo per cui abbiamo i migliori prezzi, ostelli a tariffe economiche e basse per poter divertirsi con gli amici.<\/p>\n<p>Nei nostri ostelli sar\u00e0 semplice fare nuove amicizie, sono pieni si giovani di tutte le nazionalit\u00e0, sono puliti, comodi, aperti 24h su 24, il nostro personale parla diverse lingue, dispone di connessione internet, una grande cucina ed un\u2019incredibile terrazza per godersi la meravigliosa vista della citt\u00e0 e le giornate assolate.<\/p>\n<p><strong>Non c\u2019\u00e8 un altro ostello della giovent\u00f9 cos\u00ec economico a Valencia<\/strong>, nessun ostello della citt\u00e0 con dei prezzi cos\u00ec bassi ti offre tanti servizi come Home Hostels.<\/p>\n<p>I nostri ostelli sono pieni di colore, luce e si sente l\u2019ambiente piacevole e amichevole. Buon prezzo, in una buona posizione, vicino ai principali centri di interesse turistico della citt\u00e0 e vicino alla fermata della metro e della stazione degli autobus.<\/p>\n<p>Se stai cercando l\u2019ostello pi\u00f9 economico di Valencia per goderti le vacanze in spiaggia o semplicemente per fare una passeggiate nel centro storico della citt\u00e0, questo \u00e8 il tuo ostello. Vieni ed approfittane!!!!<\/p>\n<p><strong><span style=\"color: #888888;\">Ostello economico Valencia:<\/span>\u00a0<\/strong><\/p>\n<p><strong>Home Hostels Valencia<\/strong> \u00e8 la prima catena di ostelli a basso prezzo di Valencia.<\/p>\n<p>Per maggiori informazioni sui nostri ostelli a basso prezzo, clicca su <a href=\"http:\/\/www.homehostelsvalencia.com\/it\/youth-hostel-valencia\/presentazione\/\">Home Youth Hostel Valencia<\/a> o <a href=\"http:\/\/www.homehostelsvalencia.com\/it\/backpackers-hostel-valencia\/presentazione\/\">Home Backpackers Hostel<\/a>.<\/p>\n<p>Per maggiori informazioni sulla citt\u00e0 di Valencia, cosa vedere, percorsi, i musei principali, notizie\u2026 controlla la nostra <a href=\"http:\/\/www.homehostelsvalencia.com\/it\/guida-di-valencia\/\">Guida di Valencia<\/a><\/p>\n<p><script src=\"https:\/\/wubook.net\/js\/wblib.jgz\"><\/script><\/p>\n<div id=\"_baror_\"  class=\"_baror____fixed\"> <a href=\"http:\/\/es.wubook.net\/\" style=\"display: block; margin-top: 5px; text-decoration:none;border:none;background: rgb(244, 63, 40); margin-top:0; z-index: 1000;\" target=\"_blank\">  <\/a> <\/div>\n<p><script>\n  var WuBook= new _WuBook(1399028894);\n  var wbparams= {\n    fixedPosition: 1,\n    ditextcolor: '#ffffff',\n    avgcolor: '#fff200',\n    textcolorbb: '#ffffff',\n    plusperc: 5,\n    listtypebb: '#ffffff',\n    rpkgs: '',\n    barbackground: 'rgb(244, 63, 40)',\n    textcolorpk: '#988454',\n    default_nights: 3,\n    textcolorcalendarbe: '#000000',\n    bordercolor: '#ffffff',\n    blocks: 'be,fe',\n    failback_lang: 'it',\n    hdcode: '',\n    textcolorbuttonbe: '#ffffff',\n    avgtextcolor: '#fff200',\n    diinputcolor: '#ffffff',\n    lang: 'it',\n    buttoncolorbe: '#f43f28',\n    dibuttoncolor: '#008000',\n    wbgoogle: 1,\n    bgblocks: '#000000',\n    cmsgs: '',\n    textcolornightspk: '#ffffff',\n    adchi: 1,\n    only_beds_occupancy: 1\n  };\n  WuBook.design_bwidget(\"_baror_\", wbparams);\n<\/script><\/p>\n","protected":false},"excerpt":{"rendered":"<p>Ostello economico Valencia Stai cercando una sistemazione economica a Valencia? Vieni a Home Hostels Valencia, abbiamo i prezzi pi\u00f9 economici della citt\u00e0, due ostelli a basso prezzo situati in pieno centro storico di Valencia. Home Hostels Valencia ti offre due ostelli molto economici: Home Youth Hostel \u00e8 un ostello economico situato vicino al Mercato Centrale [&hellip;]<\/p>\n","protected":false},"author":15,"featured_media":0,"parent":0,"menu_order":0,"comment_status":"closed","ping_status":"closed","template":"","meta":{"footnotes":""},"class_list":["post-2908","page","type-page","status-publish","hentry"],"yoast_head":"<!-- This site is optimized with the Yoast SEO plugin v27.3 - https:\/\/yoast.com\/product\/yoast-seo-wordpress\/ -->\n<title>Ostello economico Valencia | Home Hostels Valencia<\/title>\n<meta name=\"description\" content=\"Ostello economico Valencia: Cerchi una sistemazione econ\u00f3mica a valencia? Home Hostels Valencia mette a tua disposizione un ostelli economici e un albergo economici.\" \/>\n<meta name=\"robots\" content=\"index, follow, max-snippet:-1, max-image-preview:large, max-video-preview:-1\" \/>\n<link rel=\"canonical\" href=\"https:\/\/homehostelsvalencia.com\/it\/ostello-economico-valencia\/\" \/>\n<meta property=\"og:locale\" content=\"it_IT\" \/>\n<meta property=\"og:type\" content=\"article\" \/>\n<meta property=\"og:title\" content=\"Ostello economico Valencia | Home Hostels Valencia\" \/>\n<meta property=\"og:description\" content=\"Ostello economico Valencia: Cerchi una sistemazione econ\u00f3mica a valencia? Home Hostels Valencia mette a tua disposizione un ostelli economici e un albergo economici.\" \/>\n<meta property=\"og:url\" content=\"https:\/\/homehostelsvalencia.com\/it\/ostello-economico-valencia\/\" \/>\n<meta property=\"og:site_name\" content=\"Home Hostels Valencia\" \/>\n<meta property=\"article:publisher\" content=\"https:\/\/www.facebook.com\/HomeHostelsValencia\" \/>\n<meta property=\"article:modified_time\" content=\"2017-10-02T10:16:58+00:00\" \/>\n<meta property=\"og:image\" content=\"https:\/\/www.homehostelsvalencia.com\/wp-content\/uploads\/2011\/04\/Home-Cheap-Youth-Hostel-Cheap-Valencia.jpg\" \/>\n<meta name=\"twitter:card\" content=\"summary_large_image\" \/>\n<meta name=\"twitter:site\" content=\"@homehostelsvlc\" \/>\n<meta name=\"twitter:label1\" content=\"Tempo di lettura stimato\" \/>\n\t<meta name=\"twitter:data1\" content=\"2 minutes\" \/>\n<script type=\"application\/ld+json\" class=\"yoast-schema-graph\">{\"@context\":\"https:\\\/\\\/schema.org\",\"@graph\":[{\"@type\":\"WebPage\",\"@id\":\"https:\\\/\\\/homehostelsvalencia.com\\\/it\\\/ostello-economico-valencia\\\/\",\"url\":\"https:\\\/\\\/homehostelsvalencia.com\\\/it\\\/ostello-economico-valencia\\\/\",\"name\":\"Ostello economico Valencia | Home Hostels Valencia\",\"isPartOf\":{\"@id\":\"https:\\\/\\\/homehostelsvalencia.com\\\/it\\\/#website\"},\"primaryImageOfPage\":{\"@id\":\"https:\\\/\\\/homehostelsvalencia.com\\\/it\\\/ostello-economico-valencia\\\/#primaryimage\"},\"image\":{\"@id\":\"https:\\\/\\\/homehostelsvalencia.com\\\/it\\\/ostello-economico-valencia\\\/#primaryimage\"},\"thumbnailUrl\":\"https:\\\/\\\/www.homehostelsvalencia.com\\\/wp-content\\\/uploads\\\/2011\\\/04\\\/Home-Cheap-Youth-Hostel-Cheap-Valencia.jpg\",\"datePublished\":\"2011-04-28T16:31:01+00:00\",\"dateModified\":\"2017-10-02T10:16:58+00:00\",\"description\":\"Ostello economico Valencia: Cerchi una sistemazione econ\u00f3mica a valencia? Home Hostels Valencia mette a tua disposizione un ostelli economici e un albergo economici.\",\"breadcrumb\":{\"@id\":\"https:\\\/\\\/homehostelsvalencia.com\\\/it\\\/ostello-economico-valencia\\\/#breadcrumb\"},\"inLanguage\":\"it-IT\",\"potentialAction\":[{\"@type\":\"ReadAction\",\"target\":[\"https:\\\/\\\/homehostelsvalencia.com\\\/it\\\/ostello-economico-valencia\\\/\"]}]},{\"@type\":\"ImageObject\",\"inLanguage\":\"it-IT\",\"@id\":\"https:\\\/\\\/homehostelsvalencia.com\\\/it\\\/ostello-economico-valencia\\\/#primaryimage\",\"url\":\"https:\\\/\\\/www.homehostelsvalencia.com\\\/wp-content\\\/uploads\\\/2011\\\/04\\\/Home-Cheap-Youth-Hostel-Cheap-Valencia.jpg\",\"contentUrl\":\"https:\\\/\\\/www.homehostelsvalencia.com\\\/wp-content\\\/uploads\\\/2011\\\/04\\\/Home-Cheap-Youth-Hostel-Cheap-Valencia.jpg\"},{\"@type\":\"BreadcrumbList\",\"@id\":\"https:\\\/\\\/homehostelsvalencia.com\\\/it\\\/ostello-economico-valencia\\\/#breadcrumb\",\"itemListElement\":[{\"@type\":\"ListItem\",\"position\":1,\"name\":\"Portada\",\"item\":\"https:\\\/\\\/homehostelsvalencia.com\\\/it\\\/\"},{\"@type\":\"ListItem\",\"position\":2,\"name\":\"Ostello economico Valencia\"}]},{\"@type\":\"WebSite\",\"@id\":\"https:\\\/\\\/homehostelsvalencia.com\\\/it\\\/#website\",\"url\":\"https:\\\/\\\/homehostelsvalencia.com\\\/it\\\/\",\"name\":\"Home Hostels Valencia\",\"description\":\"If you&#039;re looking for a cheap place to stay en Valencia, come to H\u00f4me Hostels Valencia.\",\"publisher\":{\"@id\":\"https:\\\/\\\/homehostelsvalencia.com\\\/it\\\/#organization\"},\"potentialAction\":[{\"@type\":\"SearchAction\",\"target\":{\"@type\":\"EntryPoint\",\"urlTemplate\":\"https:\\\/\\\/homehostelsvalencia.com\\\/it\\\/?s={search_term_string}\"},\"query-input\":{\"@type\":\"PropertyValueSpecification\",\"valueRequired\":true,\"valueName\":\"search_term_string\"}}],\"inLanguage\":\"it-IT\"},{\"@type\":\"Organization\",\"@id\":\"https:\\\/\\\/homehostelsvalencia.com\\\/it\\\/#organization\",\"name\":\"Home Hostels Valencia\",\"url\":\"https:\\\/\\\/homehostelsvalencia.com\\\/it\\\/\",\"logo\":{\"@type\":\"ImageObject\",\"inLanguage\":\"it-IT\",\"@id\":\"https:\\\/\\\/homehostelsvalencia.com\\\/it\\\/#\\\/schema\\\/logo\\\/image\\\/\",\"url\":\"https:\\\/\\\/homehostelsvalencia.com\\\/wp-content\\\/uploads\\\/2017\\\/01\\\/logo-home-hostels-valencia-spain.png\",\"contentUrl\":\"https:\\\/\\\/homehostelsvalencia.com\\\/wp-content\\\/uploads\\\/2017\\\/01\\\/logo-home-hostels-valencia-spain.png\",\"width\":233,\"height\":93,\"caption\":\"Home Hostels Valencia\"},\"image\":{\"@id\":\"https:\\\/\\\/homehostelsvalencia.com\\\/it\\\/#\\\/schema\\\/logo\\\/image\\\/\"},\"sameAs\":[\"https:\\\/\\\/www.facebook.com\\\/HomeHostelsValencia\",\"https:\\\/\\\/x.com\\\/homehostelsvlc\",\"https:\\\/\\\/www.youtube.com\\\/user\\\/homehostelsvalencia\"]}]}<\/script>\n<!-- \/ Yoast SEO plugin. -->","yoast_head_json":{"title":"Ostello economico Valencia | Home Hostels Valencia","description":"Ostello economico Valencia: Cerchi una sistemazione econ\u00f3mica a valencia? Home Hostels Valencia mette a tua disposizione un ostelli economici e un albergo economici.","robots":{"index":"index","follow":"follow","max-snippet":"max-snippet:-1","max-image-preview":"max-image-preview:large","max-video-preview":"max-video-preview:-1"},"canonical":"https:\/\/homehostelsvalencia.com\/it\/ostello-economico-valencia\/","og_locale":"it_IT","og_type":"article","og_title":"Ostello economico Valencia | Home Hostels Valencia","og_description":"Ostello economico Valencia: Cerchi una sistemazione econ\u00f3mica a valencia? Home Hostels Valencia mette a tua disposizione un ostelli economici e un albergo economici.","og_url":"https:\/\/homehostelsvalencia.com\/it\/ostello-economico-valencia\/","og_site_name":"Home Hostels Valencia","article_publisher":"https:\/\/www.facebook.com\/HomeHostelsValencia","article_modified_time":"2017-10-02T10:16:58+00:00","og_image":[{"url":"https:\/\/www.homehostelsvalencia.com\/wp-content\/uploads\/2011\/04\/Home-Cheap-Youth-Hostel-Cheap-Valencia.jpg","type":"","width":"","height":""}],"twitter_card":"summary_large_image","twitter_site":"@homehostelsvlc","twitter_misc":{"Tempo di lettura stimato":"2 minutes"},"schema":{"@context":"https:\/\/schema.org","@graph":[{"@type":"WebPage","@id":"https:\/\/homehostelsvalencia.com\/it\/ostello-economico-valencia\/","url":"https:\/\/homehostelsvalencia.com\/it\/ostello-economico-valencia\/","name":"Ostello economico Valencia | Home Hostels Valencia","isPartOf":{"@id":"https:\/\/homehostelsvalencia.com\/it\/#website"},"primaryImageOfPage":{"@id":"https:\/\/homehostelsvalencia.com\/it\/ostello-economico-valencia\/#primaryimage"},"image":{"@id":"https:\/\/homehostelsvalencia.com\/it\/ostello-economico-valencia\/#primaryimage"},"thumbnailUrl":"https:\/\/www.homehostelsvalencia.com\/wp-content\/uploads\/2011\/04\/Home-Cheap-Youth-Hostel-Cheap-Valencia.jpg","datePublished":"2011-04-28T16:31:01+00:00","dateModified":"2017-10-02T10:16:58+00:00","description":"Ostello economico Valencia: Cerchi una sistemazione econ\u00f3mica a valencia? Home Hostels Valencia mette a tua disposizione un ostelli economici e un albergo economici.","breadcrumb":{"@id":"https:\/\/homehostelsvalencia.com\/it\/ostello-economico-valencia\/#breadcrumb"},"inLanguage":"it-IT","potentialAction":[{"@type":"ReadAction","target":["https:\/\/homehostelsvalencia.com\/it\/ostello-economico-valencia\/"]}]},{"@type":"ImageObject","inLanguage":"it-IT","@id":"https:\/\/homehostelsvalencia.com\/it\/ostello-economico-valencia\/#primaryimage","url":"https:\/\/www.homehostelsvalencia.com\/wp-content\/uploads\/2011\/04\/Home-Cheap-Youth-Hostel-Cheap-Valencia.jpg","contentUrl":"https:\/\/www.homehostelsvalencia.com\/wp-content\/uploads\/2011\/04\/Home-Cheap-Youth-Hostel-Cheap-Valencia.jpg"},{"@type":"BreadcrumbList","@id":"https:\/\/homehostelsvalencia.com\/it\/ostello-economico-valencia\/#breadcrumb","itemListElement":[{"@type":"ListItem","position":1,"name":"Portada","item":"https:\/\/homehostelsvalencia.com\/it\/"},{"@type":"ListItem","position":2,"name":"Ostello economico Valencia"}]},{"@type":"WebSite","@id":"https:\/\/homehostelsvalencia.com\/it\/#website","url":"https:\/\/homehostelsvalencia.com\/it\/","name":"Home Hostels Valencia","description":"If you&#039;re looking for a cheap place to stay en Valencia, come to H\u00f4me Hostels Valencia.","publisher":{"@id":"https:\/\/homehostelsvalencia.com\/it\/#organization"},"potentialAction":[{"@type":"SearchAction","target":{"@type":"EntryPoint","urlTemplate":"https:\/\/homehostelsvalencia.com\/it\/?s={search_term_string}"},"query-input":{"@type":"PropertyValueSpecification","valueRequired":true,"valueName":"search_term_string"}}],"inLanguage":"it-IT"},{"@type":"Organization","@id":"https:\/\/homehostelsvalencia.com\/it\/#organization","name":"Home Hostels Valencia","url":"https:\/\/homehostelsvalencia.com\/it\/","logo":{"@type":"ImageObject","inLanguage":"it-IT","@id":"https:\/\/homehostelsvalencia.com\/it\/#\/schema\/logo\/image\/","url":"https:\/\/homehostelsvalencia.com\/wp-content\/uploads\/2017\/01\/logo-home-hostels-valencia-spain.png","contentUrl":"https:\/\/homehostelsvalencia.com\/wp-content\/uploads\/2017\/01\/logo-home-hostels-valencia-spain.png","width":233,"height":93,"caption":"Home Hostels Valencia"},"image":{"@id":"https:\/\/homehostelsvalencia.com\/it\/#\/schema\/logo\/image\/"},"sameAs":["https:\/\/www.facebook.com\/HomeHostelsValencia","https:\/\/x.com\/homehostelsvlc","https:\/\/www.youtube.com\/user\/homehostelsvalencia"]}]}},"_links":{"self":[{"href":"https:\/\/homehostelsvalencia.com\/it\/wp-json\/wp\/v2\/pages\/2908","targetHints":{"allow":["GET"]}}],"collection":[{"href":"https:\/\/homehostelsvalencia.com\/it\/wp-json\/wp\/v2\/pages"}],"about":[{"href":"https:\/\/homehostelsvalencia.com\/it\/wp-json\/wp\/v2\/types\/page"}],"author":[{"embeddable":true,"href":"https:\/\/homehostelsvalencia.com\/it\/wp-json\/wp\/v2\/users\/15"}],"replies":[{"embeddable":true,"href":"https:\/\/homehostelsvalencia.com\/it\/wp-json\/wp\/v2\/comments?post=2908"}],"version-history":[{"count":0,"href":"https:\/\/homehostelsvalencia.com\/it\/wp-json\/wp\/v2\/pages\/2908\/revisions"}],"wp:attachment":[{"href":"https:\/\/homehostelsvalencia.com\/it\/wp-json\/wp\/v2\/media?parent=2908"}],"curies":[{"name":"wp","href":"https:\/\/api.w.org\/{rel}","templated":true}]}}