{"id":2899,"date":"2011-04-28T16:28:19","date_gmt":"2011-04-28T16:28:19","guid":{"rendered":"http:\/\/dev.homehostelsvalencia.com\/chi-siamo\/"},"modified":"2017-10-02T12:08:39","modified_gmt":"2017-10-02T10:08:39","slug":"chi-siamo-home-hostels-valencia-ostello-valencia","status":"publish","type":"page","link":"https:\/\/homehostelsvalencia.com\/it\/chi-siamo-home-hostels-valencia-ostello-valencia\/","title":{"rendered":"Chi Siamo | Ostello Valencia"},"content":{"rendered":"<h2>Home Hostels Valencia, la migliore catena di ostelli economici di Valencia.<\/h2>\n<p><strong>Home Hostels Valencia<\/strong> sono ostelli della gioventu\u2019 per viaggiatori che cercano un alloggio comodo, pulito, accogliente e pieno di colore.<\/p>\n<p>Mettiamo a tua disposizione stanze doppie, triple e quadruple o stanze piu\u2019 grandi con letti a castello con capacita\u2019 da 6 a 16 persone, divise in due edifici entrambi ubicati nel centro storico di Valencia.<\/p>\n<p><strong><span style=\"text-decoration: underline;\"><span style=\"color: #808080; text-decoration: underline;\">Ostello Valencia<\/span>\u00a0<\/span>Home Youth Hostel<\/strong>: stanze spaziose e con letti comodissimi, a pochi passi del mercato centrale e la lonja<\/p>\n<p><strong><span style=\"text-decoration: underline;\"><span style=\"color: #808080; text-decoration: underline;\">Ostello Valencia<\/span>\u00a0<\/span>Home Backpackers Hostel<\/strong>: stanze con letti a castello, in pieno Barrio del Carmen, dispone di una terrazza all\u2019aria aperta di 200 metri quadrati<\/p>\n<p>Ti offriamo tutti i servizi di cui puoi aver bisogno durante il tuo soggiorno a Valencia, come reception 24 ore, cucina, internet, armadietti, deposito per le valigie, lenzuola e asciugamani inclusi nel prezzo, TV, ect.<\/p>\n<p>Negli ostelli troverai un salone dove potrai rilassarti, bere una birra e fare due chiacchiere con i tuoi amici o conoscere viaggiatori di tutto il mondo. Puoi anche stenderti in una nelle splendide terrazze di h\u00f2me backpackers e goderti il sole e l\u2019aria fresca.<\/p>\n<p>Sarai benvenuto a raccontarci le tue esperienze di viaggio e ti daremo tutte le informazioni necessarie per scoprire valencia e la spagna. Se vuoi potrai prendere a noleggio una bicicletta e visitare la soleggiata spiaggia di valencia o la futurista citta\u2019 della scienza<\/p>\n<p>Gli ostelli della gioventu\u2019 Home Hostels Valencia sono ideali per i giovani, sono economici e hanno un ambiente colorato e divertente, che sicuramente ti piacera\u2019.<\/p>\n<p><strong>Sentiti libero, vieni a Home Hostels Valencia!!!<\/strong><\/p>\n<p>&nbsp;<\/p>\n<p><script src=\"https:\/\/wubook.net\/js\/wblib.jgz\"><\/script><\/p>\n<div id=\"_baror_\"  class=\"_baror____fixed\"> <a href=\"http:\/\/es.wubook.net\/\" style=\"display: block; margin-top: 5px; text-decoration:none;border:none;background: rgb(244, 63, 40); margin-top:0; z-index: 1000;\" target=\"_blank\">  <\/a> <\/div>\n<p><script>\n  var WuBook= new _WuBook(1399028894);\n  var wbparams= {\n    fixedPosition: 1,\n    ditextcolor: '#ffffff',\n    avgcolor: '#fff200',\n    textcolorbb: '#ffffff',\n    plusperc: 5,\n    listtypebb: '#ffffff',\n    rpkgs: '',\n    barbackground: 'rgb(244, 63, 40)',\n    textcolorpk: '#988454',\n    default_nights: 3,\n    textcolorcalendarbe: '#000000',\n    bordercolor: '#ffffff',\n    blocks: 'be,fe',\n    failback_lang: 'it',\n    hdcode: '',\n    textcolorbuttonbe: '#ffffff',\n    avgtextcolor: '#fff200',\n    diinputcolor: '#ffffff',\n    lang: 'it',\n    buttoncolorbe: '#f43f28',\n    dibuttoncolor: '#008000',\n    wbgoogle: 1,\n    bgblocks: '#000000',\n    cmsgs: '',\n    textcolornightspk: '#ffffff',\n    adchi: 1,\n    only_beds_occupancy: 1\n  };\n  WuBook.design_bwidget(\"_baror_\", wbparams);\n<\/script><\/p>\n","protected":false},"excerpt":{"rendered":"<p>Home Hostels Valencia, la migliore catena di ostelli economici di Valencia. Home Hostels Valencia sono ostelli della gioventu\u2019 per viaggiatori che cercano un alloggio comodo, pulito, accogliente e pieno di colore. Mettiamo a tua disposizione stanze doppie, triple e quadruple o stanze piu\u2019 grandi con letti a castello con capacita\u2019 da 6 a 16 persone, [&hellip;]<\/p>\n","protected":false},"author":15,"featured_media":938,"parent":0,"menu_order":0,"comment_status":"open","ping_status":"open","template":"","meta":{"footnotes":""},"class_list":["post-2899","page","type-page","status-publish","has-post-thumbnail","hentry"],"yoast_head":"<!-- This site is optimized with the Yoast SEO plugin v27.3 - https:\/\/yoast.com\/product\/yoast-seo-wordpress\/ -->\n<title>Chi Siamo | Home Hostels Valencia | Ostello Valencia<\/title>\n<meta name=\"description\" content=\"Ostello Valencia : Home Hostels, la migliore catena di ostelli economici di Valencia. Per viaggiatori che cercano un alloggio comodo, pulito, accogliente...\" \/>\n<meta name=\"robots\" content=\"index, follow, max-snippet:-1, max-image-preview:large, max-video-preview:-1\" \/>\n<link rel=\"canonical\" href=\"https:\/\/homehostelsvalencia.com\/it\/chi-siamo-home-hostels-valencia-ostello-valencia\/\" \/>\n<meta property=\"og:locale\" content=\"it_IT\" \/>\n<meta property=\"og:type\" content=\"article\" \/>\n<meta property=\"og:title\" content=\"Chi Siamo | Home Hostels Valencia | Ostello Valencia\" \/>\n<meta property=\"og:description\" content=\"Ostello Valencia : Home Hostels, la migliore catena di ostelli economici di Valencia. Per viaggiatori che cercano un alloggio comodo, pulito, accogliente...\" \/>\n<meta property=\"og:url\" content=\"https:\/\/homehostelsvalencia.com\/it\/chi-siamo-home-hostels-valencia-ostello-valencia\/\" \/>\n<meta property=\"og:site_name\" content=\"Home Hostels Valencia\" \/>\n<meta property=\"article:publisher\" content=\"https:\/\/www.facebook.com\/HomeHostelsValencia\" \/>\n<meta property=\"article:modified_time\" content=\"2017-10-02T10:08:39+00:00\" \/>\n<meta property=\"og:image\" content=\"https:\/\/homehostelsvalencia.com\/wp-content\/uploads\/2011\/04\/img_about-us1.jpg\" \/>\n\t<meta property=\"og:image:width\" content=\"202\" \/>\n\t<meta property=\"og:image:height\" content=\"323\" \/>\n\t<meta property=\"og:image:type\" content=\"image\/jpeg\" \/>\n<meta name=\"twitter:card\" content=\"summary_large_image\" \/>\n<meta name=\"twitter:site\" content=\"@homehostelsvlc\" \/>\n<meta name=\"twitter:label1\" content=\"Tempo di lettura stimato\" \/>\n\t<meta name=\"twitter:data1\" content=\"1 minute\" \/>\n<script type=\"application\/ld+json\" class=\"yoast-schema-graph\">{\"@context\":\"https:\\\/\\\/schema.org\",\"@graph\":[{\"@type\":\"WebPage\",\"@id\":\"https:\\\/\\\/homehostelsvalencia.com\\\/it\\\/chi-siamo-home-hostels-valencia-ostello-valencia\\\/\",\"url\":\"https:\\\/\\\/homehostelsvalencia.com\\\/it\\\/chi-siamo-home-hostels-valencia-ostello-valencia\\\/\",\"name\":\"Chi Siamo | Home Hostels Valencia | Ostello Valencia\",\"isPartOf\":{\"@id\":\"https:\\\/\\\/homehostelsvalencia.com\\\/it\\\/#website\"},\"primaryImageOfPage\":{\"@id\":\"https:\\\/\\\/homehostelsvalencia.com\\\/it\\\/chi-siamo-home-hostels-valencia-ostello-valencia\\\/#primaryimage\"},\"image\":{\"@id\":\"https:\\\/\\\/homehostelsvalencia.com\\\/it\\\/chi-siamo-home-hostels-valencia-ostello-valencia\\\/#primaryimage\"},\"thumbnailUrl\":\"https:\\\/\\\/homehostelsvalencia.com\\\/wp-content\\\/uploads\\\/2011\\\/04\\\/img_about-us1.jpg\",\"datePublished\":\"2011-04-28T16:28:19+00:00\",\"dateModified\":\"2017-10-02T10:08:39+00:00\",\"description\":\"Ostello Valencia : Home Hostels, la migliore catena di ostelli economici di Valencia. Per viaggiatori che cercano un alloggio comodo, pulito, accogliente...\",\"breadcrumb\":{\"@id\":\"https:\\\/\\\/homehostelsvalencia.com\\\/it\\\/chi-siamo-home-hostels-valencia-ostello-valencia\\\/#breadcrumb\"},\"inLanguage\":\"it-IT\",\"potentialAction\":[{\"@type\":\"ReadAction\",\"target\":[\"https:\\\/\\\/homehostelsvalencia.com\\\/it\\\/chi-siamo-home-hostels-valencia-ostello-valencia\\\/\"]}]},{\"@type\":\"ImageObject\",\"inLanguage\":\"it-IT\",\"@id\":\"https:\\\/\\\/homehostelsvalencia.com\\\/it\\\/chi-siamo-home-hostels-valencia-ostello-valencia\\\/#primaryimage\",\"url\":\"https:\\\/\\\/homehostelsvalencia.com\\\/wp-content\\\/uploads\\\/2011\\\/04\\\/img_about-us1.jpg\",\"contentUrl\":\"https:\\\/\\\/homehostelsvalencia.com\\\/wp-content\\\/uploads\\\/2011\\\/04\\\/img_about-us1.jpg\",\"width\":\"202\",\"height\":\"323\",\"caption\":\"[:en] H\u00f4me Hostels Valencia, the best chain of low cost hostels en Valencia. [:es] H\u00f4me Hostels Valencia, la mejor cadena de hostales baratos en Valencia. [:it] H\u00f4me Hostels Valencia, la migliore catena di ostelli economici di Valencia.\"},{\"@type\":\"BreadcrumbList\",\"@id\":\"https:\\\/\\\/homehostelsvalencia.com\\\/it\\\/chi-siamo-home-hostels-valencia-ostello-valencia\\\/#breadcrumb\",\"itemListElement\":[{\"@type\":\"ListItem\",\"position\":1,\"name\":\"Portada\",\"item\":\"https:\\\/\\\/homehostelsvalencia.com\\\/it\\\/\"},{\"@type\":\"ListItem\",\"position\":2,\"name\":\"Chi Siamo | Ostello Valencia\"}]},{\"@type\":\"WebSite\",\"@id\":\"https:\\\/\\\/homehostelsvalencia.com\\\/it\\\/#website\",\"url\":\"https:\\\/\\\/homehostelsvalencia.com\\\/it\\\/\",\"name\":\"Home Hostels Valencia\",\"description\":\"If you&#039;re looking for a cheap place to stay en Valencia, come to H\u00f4me Hostels Valencia.\",\"publisher\":{\"@id\":\"https:\\\/\\\/homehostelsvalencia.com\\\/it\\\/#organization\"},\"potentialAction\":[{\"@type\":\"SearchAction\",\"target\":{\"@type\":\"EntryPoint\",\"urlTemplate\":\"https:\\\/\\\/homehostelsvalencia.com\\\/it\\\/?s={search_term_string}\"},\"query-input\":{\"@type\":\"PropertyValueSpecification\",\"valueRequired\":true,\"valueName\":\"search_term_string\"}}],\"inLanguage\":\"it-IT\"},{\"@type\":\"Organization\",\"@id\":\"https:\\\/\\\/homehostelsvalencia.com\\\/it\\\/#organization\",\"name\":\"Home Hostels Valencia\",\"url\":\"https:\\\/\\\/homehostelsvalencia.com\\\/it\\\/\",\"logo\":{\"@type\":\"ImageObject\",\"inLanguage\":\"it-IT\",\"@id\":\"https:\\\/\\\/homehostelsvalencia.com\\\/it\\\/#\\\/schema\\\/logo\\\/image\\\/\",\"url\":\"https:\\\/\\\/homehostelsvalencia.com\\\/wp-content\\\/uploads\\\/2017\\\/01\\\/logo-home-hostels-valencia-spain.png\",\"contentUrl\":\"https:\\\/\\\/homehostelsvalencia.com\\\/wp-content\\\/uploads\\\/2017\\\/01\\\/logo-home-hostels-valencia-spain.png\",\"width\":233,\"height\":93,\"caption\":\"Home Hostels Valencia\"},\"image\":{\"@id\":\"https:\\\/\\\/homehostelsvalencia.com\\\/it\\\/#\\\/schema\\\/logo\\\/image\\\/\"},\"sameAs\":[\"https:\\\/\\\/www.facebook.com\\\/HomeHostelsValencia\",\"https:\\\/\\\/x.com\\\/homehostelsvlc\",\"https:\\\/\\\/www.youtube.com\\\/user\\\/homehostelsvalencia\"]}]}<\/script>\n<!-- \/ Yoast SEO plugin. -->","yoast_head_json":{"title":"Chi Siamo | Home Hostels Valencia | Ostello Valencia","description":"Ostello Valencia : Home Hostels, la migliore catena di ostelli economici di Valencia. Per viaggiatori che cercano un alloggio comodo, pulito, accogliente...","robots":{"index":"index","follow":"follow","max-snippet":"max-snippet:-1","max-image-preview":"max-image-preview:large","max-video-preview":"max-video-preview:-1"},"canonical":"https:\/\/homehostelsvalencia.com\/it\/chi-siamo-home-hostels-valencia-ostello-valencia\/","og_locale":"it_IT","og_type":"article","og_title":"Chi Siamo | Home Hostels Valencia | Ostello Valencia","og_description":"Ostello Valencia : Home Hostels, la migliore catena di ostelli economici di Valencia. Per viaggiatori che cercano un alloggio comodo, pulito, accogliente...","og_url":"https:\/\/homehostelsvalencia.com\/it\/chi-siamo-home-hostels-valencia-ostello-valencia\/","og_site_name":"Home Hostels Valencia","article_publisher":"https:\/\/www.facebook.com\/HomeHostelsValencia","article_modified_time":"2017-10-02T10:08:39+00:00","og_image":[{"width":202,"height":323,"url":"https:\/\/homehostelsvalencia.com\/wp-content\/uploads\/2011\/04\/img_about-us1.jpg","type":"image\/jpeg"}],"twitter_card":"summary_large_image","twitter_site":"@homehostelsvlc","twitter_misc":{"Tempo di lettura stimato":"1 minute"},"schema":{"@context":"https:\/\/schema.org","@graph":[{"@type":"WebPage","@id":"https:\/\/homehostelsvalencia.com\/it\/chi-siamo-home-hostels-valencia-ostello-valencia\/","url":"https:\/\/homehostelsvalencia.com\/it\/chi-siamo-home-hostels-valencia-ostello-valencia\/","name":"Chi Siamo | Home Hostels Valencia | Ostello Valencia","isPartOf":{"@id":"https:\/\/homehostelsvalencia.com\/it\/#website"},"primaryImageOfPage":{"@id":"https:\/\/homehostelsvalencia.com\/it\/chi-siamo-home-hostels-valencia-ostello-valencia\/#primaryimage"},"image":{"@id":"https:\/\/homehostelsvalencia.com\/it\/chi-siamo-home-hostels-valencia-ostello-valencia\/#primaryimage"},"thumbnailUrl":"https:\/\/homehostelsvalencia.com\/wp-content\/uploads\/2011\/04\/img_about-us1.jpg","datePublished":"2011-04-28T16:28:19+00:00","dateModified":"2017-10-02T10:08:39+00:00","description":"Ostello Valencia : Home Hostels, la migliore catena di ostelli economici di Valencia. Per viaggiatori che cercano un alloggio comodo, pulito, accogliente...","breadcrumb":{"@id":"https:\/\/homehostelsvalencia.com\/it\/chi-siamo-home-hostels-valencia-ostello-valencia\/#breadcrumb"},"inLanguage":"it-IT","potentialAction":[{"@type":"ReadAction","target":["https:\/\/homehostelsvalencia.com\/it\/chi-siamo-home-hostels-valencia-ostello-valencia\/"]}]},{"@type":"ImageObject","inLanguage":"it-IT","@id":"https:\/\/homehostelsvalencia.com\/it\/chi-siamo-home-hostels-valencia-ostello-valencia\/#primaryimage","url":"https:\/\/homehostelsvalencia.com\/wp-content\/uploads\/2011\/04\/img_about-us1.jpg","contentUrl":"https:\/\/homehostelsvalencia.com\/wp-content\/uploads\/2011\/04\/img_about-us1.jpg","width":"202","height":"323","caption":"[:en] H\u00f4me Hostels Valencia, the best chain of low cost hostels en Valencia. [:es] H\u00f4me Hostels Valencia, la mejor cadena de hostales baratos en Valencia. [:it] H\u00f4me Hostels Valencia, la migliore catena di ostelli economici di Valencia."},{"@type":"BreadcrumbList","@id":"https:\/\/homehostelsvalencia.com\/it\/chi-siamo-home-hostels-valencia-ostello-valencia\/#breadcrumb","itemListElement":[{"@type":"ListItem","position":1,"name":"Portada","item":"https:\/\/homehostelsvalencia.com\/it\/"},{"@type":"ListItem","position":2,"name":"Chi Siamo | Ostello Valencia"}]},{"@type":"WebSite","@id":"https:\/\/homehostelsvalencia.com\/it\/#website","url":"https:\/\/homehostelsvalencia.com\/it\/","name":"Home Hostels Valencia","description":"If you&#039;re looking for a cheap place to stay en Valencia, come to H\u00f4me Hostels Valencia.","publisher":{"@id":"https:\/\/homehostelsvalencia.com\/it\/#organization"},"potentialAction":[{"@type":"SearchAction","target":{"@type":"EntryPoint","urlTemplate":"https:\/\/homehostelsvalencia.com\/it\/?s={search_term_string}"},"query-input":{"@type":"PropertyValueSpecification","valueRequired":true,"valueName":"search_term_string"}}],"inLanguage":"it-IT"},{"@type":"Organization","@id":"https:\/\/homehostelsvalencia.com\/it\/#organization","name":"Home Hostels Valencia","url":"https:\/\/homehostelsvalencia.com\/it\/","logo":{"@type":"ImageObject","inLanguage":"it-IT","@id":"https:\/\/homehostelsvalencia.com\/it\/#\/schema\/logo\/image\/","url":"https:\/\/homehostelsvalencia.com\/wp-content\/uploads\/2017\/01\/logo-home-hostels-valencia-spain.png","contentUrl":"https:\/\/homehostelsvalencia.com\/wp-content\/uploads\/2017\/01\/logo-home-hostels-valencia-spain.png","width":233,"height":93,"caption":"Home Hostels Valencia"},"image":{"@id":"https:\/\/homehostelsvalencia.com\/it\/#\/schema\/logo\/image\/"},"sameAs":["https:\/\/www.facebook.com\/HomeHostelsValencia","https:\/\/x.com\/homehostelsvlc","https:\/\/www.youtube.com\/user\/homehostelsvalencia"]}]}},"_links":{"self":[{"href":"https:\/\/homehostelsvalencia.com\/it\/wp-json\/wp\/v2\/pages\/2899","targetHints":{"allow":["GET"]}}],"collection":[{"href":"https:\/\/homehostelsvalencia.com\/it\/wp-json\/wp\/v2\/pages"}],"about":[{"href":"https:\/\/homehostelsvalencia.com\/it\/wp-json\/wp\/v2\/types\/page"}],"author":[{"embeddable":true,"href":"https:\/\/homehostelsvalencia.com\/it\/wp-json\/wp\/v2\/users\/15"}],"replies":[{"embeddable":true,"href":"https:\/\/homehostelsvalencia.com\/it\/wp-json\/wp\/v2\/comments?post=2899"}],"version-history":[{"count":0,"href":"https:\/\/homehostelsvalencia.com\/it\/wp-json\/wp\/v2\/pages\/2899\/revisions"}],"wp:featuredmedia":[{"embeddable":true,"href":"https:\/\/homehostelsvalencia.com\/it\/wp-json\/wp\/v2\/media\/938"}],"wp:attachment":[{"href":"https:\/\/homehostelsvalencia.com\/it\/wp-json\/wp\/v2\/media?parent=2899"}],"curies":[{"name":"wp","href":"https:\/\/api.w.org\/{rel}","templated":true}]}}