{"id":2884,"date":"2011-04-27T16:26:49","date_gmt":"2011-04-27T16:26:49","guid":{"rendered":"http:\/\/dev.homehostelsvalencia.com\/home-backpackers-hostel-valencia-presentazione\/"},"modified":"2017-10-02T12:30:38","modified_gmt":"2017-10-02T10:30:38","slug":"presentazione","status":"publish","type":"page","link":"https:\/\/homehostelsvalencia.com\/it\/backpackers-hostel-valencia\/presentazione\/","title":{"rendered":"Home Backpackers Hostel Valencia : Presentazione"},"content":{"rendered":"<p>[ci-button size=&#8221;small&#8221; scheme=&#8221;blue&#8221; icon=&#8221;fa-tag&#8221; url=&#8221;\/it\/backpackers-hostel-valencia\/presentazione\/&#8221;]Presentazione[\/ci-button][ci-button size=&#8221;small&#8221; scheme=&#8221;blue&#8221; icon=&#8221;fa-picture-o&#8221; url=&#8221;\/it\/backpackers-hostel-valencia\/foto-ostello-valencia\/&#8221;]Foto[\/ci-button][ci-button size=&#8221;small&#8221; scheme=&#8221;blue&#8221; icon=&#8221;fa-location-arrow&#8221; url=&#8221;\/it\/backpackers-hostel-valencia\/ostello-goiventu-centro-valencia\/&#8221;]Location[\/ci-button][ci-button size=&#8221;small&#8221; scheme=&#8221;blue&#8221; icon=&#8221;fa-bed&#8221; url=&#8221;\/it\/backpackers-hostel-valencia\/ostello-gioventu-camere\/&#8221;]Camere[\/ci-button][ci-button size=&#8221;small&#8221; scheme=&#8221;blue&#8221; icon=&#8221;fa-group&#8221; url=&#8221;\/it\/backpackers-hostel-valencia\/ostello-gioventu-gruppi-valencia\/&#8221;]Gruppi[\/ci-button][ci-button size=&#8221;small&#8221; scheme=&#8221;blue&#8221; icon=&#8221;fa-commenting-o&#8221; url=&#8221;\/it\/backpackers-hostel-valencia\/opinioni\/&#8221;]Opinioni[\/ci-button][ci-button size=&#8221;small&#8221; scheme=&#8221;blue&#8221; icon=&#8221;fa-street-view&#8221; url=&#8221;\/it\/backpackers-hostel-valencia\/virtual-tour\/&#8221;]Virtual 360\u00ba[\/ci-button][ci-button size=&#8221;small&#8221; scheme=&#8221;blue&#8221; icon=&#8221;fa-video-camera&#8221; url=&#8221;\/it\/backpackers-hostel-valencia\/home-backpacker-valencia-videos\/&#8221;]Videos[\/ci-button]<\/p>\n<p><strong>H\u00f4me Backpackers \u00e8 da sempre l&#8217;ostello pi\u00f9 conveniente di Valencia!<\/strong><\/p>\n<p>Situato esattamente nel cuore del vitale quartiere del Carmen, centro della vita notturna, <strong>H\u00f4me Backpackers Hostel<\/strong> \u00e9 circondato dai principali monumenti storici della citt\u00e0.<\/p>\n<div id=\"megabannerint\"><\/div>\n<p>H\u00f4me \u00e8 il pi\u00f9 accogliente e socievole <strong>ostello di Valencia<\/strong>, provvisto di camere spaziose, tutte fornite di abbondante luce naturale. All&#8217;interno troverete una sala comune dove potrete rilassarvi, bervi una birra, fare due chiacchiere o navigare in internet, molti bagni per piano quotidianamente puliti, e una cucina perfettamente equipaggiata, grande abbastanza per una partita di calcetto&#8230;<\/p>\n<p>Potrete gustarvi la vista di tutta la citt\u00e0 vecchia, bervi una birra e fare due chiacchiere. E se uscite la sera, assicuratevi di portarvi una mappa, o vi perderete tra ristoranti, pub, bar e discobar!<\/p>\n<p>Direttamente qui da noi troverete inoltre annunci e consigli sulle migliori attivit\u00e0 quotidiane, come il free walking tour,le lezioni di paella, le feste nei clubs circostanti e il pubcrawl.<\/p>\n<p><strong>Senti la libert\u00e0 di questa vibrante citt\u00e0 nel nostro ostello!<\/strong><\/p>\n<p>&nbsp;<\/p>\n<p><script src=\"https:\/\/wubook.net\/js\/wblib.jgz\"><\/script><\/p>\n<div id=\"_baror_\"  class=\"_baror____fixed\"> <a href=\"http:\/\/es.wubook.net\/\" style=\"display: block; margin-top: 5px; text-decoration:none;border:none;background: rgb(244, 63, 40); margin-top:0; z-index: 1000;\" target=\"_blank\">  <\/a> <\/div>\n<p><script>\n  var WuBook= new _WuBook(1399028894);\n  var wbparams= {\n    fixedPosition: 1,\n    ditextcolor: '#ffffff',\n    avgcolor: '#fff200',\n    textcolorbb: '#ffffff',\n    plusperc: 5,\n    listtypebb: '#ffffff',\n    rpkgs: '',\n    barbackground: 'rgb(244, 63, 40)',\n    textcolorpk: '#988454',\n    default_nights: 3,\n    textcolorcalendarbe: '#000000',\n    bordercolor: '#ffffff',\n    blocks: 'be,fe',\n    failback_lang: 'it',\n    hdcode: '',\n    textcolorbuttonbe: '#ffffff',\n    avgtextcolor: '#fff200',\n    diinputcolor: '#ffffff',\n    lang: 'it',\n    buttoncolorbe: '#f43f28',\n    dibuttoncolor: '#008000',\n    wbgoogle: 1,\n    bgblocks: '#000000',\n    cmsgs: '',\n    textcolornightspk: '#ffffff',\n    adchi: 1,\n    only_beds_occupancy: 1\n  };\n  WuBook.design_bwidget(\"_baror_\", wbparams);\n<\/script><\/p>\n","protected":false},"excerpt":{"rendered":"<p>[ci-button size=&#8221;small&#8221; scheme=&#8221;blue&#8221; icon=&#8221;fa-tag&#8221; url=&#8221;\/it\/backpackers-hostel-valencia\/presentazione\/&#8221;]Presentazione[\/ci-button][ci-button size=&#8221;small&#8221; scheme=&#8221;blue&#8221; icon=&#8221;fa-picture-o&#8221; url=&#8221;\/it\/backpackers-hostel-valencia\/foto-ostello-valencia\/&#8221;]Foto[\/ci-button][ci-button size=&#8221;small&#8221; scheme=&#8221;blue&#8221; icon=&#8221;fa-location-arrow&#8221; url=&#8221;\/it\/backpackers-hostel-valencia\/ostello-goiventu-centro-valencia\/&#8221;]Location[\/ci-button][ci-button size=&#8221;small&#8221; scheme=&#8221;blue&#8221; icon=&#8221;fa-bed&#8221; url=&#8221;\/it\/backpackers-hostel-valencia\/ostello-gioventu-camere\/&#8221;]Camere[\/ci-button][ci-button size=&#8221;small&#8221; scheme=&#8221;blue&#8221; icon=&#8221;fa-group&#8221; url=&#8221;\/it\/backpackers-hostel-valencia\/ostello-gioventu-gruppi-valencia\/&#8221;]Gruppi[\/ci-button][ci-button size=&#8221;small&#8221; scheme=&#8221;blue&#8221; icon=&#8221;fa-commenting-o&#8221; url=&#8221;\/it\/backpackers-hostel-valencia\/opinioni\/&#8221;]Opinioni[\/ci-button][ci-button size=&#8221;small&#8221; scheme=&#8221;blue&#8221; icon=&#8221;fa-street-view&#8221; url=&#8221;\/it\/backpackers-hostel-valencia\/virtual-tour\/&#8221;]Virtual 360\u00ba[\/ci-button][ci-button size=&#8221;small&#8221; scheme=&#8221;blue&#8221; icon=&#8221;fa-video-camera&#8221; url=&#8221;\/it\/backpackers-hostel-valencia\/home-backpacker-valencia-videos\/&#8221;]Videos[\/ci-button] H\u00f4me Backpackers \u00e8 da sempre l&#8217;ostello pi\u00f9 conveniente di Valencia! Situato esattamente nel cuore del vitale quartiere del Carmen, centro della [&hellip;]<\/p>\n","protected":false},"author":15,"featured_media":6582,"parent":2881,"menu_order":0,"comment_status":"closed","ping_status":"closed","template":"","meta":{"footnotes":""},"class_list":["post-2884","page","type-page","status-publish","has-post-thumbnail","hentry"],"yoast_head":"<!-- This site is optimized with the Yoast SEO plugin v27.3 - https:\/\/yoast.com\/product\/yoast-seo-wordpress\/ -->\n<title>Ostello della gioventu&#039; Valencia | Ostello Valencia | Home Hostels Valencia<\/title>\n<meta name=\"description\" content=\"Ostello Valencia: Home Backpackers Hostel \u00e8 l&#039;ostello pi\u00f9 conveniente di Valencia! Situato nel quore del Carmen, centro della vita notturna \u00e9 dai principali monumenti.\" \/>\n<meta name=\"robots\" content=\"index, follow, max-snippet:-1, max-image-preview:large, max-video-preview:-1\" \/>\n<link rel=\"canonical\" href=\"https:\/\/homehostelsvalencia.com\/it\/backpackers-hostel-valencia\/presentazione\/\" \/>\n<meta property=\"og:locale\" content=\"it_IT\" \/>\n<meta property=\"og:type\" content=\"article\" \/>\n<meta property=\"og:title\" content=\"Ostello della gioventu&#039; Valencia | Ostello Valencia | Home Hostels Valencia\" \/>\n<meta property=\"og:description\" content=\"Ostello Valencia: Home Backpackers Hostel \u00e8 l&#039;ostello pi\u00f9 conveniente di Valencia! Situato nel quore del Carmen, centro della vita notturna \u00e9 dai principali monumenti.\" \/>\n<meta property=\"og:url\" content=\"https:\/\/homehostelsvalencia.com\/it\/backpackers-hostel-valencia\/presentazione\/\" \/>\n<meta property=\"og:site_name\" content=\"Home Hostels Valencia\" \/>\n<meta property=\"article:publisher\" content=\"https:\/\/www.facebook.com\/HomeHostelsValencia\" \/>\n<meta property=\"article:modified_time\" content=\"2017-10-02T10:30:38+00:00\" \/>\n<meta property=\"og:image\" content=\"https:\/\/homehostelsvalencia.com\/wp-content\/uploads\/2011\/04\/06homebackpackershostelvalencia.jpg\" \/>\n\t<meta property=\"og:image:width\" content=\"1200\" \/>\n\t<meta property=\"og:image:height\" content=\"900\" \/>\n\t<meta property=\"og:image:type\" content=\"image\/jpeg\" \/>\n<meta name=\"twitter:card\" content=\"summary_large_image\" \/>\n<meta name=\"twitter:site\" content=\"@homehostelsvlc\" \/>\n<meta name=\"twitter:label1\" content=\"Tempo di lettura stimato\" \/>\n\t<meta name=\"twitter:data1\" content=\"1 minute\" \/>\n<script type=\"application\/ld+json\" class=\"yoast-schema-graph\">{\"@context\":\"https:\\\/\\\/schema.org\",\"@graph\":[{\"@type\":\"WebPage\",\"@id\":\"https:\\\/\\\/homehostelsvalencia.com\\\/it\\\/backpackers-hostel-valencia\\\/presentazione\\\/\",\"url\":\"https:\\\/\\\/homehostelsvalencia.com\\\/it\\\/backpackers-hostel-valencia\\\/presentazione\\\/\",\"name\":\"Ostello della gioventu' Valencia | Ostello Valencia | Home Hostels Valencia\",\"isPartOf\":{\"@id\":\"https:\\\/\\\/homehostelsvalencia.com\\\/it\\\/#website\"},\"primaryImageOfPage\":{\"@id\":\"https:\\\/\\\/homehostelsvalencia.com\\\/it\\\/backpackers-hostel-valencia\\\/presentazione\\\/#primaryimage\"},\"image\":{\"@id\":\"https:\\\/\\\/homehostelsvalencia.com\\\/it\\\/backpackers-hostel-valencia\\\/presentazione\\\/#primaryimage\"},\"thumbnailUrl\":\"https:\\\/\\\/homehostelsvalencia.com\\\/wp-content\\\/uploads\\\/2011\\\/04\\\/06homebackpackershostelvalencia.jpg\",\"datePublished\":\"2011-04-27T16:26:49+00:00\",\"dateModified\":\"2017-10-02T10:30:38+00:00\",\"description\":\"Ostello Valencia: Home Backpackers Hostel \u00e8 l'ostello pi\u00f9 conveniente di Valencia! Situato nel quore del Carmen, centro della vita notturna \u00e9 dai principali monumenti.\",\"breadcrumb\":{\"@id\":\"https:\\\/\\\/homehostelsvalencia.com\\\/it\\\/backpackers-hostel-valencia\\\/presentazione\\\/#breadcrumb\"},\"inLanguage\":\"it-IT\",\"potentialAction\":[{\"@type\":\"ReadAction\",\"target\":[\"https:\\\/\\\/homehostelsvalencia.com\\\/it\\\/backpackers-hostel-valencia\\\/presentazione\\\/\"]}]},{\"@type\":\"ImageObject\",\"inLanguage\":\"it-IT\",\"@id\":\"https:\\\/\\\/homehostelsvalencia.com\\\/it\\\/backpackers-hostel-valencia\\\/presentazione\\\/#primaryimage\",\"url\":\"https:\\\/\\\/homehostelsvalencia.com\\\/wp-content\\\/uploads\\\/2011\\\/04\\\/06homebackpackershostelvalencia.jpg\",\"contentUrl\":\"https:\\\/\\\/homehostelsvalencia.com\\\/wp-content\\\/uploads\\\/2011\\\/04\\\/06homebackpackershostelvalencia.jpg\",\"width\":1200,\"height\":900,\"caption\":\"Backpackers Valencia\"},{\"@type\":\"BreadcrumbList\",\"@id\":\"https:\\\/\\\/homehostelsvalencia.com\\\/it\\\/backpackers-hostel-valencia\\\/presentazione\\\/#breadcrumb\",\"itemListElement\":[{\"@type\":\"ListItem\",\"position\":1,\"name\":\"Portada\",\"item\":\"https:\\\/\\\/homehostelsvalencia.com\\\/it\\\/\"},{\"@type\":\"ListItem\",\"position\":2,\"name\":\"Home Backpackers Hostel Valencia\",\"item\":\"https:\\\/\\\/homehostelsvalencia.com\\\/it\\\/backpackers-hostel-valencia\\\/\"},{\"@type\":\"ListItem\",\"position\":3,\"name\":\"Home Backpackers Hostel Valencia : Presentazione\"}]},{\"@type\":\"WebSite\",\"@id\":\"https:\\\/\\\/homehostelsvalencia.com\\\/it\\\/#website\",\"url\":\"https:\\\/\\\/homehostelsvalencia.com\\\/it\\\/\",\"name\":\"Home Hostels Valencia\",\"description\":\"If you&#039;re looking for a cheap place to stay en Valencia, come to H\u00f4me Hostels Valencia.\",\"publisher\":{\"@id\":\"https:\\\/\\\/homehostelsvalencia.com\\\/it\\\/#organization\"},\"potentialAction\":[{\"@type\":\"SearchAction\",\"target\":{\"@type\":\"EntryPoint\",\"urlTemplate\":\"https:\\\/\\\/homehostelsvalencia.com\\\/it\\\/?s={search_term_string}\"},\"query-input\":{\"@type\":\"PropertyValueSpecification\",\"valueRequired\":true,\"valueName\":\"search_term_string\"}}],\"inLanguage\":\"it-IT\"},{\"@type\":\"Organization\",\"@id\":\"https:\\\/\\\/homehostelsvalencia.com\\\/it\\\/#organization\",\"name\":\"Home Hostels Valencia\",\"url\":\"https:\\\/\\\/homehostelsvalencia.com\\\/it\\\/\",\"logo\":{\"@type\":\"ImageObject\",\"inLanguage\":\"it-IT\",\"@id\":\"https:\\\/\\\/homehostelsvalencia.com\\\/it\\\/#\\\/schema\\\/logo\\\/image\\\/\",\"url\":\"https:\\\/\\\/homehostelsvalencia.com\\\/wp-content\\\/uploads\\\/2017\\\/01\\\/logo-home-hostels-valencia-spain.png\",\"contentUrl\":\"https:\\\/\\\/homehostelsvalencia.com\\\/wp-content\\\/uploads\\\/2017\\\/01\\\/logo-home-hostels-valencia-spain.png\",\"width\":233,\"height\":93,\"caption\":\"Home Hostels Valencia\"},\"image\":{\"@id\":\"https:\\\/\\\/homehostelsvalencia.com\\\/it\\\/#\\\/schema\\\/logo\\\/image\\\/\"},\"sameAs\":[\"https:\\\/\\\/www.facebook.com\\\/HomeHostelsValencia\",\"https:\\\/\\\/x.com\\\/homehostelsvlc\",\"https:\\\/\\\/www.youtube.com\\\/user\\\/homehostelsvalencia\"]}]}<\/script>\n<!-- \/ Yoast SEO plugin. -->","yoast_head_json":{"title":"Ostello della gioventu' Valencia | Ostello Valencia | Home Hostels Valencia","description":"Ostello Valencia: Home Backpackers Hostel \u00e8 l'ostello pi\u00f9 conveniente di Valencia! Situato nel quore del Carmen, centro della vita notturna \u00e9 dai principali monumenti.","robots":{"index":"index","follow":"follow","max-snippet":"max-snippet:-1","max-image-preview":"max-image-preview:large","max-video-preview":"max-video-preview:-1"},"canonical":"https:\/\/homehostelsvalencia.com\/it\/backpackers-hostel-valencia\/presentazione\/","og_locale":"it_IT","og_type":"article","og_title":"Ostello della gioventu' Valencia | Ostello Valencia | Home Hostels Valencia","og_description":"Ostello Valencia: Home Backpackers Hostel \u00e8 l'ostello pi\u00f9 conveniente di Valencia! Situato nel quore del Carmen, centro della vita notturna \u00e9 dai principali monumenti.","og_url":"https:\/\/homehostelsvalencia.com\/it\/backpackers-hostel-valencia\/presentazione\/","og_site_name":"Home Hostels Valencia","article_publisher":"https:\/\/www.facebook.com\/HomeHostelsValencia","article_modified_time":"2017-10-02T10:30:38+00:00","og_image":[{"width":1200,"height":900,"url":"https:\/\/homehostelsvalencia.com\/wp-content\/uploads\/2011\/04\/06homebackpackershostelvalencia.jpg","type":"image\/jpeg"}],"twitter_card":"summary_large_image","twitter_site":"@homehostelsvlc","twitter_misc":{"Tempo di lettura stimato":"1 minute"},"schema":{"@context":"https:\/\/schema.org","@graph":[{"@type":"WebPage","@id":"https:\/\/homehostelsvalencia.com\/it\/backpackers-hostel-valencia\/presentazione\/","url":"https:\/\/homehostelsvalencia.com\/it\/backpackers-hostel-valencia\/presentazione\/","name":"Ostello della gioventu' Valencia | Ostello Valencia | Home Hostels Valencia","isPartOf":{"@id":"https:\/\/homehostelsvalencia.com\/it\/#website"},"primaryImageOfPage":{"@id":"https:\/\/homehostelsvalencia.com\/it\/backpackers-hostel-valencia\/presentazione\/#primaryimage"},"image":{"@id":"https:\/\/homehostelsvalencia.com\/it\/backpackers-hostel-valencia\/presentazione\/#primaryimage"},"thumbnailUrl":"https:\/\/homehostelsvalencia.com\/wp-content\/uploads\/2011\/04\/06homebackpackershostelvalencia.jpg","datePublished":"2011-04-27T16:26:49+00:00","dateModified":"2017-10-02T10:30:38+00:00","description":"Ostello Valencia: Home Backpackers Hostel \u00e8 l'ostello pi\u00f9 conveniente di Valencia! Situato nel quore del Carmen, centro della vita notturna \u00e9 dai principali monumenti.","breadcrumb":{"@id":"https:\/\/homehostelsvalencia.com\/it\/backpackers-hostel-valencia\/presentazione\/#breadcrumb"},"inLanguage":"it-IT","potentialAction":[{"@type":"ReadAction","target":["https:\/\/homehostelsvalencia.com\/it\/backpackers-hostel-valencia\/presentazione\/"]}]},{"@type":"ImageObject","inLanguage":"it-IT","@id":"https:\/\/homehostelsvalencia.com\/it\/backpackers-hostel-valencia\/presentazione\/#primaryimage","url":"https:\/\/homehostelsvalencia.com\/wp-content\/uploads\/2011\/04\/06homebackpackershostelvalencia.jpg","contentUrl":"https:\/\/homehostelsvalencia.com\/wp-content\/uploads\/2011\/04\/06homebackpackershostelvalencia.jpg","width":1200,"height":900,"caption":"Backpackers Valencia"},{"@type":"BreadcrumbList","@id":"https:\/\/homehostelsvalencia.com\/it\/backpackers-hostel-valencia\/presentazione\/#breadcrumb","itemListElement":[{"@type":"ListItem","position":1,"name":"Portada","item":"https:\/\/homehostelsvalencia.com\/it\/"},{"@type":"ListItem","position":2,"name":"Home Backpackers Hostel Valencia","item":"https:\/\/homehostelsvalencia.com\/it\/backpackers-hostel-valencia\/"},{"@type":"ListItem","position":3,"name":"Home Backpackers Hostel Valencia : Presentazione"}]},{"@type":"WebSite","@id":"https:\/\/homehostelsvalencia.com\/it\/#website","url":"https:\/\/homehostelsvalencia.com\/it\/","name":"Home Hostels Valencia","description":"If you&#039;re looking for a cheap place to stay en Valencia, come to H\u00f4me Hostels Valencia.","publisher":{"@id":"https:\/\/homehostelsvalencia.com\/it\/#organization"},"potentialAction":[{"@type":"SearchAction","target":{"@type":"EntryPoint","urlTemplate":"https:\/\/homehostelsvalencia.com\/it\/?s={search_term_string}"},"query-input":{"@type":"PropertyValueSpecification","valueRequired":true,"valueName":"search_term_string"}}],"inLanguage":"it-IT"},{"@type":"Organization","@id":"https:\/\/homehostelsvalencia.com\/it\/#organization","name":"Home Hostels Valencia","url":"https:\/\/homehostelsvalencia.com\/it\/","logo":{"@type":"ImageObject","inLanguage":"it-IT","@id":"https:\/\/homehostelsvalencia.com\/it\/#\/schema\/logo\/image\/","url":"https:\/\/homehostelsvalencia.com\/wp-content\/uploads\/2017\/01\/logo-home-hostels-valencia-spain.png","contentUrl":"https:\/\/homehostelsvalencia.com\/wp-content\/uploads\/2017\/01\/logo-home-hostels-valencia-spain.png","width":233,"height":93,"caption":"Home Hostels Valencia"},"image":{"@id":"https:\/\/homehostelsvalencia.com\/it\/#\/schema\/logo\/image\/"},"sameAs":["https:\/\/www.facebook.com\/HomeHostelsValencia","https:\/\/x.com\/homehostelsvlc","https:\/\/www.youtube.com\/user\/homehostelsvalencia"]}]}},"_links":{"self":[{"href":"https:\/\/homehostelsvalencia.com\/it\/wp-json\/wp\/v2\/pages\/2884","targetHints":{"allow":["GET"]}}],"collection":[{"href":"https:\/\/homehostelsvalencia.com\/it\/wp-json\/wp\/v2\/pages"}],"about":[{"href":"https:\/\/homehostelsvalencia.com\/it\/wp-json\/wp\/v2\/types\/page"}],"author":[{"embeddable":true,"href":"https:\/\/homehostelsvalencia.com\/it\/wp-json\/wp\/v2\/users\/15"}],"replies":[{"embeddable":true,"href":"https:\/\/homehostelsvalencia.com\/it\/wp-json\/wp\/v2\/comments?post=2884"}],"version-history":[{"count":0,"href":"https:\/\/homehostelsvalencia.com\/it\/wp-json\/wp\/v2\/pages\/2884\/revisions"}],"up":[{"embeddable":true,"href":"https:\/\/homehostelsvalencia.com\/it\/wp-json\/wp\/v2\/pages\/2881"}],"wp:featuredmedia":[{"embeddable":true,"href":"https:\/\/homehostelsvalencia.com\/it\/wp-json\/wp\/v2\/media\/6582"}],"wp:attachment":[{"href":"https:\/\/homehostelsvalencia.com\/it\/wp-json\/wp\/v2\/media?parent=2884"}],"curies":[{"name":"wp","href":"https:\/\/api.w.org\/{rel}","templated":true}]}}