{"id":7959,"date":"2020-02-03T15:16:13","date_gmt":"2020-02-03T14:16:13","guid":{"rendered":"https:\/\/www.homehostelsvalencia.com\/press\/"},"modified":"2020-02-04T10:43:54","modified_gmt":"2020-02-04T09:43:54","slug":"prensa","status":"publish","type":"page","link":"https:\/\/homehostelsvalencia.com\/es\/prensa\/","title":{"rendered":"Prensa"},"content":{"rendered":"<h4>REVISTA TRAVELER: Experiencias &#8211; Estos son los mejores hostels de Espa\u00f1a<\/h4>\n<p><a href=\"https:\/\/www.traveler.es\/experiencias\/galerias\/cuales-son-los-mejores-hostels-espana-alojarse-2020\/2517\/image\/136133#superior\" target=\"_blank\" rel=\"noopener noreferrer\"><img fetchpriority=\"high\" decoding=\"async\" class=\"alignnone size-full wp-image-2998\" src=\"https:\/\/www.homeyouthhostel.com\/wp-content\/uploads\/2020\/02\/logo-conde-nast-traveler-1.png\" alt=\"Conde Nast Traveler\" width=\"447\" height=\"223\" \/><\/a><\/p>\n<p><a href=\"https:\/\/www.traveler.es\/experiencias\/galerias\/cuales-son-los-mejores-hostels-espana-alojarse-2020\/2517\/image\/136133#superior\" target=\"_blank\" rel=\"noopener noreferrer\">Los HOSCARs 2020 de Hostelworld han hablado<\/a><\/p>\n<p>y estos son los alojamientos que deber\u00edas tener en el radar este a\u00f1o 2020<\/p>\n<hr \/>\n<p>&nbsp;<\/p>\n","protected":false},"excerpt":{"rendered":"<p>REVISTA TRAVELER: Experiencias &#8211; Estos son los mejores hostels de Espa\u00f1a Los HOSCARs 2020 de Hostelworld han hablado y estos son los alojamientos que deber\u00edas tener en el radar este a\u00f1o 2020 &nbsp;<\/p>\n","protected":false},"author":7,"featured_media":0,"parent":0,"menu_order":0,"comment_status":"closed","ping_status":"closed","template":"","meta":{"footnotes":""},"class_list":["post-7959","page","type-page","status-publish","hentry"],"yoast_head":"<!-- This site is optimized with the Yoast SEO plugin v27.3 - https:\/\/yoast.com\/product\/yoast-seo-wordpress\/ -->\n<title>Prensa H\u00f4me Hostels Valencia. Noticias d\u00f3nde hemos sido mencionados<\/title>\n<meta name=\"description\" content=\"Prensa H\u00f4me Hostels Valencia. Noticias d\u00f3nde hemos sido mencionados por diferentes diarios impresos u online, adem\u00e1s de program\u00e1s de TV\" \/>\n<meta name=\"robots\" content=\"index, follow, max-snippet:-1, max-image-preview:large, max-video-preview:-1\" \/>\n<link rel=\"canonical\" href=\"https:\/\/homehostelsvalencia.com\/es\/prensa\/\" \/>\n<meta property=\"og:locale\" content=\"es_ES\" \/>\n<meta property=\"og:type\" content=\"article\" \/>\n<meta property=\"og:title\" content=\"Prensa H\u00f4me Hostels Valencia. Noticias d\u00f3nde hemos sido mencionados\" \/>\n<meta property=\"og:description\" content=\"Prensa H\u00f4me Hostels Valencia. Noticias d\u00f3nde hemos sido mencionados por diferentes diarios impresos u online, adem\u00e1s de program\u00e1s de TV\" \/>\n<meta property=\"og:url\" content=\"https:\/\/homehostelsvalencia.com\/es\/prensa\/\" \/>\n<meta property=\"og:site_name\" content=\"H\u00f4me Hostels Valencia\" \/>\n<meta property=\"article:publisher\" content=\"https:\/\/www.facebook.com\/HomeHostelsValencia\" \/>\n<meta property=\"article:modified_time\" content=\"2020-02-04T09:43:54+00:00\" \/>\n<meta property=\"og:image\" content=\"https:\/\/www.homeyouthhostel.com\/wp-content\/uploads\/2020\/02\/logo-conde-nast-traveler-1.png\" \/>\n<meta name=\"twitter:card\" content=\"summary_large_image\" \/>\n<meta name=\"twitter:site\" content=\"@homehostelsvlc\" \/>\n<script type=\"application\/ld+json\" class=\"yoast-schema-graph\">{\"@context\":\"https:\\\/\\\/schema.org\",\"@graph\":[{\"@type\":\"WebPage\",\"@id\":\"https:\\\/\\\/homehostelsvalencia.com\\\/es\\\/prensa\\\/\",\"url\":\"https:\\\/\\\/homehostelsvalencia.com\\\/es\\\/prensa\\\/\",\"name\":\"Prensa H\u00f4me Hostels Valencia. Noticias d\u00f3nde hemos sido mencionados\",\"isPartOf\":{\"@id\":\"https:\\\/\\\/homehostelsvalencia.com\\\/es\\\/#website\"},\"primaryImageOfPage\":{\"@id\":\"https:\\\/\\\/homehostelsvalencia.com\\\/es\\\/prensa\\\/#primaryimage\"},\"image\":{\"@id\":\"https:\\\/\\\/homehostelsvalencia.com\\\/es\\\/prensa\\\/#primaryimage\"},\"thumbnailUrl\":\"https:\\\/\\\/www.homeyouthhostel.com\\\/wp-content\\\/uploads\\\/2020\\\/02\\\/logo-conde-nast-traveler-1.png\",\"datePublished\":\"2020-02-03T14:16:13+00:00\",\"dateModified\":\"2020-02-04T09:43:54+00:00\",\"description\":\"Prensa H\u00f4me Hostels Valencia. Noticias d\u00f3nde hemos sido mencionados por diferentes diarios impresos u online, adem\u00e1s de program\u00e1s de TV\",\"breadcrumb\":{\"@id\":\"https:\\\/\\\/homehostelsvalencia.com\\\/es\\\/prensa\\\/#breadcrumb\"},\"inLanguage\":\"es\",\"potentialAction\":[{\"@type\":\"ReadAction\",\"target\":[\"https:\\\/\\\/homehostelsvalencia.com\\\/es\\\/prensa\\\/\"]}]},{\"@type\":\"ImageObject\",\"inLanguage\":\"es\",\"@id\":\"https:\\\/\\\/homehostelsvalencia.com\\\/es\\\/prensa\\\/#primaryimage\",\"url\":\"https:\\\/\\\/www.homeyouthhostel.com\\\/wp-content\\\/uploads\\\/2020\\\/02\\\/logo-conde-nast-traveler-1.png\",\"contentUrl\":\"https:\\\/\\\/www.homeyouthhostel.com\\\/wp-content\\\/uploads\\\/2020\\\/02\\\/logo-conde-nast-traveler-1.png\"},{\"@type\":\"BreadcrumbList\",\"@id\":\"https:\\\/\\\/homehostelsvalencia.com\\\/es\\\/prensa\\\/#breadcrumb\",\"itemListElement\":[{\"@type\":\"ListItem\",\"position\":1,\"name\":\"Portada\",\"item\":\"https:\\\/\\\/homehostelsvalencia.com\\\/es\\\/\"},{\"@type\":\"ListItem\",\"position\":2,\"name\":\"Prensa\"}]},{\"@type\":\"WebSite\",\"@id\":\"https:\\\/\\\/homehostelsvalencia.com\\\/es\\\/#website\",\"url\":\"https:\\\/\\\/homehostelsvalencia.com\\\/es\\\/\",\"name\":\"H\u00f4me Hostels Valencia\",\"description\":\"If you&#039;re looking for a cheap place to stay en Valencia, come to H\u00f4me Hostels Valencia.\",\"publisher\":{\"@id\":\"https:\\\/\\\/homehostelsvalencia.com\\\/es\\\/#organization\"},\"potentialAction\":[{\"@type\":\"SearchAction\",\"target\":{\"@type\":\"EntryPoint\",\"urlTemplate\":\"https:\\\/\\\/homehostelsvalencia.com\\\/es\\\/?s={search_term_string}\"},\"query-input\":{\"@type\":\"PropertyValueSpecification\",\"valueRequired\":true,\"valueName\":\"search_term_string\"}}],\"inLanguage\":\"es\"},{\"@type\":\"Organization\",\"@id\":\"https:\\\/\\\/homehostelsvalencia.com\\\/es\\\/#organization\",\"name\":\"Home Hostels Valencia\",\"url\":\"https:\\\/\\\/homehostelsvalencia.com\\\/es\\\/\",\"logo\":{\"@type\":\"ImageObject\",\"inLanguage\":\"es\",\"@id\":\"https:\\\/\\\/homehostelsvalencia.com\\\/es\\\/#\\\/schema\\\/logo\\\/image\\\/\",\"url\":\"https:\\\/\\\/homehostelsvalencia.com\\\/wp-content\\\/uploads\\\/2017\\\/01\\\/logo-home-hostels-valencia-spain.png\",\"contentUrl\":\"https:\\\/\\\/homehostelsvalencia.com\\\/wp-content\\\/uploads\\\/2017\\\/01\\\/logo-home-hostels-valencia-spain.png\",\"width\":233,\"height\":93,\"caption\":\"Home Hostels Valencia\"},\"image\":{\"@id\":\"https:\\\/\\\/homehostelsvalencia.com\\\/es\\\/#\\\/schema\\\/logo\\\/image\\\/\"},\"sameAs\":[\"https:\\\/\\\/www.facebook.com\\\/HomeHostelsValencia\",\"https:\\\/\\\/x.com\\\/homehostelsvlc\",\"https:\\\/\\\/www.youtube.com\\\/user\\\/homehostelsvalencia\"]}]}<\/script>\n<!-- \/ Yoast SEO plugin. -->","yoast_head_json":{"title":"Prensa H\u00f4me Hostels Valencia. Noticias d\u00f3nde hemos sido mencionados","description":"Prensa H\u00f4me Hostels Valencia. Noticias d\u00f3nde hemos sido mencionados por diferentes diarios impresos u online, adem\u00e1s de program\u00e1s de TV","robots":{"index":"index","follow":"follow","max-snippet":"max-snippet:-1","max-image-preview":"max-image-preview:large","max-video-preview":"max-video-preview:-1"},"canonical":"https:\/\/homehostelsvalencia.com\/es\/prensa\/","og_locale":"es_ES","og_type":"article","og_title":"Prensa H\u00f4me Hostels Valencia. Noticias d\u00f3nde hemos sido mencionados","og_description":"Prensa H\u00f4me Hostels Valencia. Noticias d\u00f3nde hemos sido mencionados por diferentes diarios impresos u online, adem\u00e1s de program\u00e1s de TV","og_url":"https:\/\/homehostelsvalencia.com\/es\/prensa\/","og_site_name":"H\u00f4me Hostels Valencia","article_publisher":"https:\/\/www.facebook.com\/HomeHostelsValencia","article_modified_time":"2020-02-04T09:43:54+00:00","og_image":[{"url":"https:\/\/www.homeyouthhostel.com\/wp-content\/uploads\/2020\/02\/logo-conde-nast-traveler-1.png","type":"","width":"","height":""}],"twitter_card":"summary_large_image","twitter_site":"@homehostelsvlc","schema":{"@context":"https:\/\/schema.org","@graph":[{"@type":"WebPage","@id":"https:\/\/homehostelsvalencia.com\/es\/prensa\/","url":"https:\/\/homehostelsvalencia.com\/es\/prensa\/","name":"Prensa H\u00f4me Hostels Valencia. Noticias d\u00f3nde hemos sido mencionados","isPartOf":{"@id":"https:\/\/homehostelsvalencia.com\/es\/#website"},"primaryImageOfPage":{"@id":"https:\/\/homehostelsvalencia.com\/es\/prensa\/#primaryimage"},"image":{"@id":"https:\/\/homehostelsvalencia.com\/es\/prensa\/#primaryimage"},"thumbnailUrl":"https:\/\/www.homeyouthhostel.com\/wp-content\/uploads\/2020\/02\/logo-conde-nast-traveler-1.png","datePublished":"2020-02-03T14:16:13+00:00","dateModified":"2020-02-04T09:43:54+00:00","description":"Prensa H\u00f4me Hostels Valencia. Noticias d\u00f3nde hemos sido mencionados por diferentes diarios impresos u online, adem\u00e1s de program\u00e1s de TV","breadcrumb":{"@id":"https:\/\/homehostelsvalencia.com\/es\/prensa\/#breadcrumb"},"inLanguage":"es","potentialAction":[{"@type":"ReadAction","target":["https:\/\/homehostelsvalencia.com\/es\/prensa\/"]}]},{"@type":"ImageObject","inLanguage":"es","@id":"https:\/\/homehostelsvalencia.com\/es\/prensa\/#primaryimage","url":"https:\/\/www.homeyouthhostel.com\/wp-content\/uploads\/2020\/02\/logo-conde-nast-traveler-1.png","contentUrl":"https:\/\/www.homeyouthhostel.com\/wp-content\/uploads\/2020\/02\/logo-conde-nast-traveler-1.png"},{"@type":"BreadcrumbList","@id":"https:\/\/homehostelsvalencia.com\/es\/prensa\/#breadcrumb","itemListElement":[{"@type":"ListItem","position":1,"name":"Portada","item":"https:\/\/homehostelsvalencia.com\/es\/"},{"@type":"ListItem","position":2,"name":"Prensa"}]},{"@type":"WebSite","@id":"https:\/\/homehostelsvalencia.com\/es\/#website","url":"https:\/\/homehostelsvalencia.com\/es\/","name":"H\u00f4me Hostels Valencia","description":"If you&#039;re looking for a cheap place to stay en Valencia, come to H\u00f4me Hostels Valencia.","publisher":{"@id":"https:\/\/homehostelsvalencia.com\/es\/#organization"},"potentialAction":[{"@type":"SearchAction","target":{"@type":"EntryPoint","urlTemplate":"https:\/\/homehostelsvalencia.com\/es\/?s={search_term_string}"},"query-input":{"@type":"PropertyValueSpecification","valueRequired":true,"valueName":"search_term_string"}}],"inLanguage":"es"},{"@type":"Organization","@id":"https:\/\/homehostelsvalencia.com\/es\/#organization","name":"Home Hostels Valencia","url":"https:\/\/homehostelsvalencia.com\/es\/","logo":{"@type":"ImageObject","inLanguage":"es","@id":"https:\/\/homehostelsvalencia.com\/es\/#\/schema\/logo\/image\/","url":"https:\/\/homehostelsvalencia.com\/wp-content\/uploads\/2017\/01\/logo-home-hostels-valencia-spain.png","contentUrl":"https:\/\/homehostelsvalencia.com\/wp-content\/uploads\/2017\/01\/logo-home-hostels-valencia-spain.png","width":233,"height":93,"caption":"Home Hostels Valencia"},"image":{"@id":"https:\/\/homehostelsvalencia.com\/es\/#\/schema\/logo\/image\/"},"sameAs":["https:\/\/www.facebook.com\/HomeHostelsValencia","https:\/\/x.com\/homehostelsvlc","https:\/\/www.youtube.com\/user\/homehostelsvalencia"]}]}},"_links":{"self":[{"href":"https:\/\/homehostelsvalencia.com\/es\/wp-json\/wp\/v2\/pages\/7959","targetHints":{"allow":["GET"]}}],"collection":[{"href":"https:\/\/homehostelsvalencia.com\/es\/wp-json\/wp\/v2\/pages"}],"about":[{"href":"https:\/\/homehostelsvalencia.com\/es\/wp-json\/wp\/v2\/types\/page"}],"author":[{"embeddable":true,"href":"https:\/\/homehostelsvalencia.com\/es\/wp-json\/wp\/v2\/users\/7"}],"replies":[{"embeddable":true,"href":"https:\/\/homehostelsvalencia.com\/es\/wp-json\/wp\/v2\/comments?post=7959"}],"version-history":[{"count":0,"href":"https:\/\/homehostelsvalencia.com\/es\/wp-json\/wp\/v2\/pages\/7959\/revisions"}],"wp:attachment":[{"href":"https:\/\/homehostelsvalencia.com\/es\/wp-json\/wp\/v2\/media?parent=7959"}],"curies":[{"name":"wp","href":"https:\/\/api.w.org\/{rel}","templated":true}]}}