{"id":4507,"date":"2012-07-17T13:37:13","date_gmt":"2012-07-17T11:37:13","guid":{"rendered":"http:\/\/dev.homehostelsvalencia.com\/?page_id=4507"},"modified":"2017-10-02T11:50:40","modified_gmt":"2017-10-02T09:50:40","slug":"presentacion","status":"publish","type":"page","link":"https:\/\/homehostelsvalencia.com\/es\/hostal-barcelona\/presentacion\/","title":{"rendered":"Youth Hostel Barcelona : Presentaci\u00f3n"},"content":{"rendered":"<p>[ci-button size=\u00bbsmall\u00bb scheme=\u00bbblue\u00bb icon=\u00bbfa-tag\u00bb url=\u00bb\/es\/hostal-barcelona\/presentacion\/\u00bb]Presentaci\u00f3n[\/ci-button][ci-button size=\u00bbsmall\u00bb scheme=\u00bbblue\u00bb icon=\u00bbfa-picture-o\u00bb url=\u00bb\/es\/hostal-barcelona\/fotos-hostal-barcelona\/\u00bb]Fotos[\/ci-button][ci-button size=\u00bbsmall\u00bb scheme=\u00bbblue\u00bb icon=\u00bbfa-location-arrow\u00bb url=\u00bb\/es\/hostal-barcelona\/hostal-centro-barcelona\/\u00bb]Ubicaci\u00f3n[\/ci-button][ci-button size=\u00bbsmall\u00bb scheme=\u00bbblue\u00bb icon=\u00bbfa-bed\u00bb url=\u00bb\/es\/hostal-barcelona\/habitaciones-hostal-barcelona\/\u00bb]Habitaciones[\/ci-button][ci-button size=\u00bbsmall\u00bb scheme=\u00bbblue\u00bb icon=\u00bbfa-group\u00bb url=\u00bb\/es\/hostal-barcelona\/hostal-grupos-barcelona\/\u00bb]Grupos[\/ci-button]<\/p>\n<h2>\u00bfEst\u00e1s buscando un hostal en Barcelona?<\/h2>\n<p style=\"text-align: justify;\">De todos los <strong>hostales en Barcelona<\/strong> nuestro hostal <a href=\"https:\/\/www.feetuphostels.com\/es\/barcelona\/garden-house.html\" target=\"_blank\"><strong>Garden House\u00a0Barcelona<\/strong><\/a> cuenta con la mejor relaci\u00f3n calidad precio. Si est\u00e1s pensando en alojarte en Barcelona, \u00a1no te lo pienses! <strong>Home Hostel Barcelona<\/strong> es el hostal que necesitas.<\/p>\n<p style=\"text-align: justify;\"><a href=\"https:\/\/www.homehostelsvalencia.com\/wp-content\/uploads\/2012\/07\/12gardenhousehostelbarcelona.jpg\"><img fetchpriority=\"high\" decoding=\"async\" class=\"aligncenter wp-image-7189 size-full\" title=\"Hostel in Barcelona Home Hostel Barcelona\" src=\"https:\/\/www.homehostelsvalencia.com\/wp-content\/uploads\/2012\/07\/12gardenhousehostelbarcelona.jpg\" width=\"1200\" height=\"900\" \/><\/a>Hay cientos de cosas que puedes hacer en Barcelona y este hostal es el perfecto para los\u00a0 viajeros que desean visitar la ciudad, disfrutar del sol y el mar que esta ciudad ofrece, Barcelona.<\/p>\n<p style=\"text-align: justify;\">\u00bfEstas buscando <strong>hostales en Barcelona<\/strong> centro ciudad? \u00a1Al\u00f3jate en <strong>Garden House\u00a0Barcelona<\/strong> y disfruta de la mejor localizaci\u00f3n al mejor precio!<\/p>\n<p style=\"text-align: justify;\"><strong>Garden House Barcelona<\/strong>\u00a0hace que alojamiento de los viajeros sea a a la par divertido y econ\u00f3mico. F\u00e1cil acceso al Aeropuerto.<\/p>\n<p style=\"text-align: justify;\">En <strong>Garden House\u00a0Barcelona<\/strong> dispondr\u00e1s de Wifi gratis, habitaciones s\u00f3lo femeninas, habitaciones mixtas, desayuno gratuito, habitaciones privadas, con literas, casilleros con seguridad para dejar tus pertenencias, y muchas m\u00e1s facilidades. Conseguir\u00e1s una experiencia calidad\/precio inmejorable.<\/p>\n<p style=\"text-align: justify;\">Junto este incre\u00edble <strong>hostal en Barcelona<\/strong> podr\u00e1s disfrutar de las atracciones de La Rambla, la playa de la Barceloneta, La Sagrada Familia de Gaud\u00ed, el Museo Picasso, Barcelona F\u00fatbol Club, y muchos otros! Todo lo que esperas de un hostel en Garden House\u00a0Barcelona, con atenci\u00f3n al cliente, y personal multiling\u00fce.<\/p>\n<p><script src=\"https:\/\/wubook.net\/js\/wblib.jgz\"><\/script><\/p>\n<div id=\"_baror_\"  class=\"_baror____fixed\"> <a href=\"http:\/\/es.wubook.net\/\" style=\"display: block; margin-top: 5px; text-decoration:none;border:none;background: rgb(244, 63, 40); margin-top:0; z-index: 1000;\" target=\"_blank\">  <\/a> <\/div>\n<p><script>\n  var WuBook= new _WuBook(1399028894);\n  var wbparams= {\n    fixedPosition: 1,\n    ditextcolor: '#ffffff',\n    avgcolor: '#fff200',\n    textcolorbb: '#ffffff',\n    plusperc: 5,\n    listtypebb: '#ffffff',\n    rpkgs: '',\n    barbackground: 'rgb(244, 63, 40)',\n    textcolorpk: '#988454',\n    default_nights: 3,\n    textcolorcalendarbe: '#000000',\n    bordercolor: '#ffffff',\n    blocks: 'be,fe',\n    failback_lang: 'es',\n    hdcode: '',\n    textcolorbuttonbe: '#ffffff',\n    avgtextcolor: '#fff200',\n    diinputcolor: '#ffffff',\n    lang: 'es',\n    buttoncolorbe: '#f43f28',\n    dibuttoncolor: '#008000',\n    wbgoogle: 1,\n    bgblocks: '#000000',\n    cmsgs: '',\n    textcolornightspk: '#ffffff',\n    adchi: 1,\n    only_beds_occupancy: 1\n  };\n  WuBook.design_bwidget(\"_baror_\", wbparams);\n<\/script><\/p>\n","protected":false},"excerpt":{"rendered":"<p>[ci-button size=\u00bbsmall\u00bb scheme=\u00bbblue\u00bb icon=\u00bbfa-tag\u00bb url=\u00bb\/es\/hostal-barcelona\/presentacion\/\u00bb]Presentaci\u00f3n[\/ci-button][ci-button size=\u00bbsmall\u00bb scheme=\u00bbblue\u00bb icon=\u00bbfa-picture-o\u00bb url=\u00bb\/es\/hostal-barcelona\/fotos-hostal-barcelona\/\u00bb]Fotos[\/ci-button][ci-button size=\u00bbsmall\u00bb scheme=\u00bbblue\u00bb icon=\u00bbfa-location-arrow\u00bb url=\u00bb\/es\/hostal-barcelona\/hostal-centro-barcelona\/\u00bb]Ubicaci\u00f3n[\/ci-button][ci-button size=\u00bbsmall\u00bb scheme=\u00bbblue\u00bb icon=\u00bbfa-bed\u00bb url=\u00bb\/es\/hostal-barcelona\/habitaciones-hostal-barcelona\/\u00bb]Habitaciones[\/ci-button][ci-button size=\u00bbsmall\u00bb scheme=\u00bbblue\u00bb icon=\u00bbfa-group\u00bb url=\u00bb\/es\/hostal-barcelona\/hostal-grupos-barcelona\/\u00bb]Grupos[\/ci-button] \u00bfEst\u00e1s buscando un hostal en Barcelona? De todos los hostales en Barcelona nuestro hostal Garden House\u00a0Barcelona cuenta con la mejor relaci\u00f3n calidad precio. Si est\u00e1s pensando en alojarte en Barcelona, \u00a1no te lo pienses! [&hellip;]<\/p>\n","protected":false},"author":15,"featured_media":0,"parent":4538,"menu_order":0,"comment_status":"closed","ping_status":"closed","template":"","meta":{"footnotes":""},"class_list":["post-4507","page","type-page","status-publish","hentry"],"yoast_head":"<!-- This site is optimized with the Yoast SEO plugin v27.6 - https:\/\/yoast.com\/product\/yoast-seo-wordpress\/ -->\n<title>Home Hostel Barcelona, hostal en Barcelona centro<\/title>\n<meta name=\"description\" content=\"\u00bfEst\u00e1s buscando hostales en Barcelona en pleno centro? Al\u00f3jate en Home Hostel Barcelona y disfruta de un incre\u00edble Hostal en Barcelona al mejor precio.\" \/>\n<meta name=\"robots\" content=\"index, follow, max-snippet:-1, max-image-preview:large, max-video-preview:-1\" \/>\n<link rel=\"canonical\" href=\"https:\/\/homehostelsvalencia.com\/es\/hostal-barcelona\/presentacion\/\" \/>\n<meta property=\"og:locale\" content=\"es_ES\" \/>\n<meta property=\"og:type\" content=\"article\" \/>\n<meta property=\"og:title\" content=\"Home Hostel Barcelona, hostal en Barcelona centro\" \/>\n<meta property=\"og:description\" content=\"\u00bfEst\u00e1s buscando hostales en Barcelona en pleno centro? Al\u00f3jate en Home Hostel Barcelona y disfruta de un incre\u00edble Hostal en Barcelona al mejor precio.\" \/>\n<meta property=\"og:url\" content=\"https:\/\/homehostelsvalencia.com\/es\/hostal-barcelona\/presentacion\/\" \/>\n<meta property=\"og:site_name\" content=\"H\u00f4me Hostels Valencia\" \/>\n<meta property=\"article:publisher\" content=\"https:\/\/www.facebook.com\/HomeHostelsValencia\" \/>\n<meta property=\"article:modified_time\" content=\"2017-10-02T09:50:40+00:00\" \/>\n<meta property=\"og:image\" content=\"https:\/\/www.homehostelsvalencia.com\/wp-content\/uploads\/2012\/07\/12gardenhousehostelbarcelona.jpg\" \/>\n<meta name=\"twitter:card\" content=\"summary_large_image\" \/>\n<meta name=\"twitter:site\" content=\"@homehostelsvlc\" \/>\n<meta name=\"twitter:label1\" content=\"Tiempo de lectura\" \/>\n\t<meta name=\"twitter:data1\" content=\"1 minuto\" \/>\n<script type=\"application\/ld+json\" class=\"yoast-schema-graph\">{\"@context\":\"https:\\\/\\\/schema.org\",\"@graph\":[{\"@type\":\"WebPage\",\"@id\":\"https:\\\/\\\/homehostelsvalencia.com\\\/es\\\/hostal-barcelona\\\/presentacion\\\/\",\"url\":\"https:\\\/\\\/homehostelsvalencia.com\\\/es\\\/hostal-barcelona\\\/presentacion\\\/\",\"name\":\"Home Hostel Barcelona, hostal en Barcelona centro\",\"isPartOf\":{\"@id\":\"https:\\\/\\\/homehostelsvalencia.com\\\/es\\\/#website\"},\"primaryImageOfPage\":{\"@id\":\"https:\\\/\\\/homehostelsvalencia.com\\\/es\\\/hostal-barcelona\\\/presentacion\\\/#primaryimage\"},\"image\":{\"@id\":\"https:\\\/\\\/homehostelsvalencia.com\\\/es\\\/hostal-barcelona\\\/presentacion\\\/#primaryimage\"},\"thumbnailUrl\":\"https:\\\/\\\/www.homehostelsvalencia.com\\\/wp-content\\\/uploads\\\/2012\\\/07\\\/12gardenhousehostelbarcelona.jpg\",\"datePublished\":\"2012-07-17T11:37:13+00:00\",\"dateModified\":\"2017-10-02T09:50:40+00:00\",\"description\":\"\u00bfEst\u00e1s buscando hostales en Barcelona en pleno centro? Al\u00f3jate en Home Hostel Barcelona y disfruta de un incre\u00edble Hostal en Barcelona al mejor precio.\",\"breadcrumb\":{\"@id\":\"https:\\\/\\\/homehostelsvalencia.com\\\/es\\\/hostal-barcelona\\\/presentacion\\\/#breadcrumb\"},\"inLanguage\":\"es\",\"potentialAction\":[{\"@type\":\"ReadAction\",\"target\":[\"https:\\\/\\\/homehostelsvalencia.com\\\/es\\\/hostal-barcelona\\\/presentacion\\\/\"]}]},{\"@type\":\"ImageObject\",\"inLanguage\":\"es\",\"@id\":\"https:\\\/\\\/homehostelsvalencia.com\\\/es\\\/hostal-barcelona\\\/presentacion\\\/#primaryimage\",\"url\":\"https:\\\/\\\/www.homehostelsvalencia.com\\\/wp-content\\\/uploads\\\/2012\\\/07\\\/12gardenhousehostelbarcelona.jpg\",\"contentUrl\":\"https:\\\/\\\/www.homehostelsvalencia.com\\\/wp-content\\\/uploads\\\/2012\\\/07\\\/12gardenhousehostelbarcelona.jpg\"},{\"@type\":\"BreadcrumbList\",\"@id\":\"https:\\\/\\\/homehostelsvalencia.com\\\/es\\\/hostal-barcelona\\\/presentacion\\\/#breadcrumb\",\"itemListElement\":[{\"@type\":\"ListItem\",\"position\":1,\"name\":\"Portada\",\"item\":\"https:\\\/\\\/homehostelsvalencia.com\\\/es\\\/\"},{\"@type\":\"ListItem\",\"position\":2,\"name\":\"Youth Hostel Barcelona\",\"item\":\"https:\\\/\\\/homehostelsvalencia.com\\\/es\\\/hostal-barcelona\\\/\"},{\"@type\":\"ListItem\",\"position\":3,\"name\":\"Youth Hostel Barcelona : Presentaci\u00f3n\"}]},{\"@type\":\"WebSite\",\"@id\":\"https:\\\/\\\/homehostelsvalencia.com\\\/es\\\/#website\",\"url\":\"https:\\\/\\\/homehostelsvalencia.com\\\/es\\\/\",\"name\":\"H\u00f4me Hostels Valencia\",\"description\":\"If you&#039;re looking for a cheap place to stay en Valencia, come to H\u00f4me Hostels Valencia.\",\"publisher\":{\"@id\":\"https:\\\/\\\/homehostelsvalencia.com\\\/es\\\/#organization\"},\"potentialAction\":[{\"@type\":\"SearchAction\",\"target\":{\"@type\":\"EntryPoint\",\"urlTemplate\":\"https:\\\/\\\/homehostelsvalencia.com\\\/es\\\/?s={search_term_string}\"},\"query-input\":{\"@type\":\"PropertyValueSpecification\",\"valueRequired\":true,\"valueName\":\"search_term_string\"}}],\"inLanguage\":\"es\"},{\"@type\":\"Organization\",\"@id\":\"https:\\\/\\\/homehostelsvalencia.com\\\/es\\\/#organization\",\"name\":\"Home Hostels Valencia\",\"url\":\"https:\\\/\\\/homehostelsvalencia.com\\\/es\\\/\",\"logo\":{\"@type\":\"ImageObject\",\"inLanguage\":\"es\",\"@id\":\"https:\\\/\\\/homehostelsvalencia.com\\\/es\\\/#\\\/schema\\\/logo\\\/image\\\/\",\"url\":\"https:\\\/\\\/homehostelsvalencia.com\\\/wp-content\\\/uploads\\\/2017\\\/01\\\/logo-home-hostels-valencia-spain.png\",\"contentUrl\":\"https:\\\/\\\/homehostelsvalencia.com\\\/wp-content\\\/uploads\\\/2017\\\/01\\\/logo-home-hostels-valencia-spain.png\",\"width\":233,\"height\":93,\"caption\":\"Home Hostels Valencia\"},\"image\":{\"@id\":\"https:\\\/\\\/homehostelsvalencia.com\\\/es\\\/#\\\/schema\\\/logo\\\/image\\\/\"},\"sameAs\":[\"https:\\\/\\\/www.facebook.com\\\/HomeHostelsValencia\",\"https:\\\/\\\/x.com\\\/homehostelsvlc\",\"https:\\\/\\\/www.youtube.com\\\/user\\\/homehostelsvalencia\"]}]}<\/script>\n<!-- \/ Yoast SEO plugin. -->","yoast_head_json":{"title":"Home Hostel Barcelona, hostal en Barcelona centro","description":"\u00bfEst\u00e1s buscando hostales en Barcelona en pleno centro? Al\u00f3jate en Home Hostel Barcelona y disfruta de un incre\u00edble Hostal en Barcelona al mejor precio.","robots":{"index":"index","follow":"follow","max-snippet":"max-snippet:-1","max-image-preview":"max-image-preview:large","max-video-preview":"max-video-preview:-1"},"canonical":"https:\/\/homehostelsvalencia.com\/es\/hostal-barcelona\/presentacion\/","og_locale":"es_ES","og_type":"article","og_title":"Home Hostel Barcelona, hostal en Barcelona centro","og_description":"\u00bfEst\u00e1s buscando hostales en Barcelona en pleno centro? Al\u00f3jate en Home Hostel Barcelona y disfruta de un incre\u00edble Hostal en Barcelona al mejor precio.","og_url":"https:\/\/homehostelsvalencia.com\/es\/hostal-barcelona\/presentacion\/","og_site_name":"H\u00f4me Hostels Valencia","article_publisher":"https:\/\/www.facebook.com\/HomeHostelsValencia","article_modified_time":"2017-10-02T09:50:40+00:00","og_image":[{"url":"https:\/\/www.homehostelsvalencia.com\/wp-content\/uploads\/2012\/07\/12gardenhousehostelbarcelona.jpg","type":"","width":"","height":""}],"twitter_card":"summary_large_image","twitter_site":"@homehostelsvlc","twitter_misc":{"Tiempo de lectura":"1 minuto"},"schema":{"@context":"https:\/\/schema.org","@graph":[{"@type":"WebPage","@id":"https:\/\/homehostelsvalencia.com\/es\/hostal-barcelona\/presentacion\/","url":"https:\/\/homehostelsvalencia.com\/es\/hostal-barcelona\/presentacion\/","name":"Home Hostel Barcelona, hostal en Barcelona centro","isPartOf":{"@id":"https:\/\/homehostelsvalencia.com\/es\/#website"},"primaryImageOfPage":{"@id":"https:\/\/homehostelsvalencia.com\/es\/hostal-barcelona\/presentacion\/#primaryimage"},"image":{"@id":"https:\/\/homehostelsvalencia.com\/es\/hostal-barcelona\/presentacion\/#primaryimage"},"thumbnailUrl":"https:\/\/www.homehostelsvalencia.com\/wp-content\/uploads\/2012\/07\/12gardenhousehostelbarcelona.jpg","datePublished":"2012-07-17T11:37:13+00:00","dateModified":"2017-10-02T09:50:40+00:00","description":"\u00bfEst\u00e1s buscando hostales en Barcelona en pleno centro? Al\u00f3jate en Home Hostel Barcelona y disfruta de un incre\u00edble Hostal en Barcelona al mejor precio.","breadcrumb":{"@id":"https:\/\/homehostelsvalencia.com\/es\/hostal-barcelona\/presentacion\/#breadcrumb"},"inLanguage":"es","potentialAction":[{"@type":"ReadAction","target":["https:\/\/homehostelsvalencia.com\/es\/hostal-barcelona\/presentacion\/"]}]},{"@type":"ImageObject","inLanguage":"es","@id":"https:\/\/homehostelsvalencia.com\/es\/hostal-barcelona\/presentacion\/#primaryimage","url":"https:\/\/www.homehostelsvalencia.com\/wp-content\/uploads\/2012\/07\/12gardenhousehostelbarcelona.jpg","contentUrl":"https:\/\/www.homehostelsvalencia.com\/wp-content\/uploads\/2012\/07\/12gardenhousehostelbarcelona.jpg"},{"@type":"BreadcrumbList","@id":"https:\/\/homehostelsvalencia.com\/es\/hostal-barcelona\/presentacion\/#breadcrumb","itemListElement":[{"@type":"ListItem","position":1,"name":"Portada","item":"https:\/\/homehostelsvalencia.com\/es\/"},{"@type":"ListItem","position":2,"name":"Youth Hostel Barcelona","item":"https:\/\/homehostelsvalencia.com\/es\/hostal-barcelona\/"},{"@type":"ListItem","position":3,"name":"Youth Hostel Barcelona : Presentaci\u00f3n"}]},{"@type":"WebSite","@id":"https:\/\/homehostelsvalencia.com\/es\/#website","url":"https:\/\/homehostelsvalencia.com\/es\/","name":"H\u00f4me Hostels Valencia","description":"If you&#039;re looking for a cheap place to stay en Valencia, come to H\u00f4me Hostels Valencia.","publisher":{"@id":"https:\/\/homehostelsvalencia.com\/es\/#organization"},"potentialAction":[{"@type":"SearchAction","target":{"@type":"EntryPoint","urlTemplate":"https:\/\/homehostelsvalencia.com\/es\/?s={search_term_string}"},"query-input":{"@type":"PropertyValueSpecification","valueRequired":true,"valueName":"search_term_string"}}],"inLanguage":"es"},{"@type":"Organization","@id":"https:\/\/homehostelsvalencia.com\/es\/#organization","name":"Home Hostels Valencia","url":"https:\/\/homehostelsvalencia.com\/es\/","logo":{"@type":"ImageObject","inLanguage":"es","@id":"https:\/\/homehostelsvalencia.com\/es\/#\/schema\/logo\/image\/","url":"https:\/\/homehostelsvalencia.com\/wp-content\/uploads\/2017\/01\/logo-home-hostels-valencia-spain.png","contentUrl":"https:\/\/homehostelsvalencia.com\/wp-content\/uploads\/2017\/01\/logo-home-hostels-valencia-spain.png","width":233,"height":93,"caption":"Home Hostels Valencia"},"image":{"@id":"https:\/\/homehostelsvalencia.com\/es\/#\/schema\/logo\/image\/"},"sameAs":["https:\/\/www.facebook.com\/HomeHostelsValencia","https:\/\/x.com\/homehostelsvlc","https:\/\/www.youtube.com\/user\/homehostelsvalencia"]}]}},"_links":{"self":[{"href":"https:\/\/homehostelsvalencia.com\/es\/wp-json\/wp\/v2\/pages\/4507","targetHints":{"allow":["GET"]}}],"collection":[{"href":"https:\/\/homehostelsvalencia.com\/es\/wp-json\/wp\/v2\/pages"}],"about":[{"href":"https:\/\/homehostelsvalencia.com\/es\/wp-json\/wp\/v2\/types\/page"}],"author":[{"embeddable":true,"href":"https:\/\/homehostelsvalencia.com\/es\/wp-json\/wp\/v2\/users\/15"}],"replies":[{"embeddable":true,"href":"https:\/\/homehostelsvalencia.com\/es\/wp-json\/wp\/v2\/comments?post=4507"}],"version-history":[{"count":0,"href":"https:\/\/homehostelsvalencia.com\/es\/wp-json\/wp\/v2\/pages\/4507\/revisions"}],"up":[{"embeddable":true,"href":"https:\/\/homehostelsvalencia.com\/es\/wp-json\/wp\/v2\/pages\/4538"}],"wp:attachment":[{"href":"https:\/\/homehostelsvalencia.com\/es\/wp-json\/wp\/v2\/media?parent=4507"}],"curies":[{"name":"wp","href":"https:\/\/api.w.org\/{rel}","templated":true}]}}