{"id":3848,"date":"2012-07-05T09:35:27","date_gmt":"2012-07-05T09:35:27","guid":{"rendered":"http:\/\/dev.homehostelsvalencia.com\/?page_id=3848"},"modified":"2022-06-14T13:20:33","modified_gmt":"2022-06-14T11:20:33","slug":"hostal-playa-valencia","status":"publish","type":"page","link":"https:\/\/homehostelsvalencia.com\/es\/hostal-playa-valencia\/","title":{"rendered":"Hostal en la Playa"},"content":{"rendered":"\n<figure class=\"wp-block-image aligncenter size-full wp-image-2009\"><img fetchpriority=\"high\" decoding=\"async\" width=\"597\" height=\"340\" src=\"https:\/\/www.homehostelsvalencia.com\/wp-content\/uploads\/2011\/04\/Hostal-playa-Valencia.jpg\" alt=\"Hostal playa Valencia\" class=\"wp-image-2009\" srcset=\"https:\/\/homehostelsvalencia.com\/wp-content\/uploads\/2011\/04\/Hostal-playa-Valencia.jpg 597w, https:\/\/homehostelsvalencia.com\/wp-content\/uploads\/2011\/04\/Hostal-playa-Valencia-300x170.jpg 300w\" sizes=\"(max-width: 597px) 100vw, 597px\" \/><figcaption>Fuente: Turisvlc<\/figcaption><\/figure>\n\n\n\n<p><strong>La playa<\/strong> es uno de los grandes atractivos de la<strong> ciudad de Valencia<\/strong>. Situada a orillas del mar Mediterr\u00e1neo, en la conocida como Costa Blanca, Valencia disfruta de kil\u00f3metros de playa de fina arena dorada y aguas templadas y serenas. En verano, o cuando el calor aprieta, <strong>playas como el Cabanyal o la Malvarrosa<\/strong> son el verdadero centro de una ciudad que recupera su alma costera, con la ansiedad y el placer de un marinero que vuelve al mar despu\u00e9s de meses de encierro en tierra firme.<\/p>\n\n\n\n<p>Las playas urbanas de la ciudad de Valencia son id\u00f3neas para cualquier tipo de ba\u00f1istas porque disponen de todos los servicios b\u00e1sicos, adem\u00e1s de tener acceso para minusv\u00e1lidos. La gran anchura de sus arenales (la playa de la Malvarrosa, por ejemplo, se estira hasta los 80 metros de anchura) permite que gran parte de la playa est\u00e9 ocupada por canchas de volley y futbito para practicar deporte con los amigos.<\/p>\n\n\n\n<p>Pero posiblemente la mayor virtud de las playas de Valencia sea su sol. El buen tiempo acompa\u00f1a casi todo el a\u00f1o a la ciudad de Valencia, asegurando temperaturas c\u00e1lidas que invitan a ir a la playa m\u00e1s de seis meses al a\u00f1o, pr\u00e1cticamente desde principios de primavera hasta finales de oto\u00f1o. Por eso, venir a Valencia a disfrutar de tus vacaciones tanto en verano como en invierno es una apuesta segura.<\/p>\n\n\n\n<p><strong>Hostal cerca de la Playa de Valencia<\/strong><br>Valencia es una ciudad que est\u00e1 construida de espaldas al mar, de tal forma que su centro hist\u00f3rico se encuentra alejado de las playas urbanas. Sin embargo, en Valencia existe un amplio servicio de medios de transporte p\u00fablico que conectan el centro de la ciudad justo donde se encuentran los hostales low cost Home Hostels Valencia y la zona de playas de manera r\u00e1pida, c\u00f3moda y econ\u00f3mica.<\/p>\n\n\n\n<p>Por este motivo, el hostal <strong>Home Backpackers Hostel<\/strong> y el hostal <a href=\"http:\/\/www.homeyouthhostel.com\/es\/\" target=\"_blank\" rel=\"noopener\"><strong>Home Youth Hostel<\/strong> <\/a>son dos alojamientos baratos que,&nbsp; a pesar de estar localizados en el centro de Valencia ciudad est\u00e1n perfectamente conectados con las playas de Valencia. &nbsp;Desde el hostal Home Youth Hostel, la mejor opci\u00f3n para llegar a la zona de playas en transporte p\u00fablico es dirigirse a la Plaza del Ayuntamiento (5 minutos a pie) y coger el autob\u00fas n\u00famero 32, cuya l\u00ednea llega hasta el paseo mar\u00edtimo y la playa de la Malvarrosa. &nbsp; Desde el hostal o albergue Home Backpackers Hostel, en cambio, la mejor opci\u00f3n es llegar hasta las Torres de Serranos (10 minutos a pie), cruzar hasta el otro lado de los jardines del Turia y, en la parada de tranv\u00edas \u201cPont de Fusta\u201d, coger la l\u00ednea n\u00famero 4 (color azul) en direcci\u00f3n Las Arenas. La \u00faltima parada de este tranv\u00eda te deja justo al lado de la zona de playas.<\/p>\n\n\n\n<p>\u00a1\u00a1Disfruta de la playa de Valencia y al\u00f3jate en los hostales Home Hostels Valencia!! &nbsp; La mejor opci\u00f3n para dormir barato y disfrutar de la playa y el buen sol de Valencia.<\/p>\n","protected":false},"excerpt":{"rendered":"<p>La playa es uno de los grandes atractivos de la ciudad de Valencia. Situada a orillas del mar Mediterr\u00e1neo, en la conocida como Costa Blanca, Valencia disfruta de kil\u00f3metros de playa de fina arena dorada y aguas templadas y serenas. En verano, o cuando el calor aprieta, playas como el Cabanyal o la Malvarrosa son [&hellip;]<\/p>\n","protected":false},"author":15,"featured_media":3420,"parent":0,"menu_order":0,"comment_status":"closed","ping_status":"closed","template":"","meta":{"footnotes":""},"class_list":["post-3848","page","type-page","status-publish","has-post-thumbnail","hentry"],"yoast_head":"<!-- This site is optimized with the Yoast SEO plugin v27.4 - https:\/\/yoast.com\/product\/yoast-seo-wordpress\/ -->\n<title>Hostal en la Playa | Home Hostels Valencia<\/title>\n<meta name=\"description\" content=\"Hostal en la Playa\u00bfSabes cu\u00e1l es el mejor hostal de Valencia? En Home Hostels Valencia tenemos dos de los mejores hostales a tu disposici\u00f3n: Home Youth Hostel y Home Backpackers Hostel.\" \/>\n<meta name=\"robots\" content=\"index, follow, max-snippet:-1, max-image-preview:large, max-video-preview:-1\" \/>\n<link rel=\"canonical\" href=\"https:\/\/homehostelsvalencia.com\/es\/hostal-playa-valencia\/\" \/>\n<meta property=\"og:locale\" content=\"es_ES\" \/>\n<meta property=\"og:type\" content=\"article\" \/>\n<meta property=\"og:title\" content=\"Hostal en la Playa | Home Hostels Valencia\" \/>\n<meta property=\"og:description\" content=\"Hostal en la Playa\u00bfSabes cu\u00e1l es el mejor hostal de Valencia? En Home Hostels Valencia tenemos dos de los mejores hostales a tu disposici\u00f3n: Home Youth Hostel y Home Backpackers Hostel.\" \/>\n<meta property=\"og:url\" content=\"https:\/\/homehostelsvalencia.com\/es\/hostal-playa-valencia\/\" \/>\n<meta property=\"og:site_name\" content=\"H\u00f4me Hostels Valencia\" \/>\n<meta property=\"article:publisher\" content=\"https:\/\/www.facebook.com\/HomeHostelsValencia\" \/>\n<meta property=\"article:modified_time\" content=\"2022-06-14T11:20:33+00:00\" \/>\n<meta property=\"og:image\" content=\"https:\/\/homehostelsvalencia.com\/wp-content\/uploads\/2011\/04\/best-hostel-valencia-1.jpg\" \/>\n\t<meta property=\"og:image:width\" content=\"202\" \/>\n\t<meta property=\"og:image:height\" content=\"155\" \/>\n\t<meta property=\"og:image:type\" content=\"image\/jpeg\" \/>\n<meta name=\"twitter:card\" content=\"summary_large_image\" \/>\n<meta name=\"twitter:site\" content=\"@homehostelsvlc\" \/>\n<meta name=\"twitter:label1\" content=\"Tiempo de lectura\" \/>\n\t<meta name=\"twitter:data1\" content=\"3 minutos\" \/>\n<script type=\"application\/ld+json\" class=\"yoast-schema-graph\">{\"@context\":\"https:\\\/\\\/schema.org\",\"@graph\":[{\"@type\":\"WebPage\",\"@id\":\"https:\\\/\\\/homehostelsvalencia.com\\\/es\\\/hostal-playa-valencia\\\/\",\"url\":\"https:\\\/\\\/homehostelsvalencia.com\\\/es\\\/hostal-playa-valencia\\\/\",\"name\":\"Hostal en la Playa | Home Hostels Valencia\",\"isPartOf\":{\"@id\":\"https:\\\/\\\/homehostelsvalencia.com\\\/es\\\/#website\"},\"primaryImageOfPage\":{\"@id\":\"https:\\\/\\\/homehostelsvalencia.com\\\/es\\\/hostal-playa-valencia\\\/#primaryimage\"},\"image\":{\"@id\":\"https:\\\/\\\/homehostelsvalencia.com\\\/es\\\/hostal-playa-valencia\\\/#primaryimage\"},\"thumbnailUrl\":\"https:\\\/\\\/homehostelsvalencia.com\\\/wp-content\\\/uploads\\\/2011\\\/04\\\/best-hostel-valencia-1.jpg\",\"datePublished\":\"2012-07-05T09:35:27+00:00\",\"dateModified\":\"2022-06-14T11:20:33+00:00\",\"description\":\"Hostal en la Playa\u00bfSabes cu\u00e1l es el mejor hostal de Valencia? En Home Hostels Valencia tenemos dos de los mejores hostales a tu disposici\u00f3n: Home Youth Hostel y Home Backpackers Hostel.\",\"breadcrumb\":{\"@id\":\"https:\\\/\\\/homehostelsvalencia.com\\\/es\\\/hostal-playa-valencia\\\/#breadcrumb\"},\"inLanguage\":\"es\",\"potentialAction\":[{\"@type\":\"ReadAction\",\"target\":[\"https:\\\/\\\/homehostelsvalencia.com\\\/es\\\/hostal-playa-valencia\\\/\"]}]},{\"@type\":\"ImageObject\",\"inLanguage\":\"es\",\"@id\":\"https:\\\/\\\/homehostelsvalencia.com\\\/es\\\/hostal-playa-valencia\\\/#primaryimage\",\"url\":\"https:\\\/\\\/homehostelsvalencia.com\\\/wp-content\\\/uploads\\\/2011\\\/04\\\/best-hostel-valencia-1.jpg\",\"contentUrl\":\"https:\\\/\\\/homehostelsvalencia.com\\\/wp-content\\\/uploads\\\/2011\\\/04\\\/best-hostel-valencia-1.jpg\",\"width\":\"202\",\"height\":\"155\"},{\"@type\":\"BreadcrumbList\",\"@id\":\"https:\\\/\\\/homehostelsvalencia.com\\\/es\\\/hostal-playa-valencia\\\/#breadcrumb\",\"itemListElement\":[{\"@type\":\"ListItem\",\"position\":1,\"name\":\"Portada\",\"item\":\"https:\\\/\\\/homehostelsvalencia.com\\\/es\\\/\"},{\"@type\":\"ListItem\",\"position\":2,\"name\":\"Hostal en la Playa\"}]},{\"@type\":\"WebSite\",\"@id\":\"https:\\\/\\\/homehostelsvalencia.com\\\/es\\\/#website\",\"url\":\"https:\\\/\\\/homehostelsvalencia.com\\\/es\\\/\",\"name\":\"H\u00f4me Hostels Valencia\",\"description\":\"If you&#039;re looking for a cheap place to stay en Valencia, come to H\u00f4me Hostels Valencia.\",\"publisher\":{\"@id\":\"https:\\\/\\\/homehostelsvalencia.com\\\/es\\\/#organization\"},\"potentialAction\":[{\"@type\":\"SearchAction\",\"target\":{\"@type\":\"EntryPoint\",\"urlTemplate\":\"https:\\\/\\\/homehostelsvalencia.com\\\/es\\\/?s={search_term_string}\"},\"query-input\":{\"@type\":\"PropertyValueSpecification\",\"valueRequired\":true,\"valueName\":\"search_term_string\"}}],\"inLanguage\":\"es\"},{\"@type\":\"Organization\",\"@id\":\"https:\\\/\\\/homehostelsvalencia.com\\\/es\\\/#organization\",\"name\":\"Home Hostels Valencia\",\"url\":\"https:\\\/\\\/homehostelsvalencia.com\\\/es\\\/\",\"logo\":{\"@type\":\"ImageObject\",\"inLanguage\":\"es\",\"@id\":\"https:\\\/\\\/homehostelsvalencia.com\\\/es\\\/#\\\/schema\\\/logo\\\/image\\\/\",\"url\":\"https:\\\/\\\/homehostelsvalencia.com\\\/wp-content\\\/uploads\\\/2017\\\/01\\\/logo-home-hostels-valencia-spain.png\",\"contentUrl\":\"https:\\\/\\\/homehostelsvalencia.com\\\/wp-content\\\/uploads\\\/2017\\\/01\\\/logo-home-hostels-valencia-spain.png\",\"width\":233,\"height\":93,\"caption\":\"Home Hostels Valencia\"},\"image\":{\"@id\":\"https:\\\/\\\/homehostelsvalencia.com\\\/es\\\/#\\\/schema\\\/logo\\\/image\\\/\"},\"sameAs\":[\"https:\\\/\\\/www.facebook.com\\\/HomeHostelsValencia\",\"https:\\\/\\\/x.com\\\/homehostelsvlc\",\"https:\\\/\\\/www.youtube.com\\\/user\\\/homehostelsvalencia\"]}]}<\/script>\n<!-- \/ Yoast SEO plugin. -->","yoast_head_json":{"title":"Hostal en la Playa | Home Hostels Valencia","description":"Hostal en la Playa\u00bfSabes cu\u00e1l es el mejor hostal de Valencia? En Home Hostels Valencia tenemos dos de los mejores hostales a tu disposici\u00f3n: Home Youth Hostel y Home Backpackers Hostel.","robots":{"index":"index","follow":"follow","max-snippet":"max-snippet:-1","max-image-preview":"max-image-preview:large","max-video-preview":"max-video-preview:-1"},"canonical":"https:\/\/homehostelsvalencia.com\/es\/hostal-playa-valencia\/","og_locale":"es_ES","og_type":"article","og_title":"Hostal en la Playa | Home Hostels Valencia","og_description":"Hostal en la Playa\u00bfSabes cu\u00e1l es el mejor hostal de Valencia? En Home Hostels Valencia tenemos dos de los mejores hostales a tu disposici\u00f3n: Home Youth Hostel y Home Backpackers Hostel.","og_url":"https:\/\/homehostelsvalencia.com\/es\/hostal-playa-valencia\/","og_site_name":"H\u00f4me Hostels Valencia","article_publisher":"https:\/\/www.facebook.com\/HomeHostelsValencia","article_modified_time":"2022-06-14T11:20:33+00:00","og_image":[{"width":202,"height":155,"url":"https:\/\/homehostelsvalencia.com\/wp-content\/uploads\/2011\/04\/best-hostel-valencia-1.jpg","type":"image\/jpeg"}],"twitter_card":"summary_large_image","twitter_site":"@homehostelsvlc","twitter_misc":{"Tiempo de lectura":"3 minutos"},"schema":{"@context":"https:\/\/schema.org","@graph":[{"@type":"WebPage","@id":"https:\/\/homehostelsvalencia.com\/es\/hostal-playa-valencia\/","url":"https:\/\/homehostelsvalencia.com\/es\/hostal-playa-valencia\/","name":"Hostal en la Playa | Home Hostels Valencia","isPartOf":{"@id":"https:\/\/homehostelsvalencia.com\/es\/#website"},"primaryImageOfPage":{"@id":"https:\/\/homehostelsvalencia.com\/es\/hostal-playa-valencia\/#primaryimage"},"image":{"@id":"https:\/\/homehostelsvalencia.com\/es\/hostal-playa-valencia\/#primaryimage"},"thumbnailUrl":"https:\/\/homehostelsvalencia.com\/wp-content\/uploads\/2011\/04\/best-hostel-valencia-1.jpg","datePublished":"2012-07-05T09:35:27+00:00","dateModified":"2022-06-14T11:20:33+00:00","description":"Hostal en la Playa\u00bfSabes cu\u00e1l es el mejor hostal de Valencia? En Home Hostels Valencia tenemos dos de los mejores hostales a tu disposici\u00f3n: Home Youth Hostel y Home Backpackers Hostel.","breadcrumb":{"@id":"https:\/\/homehostelsvalencia.com\/es\/hostal-playa-valencia\/#breadcrumb"},"inLanguage":"es","potentialAction":[{"@type":"ReadAction","target":["https:\/\/homehostelsvalencia.com\/es\/hostal-playa-valencia\/"]}]},{"@type":"ImageObject","inLanguage":"es","@id":"https:\/\/homehostelsvalencia.com\/es\/hostal-playa-valencia\/#primaryimage","url":"https:\/\/homehostelsvalencia.com\/wp-content\/uploads\/2011\/04\/best-hostel-valencia-1.jpg","contentUrl":"https:\/\/homehostelsvalencia.com\/wp-content\/uploads\/2011\/04\/best-hostel-valencia-1.jpg","width":"202","height":"155"},{"@type":"BreadcrumbList","@id":"https:\/\/homehostelsvalencia.com\/es\/hostal-playa-valencia\/#breadcrumb","itemListElement":[{"@type":"ListItem","position":1,"name":"Portada","item":"https:\/\/homehostelsvalencia.com\/es\/"},{"@type":"ListItem","position":2,"name":"Hostal en la Playa"}]},{"@type":"WebSite","@id":"https:\/\/homehostelsvalencia.com\/es\/#website","url":"https:\/\/homehostelsvalencia.com\/es\/","name":"H\u00f4me Hostels Valencia","description":"If you&#039;re looking for a cheap place to stay en Valencia, come to H\u00f4me Hostels Valencia.","publisher":{"@id":"https:\/\/homehostelsvalencia.com\/es\/#organization"},"potentialAction":[{"@type":"SearchAction","target":{"@type":"EntryPoint","urlTemplate":"https:\/\/homehostelsvalencia.com\/es\/?s={search_term_string}"},"query-input":{"@type":"PropertyValueSpecification","valueRequired":true,"valueName":"search_term_string"}}],"inLanguage":"es"},{"@type":"Organization","@id":"https:\/\/homehostelsvalencia.com\/es\/#organization","name":"Home Hostels Valencia","url":"https:\/\/homehostelsvalencia.com\/es\/","logo":{"@type":"ImageObject","inLanguage":"es","@id":"https:\/\/homehostelsvalencia.com\/es\/#\/schema\/logo\/image\/","url":"https:\/\/homehostelsvalencia.com\/wp-content\/uploads\/2017\/01\/logo-home-hostels-valencia-spain.png","contentUrl":"https:\/\/homehostelsvalencia.com\/wp-content\/uploads\/2017\/01\/logo-home-hostels-valencia-spain.png","width":233,"height":93,"caption":"Home Hostels Valencia"},"image":{"@id":"https:\/\/homehostelsvalencia.com\/es\/#\/schema\/logo\/image\/"},"sameAs":["https:\/\/www.facebook.com\/HomeHostelsValencia","https:\/\/x.com\/homehostelsvlc","https:\/\/www.youtube.com\/user\/homehostelsvalencia"]}]}},"_links":{"self":[{"href":"https:\/\/homehostelsvalencia.com\/es\/wp-json\/wp\/v2\/pages\/3848","targetHints":{"allow":["GET"]}}],"collection":[{"href":"https:\/\/homehostelsvalencia.com\/es\/wp-json\/wp\/v2\/pages"}],"about":[{"href":"https:\/\/homehostelsvalencia.com\/es\/wp-json\/wp\/v2\/types\/page"}],"author":[{"embeddable":true,"href":"https:\/\/homehostelsvalencia.com\/es\/wp-json\/wp\/v2\/users\/15"}],"replies":[{"embeddable":true,"href":"https:\/\/homehostelsvalencia.com\/es\/wp-json\/wp\/v2\/comments?post=3848"}],"version-history":[{"count":0,"href":"https:\/\/homehostelsvalencia.com\/es\/wp-json\/wp\/v2\/pages\/3848\/revisions"}],"wp:featuredmedia":[{"embeddable":true,"href":"https:\/\/homehostelsvalencia.com\/es\/wp-json\/wp\/v2\/media\/3420"}],"wp:attachment":[{"href":"https:\/\/homehostelsvalencia.com\/es\/wp-json\/wp\/v2\/media?parent=3848"}],"curies":[{"name":"wp","href":"https:\/\/api.w.org\/{rel}","templated":true}]}}