{"id":2989,"date":"2012-04-30T11:22:16","date_gmt":"2012-04-30T11:22:16","guid":{"rendered":"http:\/\/dev.homehostelsvalencia.com\/pension-en-valencia\/"},"modified":"2018-02-19T13:45:59","modified_gmt":"2018-02-19T12:45:59","slug":"pension-valencia","status":"publish","type":"page","link":"https:\/\/homehostelsvalencia.com\/es\/pension-valencia\/","title":{"rendered":"Pensi\u00f3n en Valencia"},"content":{"rendered":"<p>Si est\u00e1s buscando una <strong>pensi\u00f3n<\/strong> <strong>en Valencia<\/strong> econ\u00f3mica en nuestros hostales Home Backpackers Valencia y Home Youth Hostel Valencia te ofrecemos dos pensiones de alta calidad para que puedas alojarte, pensadas en un principio para viajeros j\u00f3venes, nuestras pensiones en Valencia se adaptan a todo tipo de viajeros que quieran encontrar un alojamiento acogedor y econ\u00f3mico a la vez.<\/p>\n<p><a title=\"Pensi\u00f3n Valencia\" href=\"\/es\/youth-hostel-valencia\/presentacion\/\">Home Youth Hostel<\/a> es una <strong>pensi\u00f3n<\/strong> en el centro hist\u00f3rico<strong> de Valencia<\/strong> junto al Mercado Central y de La Lonja, dos puntos tur\u00edsticos imprescindibles de la ciudad de <strong>Valencia<\/strong> y a s\u00f3lo 8 minutos a pie desde la estaci\u00f3n de tren y de autob\u00fas.<\/p>\n<p><a title=\"Pensi\u00f3n Valencia\" href=\"\/es\/backpackers-hostel-valencia\/presentacion\/\">Home Backpackers Hostel<\/a> es una pensi\u00f3n en el centro de Valencia, en pleno Barrio del Carmen, a 15 minutos andando desde la estaci\u00f3n de tren y de autob\u00fas.<\/p>\n<p><img decoding=\"async\" class=\"alignleft size-full wp-image-2680\" title=\"ES-Pension-Valencia\" src=\"https:\/\/www.homehostelsvalencia.com\/wp-content\/uploads\/2012\/04\/ES-Pension-Valencia.jpg\" alt=\"Pensi\u00f3n Valencia\" \/><\/p>\n<p>Nuestras <strong>pensiones en Valencia<\/strong> son las de mayor antig\u00fcedad en la ciudad y es por esto que tenemos las tarifas m\u00e1s econ\u00f3micas de toda <strong>Valencia<\/strong>. Tendr\u00e1s recepci\u00f3n 24h, Internet, conocer\u00e1s a gente joven de todas las nacionalidades. Te sentir\u00e1s como en casa ya cada <strong>pensi\u00f3n en Valencia<\/strong> es amplia, limpia, con una decoraci\u00f3n contempor\u00e1nea, yadem\u00e1s podr\u00e1s disfrutar de nuestra enorme terraza en la azotea, ideal para ver las vistas de la ciudad y para tomar el sol en los d\u00edas de verano.<\/p>\n<h2>Pensi\u00f3n Valencia<\/h2>\n<p>Si necesitas una <strong>pensi\u00f3n en Valencia<\/strong> para disfrutar tus vacaciones en la playa o simplemente dar un paseo por el Centro Hist\u00f3rico de la ciudad, este es tu hostal, \u00a1\u00a1 ven y disfruta!!<\/p>\n<p>Home Hostels Valencia, es la primera cadena de<strong> pensiones<\/strong> <strong>en Valencia<\/strong> de bajo presupuesto.<\/p>\n<p>Para m\u00e1s informaci\u00f3n sobre eventos, museos y actividades en Valencia visita nuestra : <a title=\"Pensi\u00f3n Valencia Gu\u00eda de Valencia\" href=\"\/es\/guia-valencia\/\">Gu\u00eda de Valencia <\/a><\/p>\n","protected":false},"excerpt":{"rendered":"<p>Si est\u00e1s buscando una pensi\u00f3n en Valencia econ\u00f3mica en nuestros hostales Home Backpackers Valencia y Home Youth Hostel Valencia te ofrecemos dos pensiones de alta calidad para que puedas alojarte, pensadas en un principio para viajeros j\u00f3venes, nuestras pensiones en Valencia se adaptan a todo tipo de viajeros que quieran encontrar un alojamiento acogedor y [&hellip;]<\/p>\n","protected":false},"author":7,"featured_media":0,"parent":0,"menu_order":0,"comment_status":"closed","ping_status":"closed","template":"","meta":{"footnotes":""},"class_list":["post-2989","page","type-page","status-publish","hentry"],"yoast_head":"<!-- This site is optimized with the Yoast SEO plugin v27.3 - https:\/\/yoast.com\/product\/yoast-seo-wordpress\/ -->\n<title>Pensi\u00f3n Valencia | Home Hostels Valencia<\/title>\n<meta name=\"description\" content=\"Pension Valencia: visita nuestra pensi\u00f3n en Valencia alojamiento barato y gran calidad\" \/>\n<meta name=\"robots\" content=\"index, follow, max-snippet:-1, max-image-preview:large, max-video-preview:-1\" \/>\n<link rel=\"canonical\" href=\"https:\/\/homehostelsvalencia.com\/es\/pension-valencia\/\" \/>\n<meta property=\"og:locale\" content=\"es_ES\" \/>\n<meta property=\"og:type\" content=\"article\" \/>\n<meta property=\"og:title\" content=\"Pensi\u00f3n Valencia | Home Hostels Valencia\" \/>\n<meta property=\"og:description\" content=\"Pension Valencia: visita nuestra pensi\u00f3n en Valencia alojamiento barato y gran calidad\" \/>\n<meta property=\"og:url\" content=\"https:\/\/homehostelsvalencia.com\/es\/pension-valencia\/\" \/>\n<meta property=\"og:site_name\" content=\"H\u00f4me Hostels Valencia\" \/>\n<meta property=\"article:publisher\" content=\"https:\/\/www.facebook.com\/HomeHostelsValencia\" \/>\n<meta property=\"article:modified_time\" content=\"2018-02-19T12:45:59+00:00\" \/>\n<meta property=\"og:image\" content=\"https:\/\/www.homehostelsvalencia.com\/wp-content\/uploads\/2012\/04\/ES-Pension-Valencia.jpg\" \/>\n<meta name=\"twitter:card\" content=\"summary_large_image\" \/>\n<meta name=\"twitter:site\" content=\"@homehostelsvlc\" \/>\n<meta name=\"twitter:label1\" content=\"Tiempo de lectura\" \/>\n\t<meta name=\"twitter:data1\" content=\"2 minutos\" \/>\n<script type=\"application\/ld+json\" class=\"yoast-schema-graph\">{\"@context\":\"https:\\\/\\\/schema.org\",\"@graph\":[{\"@type\":\"WebPage\",\"@id\":\"https:\\\/\\\/homehostelsvalencia.com\\\/es\\\/pension-valencia\\\/\",\"url\":\"https:\\\/\\\/homehostelsvalencia.com\\\/es\\\/pension-valencia\\\/\",\"name\":\"Pensi\u00f3n Valencia | Home Hostels Valencia\",\"isPartOf\":{\"@id\":\"https:\\\/\\\/homehostelsvalencia.com\\\/es\\\/#website\"},\"primaryImageOfPage\":{\"@id\":\"https:\\\/\\\/homehostelsvalencia.com\\\/es\\\/pension-valencia\\\/#primaryimage\"},\"image\":{\"@id\":\"https:\\\/\\\/homehostelsvalencia.com\\\/es\\\/pension-valencia\\\/#primaryimage\"},\"thumbnailUrl\":\"https:\\\/\\\/www.homehostelsvalencia.com\\\/wp-content\\\/uploads\\\/2012\\\/04\\\/ES-Pension-Valencia.jpg\",\"datePublished\":\"2012-04-30T11:22:16+00:00\",\"dateModified\":\"2018-02-19T12:45:59+00:00\",\"description\":\"Pension Valencia: visita nuestra pensi\u00f3n en Valencia alojamiento barato y gran calidad\",\"breadcrumb\":{\"@id\":\"https:\\\/\\\/homehostelsvalencia.com\\\/es\\\/pension-valencia\\\/#breadcrumb\"},\"inLanguage\":\"es\",\"potentialAction\":[{\"@type\":\"ReadAction\",\"target\":[\"https:\\\/\\\/homehostelsvalencia.com\\\/es\\\/pension-valencia\\\/\"]}]},{\"@type\":\"ImageObject\",\"inLanguage\":\"es\",\"@id\":\"https:\\\/\\\/homehostelsvalencia.com\\\/es\\\/pension-valencia\\\/#primaryimage\",\"url\":\"https:\\\/\\\/www.homehostelsvalencia.com\\\/wp-content\\\/uploads\\\/2012\\\/04\\\/ES-Pension-Valencia.jpg\",\"contentUrl\":\"https:\\\/\\\/www.homehostelsvalencia.com\\\/wp-content\\\/uploads\\\/2012\\\/04\\\/ES-Pension-Valencia.jpg\"},{\"@type\":\"BreadcrumbList\",\"@id\":\"https:\\\/\\\/homehostelsvalencia.com\\\/es\\\/pension-valencia\\\/#breadcrumb\",\"itemListElement\":[{\"@type\":\"ListItem\",\"position\":1,\"name\":\"Portada\",\"item\":\"https:\\\/\\\/homehostelsvalencia.com\\\/es\\\/\"},{\"@type\":\"ListItem\",\"position\":2,\"name\":\"Pensi\u00f3n en Valencia\"}]},{\"@type\":\"WebSite\",\"@id\":\"https:\\\/\\\/homehostelsvalencia.com\\\/es\\\/#website\",\"url\":\"https:\\\/\\\/homehostelsvalencia.com\\\/es\\\/\",\"name\":\"H\u00f4me Hostels Valencia\",\"description\":\"If you&#039;re looking for a cheap place to stay en Valencia, come to H\u00f4me Hostels Valencia.\",\"publisher\":{\"@id\":\"https:\\\/\\\/homehostelsvalencia.com\\\/es\\\/#organization\"},\"potentialAction\":[{\"@type\":\"SearchAction\",\"target\":{\"@type\":\"EntryPoint\",\"urlTemplate\":\"https:\\\/\\\/homehostelsvalencia.com\\\/es\\\/?s={search_term_string}\"},\"query-input\":{\"@type\":\"PropertyValueSpecification\",\"valueRequired\":true,\"valueName\":\"search_term_string\"}}],\"inLanguage\":\"es\"},{\"@type\":\"Organization\",\"@id\":\"https:\\\/\\\/homehostelsvalencia.com\\\/es\\\/#organization\",\"name\":\"Home Hostels Valencia\",\"url\":\"https:\\\/\\\/homehostelsvalencia.com\\\/es\\\/\",\"logo\":{\"@type\":\"ImageObject\",\"inLanguage\":\"es\",\"@id\":\"https:\\\/\\\/homehostelsvalencia.com\\\/es\\\/#\\\/schema\\\/logo\\\/image\\\/\",\"url\":\"https:\\\/\\\/homehostelsvalencia.com\\\/wp-content\\\/uploads\\\/2017\\\/01\\\/logo-home-hostels-valencia-spain.png\",\"contentUrl\":\"https:\\\/\\\/homehostelsvalencia.com\\\/wp-content\\\/uploads\\\/2017\\\/01\\\/logo-home-hostels-valencia-spain.png\",\"width\":233,\"height\":93,\"caption\":\"Home Hostels Valencia\"},\"image\":{\"@id\":\"https:\\\/\\\/homehostelsvalencia.com\\\/es\\\/#\\\/schema\\\/logo\\\/image\\\/\"},\"sameAs\":[\"https:\\\/\\\/www.facebook.com\\\/HomeHostelsValencia\",\"https:\\\/\\\/x.com\\\/homehostelsvlc\",\"https:\\\/\\\/www.youtube.com\\\/user\\\/homehostelsvalencia\"]}]}<\/script>\n<!-- \/ Yoast SEO plugin. -->","yoast_head_json":{"title":"Pensi\u00f3n Valencia | Home Hostels Valencia","description":"Pension Valencia: visita nuestra pensi\u00f3n en Valencia alojamiento barato y gran calidad","robots":{"index":"index","follow":"follow","max-snippet":"max-snippet:-1","max-image-preview":"max-image-preview:large","max-video-preview":"max-video-preview:-1"},"canonical":"https:\/\/homehostelsvalencia.com\/es\/pension-valencia\/","og_locale":"es_ES","og_type":"article","og_title":"Pensi\u00f3n Valencia | Home Hostels Valencia","og_description":"Pension Valencia: visita nuestra pensi\u00f3n en Valencia alojamiento barato y gran calidad","og_url":"https:\/\/homehostelsvalencia.com\/es\/pension-valencia\/","og_site_name":"H\u00f4me Hostels Valencia","article_publisher":"https:\/\/www.facebook.com\/HomeHostelsValencia","article_modified_time":"2018-02-19T12:45:59+00:00","og_image":[{"url":"https:\/\/www.homehostelsvalencia.com\/wp-content\/uploads\/2012\/04\/ES-Pension-Valencia.jpg","type":"","width":"","height":""}],"twitter_card":"summary_large_image","twitter_site":"@homehostelsvlc","twitter_misc":{"Tiempo de lectura":"2 minutos"},"schema":{"@context":"https:\/\/schema.org","@graph":[{"@type":"WebPage","@id":"https:\/\/homehostelsvalencia.com\/es\/pension-valencia\/","url":"https:\/\/homehostelsvalencia.com\/es\/pension-valencia\/","name":"Pensi\u00f3n Valencia | Home Hostels Valencia","isPartOf":{"@id":"https:\/\/homehostelsvalencia.com\/es\/#website"},"primaryImageOfPage":{"@id":"https:\/\/homehostelsvalencia.com\/es\/pension-valencia\/#primaryimage"},"image":{"@id":"https:\/\/homehostelsvalencia.com\/es\/pension-valencia\/#primaryimage"},"thumbnailUrl":"https:\/\/www.homehostelsvalencia.com\/wp-content\/uploads\/2012\/04\/ES-Pension-Valencia.jpg","datePublished":"2012-04-30T11:22:16+00:00","dateModified":"2018-02-19T12:45:59+00:00","description":"Pension Valencia: visita nuestra pensi\u00f3n en Valencia alojamiento barato y gran calidad","breadcrumb":{"@id":"https:\/\/homehostelsvalencia.com\/es\/pension-valencia\/#breadcrumb"},"inLanguage":"es","potentialAction":[{"@type":"ReadAction","target":["https:\/\/homehostelsvalencia.com\/es\/pension-valencia\/"]}]},{"@type":"ImageObject","inLanguage":"es","@id":"https:\/\/homehostelsvalencia.com\/es\/pension-valencia\/#primaryimage","url":"https:\/\/www.homehostelsvalencia.com\/wp-content\/uploads\/2012\/04\/ES-Pension-Valencia.jpg","contentUrl":"https:\/\/www.homehostelsvalencia.com\/wp-content\/uploads\/2012\/04\/ES-Pension-Valencia.jpg"},{"@type":"BreadcrumbList","@id":"https:\/\/homehostelsvalencia.com\/es\/pension-valencia\/#breadcrumb","itemListElement":[{"@type":"ListItem","position":1,"name":"Portada","item":"https:\/\/homehostelsvalencia.com\/es\/"},{"@type":"ListItem","position":2,"name":"Pensi\u00f3n en Valencia"}]},{"@type":"WebSite","@id":"https:\/\/homehostelsvalencia.com\/es\/#website","url":"https:\/\/homehostelsvalencia.com\/es\/","name":"H\u00f4me Hostels Valencia","description":"If you&#039;re looking for a cheap place to stay en Valencia, come to H\u00f4me Hostels Valencia.","publisher":{"@id":"https:\/\/homehostelsvalencia.com\/es\/#organization"},"potentialAction":[{"@type":"SearchAction","target":{"@type":"EntryPoint","urlTemplate":"https:\/\/homehostelsvalencia.com\/es\/?s={search_term_string}"},"query-input":{"@type":"PropertyValueSpecification","valueRequired":true,"valueName":"search_term_string"}}],"inLanguage":"es"},{"@type":"Organization","@id":"https:\/\/homehostelsvalencia.com\/es\/#organization","name":"Home Hostels Valencia","url":"https:\/\/homehostelsvalencia.com\/es\/","logo":{"@type":"ImageObject","inLanguage":"es","@id":"https:\/\/homehostelsvalencia.com\/es\/#\/schema\/logo\/image\/","url":"https:\/\/homehostelsvalencia.com\/wp-content\/uploads\/2017\/01\/logo-home-hostels-valencia-spain.png","contentUrl":"https:\/\/homehostelsvalencia.com\/wp-content\/uploads\/2017\/01\/logo-home-hostels-valencia-spain.png","width":233,"height":93,"caption":"Home Hostels Valencia"},"image":{"@id":"https:\/\/homehostelsvalencia.com\/es\/#\/schema\/logo\/image\/"},"sameAs":["https:\/\/www.facebook.com\/HomeHostelsValencia","https:\/\/x.com\/homehostelsvlc","https:\/\/www.youtube.com\/user\/homehostelsvalencia"]}]}},"_links":{"self":[{"href":"https:\/\/homehostelsvalencia.com\/es\/wp-json\/wp\/v2\/pages\/2989","targetHints":{"allow":["GET"]}}],"collection":[{"href":"https:\/\/homehostelsvalencia.com\/es\/wp-json\/wp\/v2\/pages"}],"about":[{"href":"https:\/\/homehostelsvalencia.com\/es\/wp-json\/wp\/v2\/types\/page"}],"author":[{"embeddable":true,"href":"https:\/\/homehostelsvalencia.com\/es\/wp-json\/wp\/v2\/users\/7"}],"replies":[{"embeddable":true,"href":"https:\/\/homehostelsvalencia.com\/es\/wp-json\/wp\/v2\/comments?post=2989"}],"version-history":[{"count":0,"href":"https:\/\/homehostelsvalencia.com\/es\/wp-json\/wp\/v2\/pages\/2989\/revisions"}],"wp:attachment":[{"href":"https:\/\/homehostelsvalencia.com\/es\/wp-json\/wp\/v2\/media?parent=2989"}],"curies":[{"name":"wp","href":"https:\/\/api.w.org\/{rel}","templated":true}]}}