{"id":2983,"date":"2012-04-17T11:40:57","date_gmt":"2012-04-17T11:40:57","guid":{"rendered":"http:\/\/dev.homehostelsvalencia.com\/hostal-para-el-fib-2012\/"},"modified":"2018-02-19T12:28:11","modified_gmt":"2018-02-19T11:28:11","slug":"hostal-fib","status":"publish","type":"page","link":"https:\/\/homehostelsvalencia.com\/es\/hostal-fib\/","title":{"rendered":"Hostal para el FIB"},"content":{"rendered":"<h2>\u00bfEst\u00e1s buscando un <strong>hostal<\/strong> para el Festival Internacional de Benicasim?<\/h2>\n<p style=\"text-align: justify;\">El Festival Internacional de Benic\u00e0ssim es un festival de m\u00fasica independiente que se celebra desde hace 15 a\u00f1os en Benicc\u00e0sim (Castell\u00f3n) a mediados de julio, aunque en sus inicios ten\u00eda lugar el primer fin de semana de agosto.<\/p>\n<p style=\"text-align: center;\"><img fetchpriority=\"high\" decoding=\"async\" class=\"aligncenter\" title=\"Hostal para el FIB\" src=\"https:\/\/www.homehostelsvalencia.com\/wp-content\/uploads\/2012\/04\/FIB-benicassim.jpg\" alt=\"Hostal para el FIB\" width=\"600\" height=\"143\" \/><\/p>\n<p style=\"text-align: justify;\">El <strong>festival<\/strong> es tambi\u00e9n conocido como<strong> FIB<\/strong> Heineken, ya que la marca de cerveza lo lleva patrocinando desde hace a\u00f1os.<\/p>\n<p style=\"text-align: justify;\"><a href=\"https:\/\/www.homehostelsvalencia.com\/wp-content\/uploads\/2012\/04\/fib12-benicassim-cartel-lineup.jpg\"><img decoding=\"async\" class=\"wp-image-2737 alignleft\" title=\"Cartel FIB Benicassim 2012\" src=\"https:\/\/www.homehostelsvalencia.com\/wp-content\/uploads\/2012\/04\/fib12-benicassim-cartel-lineup-161x220.jpg\" alt=\"Cartel FIB Benicassim 2012\" width=\"99\" height=\"136\" srcset=\"https:\/\/homehostelsvalencia.com\/wp-content\/uploads\/2012\/04\/fib12-benicassim-cartel-lineup-161x220.jpg 161w, https:\/\/homehostelsvalencia.com\/wp-content\/uploads\/2012\/04\/fib12-benicassim-cartel-lineup.jpg 500w\" sizes=\"(max-width: 99px) 100vw, 99px\" \/><\/a>Bob Dylan encabeza la lista del cartel de <strong>FIB 2012<\/strong>, <strong>Benic\u00e0ssim<\/strong>. Adem\u00e1s, Jessie J, Robyn Hitchcock &amp; The Venus 3, Agoria, Totally Enormous Extinct Dinosaurs y Arveene &amp; Misk se suman a los artistas ya anunciados para la decimoctava edici\u00f3n de FIB, Benic\u00e0ssim: The Stone Roses, New Order, Florence + The Machine, At The Drive-In, David Guetta, Noel Gallagher\u00b4s High Flying Birds, De La Soul, Dizzee Rascal, The Horrors, The Maccabees, Bombay Bicycle Club, The Vaccines, etc\u00e9tera. Una de las opciones de alojamiento para los miles de visitantes de nuestro <strong>festival<\/strong> musical m\u00e1s emblem\u00e1tico es hospedarse en Valencia y acudir al festival desde la ciudad.<\/p>\n<p style=\"text-align: justify;\">\u00bfPor qu\u00e9 elegir nuestros hostales para el<strong> FIB 2012<\/strong>?<\/p>\n<p style=\"text-align: justify;\">Nuestos <strong>albergues<\/strong> son econ\u00f3micos y se encuentran bien comunicados con la Estaci\u00f3n del Norte donde podr\u00e1s viajar en un tren que te llevar\u00e1 a <strong>Benic\u00e0ssim<\/strong> y cuya frecuencia de paso aumente en estas fechas. Muchos de los visitantes prefieren quedarse en un hostal en Valencia durante el <strong>FIB<\/strong> y poder disfrutar del turismo de la ciudad a la vez que combinarlo con visitas a los conciertos del festival.<\/p>\n<p style=\"text-align: justify;\">En <strong>Home Hostels Valencia<\/strong> te ofrecemos dos hostales muy buenos ubicados en el centro hist\u00f3rico de la ciudad de Valencia.<\/p>\n<p style=\"text-align: justify;\">&#8211; <strong>Home Youth Hostel Valencia: hostal para el FIB<\/strong> con habitaciones para 3 o 4 personas. El primer hostal en Valencia sin literas situado justo en el Barrio del Carmen, en el centro antiguo de la ciudad.<\/p>\n<p style=\"text-align: justify;\"><img decoding=\"async\" title=\"Hostal FIB\" src=\"https:\/\/www.homehostelsvalencia.com\/wp-content\/uploads\/2012\/04\/Home-Youth-Hostel-Valencia-Hostal-Barato-Valencia.jpg\" alt=\"Hostal FIB\" width=\"600\" height=\"143\" \/><\/p>\n<p style=\"text-align: justify;\">&#8211; <strong>Home Backpackers Hostel: hostal para el FIB<\/strong> 6, 8, 12 y 16 camas en literas. Grande, muy barato, limpio, soleado y lleno de color. El hostal m\u00e1s barato de Valencia.<\/p>\n<p style=\"text-align: justify;\"><img loading=\"lazy\" decoding=\"async\" title=\"Hostal FIB\" src=\"https:\/\/www.homehostelsvalencia.com\/wp-content\/uploads\/2012\/04\/Home-Backpackers-Hostel-Valencia-Albergue-Barato-Valencia.jpg\" alt=\"Hostal FIB\" width=\"600\" height=\"143\" \/><\/p>\n","protected":false},"excerpt":{"rendered":"<p>\u00bfEst\u00e1s buscando un hostal para el Festival Internacional de Benicasim? El Festival Internacional de Benic\u00e0ssim es un festival de m\u00fasica independiente que se celebra desde hace 15 a\u00f1os en Benicc\u00e0sim (Castell\u00f3n) a mediados de julio, aunque en sus inicios ten\u00eda lugar el primer fin de semana de agosto. El festival es tambi\u00e9n conocido como FIB [&hellip;]<\/p>\n","protected":false},"author":7,"featured_media":2543,"parent":0,"menu_order":0,"comment_status":"closed","ping_status":"closed","template":"","meta":{"footnotes":""},"class_list":["post-2983","page","type-page","status-publish","has-post-thumbnail","hentry"],"yoast_head":"<!-- This site is optimized with the Yoast SEO plugin v27.5 - https:\/\/yoast.com\/product\/yoast-seo-wordpress\/ -->\n<title>Hostal para el FIB &#183; H\u00f4me Hostels Valencia<\/title>\n<meta name=\"description\" content=\"Buscas un hostal FIB 2012? Echa un vistazo a nuestros hostales baratos para el FIB 2012[\" \/>\n<meta name=\"robots\" content=\"index, follow, max-snippet:-1, max-image-preview:large, max-video-preview:-1\" \/>\n<link rel=\"canonical\" href=\"https:\/\/homehostelsvalencia.com\/es\/hostal-fib\/\" \/>\n<meta property=\"og:locale\" content=\"es_ES\" \/>\n<meta property=\"og:type\" content=\"article\" \/>\n<meta property=\"og:title\" content=\"Hostal para el FIB &#183; H\u00f4me Hostels Valencia\" \/>\n<meta property=\"og:description\" content=\"Buscas un hostal FIB 2012? Echa un vistazo a nuestros hostales baratos para el FIB 2012[\" \/>\n<meta property=\"og:url\" content=\"https:\/\/homehostelsvalencia.com\/es\/hostal-fib\/\" \/>\n<meta property=\"og:site_name\" content=\"H\u00f4me Hostels Valencia\" \/>\n<meta property=\"article:publisher\" content=\"https:\/\/www.facebook.com\/HomeHostelsValencia\" \/>\n<meta property=\"article:modified_time\" content=\"2018-02-19T11:28:11+00:00\" \/>\n<meta property=\"og:image\" content=\"https:\/\/homehostelsvalencia.com\/wp-content\/uploads\/2012\/04\/FIB-20121.jpg\" \/>\n\t<meta property=\"og:image:width\" content=\"550\" \/>\n\t<meta property=\"og:image:height\" content=\"326\" \/>\n\t<meta property=\"og:image:type\" content=\"image\/jpeg\" \/>\n<meta name=\"twitter:card\" content=\"summary_large_image\" \/>\n<meta name=\"twitter:site\" content=\"@homehostelsvlc\" \/>\n<meta name=\"twitter:label1\" content=\"Tiempo de lectura\" \/>\n\t<meta name=\"twitter:data1\" content=\"2 minutos\" \/>\n<script type=\"application\/ld+json\" class=\"yoast-schema-graph\">{\"@context\":\"https:\\\/\\\/schema.org\",\"@graph\":[{\"@type\":\"WebPage\",\"@id\":\"https:\\\/\\\/homehostelsvalencia.com\\\/es\\\/hostal-fib\\\/\",\"url\":\"https:\\\/\\\/homehostelsvalencia.com\\\/es\\\/hostal-fib\\\/\",\"name\":\"Hostal para el FIB &#183; H\u00f4me Hostels Valencia\",\"isPartOf\":{\"@id\":\"https:\\\/\\\/homehostelsvalencia.com\\\/es\\\/#website\"},\"primaryImageOfPage\":{\"@id\":\"https:\\\/\\\/homehostelsvalencia.com\\\/es\\\/hostal-fib\\\/#primaryimage\"},\"image\":{\"@id\":\"https:\\\/\\\/homehostelsvalencia.com\\\/es\\\/hostal-fib\\\/#primaryimage\"},\"thumbnailUrl\":\"https:\\\/\\\/homehostelsvalencia.com\\\/wp-content\\\/uploads\\\/2012\\\/04\\\/FIB-20121.jpg\",\"datePublished\":\"2012-04-17T11:40:57+00:00\",\"dateModified\":\"2018-02-19T11:28:11+00:00\",\"description\":\"Buscas un hostal FIB 2012? Echa un vistazo a nuestros hostales baratos para el FIB 2012[\",\"breadcrumb\":{\"@id\":\"https:\\\/\\\/homehostelsvalencia.com\\\/es\\\/hostal-fib\\\/#breadcrumb\"},\"inLanguage\":\"es\",\"potentialAction\":[{\"@type\":\"ReadAction\",\"target\":[\"https:\\\/\\\/homehostelsvalencia.com\\\/es\\\/hostal-fib\\\/\"]}]},{\"@type\":\"ImageObject\",\"inLanguage\":\"es\",\"@id\":\"https:\\\/\\\/homehostelsvalencia.com\\\/es\\\/hostal-fib\\\/#primaryimage\",\"url\":\"https:\\\/\\\/homehostelsvalencia.com\\\/wp-content\\\/uploads\\\/2012\\\/04\\\/FIB-20121.jpg\",\"contentUrl\":\"https:\\\/\\\/homehostelsvalencia.com\\\/wp-content\\\/uploads\\\/2012\\\/04\\\/FIB-20121.jpg\",\"width\":\"550\",\"height\":\"326\",\"caption\":\"Hostal para el FIB 2012\"},{\"@type\":\"BreadcrumbList\",\"@id\":\"https:\\\/\\\/homehostelsvalencia.com\\\/es\\\/hostal-fib\\\/#breadcrumb\",\"itemListElement\":[{\"@type\":\"ListItem\",\"position\":1,\"name\":\"Portada\",\"item\":\"https:\\\/\\\/homehostelsvalencia.com\\\/es\\\/\"},{\"@type\":\"ListItem\",\"position\":2,\"name\":\"Hostal para el FIB\"}]},{\"@type\":\"WebSite\",\"@id\":\"https:\\\/\\\/homehostelsvalencia.com\\\/es\\\/#website\",\"url\":\"https:\\\/\\\/homehostelsvalencia.com\\\/es\\\/\",\"name\":\"H\u00f4me Hostels Valencia\",\"description\":\"If you&#039;re looking for a cheap place to stay en Valencia, come to H\u00f4me Hostels Valencia.\",\"publisher\":{\"@id\":\"https:\\\/\\\/homehostelsvalencia.com\\\/es\\\/#organization\"},\"potentialAction\":[{\"@type\":\"SearchAction\",\"target\":{\"@type\":\"EntryPoint\",\"urlTemplate\":\"https:\\\/\\\/homehostelsvalencia.com\\\/es\\\/?s={search_term_string}\"},\"query-input\":{\"@type\":\"PropertyValueSpecification\",\"valueRequired\":true,\"valueName\":\"search_term_string\"}}],\"inLanguage\":\"es\"},{\"@type\":\"Organization\",\"@id\":\"https:\\\/\\\/homehostelsvalencia.com\\\/es\\\/#organization\",\"name\":\"Home Hostels Valencia\",\"url\":\"https:\\\/\\\/homehostelsvalencia.com\\\/es\\\/\",\"logo\":{\"@type\":\"ImageObject\",\"inLanguage\":\"es\",\"@id\":\"https:\\\/\\\/homehostelsvalencia.com\\\/es\\\/#\\\/schema\\\/logo\\\/image\\\/\",\"url\":\"https:\\\/\\\/homehostelsvalencia.com\\\/wp-content\\\/uploads\\\/2017\\\/01\\\/logo-home-hostels-valencia-spain.png\",\"contentUrl\":\"https:\\\/\\\/homehostelsvalencia.com\\\/wp-content\\\/uploads\\\/2017\\\/01\\\/logo-home-hostels-valencia-spain.png\",\"width\":233,\"height\":93,\"caption\":\"Home Hostels Valencia\"},\"image\":{\"@id\":\"https:\\\/\\\/homehostelsvalencia.com\\\/es\\\/#\\\/schema\\\/logo\\\/image\\\/\"},\"sameAs\":[\"https:\\\/\\\/www.facebook.com\\\/HomeHostelsValencia\",\"https:\\\/\\\/x.com\\\/homehostelsvlc\",\"https:\\\/\\\/www.youtube.com\\\/user\\\/homehostelsvalencia\"]}]}<\/script>\n<!-- \/ Yoast SEO plugin. -->","yoast_head_json":{"title":"Hostal para el FIB &#183; H\u00f4me Hostels Valencia","description":"Buscas un hostal FIB 2012? Echa un vistazo a nuestros hostales baratos para el FIB 2012[","robots":{"index":"index","follow":"follow","max-snippet":"max-snippet:-1","max-image-preview":"max-image-preview:large","max-video-preview":"max-video-preview:-1"},"canonical":"https:\/\/homehostelsvalencia.com\/es\/hostal-fib\/","og_locale":"es_ES","og_type":"article","og_title":"Hostal para el FIB &#183; H\u00f4me Hostels Valencia","og_description":"Buscas un hostal FIB 2012? Echa un vistazo a nuestros hostales baratos para el FIB 2012[","og_url":"https:\/\/homehostelsvalencia.com\/es\/hostal-fib\/","og_site_name":"H\u00f4me Hostels Valencia","article_publisher":"https:\/\/www.facebook.com\/HomeHostelsValencia","article_modified_time":"2018-02-19T11:28:11+00:00","og_image":[{"width":550,"height":326,"url":"https:\/\/homehostelsvalencia.com\/wp-content\/uploads\/2012\/04\/FIB-20121.jpg","type":"image\/jpeg"}],"twitter_card":"summary_large_image","twitter_site":"@homehostelsvlc","twitter_misc":{"Tiempo de lectura":"2 minutos"},"schema":{"@context":"https:\/\/schema.org","@graph":[{"@type":"WebPage","@id":"https:\/\/homehostelsvalencia.com\/es\/hostal-fib\/","url":"https:\/\/homehostelsvalencia.com\/es\/hostal-fib\/","name":"Hostal para el FIB &#183; H\u00f4me Hostels Valencia","isPartOf":{"@id":"https:\/\/homehostelsvalencia.com\/es\/#website"},"primaryImageOfPage":{"@id":"https:\/\/homehostelsvalencia.com\/es\/hostal-fib\/#primaryimage"},"image":{"@id":"https:\/\/homehostelsvalencia.com\/es\/hostal-fib\/#primaryimage"},"thumbnailUrl":"https:\/\/homehostelsvalencia.com\/wp-content\/uploads\/2012\/04\/FIB-20121.jpg","datePublished":"2012-04-17T11:40:57+00:00","dateModified":"2018-02-19T11:28:11+00:00","description":"Buscas un hostal FIB 2012? Echa un vistazo a nuestros hostales baratos para el FIB 2012[","breadcrumb":{"@id":"https:\/\/homehostelsvalencia.com\/es\/hostal-fib\/#breadcrumb"},"inLanguage":"es","potentialAction":[{"@type":"ReadAction","target":["https:\/\/homehostelsvalencia.com\/es\/hostal-fib\/"]}]},{"@type":"ImageObject","inLanguage":"es","@id":"https:\/\/homehostelsvalencia.com\/es\/hostal-fib\/#primaryimage","url":"https:\/\/homehostelsvalencia.com\/wp-content\/uploads\/2012\/04\/FIB-20121.jpg","contentUrl":"https:\/\/homehostelsvalencia.com\/wp-content\/uploads\/2012\/04\/FIB-20121.jpg","width":"550","height":"326","caption":"Hostal para el FIB 2012"},{"@type":"BreadcrumbList","@id":"https:\/\/homehostelsvalencia.com\/es\/hostal-fib\/#breadcrumb","itemListElement":[{"@type":"ListItem","position":1,"name":"Portada","item":"https:\/\/homehostelsvalencia.com\/es\/"},{"@type":"ListItem","position":2,"name":"Hostal para el FIB"}]},{"@type":"WebSite","@id":"https:\/\/homehostelsvalencia.com\/es\/#website","url":"https:\/\/homehostelsvalencia.com\/es\/","name":"H\u00f4me Hostels Valencia","description":"If you&#039;re looking for a cheap place to stay en Valencia, come to H\u00f4me Hostels Valencia.","publisher":{"@id":"https:\/\/homehostelsvalencia.com\/es\/#organization"},"potentialAction":[{"@type":"SearchAction","target":{"@type":"EntryPoint","urlTemplate":"https:\/\/homehostelsvalencia.com\/es\/?s={search_term_string}"},"query-input":{"@type":"PropertyValueSpecification","valueRequired":true,"valueName":"search_term_string"}}],"inLanguage":"es"},{"@type":"Organization","@id":"https:\/\/homehostelsvalencia.com\/es\/#organization","name":"Home Hostels Valencia","url":"https:\/\/homehostelsvalencia.com\/es\/","logo":{"@type":"ImageObject","inLanguage":"es","@id":"https:\/\/homehostelsvalencia.com\/es\/#\/schema\/logo\/image\/","url":"https:\/\/homehostelsvalencia.com\/wp-content\/uploads\/2017\/01\/logo-home-hostels-valencia-spain.png","contentUrl":"https:\/\/homehostelsvalencia.com\/wp-content\/uploads\/2017\/01\/logo-home-hostels-valencia-spain.png","width":233,"height":93,"caption":"Home Hostels Valencia"},"image":{"@id":"https:\/\/homehostelsvalencia.com\/es\/#\/schema\/logo\/image\/"},"sameAs":["https:\/\/www.facebook.com\/HomeHostelsValencia","https:\/\/x.com\/homehostelsvlc","https:\/\/www.youtube.com\/user\/homehostelsvalencia"]}]}},"_links":{"self":[{"href":"https:\/\/homehostelsvalencia.com\/es\/wp-json\/wp\/v2\/pages\/2983","targetHints":{"allow":["GET"]}}],"collection":[{"href":"https:\/\/homehostelsvalencia.com\/es\/wp-json\/wp\/v2\/pages"}],"about":[{"href":"https:\/\/homehostelsvalencia.com\/es\/wp-json\/wp\/v2\/types\/page"}],"author":[{"embeddable":true,"href":"https:\/\/homehostelsvalencia.com\/es\/wp-json\/wp\/v2\/users\/7"}],"replies":[{"embeddable":true,"href":"https:\/\/homehostelsvalencia.com\/es\/wp-json\/wp\/v2\/comments?post=2983"}],"version-history":[{"count":0,"href":"https:\/\/homehostelsvalencia.com\/es\/wp-json\/wp\/v2\/pages\/2983\/revisions"}],"wp:featuredmedia":[{"embeddable":true,"href":"https:\/\/homehostelsvalencia.com\/es\/wp-json\/wp\/v2\/media\/2543"}],"wp:attachment":[{"href":"https:\/\/homehostelsvalencia.com\/es\/wp-json\/wp\/v2\/media?parent=2983"}],"curies":[{"name":"wp","href":"https:\/\/api.w.org\/{rel}","templated":true}]}}