{"id":2980,"date":"2012-03-14T18:25:23","date_gmt":"2012-03-14T18:25:23","guid":{"rendered":"http:\/\/dev.homehostelsvalencia.com\/hostal-para-grupos-en-valencia\/"},"modified":"2018-02-20T13:54:22","modified_gmt":"2018-02-20T12:54:22","slug":"grupos","status":"publish","type":"page","link":"https:\/\/homehostelsvalencia.com\/es\/grupos\/","title":{"rendered":"Hostal para grupos en Valencia"},"content":{"rendered":"<h1 style=\"text-align: center;\"><strong>\u00bfBuscas un Hostel para tu grupo en Valencia?<\/strong><\/h1>\n<p style=\"text-align: center;\">Completa y env\u00edanos este formulario y nosotros te enviaremos el presupuesto a tu email lo m\u00e1s r\u00e1pido posible. Recuerda que cuanta mayor informaci\u00f3n nos des, mayor precisi\u00f3n tendr\u00e1n nuestros presupuestos<\/p>\n<p style=\"text-align: center;\">[contact-form-7 id=\u00bb7661&#8243; title=\u00bbES Groups WEB\u00bb]<\/p>\n<hr \/>\n<p style=\"text-align: justify;\">Si estas buscando un <strong>alojamiento barato en la ciudad de Valencia<\/strong> y sois un <strong>grupo de al menos 10 personas<\/strong> venid a Home Hostels Valencia, dos hostales situados en pleno centro de Valencia.<\/p>\n<p style=\"text-align: justify;\"><strong>\u00a1\u00a1Todos los grupos son bienvenidos a los hostales Home Hostels Valencia!!<\/strong><\/p>\n<p style=\"text-align: justify;\">Entre los dos hostales podemos alojar hasta 180 personas\u2026 \u00bftienes tantos amigos? Adem\u00e1s de un alojamiento c\u00e9ntrico y muy econ\u00f3mico Podemos ofrecer desayunos, pic-nics, meriendas, comidas y cenas. Organizar walking tours, alquiler de bicicletas, clases de paella, y mucho m\u00e1s!<\/p>\n<p style=\"text-align: justify;\">No lo dudes m\u00e1s, ponte en contacto con nosotros y te daremos el mejor presupuesto posible para tu grupo de amigos!! *<\/p>\n<p style=\"text-align: justify;\"><strong>\u00a1\u00a1Te garantizamos el precio m\u00e1s barato en la ciudad!!<\/strong><\/p>\n<p style=\"text-align: justify;\">*Dependiendo del tama\u00f1o del grupo, fechas y disponibilidad confeccionaremos el mejor presupuesto con las tarifas m\u00e1s acordes a las necesidades de cada uno.<br \/>\n* El pago de la cantidad total de la reserva para grupos debe ser abonado con anterioridad a la fecha de llegada<\/p>\n<p style=\"text-align: justify;\">Rellena este formulario y nos pondremos en contacto con la mayor brevedad posible.<\/p>\n","protected":false},"excerpt":{"rendered":"<p>\u00bfBuscas un Hostel para tu grupo en Valencia? Completa y env\u00edanos este formulario y nosotros te enviaremos el presupuesto a tu email lo m\u00e1s r\u00e1pido posible. Recuerda que cuanta mayor informaci\u00f3n nos des, mayor precisi\u00f3n tendr\u00e1n nuestros presupuestos [contact-form-7 id=\u00bb7661&#8243; title=\u00bbES Groups WEB\u00bb] Si estas buscando un alojamiento barato en la ciudad de Valencia y [&hellip;]<\/p>\n","protected":false},"author":15,"featured_media":6283,"parent":0,"menu_order":0,"comment_status":"closed","ping_status":"closed","template":"","meta":{"footnotes":""},"class_list":["post-2980","page","type-page","status-publish","has-post-thumbnail","hentry"],"yoast_head":"<!-- This site is optimized with the Yoast SEO plugin v27.4 - https:\/\/yoast.com\/product\/yoast-seo-wordpress\/ -->\n<title>Hostal para grupos en Valencia - Home Hostels Valencia<\/title>\n<meta name=\"description\" content=\"\u00a1Te garantizamos el precio m\u00e1s barato en la ciudad! Si estas buscando un Hostal para grupos barato en Valencia para grupos ven a Home Hostels Valencia.\" \/>\n<meta name=\"robots\" content=\"index, follow, max-snippet:-1, max-image-preview:large, max-video-preview:-1\" \/>\n<link rel=\"canonical\" href=\"https:\/\/homehostelsvalencia.com\/es\/grupos\/\" \/>\n<meta property=\"og:locale\" content=\"es_ES\" \/>\n<meta property=\"og:type\" content=\"article\" \/>\n<meta property=\"og:title\" content=\"Hostal para grupos en Valencia - Home Hostels Valencia\" \/>\n<meta property=\"og:description\" content=\"\u00a1Te garantizamos el precio m\u00e1s barato en la ciudad! Si estas buscando un Hostal para grupos barato en Valencia para grupos ven a Home Hostels Valencia.\" \/>\n<meta property=\"og:url\" content=\"https:\/\/homehostelsvalencia.com\/es\/grupos\/\" \/>\n<meta property=\"og:site_name\" content=\"H\u00f4me Hostels Valencia\" \/>\n<meta property=\"article:publisher\" content=\"https:\/\/www.facebook.com\/HomeHostelsValencia\" \/>\n<meta property=\"article:modified_time\" content=\"2018-02-20T12:54:22+00:00\" \/>\n<meta property=\"og:image\" content=\"https:\/\/homehostelsvalencia.com\/wp-content\/uploads\/2012\/03\/groups-homehostelsvalencia.jpg\" \/>\n\t<meta property=\"og:image:width\" content=\"800\" \/>\n\t<meta property=\"og:image:height\" content=\"537\" \/>\n\t<meta property=\"og:image:type\" content=\"image\/jpeg\" \/>\n<meta name=\"twitter:card\" content=\"summary_large_image\" \/>\n<meta name=\"twitter:site\" content=\"@homehostelsvlc\" \/>\n<meta name=\"twitter:label1\" content=\"Tiempo de lectura\" \/>\n\t<meta name=\"twitter:data1\" content=\"1 minuto\" \/>\n<script type=\"application\/ld+json\" class=\"yoast-schema-graph\">{\"@context\":\"https:\\\/\\\/schema.org\",\"@graph\":[{\"@type\":\"WebPage\",\"@id\":\"https:\\\/\\\/homehostelsvalencia.com\\\/es\\\/grupos\\\/\",\"url\":\"https:\\\/\\\/homehostelsvalencia.com\\\/es\\\/grupos\\\/\",\"name\":\"Hostal para grupos en Valencia - Home Hostels Valencia\",\"isPartOf\":{\"@id\":\"https:\\\/\\\/homehostelsvalencia.com\\\/es\\\/#website\"},\"primaryImageOfPage\":{\"@id\":\"https:\\\/\\\/homehostelsvalencia.com\\\/es\\\/grupos\\\/#primaryimage\"},\"image\":{\"@id\":\"https:\\\/\\\/homehostelsvalencia.com\\\/es\\\/grupos\\\/#primaryimage\"},\"thumbnailUrl\":\"https:\\\/\\\/homehostelsvalencia.com\\\/wp-content\\\/uploads\\\/2012\\\/03\\\/groups-homehostelsvalencia.jpg\",\"datePublished\":\"2012-03-14T18:25:23+00:00\",\"dateModified\":\"2018-02-20T12:54:22+00:00\",\"description\":\"\u00a1Te garantizamos el precio m\u00e1s barato en la ciudad! Si estas buscando un Hostal para grupos barato en Valencia para grupos ven a Home Hostels Valencia.\",\"breadcrumb\":{\"@id\":\"https:\\\/\\\/homehostelsvalencia.com\\\/es\\\/grupos\\\/#breadcrumb\"},\"inLanguage\":\"es\",\"potentialAction\":[{\"@type\":\"ReadAction\",\"target\":[\"https:\\\/\\\/homehostelsvalencia.com\\\/es\\\/grupos\\\/\"]}]},{\"@type\":\"ImageObject\",\"inLanguage\":\"es\",\"@id\":\"https:\\\/\\\/homehostelsvalencia.com\\\/es\\\/grupos\\\/#primaryimage\",\"url\":\"https:\\\/\\\/homehostelsvalencia.com\\\/wp-content\\\/uploads\\\/2012\\\/03\\\/groups-homehostelsvalencia.jpg\",\"contentUrl\":\"https:\\\/\\\/homehostelsvalencia.com\\\/wp-content\\\/uploads\\\/2012\\\/03\\\/groups-homehostelsvalencia.jpg\",\"width\":800,\"height\":537,\"caption\":\"Groups Home Hostel Valencia\"},{\"@type\":\"BreadcrumbList\",\"@id\":\"https:\\\/\\\/homehostelsvalencia.com\\\/es\\\/grupos\\\/#breadcrumb\",\"itemListElement\":[{\"@type\":\"ListItem\",\"position\":1,\"name\":\"Portada\",\"item\":\"https:\\\/\\\/homehostelsvalencia.com\\\/es\\\/\"},{\"@type\":\"ListItem\",\"position\":2,\"name\":\"Hostal para grupos en Valencia\"}]},{\"@type\":\"WebSite\",\"@id\":\"https:\\\/\\\/homehostelsvalencia.com\\\/es\\\/#website\",\"url\":\"https:\\\/\\\/homehostelsvalencia.com\\\/es\\\/\",\"name\":\"H\u00f4me Hostels Valencia\",\"description\":\"If you&#039;re looking for a cheap place to stay en Valencia, come to H\u00f4me Hostels Valencia.\",\"publisher\":{\"@id\":\"https:\\\/\\\/homehostelsvalencia.com\\\/es\\\/#organization\"},\"potentialAction\":[{\"@type\":\"SearchAction\",\"target\":{\"@type\":\"EntryPoint\",\"urlTemplate\":\"https:\\\/\\\/homehostelsvalencia.com\\\/es\\\/?s={search_term_string}\"},\"query-input\":{\"@type\":\"PropertyValueSpecification\",\"valueRequired\":true,\"valueName\":\"search_term_string\"}}],\"inLanguage\":\"es\"},{\"@type\":\"Organization\",\"@id\":\"https:\\\/\\\/homehostelsvalencia.com\\\/es\\\/#organization\",\"name\":\"Home Hostels Valencia\",\"url\":\"https:\\\/\\\/homehostelsvalencia.com\\\/es\\\/\",\"logo\":{\"@type\":\"ImageObject\",\"inLanguage\":\"es\",\"@id\":\"https:\\\/\\\/homehostelsvalencia.com\\\/es\\\/#\\\/schema\\\/logo\\\/image\\\/\",\"url\":\"https:\\\/\\\/homehostelsvalencia.com\\\/wp-content\\\/uploads\\\/2017\\\/01\\\/logo-home-hostels-valencia-spain.png\",\"contentUrl\":\"https:\\\/\\\/homehostelsvalencia.com\\\/wp-content\\\/uploads\\\/2017\\\/01\\\/logo-home-hostels-valencia-spain.png\",\"width\":233,\"height\":93,\"caption\":\"Home Hostels Valencia\"},\"image\":{\"@id\":\"https:\\\/\\\/homehostelsvalencia.com\\\/es\\\/#\\\/schema\\\/logo\\\/image\\\/\"},\"sameAs\":[\"https:\\\/\\\/www.facebook.com\\\/HomeHostelsValencia\",\"https:\\\/\\\/x.com\\\/homehostelsvlc\",\"https:\\\/\\\/www.youtube.com\\\/user\\\/homehostelsvalencia\"]}]}<\/script>\n<!-- \/ Yoast SEO plugin. -->","yoast_head_json":{"title":"Hostal para grupos en Valencia - Home Hostels Valencia","description":"\u00a1Te garantizamos el precio m\u00e1s barato en la ciudad! Si estas buscando un Hostal para grupos barato en Valencia para grupos ven a Home Hostels Valencia.","robots":{"index":"index","follow":"follow","max-snippet":"max-snippet:-1","max-image-preview":"max-image-preview:large","max-video-preview":"max-video-preview:-1"},"canonical":"https:\/\/homehostelsvalencia.com\/es\/grupos\/","og_locale":"es_ES","og_type":"article","og_title":"Hostal para grupos en Valencia - Home Hostels Valencia","og_description":"\u00a1Te garantizamos el precio m\u00e1s barato en la ciudad! Si estas buscando un Hostal para grupos barato en Valencia para grupos ven a Home Hostels Valencia.","og_url":"https:\/\/homehostelsvalencia.com\/es\/grupos\/","og_site_name":"H\u00f4me Hostels Valencia","article_publisher":"https:\/\/www.facebook.com\/HomeHostelsValencia","article_modified_time":"2018-02-20T12:54:22+00:00","og_image":[{"width":800,"height":537,"url":"https:\/\/homehostelsvalencia.com\/wp-content\/uploads\/2012\/03\/groups-homehostelsvalencia.jpg","type":"image\/jpeg"}],"twitter_card":"summary_large_image","twitter_site":"@homehostelsvlc","twitter_misc":{"Tiempo de lectura":"1 minuto"},"schema":{"@context":"https:\/\/schema.org","@graph":[{"@type":"WebPage","@id":"https:\/\/homehostelsvalencia.com\/es\/grupos\/","url":"https:\/\/homehostelsvalencia.com\/es\/grupos\/","name":"Hostal para grupos en Valencia - Home Hostels Valencia","isPartOf":{"@id":"https:\/\/homehostelsvalencia.com\/es\/#website"},"primaryImageOfPage":{"@id":"https:\/\/homehostelsvalencia.com\/es\/grupos\/#primaryimage"},"image":{"@id":"https:\/\/homehostelsvalencia.com\/es\/grupos\/#primaryimage"},"thumbnailUrl":"https:\/\/homehostelsvalencia.com\/wp-content\/uploads\/2012\/03\/groups-homehostelsvalencia.jpg","datePublished":"2012-03-14T18:25:23+00:00","dateModified":"2018-02-20T12:54:22+00:00","description":"\u00a1Te garantizamos el precio m\u00e1s barato en la ciudad! Si estas buscando un Hostal para grupos barato en Valencia para grupos ven a Home Hostels Valencia.","breadcrumb":{"@id":"https:\/\/homehostelsvalencia.com\/es\/grupos\/#breadcrumb"},"inLanguage":"es","potentialAction":[{"@type":"ReadAction","target":["https:\/\/homehostelsvalencia.com\/es\/grupos\/"]}]},{"@type":"ImageObject","inLanguage":"es","@id":"https:\/\/homehostelsvalencia.com\/es\/grupos\/#primaryimage","url":"https:\/\/homehostelsvalencia.com\/wp-content\/uploads\/2012\/03\/groups-homehostelsvalencia.jpg","contentUrl":"https:\/\/homehostelsvalencia.com\/wp-content\/uploads\/2012\/03\/groups-homehostelsvalencia.jpg","width":800,"height":537,"caption":"Groups Home Hostel Valencia"},{"@type":"BreadcrumbList","@id":"https:\/\/homehostelsvalencia.com\/es\/grupos\/#breadcrumb","itemListElement":[{"@type":"ListItem","position":1,"name":"Portada","item":"https:\/\/homehostelsvalencia.com\/es\/"},{"@type":"ListItem","position":2,"name":"Hostal para grupos en Valencia"}]},{"@type":"WebSite","@id":"https:\/\/homehostelsvalencia.com\/es\/#website","url":"https:\/\/homehostelsvalencia.com\/es\/","name":"H\u00f4me Hostels Valencia","description":"If you&#039;re looking for a cheap place to stay en Valencia, come to H\u00f4me Hostels Valencia.","publisher":{"@id":"https:\/\/homehostelsvalencia.com\/es\/#organization"},"potentialAction":[{"@type":"SearchAction","target":{"@type":"EntryPoint","urlTemplate":"https:\/\/homehostelsvalencia.com\/es\/?s={search_term_string}"},"query-input":{"@type":"PropertyValueSpecification","valueRequired":true,"valueName":"search_term_string"}}],"inLanguage":"es"},{"@type":"Organization","@id":"https:\/\/homehostelsvalencia.com\/es\/#organization","name":"Home Hostels Valencia","url":"https:\/\/homehostelsvalencia.com\/es\/","logo":{"@type":"ImageObject","inLanguage":"es","@id":"https:\/\/homehostelsvalencia.com\/es\/#\/schema\/logo\/image\/","url":"https:\/\/homehostelsvalencia.com\/wp-content\/uploads\/2017\/01\/logo-home-hostels-valencia-spain.png","contentUrl":"https:\/\/homehostelsvalencia.com\/wp-content\/uploads\/2017\/01\/logo-home-hostels-valencia-spain.png","width":233,"height":93,"caption":"Home Hostels Valencia"},"image":{"@id":"https:\/\/homehostelsvalencia.com\/es\/#\/schema\/logo\/image\/"},"sameAs":["https:\/\/www.facebook.com\/HomeHostelsValencia","https:\/\/x.com\/homehostelsvlc","https:\/\/www.youtube.com\/user\/homehostelsvalencia"]}]}},"_links":{"self":[{"href":"https:\/\/homehostelsvalencia.com\/es\/wp-json\/wp\/v2\/pages\/2980","targetHints":{"allow":["GET"]}}],"collection":[{"href":"https:\/\/homehostelsvalencia.com\/es\/wp-json\/wp\/v2\/pages"}],"about":[{"href":"https:\/\/homehostelsvalencia.com\/es\/wp-json\/wp\/v2\/types\/page"}],"author":[{"embeddable":true,"href":"https:\/\/homehostelsvalencia.com\/es\/wp-json\/wp\/v2\/users\/15"}],"replies":[{"embeddable":true,"href":"https:\/\/homehostelsvalencia.com\/es\/wp-json\/wp\/v2\/comments?post=2980"}],"version-history":[{"count":0,"href":"https:\/\/homehostelsvalencia.com\/es\/wp-json\/wp\/v2\/pages\/2980\/revisions"}],"wp:featuredmedia":[{"embeddable":true,"href":"https:\/\/homehostelsvalencia.com\/es\/wp-json\/wp\/v2\/media\/6283"}],"wp:attachment":[{"href":"https:\/\/homehostelsvalencia.com\/es\/wp-json\/wp\/v2\/media?parent=2980"}],"curies":[{"name":"wp","href":"https:\/\/api.w.org\/{rel}","templated":true}]}}