{"id":2919,"date":"2011-05-18T09:23:47","date_gmt":"2011-05-18T09:23:47","guid":{"rendered":"http:\/\/dev.homehostelsvalencia.com\/home-youth-hostel-valencia-grupos\/"},"modified":"2018-02-21T00:25:52","modified_gmt":"2018-02-20T23:25:52","slug":"hostal-grupos-valencia","status":"publish","type":"page","link":"https:\/\/homehostelsvalencia.com\/es\/youth-hostel-valencia\/hostal-grupos-valencia\/","title":{"rendered":"Home Youth Hostel Valencia para Grupos"},"content":{"rendered":"<h1 style=\"text-align: center;\"><strong>\u00bfBuscas un Hostel para tu grupo en Valencia?<\/strong><\/h1>\n<p style=\"text-align: center;\">Completa y env\u00edanos este formulario y nosotros te enviaremos el presupuesto a tu email lo m\u00e1s r\u00e1pido posible. Recuerda que cuanta mayor informaci\u00f3n nos des, mayor precisi\u00f3n tendr\u00e1n nuestros presupuestos<\/p>\n<p style=\"text-align: center;\">[contact-form-7 id=\u00bb7661&#8243; title=\u00bbES Groups WEB\u00bb]<\/p>\n<hr \/>\n<p style=\"text-align: justify;\">En Home Youth Hostel te ofrecemos a ti a tus amigos, diversi\u00f3n, seguridad, alojamiento confortable.<\/p>\n<p style=\"text-align: justify;\">Nos gustar\u00eda conocerte para poder ofrecerte el mejor producto posible. Tenemos un equipo dedicado a las reservas de grupo que pueden ayudarte con cualquier requerimiento que necesites y nuestro personal te puede ayudar con casi cualquier cosa.<\/p>\n<p style=\"text-align: justify;\"><strong>Te garantizamos el precio m\u00e1s barato en la ciudad!!<\/strong><\/p>\n<p style=\"text-align: justify;\"><strong>Home Youth Hostel<\/strong> en un peque\u00f1o y acogedor hostal, con habitaciones bonitas y sin literas, a dos pasos del mercado central.<\/p>\n<p style=\"text-align: justify;\">Si sois un grupo muy amplio y prefer\u00eds alojaros en un albergue en Valencia grande y confortable con una enorme terraza al aire libre (200mts cuadrados) elige <strong><a href=\"https:\/\/homehostelsvalencia.com\/es\/backpackers-hostel-valencia\/presentacion\/\">Home Backpackers<\/a><\/strong>, sin duda te podemos ofrecer el mejor precio de la ciudad.<\/p>\n<p style=\"text-align: justify;\">Contacta con nosotros para sus reservas de grupo: <a href=\"mailto:groups@feetuphostels.com\">groups@feetuphostels.com<\/a><\/p>\n<p style=\"text-align: center;\">[su_menu name=\u00bbES Youth\u00bb class=\u00bblist-amenities\u00bb]<\/p>\n","protected":false},"excerpt":{"rendered":"<p>\u00bfBuscas un Hostel para tu grupo en Valencia? Completa y env\u00edanos este formulario y nosotros te enviaremos el presupuesto a tu email lo m\u00e1s r\u00e1pido posible. Recuerda que cuanta mayor informaci\u00f3n nos des, mayor precisi\u00f3n tendr\u00e1n nuestros presupuestos [contact-form-7 id=\u00bb7661&#8243; title=\u00bbES Groups WEB\u00bb] En Home Youth Hostel te ofrecemos a ti a tus amigos, diversi\u00f3n, [&hellip;]<\/p>\n","protected":false},"author":15,"featured_media":6283,"parent":3703,"menu_order":0,"comment_status":"closed","ping_status":"closed","template":"","meta":{"footnotes":""},"class_list":["post-2919","page","type-page","status-publish","has-post-thumbnail","hentry"],"yoast_head":"<!-- This site is optimized with the Yoast SEO plugin v27.4 - https:\/\/yoast.com\/product\/yoast-seo-wordpress\/ -->\n<title>Grupos en Home Youth Hostels | Home Hostels Valencia<\/title>\n<meta name=\"description\" content=\"H\u00f4me Youth te garantiza el precio m\u00e1s barato en la ciudad! Adem\u00e1s de diversi\u00f3n, seguridad y comodidad. Grupos en Home Youth Hostels | Home Hostels Valencia\" \/>\n<meta name=\"robots\" content=\"index, follow, max-snippet:-1, max-image-preview:large, max-video-preview:-1\" \/>\n<link rel=\"canonical\" href=\"https:\/\/homehostelsvalencia.com\/es\/youth-hostel-valencia\/hostal-grupos-valencia\/\" \/>\n<meta property=\"og:locale\" content=\"es_ES\" \/>\n<meta property=\"og:type\" content=\"article\" \/>\n<meta property=\"og:title\" content=\"Grupos en Home Youth Hostels | Home Hostels Valencia\" \/>\n<meta property=\"og:description\" content=\"H\u00f4me Youth te garantiza el precio m\u00e1s barato en la ciudad! Adem\u00e1s de diversi\u00f3n, seguridad y comodidad. Grupos en Home Youth Hostels | Home Hostels Valencia\" \/>\n<meta property=\"og:url\" content=\"https:\/\/homehostelsvalencia.com\/es\/youth-hostel-valencia\/hostal-grupos-valencia\/\" \/>\n<meta property=\"og:site_name\" content=\"H\u00f4me Hostels Valencia\" \/>\n<meta property=\"article:publisher\" content=\"https:\/\/www.facebook.com\/HomeHostelsValencia\" \/>\n<meta property=\"article:modified_time\" content=\"2018-02-20T23:25:52+00:00\" \/>\n<meta property=\"og:image\" content=\"https:\/\/homehostelsvalencia.com\/wp-content\/uploads\/2012\/03\/groups-homehostelsvalencia.jpg\" \/>\n\t<meta property=\"og:image:width\" content=\"800\" \/>\n\t<meta property=\"og:image:height\" content=\"537\" \/>\n\t<meta property=\"og:image:type\" content=\"image\/jpeg\" \/>\n<meta name=\"twitter:card\" content=\"summary_large_image\" \/>\n<meta name=\"twitter:site\" content=\"@homehostelsvlc\" \/>\n<meta name=\"twitter:label1\" content=\"Tiempo de lectura\" \/>\n\t<meta name=\"twitter:data1\" content=\"1 minuto\" \/>\n<script type=\"application\/ld+json\" class=\"yoast-schema-graph\">{\"@context\":\"https:\\\/\\\/schema.org\",\"@graph\":[{\"@type\":\"WebPage\",\"@id\":\"https:\\\/\\\/homehostelsvalencia.com\\\/es\\\/youth-hostel-valencia\\\/hostal-grupos-valencia\\\/\",\"url\":\"https:\\\/\\\/homehostelsvalencia.com\\\/es\\\/youth-hostel-valencia\\\/hostal-grupos-valencia\\\/\",\"name\":\"Grupos en Home Youth Hostels | Home Hostels Valencia\",\"isPartOf\":{\"@id\":\"https:\\\/\\\/homehostelsvalencia.com\\\/es\\\/#website\"},\"primaryImageOfPage\":{\"@id\":\"https:\\\/\\\/homehostelsvalencia.com\\\/es\\\/youth-hostel-valencia\\\/hostal-grupos-valencia\\\/#primaryimage\"},\"image\":{\"@id\":\"https:\\\/\\\/homehostelsvalencia.com\\\/es\\\/youth-hostel-valencia\\\/hostal-grupos-valencia\\\/#primaryimage\"},\"thumbnailUrl\":\"https:\\\/\\\/homehostelsvalencia.com\\\/wp-content\\\/uploads\\\/2012\\\/03\\\/groups-homehostelsvalencia.jpg\",\"datePublished\":\"2011-05-18T09:23:47+00:00\",\"dateModified\":\"2018-02-20T23:25:52+00:00\",\"description\":\"H\u00f4me Youth te garantiza el precio m\u00e1s barato en la ciudad! Adem\u00e1s de diversi\u00f3n, seguridad y comodidad. Grupos en Home Youth Hostels | Home Hostels Valencia\",\"breadcrumb\":{\"@id\":\"https:\\\/\\\/homehostelsvalencia.com\\\/es\\\/youth-hostel-valencia\\\/hostal-grupos-valencia\\\/#breadcrumb\"},\"inLanguage\":\"es\",\"potentialAction\":[{\"@type\":\"ReadAction\",\"target\":[\"https:\\\/\\\/homehostelsvalencia.com\\\/es\\\/youth-hostel-valencia\\\/hostal-grupos-valencia\\\/\"]}]},{\"@type\":\"ImageObject\",\"inLanguage\":\"es\",\"@id\":\"https:\\\/\\\/homehostelsvalencia.com\\\/es\\\/youth-hostel-valencia\\\/hostal-grupos-valencia\\\/#primaryimage\",\"url\":\"https:\\\/\\\/homehostelsvalencia.com\\\/wp-content\\\/uploads\\\/2012\\\/03\\\/groups-homehostelsvalencia.jpg\",\"contentUrl\":\"https:\\\/\\\/homehostelsvalencia.com\\\/wp-content\\\/uploads\\\/2012\\\/03\\\/groups-homehostelsvalencia.jpg\",\"width\":800,\"height\":537,\"caption\":\"Groups Home Hostel Valencia\"},{\"@type\":\"BreadcrumbList\",\"@id\":\"https:\\\/\\\/homehostelsvalencia.com\\\/es\\\/youth-hostel-valencia\\\/hostal-grupos-valencia\\\/#breadcrumb\",\"itemListElement\":[{\"@type\":\"ListItem\",\"position\":1,\"name\":\"Portada\",\"item\":\"https:\\\/\\\/homehostelsvalencia.com\\\/es\\\/\"},{\"@type\":\"ListItem\",\"position\":2,\"name\":\"Youth Hostel\",\"item\":\"https:\\\/\\\/homehostelsvalencia.com\\\/es\\\/youth-hostel-valencia\\\/\"},{\"@type\":\"ListItem\",\"position\":3,\"name\":\"Home Youth Hostel Valencia para Grupos\"}]},{\"@type\":\"WebSite\",\"@id\":\"https:\\\/\\\/homehostelsvalencia.com\\\/es\\\/#website\",\"url\":\"https:\\\/\\\/homehostelsvalencia.com\\\/es\\\/\",\"name\":\"H\u00f4me Hostels Valencia\",\"description\":\"If you&#039;re looking for a cheap place to stay en Valencia, come to H\u00f4me Hostels Valencia.\",\"publisher\":{\"@id\":\"https:\\\/\\\/homehostelsvalencia.com\\\/es\\\/#organization\"},\"potentialAction\":[{\"@type\":\"SearchAction\",\"target\":{\"@type\":\"EntryPoint\",\"urlTemplate\":\"https:\\\/\\\/homehostelsvalencia.com\\\/es\\\/?s={search_term_string}\"},\"query-input\":{\"@type\":\"PropertyValueSpecification\",\"valueRequired\":true,\"valueName\":\"search_term_string\"}}],\"inLanguage\":\"es\"},{\"@type\":\"Organization\",\"@id\":\"https:\\\/\\\/homehostelsvalencia.com\\\/es\\\/#organization\",\"name\":\"Home Hostels Valencia\",\"url\":\"https:\\\/\\\/homehostelsvalencia.com\\\/es\\\/\",\"logo\":{\"@type\":\"ImageObject\",\"inLanguage\":\"es\",\"@id\":\"https:\\\/\\\/homehostelsvalencia.com\\\/es\\\/#\\\/schema\\\/logo\\\/image\\\/\",\"url\":\"https:\\\/\\\/homehostelsvalencia.com\\\/wp-content\\\/uploads\\\/2017\\\/01\\\/logo-home-hostels-valencia-spain.png\",\"contentUrl\":\"https:\\\/\\\/homehostelsvalencia.com\\\/wp-content\\\/uploads\\\/2017\\\/01\\\/logo-home-hostels-valencia-spain.png\",\"width\":233,\"height\":93,\"caption\":\"Home Hostels Valencia\"},\"image\":{\"@id\":\"https:\\\/\\\/homehostelsvalencia.com\\\/es\\\/#\\\/schema\\\/logo\\\/image\\\/\"},\"sameAs\":[\"https:\\\/\\\/www.facebook.com\\\/HomeHostelsValencia\",\"https:\\\/\\\/x.com\\\/homehostelsvlc\",\"https:\\\/\\\/www.youtube.com\\\/user\\\/homehostelsvalencia\"]}]}<\/script>\n<!-- \/ Yoast SEO plugin. -->","yoast_head_json":{"title":"Grupos en Home Youth Hostels | Home Hostels Valencia","description":"H\u00f4me Youth te garantiza el precio m\u00e1s barato en la ciudad! Adem\u00e1s de diversi\u00f3n, seguridad y comodidad. Grupos en Home Youth Hostels | Home Hostels Valencia","robots":{"index":"index","follow":"follow","max-snippet":"max-snippet:-1","max-image-preview":"max-image-preview:large","max-video-preview":"max-video-preview:-1"},"canonical":"https:\/\/homehostelsvalencia.com\/es\/youth-hostel-valencia\/hostal-grupos-valencia\/","og_locale":"es_ES","og_type":"article","og_title":"Grupos en Home Youth Hostels | Home Hostels Valencia","og_description":"H\u00f4me Youth te garantiza el precio m\u00e1s barato en la ciudad! Adem\u00e1s de diversi\u00f3n, seguridad y comodidad. Grupos en Home Youth Hostels | Home Hostels Valencia","og_url":"https:\/\/homehostelsvalencia.com\/es\/youth-hostel-valencia\/hostal-grupos-valencia\/","og_site_name":"H\u00f4me Hostels Valencia","article_publisher":"https:\/\/www.facebook.com\/HomeHostelsValencia","article_modified_time":"2018-02-20T23:25:52+00:00","og_image":[{"width":800,"height":537,"url":"https:\/\/homehostelsvalencia.com\/wp-content\/uploads\/2012\/03\/groups-homehostelsvalencia.jpg","type":"image\/jpeg"}],"twitter_card":"summary_large_image","twitter_site":"@homehostelsvlc","twitter_misc":{"Tiempo de lectura":"1 minuto"},"schema":{"@context":"https:\/\/schema.org","@graph":[{"@type":"WebPage","@id":"https:\/\/homehostelsvalencia.com\/es\/youth-hostel-valencia\/hostal-grupos-valencia\/","url":"https:\/\/homehostelsvalencia.com\/es\/youth-hostel-valencia\/hostal-grupos-valencia\/","name":"Grupos en Home Youth Hostels | Home Hostels Valencia","isPartOf":{"@id":"https:\/\/homehostelsvalencia.com\/es\/#website"},"primaryImageOfPage":{"@id":"https:\/\/homehostelsvalencia.com\/es\/youth-hostel-valencia\/hostal-grupos-valencia\/#primaryimage"},"image":{"@id":"https:\/\/homehostelsvalencia.com\/es\/youth-hostel-valencia\/hostal-grupos-valencia\/#primaryimage"},"thumbnailUrl":"https:\/\/homehostelsvalencia.com\/wp-content\/uploads\/2012\/03\/groups-homehostelsvalencia.jpg","datePublished":"2011-05-18T09:23:47+00:00","dateModified":"2018-02-20T23:25:52+00:00","description":"H\u00f4me Youth te garantiza el precio m\u00e1s barato en la ciudad! Adem\u00e1s de diversi\u00f3n, seguridad y comodidad. Grupos en Home Youth Hostels | Home Hostels Valencia","breadcrumb":{"@id":"https:\/\/homehostelsvalencia.com\/es\/youth-hostel-valencia\/hostal-grupos-valencia\/#breadcrumb"},"inLanguage":"es","potentialAction":[{"@type":"ReadAction","target":["https:\/\/homehostelsvalencia.com\/es\/youth-hostel-valencia\/hostal-grupos-valencia\/"]}]},{"@type":"ImageObject","inLanguage":"es","@id":"https:\/\/homehostelsvalencia.com\/es\/youth-hostel-valencia\/hostal-grupos-valencia\/#primaryimage","url":"https:\/\/homehostelsvalencia.com\/wp-content\/uploads\/2012\/03\/groups-homehostelsvalencia.jpg","contentUrl":"https:\/\/homehostelsvalencia.com\/wp-content\/uploads\/2012\/03\/groups-homehostelsvalencia.jpg","width":800,"height":537,"caption":"Groups Home Hostel Valencia"},{"@type":"BreadcrumbList","@id":"https:\/\/homehostelsvalencia.com\/es\/youth-hostel-valencia\/hostal-grupos-valencia\/#breadcrumb","itemListElement":[{"@type":"ListItem","position":1,"name":"Portada","item":"https:\/\/homehostelsvalencia.com\/es\/"},{"@type":"ListItem","position":2,"name":"Youth Hostel","item":"https:\/\/homehostelsvalencia.com\/es\/youth-hostel-valencia\/"},{"@type":"ListItem","position":3,"name":"Home Youth Hostel Valencia para Grupos"}]},{"@type":"WebSite","@id":"https:\/\/homehostelsvalencia.com\/es\/#website","url":"https:\/\/homehostelsvalencia.com\/es\/","name":"H\u00f4me Hostels Valencia","description":"If you&#039;re looking for a cheap place to stay en Valencia, come to H\u00f4me Hostels Valencia.","publisher":{"@id":"https:\/\/homehostelsvalencia.com\/es\/#organization"},"potentialAction":[{"@type":"SearchAction","target":{"@type":"EntryPoint","urlTemplate":"https:\/\/homehostelsvalencia.com\/es\/?s={search_term_string}"},"query-input":{"@type":"PropertyValueSpecification","valueRequired":true,"valueName":"search_term_string"}}],"inLanguage":"es"},{"@type":"Organization","@id":"https:\/\/homehostelsvalencia.com\/es\/#organization","name":"Home Hostels Valencia","url":"https:\/\/homehostelsvalencia.com\/es\/","logo":{"@type":"ImageObject","inLanguage":"es","@id":"https:\/\/homehostelsvalencia.com\/es\/#\/schema\/logo\/image\/","url":"https:\/\/homehostelsvalencia.com\/wp-content\/uploads\/2017\/01\/logo-home-hostels-valencia-spain.png","contentUrl":"https:\/\/homehostelsvalencia.com\/wp-content\/uploads\/2017\/01\/logo-home-hostels-valencia-spain.png","width":233,"height":93,"caption":"Home Hostels Valencia"},"image":{"@id":"https:\/\/homehostelsvalencia.com\/es\/#\/schema\/logo\/image\/"},"sameAs":["https:\/\/www.facebook.com\/HomeHostelsValencia","https:\/\/x.com\/homehostelsvlc","https:\/\/www.youtube.com\/user\/homehostelsvalencia"]}]}},"_links":{"self":[{"href":"https:\/\/homehostelsvalencia.com\/es\/wp-json\/wp\/v2\/pages\/2919","targetHints":{"allow":["GET"]}}],"collection":[{"href":"https:\/\/homehostelsvalencia.com\/es\/wp-json\/wp\/v2\/pages"}],"about":[{"href":"https:\/\/homehostelsvalencia.com\/es\/wp-json\/wp\/v2\/types\/page"}],"author":[{"embeddable":true,"href":"https:\/\/homehostelsvalencia.com\/es\/wp-json\/wp\/v2\/users\/15"}],"replies":[{"embeddable":true,"href":"https:\/\/homehostelsvalencia.com\/es\/wp-json\/wp\/v2\/comments?post=2919"}],"version-history":[{"count":0,"href":"https:\/\/homehostelsvalencia.com\/es\/wp-json\/wp\/v2\/pages\/2919\/revisions"}],"up":[{"embeddable":true,"href":"https:\/\/homehostelsvalencia.com\/es\/wp-json\/wp\/v2\/pages\/3703"}],"wp:featuredmedia":[{"embeddable":true,"href":"https:\/\/homehostelsvalencia.com\/es\/wp-json\/wp\/v2\/media\/6283"}],"wp:attachment":[{"href":"https:\/\/homehostelsvalencia.com\/es\/wp-json\/wp\/v2\/media?parent=2919"}],"curies":[{"name":"wp","href":"https:\/\/api.w.org\/{rel}","templated":true}]}}