{"id":2916,"date":"2011-04-28T16:33:08","date_gmt":"2011-04-28T16:33:08","guid":{"rendered":"http:\/\/dev.homehostelsvalencia.com\/hostal-para-fallas\/"},"modified":"2018-02-19T12:29:59","modified_gmt":"2018-02-19T11:29:59","slug":"hostal-para-fallas","status":"publish","type":"page","link":"https:\/\/homehostelsvalencia.com\/es\/hostal-para-fallas\/","title":{"rendered":"Hostal para Fallas"},"content":{"rendered":"<h2>\u00bfBuscas alojamiento para ir a la Fallas?<\/h2>\n<p>En <strong>Home Hostels Valencia<\/strong> tenemos dos hostales ubicados en el coraz\u00f3n de esta fiesta valenciana.<\/p>\n<p>Ponemos a tu disposici\u00f3n dos hostales econ\u00f3micos para venir a disfrutar de las <strong>Fallas<\/strong>. No hay un sitio mejor en el que alojarte ya que estamos en el centro neur\u00e1lgico de esta festividad en Valencia.<\/p>\n<p>Desde nuestros hostales podr\u00e1s ir andando a ver <strong>la Masclet\u00e1 <\/strong>en la Plaza del Ayuntamiento, <strong>la Ofrenda<\/strong> en la Plaza de la Virgen y los <strong>castillos de fuegos artificiales<\/strong> en el antiguo cauce del r\u00edo Turia, todo en la ciudad de Valencia. Y por supuesto, visitar los monumentos de algunas de las comisiones falleras m\u00e1s emblem\u00e1ticas de Valencia.<\/p>\n<p>Las Fallas es la fiesta m\u00e1s importante y mejor de la ciudad de Valencia. Las Fallas son la mejor Fiesta del fuego, fuegos artificiales, masclet\u00e1s, castillos en Espa\u00f1a por ello no es f\u00e1cil encontrar un hostal bueno y econ\u00f3mico en Fallas. Los hostales y albergues en el centro de Valencia y alrededores est\u00e1n reservados meses antes de Fallas por ello os sugerimos que reserv\u00e9is vuestro Hostal en Valencia para Fallas con bastante antelaci\u00f3n a la fiesta.<\/p>\n<p>En Home Hostels Valencia te ofrecemos dos hostales muy buenos ubicados en el centro hist\u00f3rico de la ciudad de Valencia, justo al lado de las Fallas:<\/p>\n<p><strong>&#8211; Home Youth Hostel Valencia:<\/strong> habitaciones para 3 o 4 personas. El primer hostal en Valencia sin literas situado<strong> justo en el Barrio del Carmen<\/strong>, en el centro antiguo de la ciudad.<\/p>\n<p><strong>&#8211; Home Backpackers Hostel:<\/strong> 6, 8, 12 y 16 camas en literas. Grande, muy barato, limpio, soleado y lleno de color. El hostal m\u00e1s barato de Valencia.<\/p>\n<p>Las Fallas empiezan el 15 de marzo hasta el 19 de marzo donde poder disfrutar de fuegos ratif\u00edcales, masclet\u00e1s, ofrenda, crem\u00e1, desfiles y m\u00e1s. Es una fiesta llena de coloridos y castillos de fuegos que no puedes perderte si te alojas en los hostales de Home Hostels Valencia.<\/p>\n<p>Las Fallas son unos monumentos de figuras hechos de madera, cart\u00f3n y papier mach\u00e9, entre otros materiales, estas figuras se llaman ninots y se queman el \u00faltimo d\u00eda de Fallas creando una atm\u00f3sfera de fuego y color muy bonita y sorprendente. Cada barrio o vecindad se organizan en comit\u00e9s llamados \u201cCasal Fallero\u201d que consigue los fondos necesarios para construir las Fallas.<\/p>\n<p>Los casales y Fallas m\u00e1s importantes est\u00e1n situados en el casco antiguo de Valencia justo al lado de los hostales y albergues de Home Hostels Valencia.<\/p>\n<p>Las Fallas son una experiencia \u00fanica llena de sonido, color y alegr\u00eda que hay que ver al menos una vez en la vida. En Fallas la ciudad de Valencia arde en cada rinc\u00f3n y el cielo se llena de colores, en la calle resuenan masclets, desfiles, r\u00edos de turistas en las calles, luces de colores, concursos de paella y espect\u00e1culos sorprendentes.<\/p>\n<p><strong>Si buscas el mejor y m\u00e1s antiguo hostal en Valencia para las Fallas no pierdas la oportunidad de alojarte en uno de nuestros hostales<\/strong>: Home Youth Hostel y Home Backpackers Hostel situados en pleno coraz\u00f3n de las Fallas, en el centro hist\u00f3rico de Valencia donde los eventos y actos m\u00e1s importantes de las Fallas tienen lugar.<\/p>\n<p>Adem\u00e1s <strong>Home Hostels<\/strong> son hostales confortables, baratos, limpios y divertidos, en un ambiente festivo. Tienes <strong>dos opciones para alojarte en el Barrio del Carmen<\/strong>, en pleno centro de Valencia: <a href=\"\/es\/youth-hostel-valencia\/presentacion\/\">Home Youth Hostel Valencia<\/a>\u00a0 y <a href=\"\/es\/backpackers-hostel-valencia\/presentacion\/\">Home Backpackers Hostel<\/a>.<\/p>\n<p><strong>Ven a la Fallas<\/strong> y disfruta de tu estancia en <strong>Home Hostels Valencia<\/strong>, la cadena de <strong>hostales de bajo coste en el centro hist\u00f3rico de Valencia.<\/strong><\/p>\n<p>Si quieres m\u00e1s informaci\u00f3n sobre las Fallas y otros eventos y fiestas en Valencia consulta nuestra <a href=\"\/es\/guia-valencia\/\">Gu\u00eda de Valencia <\/a><\/p>\n","protected":false},"excerpt":{"rendered":"<p>\u00bfBuscas alojamiento para ir a la Fallas? En Home Hostels Valencia tenemos dos hostales ubicados en el coraz\u00f3n de esta fiesta valenciana. Ponemos a tu disposici\u00f3n dos hostales econ\u00f3micos para venir a disfrutar de las Fallas. No hay un sitio mejor en el que alojarte ya que estamos en el centro neur\u00e1lgico de esta festividad [&hellip;]<\/p>\n","protected":false},"author":15,"featured_media":6287,"parent":0,"menu_order":0,"comment_status":"closed","ping_status":"closed","template":"","meta":{"footnotes":""},"class_list":["post-2916","page","type-page","status-publish","has-post-thumbnail","hentry"],"yoast_head":"<!-- This site is optimized with the Yoast SEO plugin v27.5 - https:\/\/yoast.com\/product\/yoast-seo-wordpress\/ -->\n<title>Hostal para Fallas - Home Hostels en Valencia centro<\/title>\n<meta name=\"description\" content=\"Hostal para Fallas \u00bfBuscas alojamiento para ir a la Fallas? En Home Hostels Valencia tenemos dos hostales ubicados en el coraz\u00f3n de esta fiesta.\" \/>\n<meta name=\"robots\" content=\"index, follow, max-snippet:-1, max-image-preview:large, max-video-preview:-1\" \/>\n<link rel=\"canonical\" href=\"https:\/\/homehostelsvalencia.com\/es\/hostal-para-fallas\/\" \/>\n<meta property=\"og:locale\" content=\"es_ES\" \/>\n<meta property=\"og:type\" content=\"article\" \/>\n<meta property=\"og:title\" content=\"Hostal para Fallas - Home Hostels en Valencia centro\" \/>\n<meta property=\"og:description\" content=\"Hostal para Fallas \u00bfBuscas alojamiento para ir a la Fallas? En Home Hostels Valencia tenemos dos hostales ubicados en el coraz\u00f3n de esta fiesta.\" \/>\n<meta property=\"og:url\" content=\"https:\/\/homehostelsvalencia.com\/es\/hostal-para-fallas\/\" \/>\n<meta property=\"og:site_name\" content=\"H\u00f4me Hostels Valencia\" \/>\n<meta property=\"article:publisher\" content=\"https:\/\/www.facebook.com\/HomeHostelsValencia\" \/>\n<meta property=\"article:modified_time\" content=\"2018-02-19T11:29:59+00:00\" \/>\n<meta property=\"og:image\" content=\"https:\/\/homehostelsvalencia.com\/wp-content\/uploads\/2011\/04\/youth-hostel-valencia-fallas.jpg\" \/>\n\t<meta property=\"og:image:width\" content=\"800\" \/>\n\t<meta property=\"og:image:height\" content=\"537\" \/>\n\t<meta property=\"og:image:type\" content=\"image\/jpeg\" \/>\n<meta name=\"twitter:card\" content=\"summary_large_image\" \/>\n<meta name=\"twitter:site\" content=\"@homehostelsvlc\" \/>\n<meta name=\"twitter:label1\" content=\"Tiempo de lectura\" \/>\n\t<meta name=\"twitter:data1\" content=\"3 minutos\" \/>\n<script type=\"application\/ld+json\" class=\"yoast-schema-graph\">{\"@context\":\"https:\\\/\\\/schema.org\",\"@graph\":[{\"@type\":\"WebPage\",\"@id\":\"https:\\\/\\\/homehostelsvalencia.com\\\/es\\\/hostal-para-fallas\\\/\",\"url\":\"https:\\\/\\\/homehostelsvalencia.com\\\/es\\\/hostal-para-fallas\\\/\",\"name\":\"Hostal para Fallas - Home Hostels en Valencia centro\",\"isPartOf\":{\"@id\":\"https:\\\/\\\/homehostelsvalencia.com\\\/es\\\/#website\"},\"primaryImageOfPage\":{\"@id\":\"https:\\\/\\\/homehostelsvalencia.com\\\/es\\\/hostal-para-fallas\\\/#primaryimage\"},\"image\":{\"@id\":\"https:\\\/\\\/homehostelsvalencia.com\\\/es\\\/hostal-para-fallas\\\/#primaryimage\"},\"thumbnailUrl\":\"https:\\\/\\\/homehostelsvalencia.com\\\/wp-content\\\/uploads\\\/2011\\\/04\\\/youth-hostel-valencia-fallas.jpg\",\"datePublished\":\"2011-04-28T16:33:08+00:00\",\"dateModified\":\"2018-02-19T11:29:59+00:00\",\"description\":\"Hostal para Fallas \u00bfBuscas alojamiento para ir a la Fallas? En Home Hostels Valencia tenemos dos hostales ubicados en el coraz\u00f3n de esta fiesta.\",\"breadcrumb\":{\"@id\":\"https:\\\/\\\/homehostelsvalencia.com\\\/es\\\/hostal-para-fallas\\\/#breadcrumb\"},\"inLanguage\":\"es\",\"potentialAction\":[{\"@type\":\"ReadAction\",\"target\":[\"https:\\\/\\\/homehostelsvalencia.com\\\/es\\\/hostal-para-fallas\\\/\"]}]},{\"@type\":\"ImageObject\",\"inLanguage\":\"es\",\"@id\":\"https:\\\/\\\/homehostelsvalencia.com\\\/es\\\/hostal-para-fallas\\\/#primaryimage\",\"url\":\"https:\\\/\\\/homehostelsvalencia.com\\\/wp-content\\\/uploads\\\/2011\\\/04\\\/youth-hostel-valencia-fallas.jpg\",\"contentUrl\":\"https:\\\/\\\/homehostelsvalencia.com\\\/wp-content\\\/uploads\\\/2011\\\/04\\\/youth-hostel-valencia-fallas.jpg\",\"width\":800,\"height\":537,\"caption\":\"youth hostel valencia fallas\"},{\"@type\":\"BreadcrumbList\",\"@id\":\"https:\\\/\\\/homehostelsvalencia.com\\\/es\\\/hostal-para-fallas\\\/#breadcrumb\",\"itemListElement\":[{\"@type\":\"ListItem\",\"position\":1,\"name\":\"Portada\",\"item\":\"https:\\\/\\\/homehostelsvalencia.com\\\/es\\\/\"},{\"@type\":\"ListItem\",\"position\":2,\"name\":\"Hostal para Fallas\"}]},{\"@type\":\"WebSite\",\"@id\":\"https:\\\/\\\/homehostelsvalencia.com\\\/es\\\/#website\",\"url\":\"https:\\\/\\\/homehostelsvalencia.com\\\/es\\\/\",\"name\":\"H\u00f4me Hostels Valencia\",\"description\":\"If you&#039;re looking for a cheap place to stay en Valencia, come to H\u00f4me Hostels Valencia.\",\"publisher\":{\"@id\":\"https:\\\/\\\/homehostelsvalencia.com\\\/es\\\/#organization\"},\"potentialAction\":[{\"@type\":\"SearchAction\",\"target\":{\"@type\":\"EntryPoint\",\"urlTemplate\":\"https:\\\/\\\/homehostelsvalencia.com\\\/es\\\/?s={search_term_string}\"},\"query-input\":{\"@type\":\"PropertyValueSpecification\",\"valueRequired\":true,\"valueName\":\"search_term_string\"}}],\"inLanguage\":\"es\"},{\"@type\":\"Organization\",\"@id\":\"https:\\\/\\\/homehostelsvalencia.com\\\/es\\\/#organization\",\"name\":\"Home Hostels Valencia\",\"url\":\"https:\\\/\\\/homehostelsvalencia.com\\\/es\\\/\",\"logo\":{\"@type\":\"ImageObject\",\"inLanguage\":\"es\",\"@id\":\"https:\\\/\\\/homehostelsvalencia.com\\\/es\\\/#\\\/schema\\\/logo\\\/image\\\/\",\"url\":\"https:\\\/\\\/homehostelsvalencia.com\\\/wp-content\\\/uploads\\\/2017\\\/01\\\/logo-home-hostels-valencia-spain.png\",\"contentUrl\":\"https:\\\/\\\/homehostelsvalencia.com\\\/wp-content\\\/uploads\\\/2017\\\/01\\\/logo-home-hostels-valencia-spain.png\",\"width\":233,\"height\":93,\"caption\":\"Home Hostels Valencia\"},\"image\":{\"@id\":\"https:\\\/\\\/homehostelsvalencia.com\\\/es\\\/#\\\/schema\\\/logo\\\/image\\\/\"},\"sameAs\":[\"https:\\\/\\\/www.facebook.com\\\/HomeHostelsValencia\",\"https:\\\/\\\/x.com\\\/homehostelsvlc\",\"https:\\\/\\\/www.youtube.com\\\/user\\\/homehostelsvalencia\"]}]}<\/script>\n<!-- \/ Yoast SEO plugin. -->","yoast_head_json":{"title":"Hostal para Fallas - Home Hostels en Valencia centro","description":"Hostal para Fallas \u00bfBuscas alojamiento para ir a la Fallas? En Home Hostels Valencia tenemos dos hostales ubicados en el coraz\u00f3n de esta fiesta.","robots":{"index":"index","follow":"follow","max-snippet":"max-snippet:-1","max-image-preview":"max-image-preview:large","max-video-preview":"max-video-preview:-1"},"canonical":"https:\/\/homehostelsvalencia.com\/es\/hostal-para-fallas\/","og_locale":"es_ES","og_type":"article","og_title":"Hostal para Fallas - Home Hostels en Valencia centro","og_description":"Hostal para Fallas \u00bfBuscas alojamiento para ir a la Fallas? En Home Hostels Valencia tenemos dos hostales ubicados en el coraz\u00f3n de esta fiesta.","og_url":"https:\/\/homehostelsvalencia.com\/es\/hostal-para-fallas\/","og_site_name":"H\u00f4me Hostels Valencia","article_publisher":"https:\/\/www.facebook.com\/HomeHostelsValencia","article_modified_time":"2018-02-19T11:29:59+00:00","og_image":[{"width":800,"height":537,"url":"https:\/\/homehostelsvalencia.com\/wp-content\/uploads\/2011\/04\/youth-hostel-valencia-fallas.jpg","type":"image\/jpeg"}],"twitter_card":"summary_large_image","twitter_site":"@homehostelsvlc","twitter_misc":{"Tiempo de lectura":"3 minutos"},"schema":{"@context":"https:\/\/schema.org","@graph":[{"@type":"WebPage","@id":"https:\/\/homehostelsvalencia.com\/es\/hostal-para-fallas\/","url":"https:\/\/homehostelsvalencia.com\/es\/hostal-para-fallas\/","name":"Hostal para Fallas - Home Hostels en Valencia centro","isPartOf":{"@id":"https:\/\/homehostelsvalencia.com\/es\/#website"},"primaryImageOfPage":{"@id":"https:\/\/homehostelsvalencia.com\/es\/hostal-para-fallas\/#primaryimage"},"image":{"@id":"https:\/\/homehostelsvalencia.com\/es\/hostal-para-fallas\/#primaryimage"},"thumbnailUrl":"https:\/\/homehostelsvalencia.com\/wp-content\/uploads\/2011\/04\/youth-hostel-valencia-fallas.jpg","datePublished":"2011-04-28T16:33:08+00:00","dateModified":"2018-02-19T11:29:59+00:00","description":"Hostal para Fallas \u00bfBuscas alojamiento para ir a la Fallas? En Home Hostels Valencia tenemos dos hostales ubicados en el coraz\u00f3n de esta fiesta.","breadcrumb":{"@id":"https:\/\/homehostelsvalencia.com\/es\/hostal-para-fallas\/#breadcrumb"},"inLanguage":"es","potentialAction":[{"@type":"ReadAction","target":["https:\/\/homehostelsvalencia.com\/es\/hostal-para-fallas\/"]}]},{"@type":"ImageObject","inLanguage":"es","@id":"https:\/\/homehostelsvalencia.com\/es\/hostal-para-fallas\/#primaryimage","url":"https:\/\/homehostelsvalencia.com\/wp-content\/uploads\/2011\/04\/youth-hostel-valencia-fallas.jpg","contentUrl":"https:\/\/homehostelsvalencia.com\/wp-content\/uploads\/2011\/04\/youth-hostel-valencia-fallas.jpg","width":800,"height":537,"caption":"youth hostel valencia fallas"},{"@type":"BreadcrumbList","@id":"https:\/\/homehostelsvalencia.com\/es\/hostal-para-fallas\/#breadcrumb","itemListElement":[{"@type":"ListItem","position":1,"name":"Portada","item":"https:\/\/homehostelsvalencia.com\/es\/"},{"@type":"ListItem","position":2,"name":"Hostal para Fallas"}]},{"@type":"WebSite","@id":"https:\/\/homehostelsvalencia.com\/es\/#website","url":"https:\/\/homehostelsvalencia.com\/es\/","name":"H\u00f4me Hostels Valencia","description":"If you&#039;re looking for a cheap place to stay en Valencia, come to H\u00f4me Hostels Valencia.","publisher":{"@id":"https:\/\/homehostelsvalencia.com\/es\/#organization"},"potentialAction":[{"@type":"SearchAction","target":{"@type":"EntryPoint","urlTemplate":"https:\/\/homehostelsvalencia.com\/es\/?s={search_term_string}"},"query-input":{"@type":"PropertyValueSpecification","valueRequired":true,"valueName":"search_term_string"}}],"inLanguage":"es"},{"@type":"Organization","@id":"https:\/\/homehostelsvalencia.com\/es\/#organization","name":"Home Hostels Valencia","url":"https:\/\/homehostelsvalencia.com\/es\/","logo":{"@type":"ImageObject","inLanguage":"es","@id":"https:\/\/homehostelsvalencia.com\/es\/#\/schema\/logo\/image\/","url":"https:\/\/homehostelsvalencia.com\/wp-content\/uploads\/2017\/01\/logo-home-hostels-valencia-spain.png","contentUrl":"https:\/\/homehostelsvalencia.com\/wp-content\/uploads\/2017\/01\/logo-home-hostels-valencia-spain.png","width":233,"height":93,"caption":"Home Hostels Valencia"},"image":{"@id":"https:\/\/homehostelsvalencia.com\/es\/#\/schema\/logo\/image\/"},"sameAs":["https:\/\/www.facebook.com\/HomeHostelsValencia","https:\/\/x.com\/homehostelsvlc","https:\/\/www.youtube.com\/user\/homehostelsvalencia"]}]}},"_links":{"self":[{"href":"https:\/\/homehostelsvalencia.com\/es\/wp-json\/wp\/v2\/pages\/2916","targetHints":{"allow":["GET"]}}],"collection":[{"href":"https:\/\/homehostelsvalencia.com\/es\/wp-json\/wp\/v2\/pages"}],"about":[{"href":"https:\/\/homehostelsvalencia.com\/es\/wp-json\/wp\/v2\/types\/page"}],"author":[{"embeddable":true,"href":"https:\/\/homehostelsvalencia.com\/es\/wp-json\/wp\/v2\/users\/15"}],"replies":[{"embeddable":true,"href":"https:\/\/homehostelsvalencia.com\/es\/wp-json\/wp\/v2\/comments?post=2916"}],"version-history":[{"count":0,"href":"https:\/\/homehostelsvalencia.com\/es\/wp-json\/wp\/v2\/pages\/2916\/revisions"}],"wp:featuredmedia":[{"embeddable":true,"href":"https:\/\/homehostelsvalencia.com\/es\/wp-json\/wp\/v2\/media\/6287"}],"wp:attachment":[{"href":"https:\/\/homehostelsvalencia.com\/es\/wp-json\/wp\/v2\/media?parent=2916"}],"curies":[{"name":"wp","href":"https:\/\/api.w.org\/{rel}","templated":true}]}}