{"id":2913,"date":"2011-04-28T16:32:52","date_gmt":"2011-04-28T16:32:52","guid":{"rendered":"http:\/\/dev.homehostelsvalencia.com\/hostal-para-la-tomatina\/"},"modified":"2018-02-19T13:20:16","modified_gmt":"2018-02-19T12:20:16","slug":"hostal-para-tomatina","status":"publish","type":"page","link":"https:\/\/homehostelsvalencia.com\/es\/hostal-para-tomatina\/","title":{"rendered":"Hostal para la Tomatina"},"content":{"rendered":"<h2 style=\"text-align: justify;\">\u00bfBuscas alojamiento para ir a la Tomatina?<\/h2>\n<p style=\"text-align: justify;\">En <strong>Home Hostels Valencia<\/strong> tenemos dos hostales a tu disposici\u00f3n a s\u00f3lo 45 minutos de Bu\u00f1ol.<\/p>\n<p style=\"text-align: justify;\"><strong>Home Hostels Valencia<\/strong> pone a tu disposici\u00f3n dos hostales baratos en el centro de Valencia. Si est\u00e1s pensando en venir a la <strong>Tomatina <\/strong>de Bu\u00f1ol puedes alojarte en nuestros albergues y aprovechar para visitar la ciudad de Valencia.<\/p>\n<p style=\"text-align: justify;\">Nuestros hostales de bajo coste est\u00e1n en el centro hist\u00f3rico de Valencia a s\u00f3lo 10\/15 minutos de las estaciones de autob\u00fas y tren d\u00f3nde puedes comprar tu billete de ida y vuelta a Bu\u00f1ol que est\u00e1 a unos 45 minutos. Disponemos de dos hostales juveniles:<\/p>\n<p style=\"text-align: justify;\">&#8211;\u00a0\u00a0\u00a0\u00a0\u00a0\u00a0\u00a0\u00a0 <strong>Home Youth Hostel Valencia:<\/strong> habitaciones llenas de color y con mucho encanto, sin literas, de muy buena calidad, al lado del Mercado Central y de la Lonja, en pleno casco antiguo de Valencia.<\/p>\n<p style=\"text-align: justify;\">&#8211;\u00a0\u00a0\u00a0\u00a0\u00a0\u00a0\u00a0\u00a0 <strong>Home Backpackers Hostel: <\/strong>habitaciones muy baratas, camas muy econ\u00f3micas en literas, en pleno coraz\u00f3n del barrio del Carmen en el centro urbano de Valencia ciudad con una terraza de 200 metros cuadrados en el \u00faltimo piso.<\/p>\n<p style=\"text-align: justify;\">La Tomatina es una de las fiestas m\u00e1s famosas en Espa\u00f1a. Se celebra en la localidad de Bu\u00f1ol, muy cerca de Valencia y bien conectada con la ciudad, cada a\u00f1o vienen a nuestros albergues internacionales cientos de \u00a0viajeros de diversas nacionalidades que vienen a visitar Valencia y experimentar la <strong>Tomatina<\/strong> y no parecen estar decepcionados.<\/p>\n<p style=\"text-align: justify;\">La Tomatina empez\u00f3 en el a\u00f1o 1945 cuando un grupo de amigos inici\u00f3 una batalla campal de tomates en un desfile anual de cabezudos y gigantes. Desde entonces se ha convertido en una fiesta tradicional con proyecci\u00f3n internacional, tiene lugar el \u00faltimo mi\u00e9rcoles de agosto. Desde el a\u00f1o 2002 se considera Fiesta de Inter\u00e9s Tur\u00edstico Nacional por la Secretaria General de Turismo.<\/p>\n<p style=\"text-align: justify;\">La Tomatina tiene lugar en Bu\u00f1ol, una localidad cercana a la ciudad de Valencia, desde los hostales Home Youth hostel y Home Backpackers Hostel puedes tomar un autob\u00fas o el tren a Bu\u00f1ol, es f\u00e1cil, barato y r\u00e1pido llegar all\u00ed. Tanto el autob\u00fas como el tren te llevan directo desde el centro hist\u00f3rico de Valencia a Bu\u00f1ol. Adem\u00e1s nuestros hostales est\u00e1n justo al lado de la estaci\u00f3n de trenes, por lo que ser\u00e1 muy f\u00e1cil y r\u00e1pido llegar a Bu\u00f1ol.<\/p>\n<p style=\"text-align: justify;\"><strong>En nuestros hostales encontrar\u00e1s informaci\u00f3n sobre esta Fiesta del Tomate, la Tomatina<\/strong>, informaci\u00f3n sobre como vestirse para la batalla final de tomates, que hacer, transporte a Bu\u00f1ol y algunos trucos para disfrutar mejor la guerra de tomates.<\/p>\n<p style=\"text-align: justify;\">Para la Tomatina aconsejamos utilizar gafas de bucear ya que el \u00e1cido del tomate es malo para los ojos adem\u00e1s de molesto y por favor aclarar vuestra ropa antes de ir al Hostal. Normalmente por la noche se organizan fiestas para continuar con la diversi\u00f3n de la Tomatina en la ciudad de Valencia, estas fiestas se suelen organizar en el centro de Valencia al lado de los hostales de Home Hostels.<\/p>\n<p style=\"text-align: justify;\">El \u00faltimo consejo que os damos es: \u00a1\u00a1disfruta de la Tomatina y al\u00f3jate en nuestros hostales Home Hostels por un precio muy econ\u00f3mico!!<\/p>\n<p style=\"text-align: justify;\">Adem\u00e1s en <strong>Home Hostels<\/strong> estar\u00e1s en un alojamiento econ\u00f3mico, confortable, limpio y muy colorido, en un ambiente muy divertido.<\/p>\n<p style=\"text-align: justify;\">Ven a la <strong>Tomatina <\/strong>y al\u00f3jate en <strong>Home Hostels Valencia<\/strong>, la primera cadena de hostales de bajo coste en el centro de la ciudad de Valencia.<\/p>\n<p style=\"text-align: justify;\">Si quieres estar m\u00e1s informado sobre la Tomatina visita la <a href=\"https:\/\/homehostelsvalencia.com\/es\/tomatina\/tomatina\/\">secci\u00f3n Tomatina<\/a>\u00a0 de la web de Home Hostels. Para informaci\u00f3n sobre la ciudad de Valencia, que visitar, fiestas, Fallas, donde ir visita nuestra <a href=\"\/es\/guia-valencia\/\">Gu\u00eda de Valencia<\/a> .<\/p>\n<p style=\"text-align: justify;\">Para m\u00e1s informaci\u00f3n sobre nuestros hostales en el Barrio del Carmen, el casco antiguo de Valencia, visita <a href=\"\/es\/youth-hostel-valencia\/presentacion\/\">Home Youth Hostel<\/a>\u00a0\u00a0 y<a href=\"\/es\/backpackers-hostel-valencia\/presentacion\/\"> Home Backpackers Hostel<\/a>\u00a0 .<\/p>\n","protected":false},"excerpt":{"rendered":"<p>\u00bfBuscas alojamiento para ir a la Tomatina? En Home Hostels Valencia tenemos dos hostales a tu disposici\u00f3n a s\u00f3lo 45 minutos de Bu\u00f1ol. Home Hostels Valencia pone a tu disposici\u00f3n dos hostales baratos en el centro de Valencia. Si est\u00e1s pensando en venir a la Tomatina de Bu\u00f1ol puedes alojarte en nuestros albergues y aprovechar [&hellip;]<\/p>\n","protected":false},"author":15,"featured_media":6289,"parent":0,"menu_order":0,"comment_status":"closed","ping_status":"closed","template":"","meta":{"footnotes":""},"class_list":["post-2913","page","type-page","status-publish","has-post-thumbnail","hentry"],"yoast_head":"<!-- This site is optimized with the Yoast SEO plugin v27.3 - https:\/\/yoast.com\/product\/yoast-seo-wordpress\/ -->\n<title>Hostal para la Tomatina &#183; H\u00f4me Hostels Valencia<\/title>\n<meta name=\"description\" content=\"\u00bfBuscas alojamiento para ir a la Tomatina? En H\u00f4me Hostels Valencia tenemos dos hostal para Tomatina tu disposici\u00f3n a s\u00f3lo 45 minutos de Bu\u00f1ol.\" \/>\n<meta name=\"robots\" content=\"index, follow, max-snippet:-1, max-image-preview:large, max-video-preview:-1\" \/>\n<link rel=\"canonical\" href=\"https:\/\/homehostelsvalencia.com\/es\/hostal-para-tomatina\/\" \/>\n<meta property=\"og:locale\" content=\"es_ES\" \/>\n<meta property=\"og:type\" content=\"article\" \/>\n<meta property=\"og:title\" content=\"Hostal para la Tomatina &#183; H\u00f4me Hostels Valencia\" \/>\n<meta property=\"og:description\" content=\"\u00bfBuscas alojamiento para ir a la Tomatina? En H\u00f4me Hostels Valencia tenemos dos hostal para Tomatina tu disposici\u00f3n a s\u00f3lo 45 minutos de Bu\u00f1ol.\" \/>\n<meta property=\"og:url\" content=\"https:\/\/homehostelsvalencia.com\/es\/hostal-para-tomatina\/\" \/>\n<meta property=\"og:site_name\" content=\"H\u00f4me Hostels Valencia\" \/>\n<meta property=\"article:publisher\" content=\"https:\/\/www.facebook.com\/HomeHostelsValencia\" \/>\n<meta property=\"article:modified_time\" content=\"2018-02-19T12:20:16+00:00\" \/>\n<meta property=\"og:image\" content=\"https:\/\/homehostelsvalencia.com\/wp-content\/uploads\/2011\/04\/hostel-tomatina-valencia.jpg\" \/>\n\t<meta property=\"og:image:width\" content=\"800\" \/>\n\t<meta property=\"og:image:height\" content=\"537\" \/>\n\t<meta property=\"og:image:type\" content=\"image\/jpeg\" \/>\n<meta name=\"twitter:card\" content=\"summary_large_image\" \/>\n<meta name=\"twitter:site\" content=\"@homehostelsvlc\" \/>\n<meta name=\"twitter:label1\" content=\"Tiempo de lectura\" \/>\n\t<meta name=\"twitter:data1\" content=\"3 minutos\" \/>\n<script type=\"application\/ld+json\" class=\"yoast-schema-graph\">{\"@context\":\"https:\\\/\\\/schema.org\",\"@graph\":[{\"@type\":\"WebPage\",\"@id\":\"https:\\\/\\\/homehostelsvalencia.com\\\/es\\\/hostal-para-tomatina\\\/\",\"url\":\"https:\\\/\\\/homehostelsvalencia.com\\\/es\\\/hostal-para-tomatina\\\/\",\"name\":\"Hostal para la Tomatina &#183; H\u00f4me Hostels Valencia\",\"isPartOf\":{\"@id\":\"https:\\\/\\\/homehostelsvalencia.com\\\/es\\\/#website\"},\"primaryImageOfPage\":{\"@id\":\"https:\\\/\\\/homehostelsvalencia.com\\\/es\\\/hostal-para-tomatina\\\/#primaryimage\"},\"image\":{\"@id\":\"https:\\\/\\\/homehostelsvalencia.com\\\/es\\\/hostal-para-tomatina\\\/#primaryimage\"},\"thumbnailUrl\":\"https:\\\/\\\/homehostelsvalencia.com\\\/wp-content\\\/uploads\\\/2011\\\/04\\\/hostel-tomatina-valencia.jpg\",\"datePublished\":\"2011-04-28T16:32:52+00:00\",\"dateModified\":\"2018-02-19T12:20:16+00:00\",\"description\":\"\u00bfBuscas alojamiento para ir a la Tomatina? En H\u00f4me Hostels Valencia tenemos dos hostal para Tomatina tu disposici\u00f3n a s\u00f3lo 45 minutos de Bu\u00f1ol.\",\"breadcrumb\":{\"@id\":\"https:\\\/\\\/homehostelsvalencia.com\\\/es\\\/hostal-para-tomatina\\\/#breadcrumb\"},\"inLanguage\":\"es\",\"potentialAction\":[{\"@type\":\"ReadAction\",\"target\":[\"https:\\\/\\\/homehostelsvalencia.com\\\/es\\\/hostal-para-tomatina\\\/\"]}]},{\"@type\":\"ImageObject\",\"inLanguage\":\"es\",\"@id\":\"https:\\\/\\\/homehostelsvalencia.com\\\/es\\\/hostal-para-tomatina\\\/#primaryimage\",\"url\":\"https:\\\/\\\/homehostelsvalencia.com\\\/wp-content\\\/uploads\\\/2011\\\/04\\\/hostel-tomatina-valencia.jpg\",\"contentUrl\":\"https:\\\/\\\/homehostelsvalencia.com\\\/wp-content\\\/uploads\\\/2011\\\/04\\\/hostel-tomatina-valencia.jpg\",\"width\":800,\"height\":537,\"caption\":\"hostel tomatina valencia\"},{\"@type\":\"BreadcrumbList\",\"@id\":\"https:\\\/\\\/homehostelsvalencia.com\\\/es\\\/hostal-para-tomatina\\\/#breadcrumb\",\"itemListElement\":[{\"@type\":\"ListItem\",\"position\":1,\"name\":\"Portada\",\"item\":\"https:\\\/\\\/homehostelsvalencia.com\\\/es\\\/\"},{\"@type\":\"ListItem\",\"position\":2,\"name\":\"Hostal para la Tomatina\"}]},{\"@type\":\"WebSite\",\"@id\":\"https:\\\/\\\/homehostelsvalencia.com\\\/es\\\/#website\",\"url\":\"https:\\\/\\\/homehostelsvalencia.com\\\/es\\\/\",\"name\":\"H\u00f4me Hostels Valencia\",\"description\":\"If you&#039;re looking for a cheap place to stay en Valencia, come to H\u00f4me Hostels Valencia.\",\"publisher\":{\"@id\":\"https:\\\/\\\/homehostelsvalencia.com\\\/es\\\/#organization\"},\"potentialAction\":[{\"@type\":\"SearchAction\",\"target\":{\"@type\":\"EntryPoint\",\"urlTemplate\":\"https:\\\/\\\/homehostelsvalencia.com\\\/es\\\/?s={search_term_string}\"},\"query-input\":{\"@type\":\"PropertyValueSpecification\",\"valueRequired\":true,\"valueName\":\"search_term_string\"}}],\"inLanguage\":\"es\"},{\"@type\":\"Organization\",\"@id\":\"https:\\\/\\\/homehostelsvalencia.com\\\/es\\\/#organization\",\"name\":\"Home Hostels Valencia\",\"url\":\"https:\\\/\\\/homehostelsvalencia.com\\\/es\\\/\",\"logo\":{\"@type\":\"ImageObject\",\"inLanguage\":\"es\",\"@id\":\"https:\\\/\\\/homehostelsvalencia.com\\\/es\\\/#\\\/schema\\\/logo\\\/image\\\/\",\"url\":\"https:\\\/\\\/homehostelsvalencia.com\\\/wp-content\\\/uploads\\\/2017\\\/01\\\/logo-home-hostels-valencia-spain.png\",\"contentUrl\":\"https:\\\/\\\/homehostelsvalencia.com\\\/wp-content\\\/uploads\\\/2017\\\/01\\\/logo-home-hostels-valencia-spain.png\",\"width\":233,\"height\":93,\"caption\":\"Home Hostels Valencia\"},\"image\":{\"@id\":\"https:\\\/\\\/homehostelsvalencia.com\\\/es\\\/#\\\/schema\\\/logo\\\/image\\\/\"},\"sameAs\":[\"https:\\\/\\\/www.facebook.com\\\/HomeHostelsValencia\",\"https:\\\/\\\/x.com\\\/homehostelsvlc\",\"https:\\\/\\\/www.youtube.com\\\/user\\\/homehostelsvalencia\"]}]}<\/script>\n<!-- \/ Yoast SEO plugin. -->","yoast_head_json":{"title":"Hostal para la Tomatina &#183; H\u00f4me Hostels Valencia","description":"\u00bfBuscas alojamiento para ir a la Tomatina? En H\u00f4me Hostels Valencia tenemos dos hostal para Tomatina tu disposici\u00f3n a s\u00f3lo 45 minutos de Bu\u00f1ol.","robots":{"index":"index","follow":"follow","max-snippet":"max-snippet:-1","max-image-preview":"max-image-preview:large","max-video-preview":"max-video-preview:-1"},"canonical":"https:\/\/homehostelsvalencia.com\/es\/hostal-para-tomatina\/","og_locale":"es_ES","og_type":"article","og_title":"Hostal para la Tomatina &#183; H\u00f4me Hostels Valencia","og_description":"\u00bfBuscas alojamiento para ir a la Tomatina? En H\u00f4me Hostels Valencia tenemos dos hostal para Tomatina tu disposici\u00f3n a s\u00f3lo 45 minutos de Bu\u00f1ol.","og_url":"https:\/\/homehostelsvalencia.com\/es\/hostal-para-tomatina\/","og_site_name":"H\u00f4me Hostels Valencia","article_publisher":"https:\/\/www.facebook.com\/HomeHostelsValencia","article_modified_time":"2018-02-19T12:20:16+00:00","og_image":[{"width":800,"height":537,"url":"https:\/\/homehostelsvalencia.com\/wp-content\/uploads\/2011\/04\/hostel-tomatina-valencia.jpg","type":"image\/jpeg"}],"twitter_card":"summary_large_image","twitter_site":"@homehostelsvlc","twitter_misc":{"Tiempo de lectura":"3 minutos"},"schema":{"@context":"https:\/\/schema.org","@graph":[{"@type":"WebPage","@id":"https:\/\/homehostelsvalencia.com\/es\/hostal-para-tomatina\/","url":"https:\/\/homehostelsvalencia.com\/es\/hostal-para-tomatina\/","name":"Hostal para la Tomatina &#183; H\u00f4me Hostels Valencia","isPartOf":{"@id":"https:\/\/homehostelsvalencia.com\/es\/#website"},"primaryImageOfPage":{"@id":"https:\/\/homehostelsvalencia.com\/es\/hostal-para-tomatina\/#primaryimage"},"image":{"@id":"https:\/\/homehostelsvalencia.com\/es\/hostal-para-tomatina\/#primaryimage"},"thumbnailUrl":"https:\/\/homehostelsvalencia.com\/wp-content\/uploads\/2011\/04\/hostel-tomatina-valencia.jpg","datePublished":"2011-04-28T16:32:52+00:00","dateModified":"2018-02-19T12:20:16+00:00","description":"\u00bfBuscas alojamiento para ir a la Tomatina? En H\u00f4me Hostels Valencia tenemos dos hostal para Tomatina tu disposici\u00f3n a s\u00f3lo 45 minutos de Bu\u00f1ol.","breadcrumb":{"@id":"https:\/\/homehostelsvalencia.com\/es\/hostal-para-tomatina\/#breadcrumb"},"inLanguage":"es","potentialAction":[{"@type":"ReadAction","target":["https:\/\/homehostelsvalencia.com\/es\/hostal-para-tomatina\/"]}]},{"@type":"ImageObject","inLanguage":"es","@id":"https:\/\/homehostelsvalencia.com\/es\/hostal-para-tomatina\/#primaryimage","url":"https:\/\/homehostelsvalencia.com\/wp-content\/uploads\/2011\/04\/hostel-tomatina-valencia.jpg","contentUrl":"https:\/\/homehostelsvalencia.com\/wp-content\/uploads\/2011\/04\/hostel-tomatina-valencia.jpg","width":800,"height":537,"caption":"hostel tomatina valencia"},{"@type":"BreadcrumbList","@id":"https:\/\/homehostelsvalencia.com\/es\/hostal-para-tomatina\/#breadcrumb","itemListElement":[{"@type":"ListItem","position":1,"name":"Portada","item":"https:\/\/homehostelsvalencia.com\/es\/"},{"@type":"ListItem","position":2,"name":"Hostal para la Tomatina"}]},{"@type":"WebSite","@id":"https:\/\/homehostelsvalencia.com\/es\/#website","url":"https:\/\/homehostelsvalencia.com\/es\/","name":"H\u00f4me Hostels Valencia","description":"If you&#039;re looking for a cheap place to stay en Valencia, come to H\u00f4me Hostels Valencia.","publisher":{"@id":"https:\/\/homehostelsvalencia.com\/es\/#organization"},"potentialAction":[{"@type":"SearchAction","target":{"@type":"EntryPoint","urlTemplate":"https:\/\/homehostelsvalencia.com\/es\/?s={search_term_string}"},"query-input":{"@type":"PropertyValueSpecification","valueRequired":true,"valueName":"search_term_string"}}],"inLanguage":"es"},{"@type":"Organization","@id":"https:\/\/homehostelsvalencia.com\/es\/#organization","name":"Home Hostels Valencia","url":"https:\/\/homehostelsvalencia.com\/es\/","logo":{"@type":"ImageObject","inLanguage":"es","@id":"https:\/\/homehostelsvalencia.com\/es\/#\/schema\/logo\/image\/","url":"https:\/\/homehostelsvalencia.com\/wp-content\/uploads\/2017\/01\/logo-home-hostels-valencia-spain.png","contentUrl":"https:\/\/homehostelsvalencia.com\/wp-content\/uploads\/2017\/01\/logo-home-hostels-valencia-spain.png","width":233,"height":93,"caption":"Home Hostels Valencia"},"image":{"@id":"https:\/\/homehostelsvalencia.com\/es\/#\/schema\/logo\/image\/"},"sameAs":["https:\/\/www.facebook.com\/HomeHostelsValencia","https:\/\/x.com\/homehostelsvlc","https:\/\/www.youtube.com\/user\/homehostelsvalencia"]}]}},"_links":{"self":[{"href":"https:\/\/homehostelsvalencia.com\/es\/wp-json\/wp\/v2\/pages\/2913","targetHints":{"allow":["GET"]}}],"collection":[{"href":"https:\/\/homehostelsvalencia.com\/es\/wp-json\/wp\/v2\/pages"}],"about":[{"href":"https:\/\/homehostelsvalencia.com\/es\/wp-json\/wp\/v2\/types\/page"}],"author":[{"embeddable":true,"href":"https:\/\/homehostelsvalencia.com\/es\/wp-json\/wp\/v2\/users\/15"}],"replies":[{"embeddable":true,"href":"https:\/\/homehostelsvalencia.com\/es\/wp-json\/wp\/v2\/comments?post=2913"}],"version-history":[{"count":0,"href":"https:\/\/homehostelsvalencia.com\/es\/wp-json\/wp\/v2\/pages\/2913\/revisions"}],"wp:featuredmedia":[{"embeddable":true,"href":"https:\/\/homehostelsvalencia.com\/es\/wp-json\/wp\/v2\/media\/6289"}],"wp:attachment":[{"href":"https:\/\/homehostelsvalencia.com\/es\/wp-json\/wp\/v2\/media?parent=2913"}],"curies":[{"name":"wp","href":"https:\/\/api.w.org\/{rel}","templated":true}]}}