{"id":2907,"date":"2011-04-28T16:31:01","date_gmt":"2011-04-28T16:31:01","guid":{"rendered":"http:\/\/dev.homehostelsvalencia.com\/hostal-barato-en-valencia\/"},"modified":"2018-02-17T01:37:51","modified_gmt":"2018-02-17T00:37:51","slug":"hostal-barato-valencia","status":"publish","type":"page","link":"https:\/\/homehostelsvalencia.com\/es\/hostal-barato-valencia\/","title":{"rendered":"Hostal barato en Valencia"},"content":{"rendered":"<h2>\u00bfQuieres un Hostal barato en Valencia?<\/h2>\n<p>Ven a Home Hostels Valencia, tenemos los precios m\u00e1s baratos de la ciudad de Valencia, dos hostales de bajo coste a elegir situados en pleno coraz\u00f3n hist\u00f3rico de Valencia.<\/p>\n<p>En <strong>Home Hostels Valencia<\/strong> tenemos dos hostales muy econ\u00f3micos a tu disposici\u00f3n:<\/p>\n<p><strong><span style=\"color: #888888;\">Hostal barato en Valencia:<\/span>\u00a0Home Youth Hostel<\/strong> es un hostal barato junto al Mercado Central de Valencia. Con habitaciones de 2 a 4 personas y con un precio muy econ\u00f3mico desde <strong>11\u20ac<\/strong> la noche. \u00a1Uno de los hostales m\u00e1s baratos de Valencia ciudad!<\/p>\n<p><img fetchpriority=\"high\" decoding=\"async\" class=\"alignnone size-full wp-image-950\" title=\"Home Youth Hostel Valencia - Hostal Barato Valencia\" src=\"https:\/\/www.homehostelsvalencia.com\/wp-content\/uploads\/2011\/04\/Home-Youth-Hostel-Valencia-Hostal-Barato-Valencia.jpg\" alt=\"Home Youth Hostel Valencia - Hostal Barato Valencia\" width=\"600\" height=\"143\" \/><\/p>\n<p><strong><span style=\"color: #888888;\">Hostal barato en Valencia:\u00a0<\/span>Home Backpackers Hostel<\/strong> es un albergue barato, de precio muy competitivo, en pleno Barrio del Carmen con habitaciones con literas con capacidad de 6 a 16 personas a un precio muy asequible: desde <strong>10\u20ac<\/strong> la noche. \u00a1El hostal m\u00e1s barato de toda la ciudad de Valencia!<\/p>\n<p><img decoding=\"async\" class=\"alignnone size-full wp-image-950\" title=\"Home Backpackers Hostel Valencia - Hostal barato en Valencia\" src=\"https:\/\/www.homehostelsvalencia.com\/wp-content\/uploads\/2011\/04\/Home-Backpackers-Hostel-Valencia-Albergue-Barato-Valencia.jpg\" alt=\"Home Backpackers Hostel Valencia - Hostal barato en Valencia\" width=\"600\" height=\"143\" \/><\/p>\n<p>No encontrar\u00e1s hostales en Valencia tan confortables, baratos, c\u00f3modos, limpios, amigables y llenos de color como los nuestros situados en pleno centro de Valencia ciudad.<\/p>\n<p>Los hostales Home Hostels Valencia est\u00e1n ubicados en el casco antiguo de Valencia, muy cerca de los principales monumentos, museos, restaurantes y los mejores sitios que visitar, es muy f\u00e1cil y barato moverse por el centro de la ciudad desde cualquiera de los hostales de Home Hostels Valencia.<\/p>\n<p>Nuestros albergues son los m\u00e1s antiguos de la ciudad de Valencia esta es la raz\u00f3n por la que tenemos<strong> el mejor precio en la ciudad, hostales de tarifas muy econ\u00f3micas y bajas para disfrutar con los amigos.<\/strong> En nuestros hostales es muy f\u00e1cil hacer amigos, est\u00e1n llenos de j\u00f3venes de todas las nacionalidades, son limpios, c\u00f3modos, abren 24 horas al d\u00eda, nuestro personal habla varios idiomas, cuenta con acceso a Internet, una cocina muy grande y una incre\u00edble terraza en el techo del hostal para disfrutar de las maravillosas vistas de la ciudad de Valencia y de sus d\u00edas soleados.<\/p>\n<p>Ning\u00fan otro albergue juvenil en la ciudad de Valencia es tan barato como Home Hostels, ning\u00fan otro hostal de bajo coste ofrece tantos servicios como Home Hostels.<\/p>\n<p>Nuestros hostales est\u00e1n llenos de color, luz y disfrutan de un ambiente agradable y amistoso, listos para disfrutar, buenos precios y bien ubicados, muy cerca de los principales lugares que visitar en Valencia y muy cerca de la parada del metro y la estaci\u00f3n de autobuses.<\/p>\n<p><strong>Si est\u00e1s buscando el hostal m\u00e1s barato en Valencia<\/strong> para disfrutar de unas agradables vacaciones en la playa o simplemente dar un paseo por el Centro Hist\u00f3rico de la ciudad, este es tu hostal, \u00a1\u00a1 ven y disfruta!!<\/p>\n<p><strong>Home Hostels Valencia<\/strong>, es la primera cadena de hostales de bajo presupuesto en Valencia.<\/p>\n<p>Para m\u00e1s informaci\u00f3n de nuestros hostales de bajo coste, pincha sobre <a href=\"\/es\/youth-hostel-valencia\/presentacion\/\">Home Youth Hostel Valencia<\/a> y sobre <a href=\"\/es\/backpackers-hostel-valencia\/presentacion\/\">Home Backpackers Hostel<\/a>.<\/p>\n<p>Para m\u00e1s informaci\u00f3n sobre la ciudad de Valencia, que visitar, recorridos, principales museos, noticias\u2026 consulta nuestra <a href=\"\/es\/guia-valencia\/\">Gu\u00eda de Valencia <\/a><\/p>\n","protected":false},"excerpt":{"rendered":"<p>\u00bfQuieres un Hostal barato en Valencia? Ven a Home Hostels Valencia, tenemos los precios m\u00e1s baratos de la ciudad de Valencia, dos hostales de bajo coste a elegir situados en pleno coraz\u00f3n hist\u00f3rico de Valencia. En Home Hostels Valencia tenemos dos hostales muy econ\u00f3micos a tu disposici\u00f3n: Hostal barato en Valencia:\u00a0Home Youth Hostel es un [&hellip;]<\/p>\n","protected":false},"author":15,"featured_media":0,"parent":0,"menu_order":0,"comment_status":"closed","ping_status":"closed","template":"","meta":{"footnotes":""},"class_list":["post-2907","page","type-page","status-publish","hentry"],"yoast_head":"<!-- This site is optimized with the Yoast SEO plugin v27.3 - https:\/\/yoast.com\/product\/yoast-seo-wordpress\/ -->\n<title>Hostal barato en Valencia - Home Hostels Valencia<\/title>\n<meta name=\"description\" content=\"Hostal barato en Valencia \u00bfQuieres un hostal barato Valencia? En Home Hostels Valencia tenemos un hostal barato y un albergue barato a tu disposici\u00f3n.\" \/>\n<meta name=\"robots\" content=\"index, follow, max-snippet:-1, max-image-preview:large, max-video-preview:-1\" \/>\n<link rel=\"canonical\" href=\"https:\/\/homehostelsvalencia.com\/es\/hostal-barato-valencia\/\" \/>\n<meta property=\"og:locale\" content=\"es_ES\" \/>\n<meta property=\"og:type\" content=\"article\" \/>\n<meta property=\"og:title\" content=\"Hostal barato en Valencia - Home Hostels Valencia\" \/>\n<meta property=\"og:description\" content=\"Hostal barato en Valencia \u00bfQuieres un hostal barato Valencia? En Home Hostels Valencia tenemos un hostal barato y un albergue barato a tu disposici\u00f3n.\" \/>\n<meta property=\"og:url\" content=\"https:\/\/homehostelsvalencia.com\/es\/hostal-barato-valencia\/\" \/>\n<meta property=\"og:site_name\" content=\"H\u00f4me Hostels Valencia\" \/>\n<meta property=\"article:publisher\" content=\"https:\/\/www.facebook.com\/HomeHostelsValencia\" \/>\n<meta property=\"article:modified_time\" content=\"2018-02-17T00:37:51+00:00\" \/>\n<meta property=\"og:image\" content=\"https:\/\/www.homehostelsvalencia.com\/wp-content\/uploads\/2011\/04\/Home-Youth-Hostel-Valencia-Hostal-Barato-Valencia.jpg\" \/>\n<meta name=\"twitter:card\" content=\"summary_large_image\" \/>\n<meta name=\"twitter:site\" content=\"@homehostelsvlc\" \/>\n<meta name=\"twitter:label1\" content=\"Tiempo de lectura\" \/>\n\t<meta name=\"twitter:data1\" content=\"3 minutos\" \/>\n<script type=\"application\/ld+json\" class=\"yoast-schema-graph\">{\"@context\":\"https:\\\/\\\/schema.org\",\"@graph\":[{\"@type\":\"WebPage\",\"@id\":\"https:\\\/\\\/homehostelsvalencia.com\\\/es\\\/hostal-barato-valencia\\\/\",\"url\":\"https:\\\/\\\/homehostelsvalencia.com\\\/es\\\/hostal-barato-valencia\\\/\",\"name\":\"Hostal barato en Valencia - Home Hostels Valencia\",\"isPartOf\":{\"@id\":\"https:\\\/\\\/homehostelsvalencia.com\\\/es\\\/#website\"},\"primaryImageOfPage\":{\"@id\":\"https:\\\/\\\/homehostelsvalencia.com\\\/es\\\/hostal-barato-valencia\\\/#primaryimage\"},\"image\":{\"@id\":\"https:\\\/\\\/homehostelsvalencia.com\\\/es\\\/hostal-barato-valencia\\\/#primaryimage\"},\"thumbnailUrl\":\"https:\\\/\\\/www.homehostelsvalencia.com\\\/wp-content\\\/uploads\\\/2011\\\/04\\\/Home-Youth-Hostel-Valencia-Hostal-Barato-Valencia.jpg\",\"datePublished\":\"2011-04-28T16:31:01+00:00\",\"dateModified\":\"2018-02-17T00:37:51+00:00\",\"description\":\"Hostal barato en Valencia \u00bfQuieres un hostal barato Valencia? En Home Hostels Valencia tenemos un hostal barato y un albergue barato a tu disposici\u00f3n.\",\"breadcrumb\":{\"@id\":\"https:\\\/\\\/homehostelsvalencia.com\\\/es\\\/hostal-barato-valencia\\\/#breadcrumb\"},\"inLanguage\":\"es\",\"potentialAction\":[{\"@type\":\"ReadAction\",\"target\":[\"https:\\\/\\\/homehostelsvalencia.com\\\/es\\\/hostal-barato-valencia\\\/\"]}]},{\"@type\":\"ImageObject\",\"inLanguage\":\"es\",\"@id\":\"https:\\\/\\\/homehostelsvalencia.com\\\/es\\\/hostal-barato-valencia\\\/#primaryimage\",\"url\":\"https:\\\/\\\/www.homehostelsvalencia.com\\\/wp-content\\\/uploads\\\/2011\\\/04\\\/Home-Youth-Hostel-Valencia-Hostal-Barato-Valencia.jpg\",\"contentUrl\":\"https:\\\/\\\/www.homehostelsvalencia.com\\\/wp-content\\\/uploads\\\/2011\\\/04\\\/Home-Youth-Hostel-Valencia-Hostal-Barato-Valencia.jpg\"},{\"@type\":\"BreadcrumbList\",\"@id\":\"https:\\\/\\\/homehostelsvalencia.com\\\/es\\\/hostal-barato-valencia\\\/#breadcrumb\",\"itemListElement\":[{\"@type\":\"ListItem\",\"position\":1,\"name\":\"Portada\",\"item\":\"https:\\\/\\\/homehostelsvalencia.com\\\/es\\\/\"},{\"@type\":\"ListItem\",\"position\":2,\"name\":\"Hostal barato en Valencia\"}]},{\"@type\":\"WebSite\",\"@id\":\"https:\\\/\\\/homehostelsvalencia.com\\\/es\\\/#website\",\"url\":\"https:\\\/\\\/homehostelsvalencia.com\\\/es\\\/\",\"name\":\"H\u00f4me Hostels Valencia\",\"description\":\"If you&#039;re looking for a cheap place to stay en Valencia, come to H\u00f4me Hostels Valencia.\",\"publisher\":{\"@id\":\"https:\\\/\\\/homehostelsvalencia.com\\\/es\\\/#organization\"},\"potentialAction\":[{\"@type\":\"SearchAction\",\"target\":{\"@type\":\"EntryPoint\",\"urlTemplate\":\"https:\\\/\\\/homehostelsvalencia.com\\\/es\\\/?s={search_term_string}\"},\"query-input\":{\"@type\":\"PropertyValueSpecification\",\"valueRequired\":true,\"valueName\":\"search_term_string\"}}],\"inLanguage\":\"es\"},{\"@type\":\"Organization\",\"@id\":\"https:\\\/\\\/homehostelsvalencia.com\\\/es\\\/#organization\",\"name\":\"Home Hostels Valencia\",\"url\":\"https:\\\/\\\/homehostelsvalencia.com\\\/es\\\/\",\"logo\":{\"@type\":\"ImageObject\",\"inLanguage\":\"es\",\"@id\":\"https:\\\/\\\/homehostelsvalencia.com\\\/es\\\/#\\\/schema\\\/logo\\\/image\\\/\",\"url\":\"https:\\\/\\\/homehostelsvalencia.com\\\/wp-content\\\/uploads\\\/2017\\\/01\\\/logo-home-hostels-valencia-spain.png\",\"contentUrl\":\"https:\\\/\\\/homehostelsvalencia.com\\\/wp-content\\\/uploads\\\/2017\\\/01\\\/logo-home-hostels-valencia-spain.png\",\"width\":233,\"height\":93,\"caption\":\"Home Hostels Valencia\"},\"image\":{\"@id\":\"https:\\\/\\\/homehostelsvalencia.com\\\/es\\\/#\\\/schema\\\/logo\\\/image\\\/\"},\"sameAs\":[\"https:\\\/\\\/www.facebook.com\\\/HomeHostelsValencia\",\"https:\\\/\\\/x.com\\\/homehostelsvlc\",\"https:\\\/\\\/www.youtube.com\\\/user\\\/homehostelsvalencia\"]}]}<\/script>\n<!-- \/ Yoast SEO plugin. -->","yoast_head_json":{"title":"Hostal barato en Valencia - Home Hostels Valencia","description":"Hostal barato en Valencia \u00bfQuieres un hostal barato Valencia? En Home Hostels Valencia tenemos un hostal barato y un albergue barato a tu disposici\u00f3n.","robots":{"index":"index","follow":"follow","max-snippet":"max-snippet:-1","max-image-preview":"max-image-preview:large","max-video-preview":"max-video-preview:-1"},"canonical":"https:\/\/homehostelsvalencia.com\/es\/hostal-barato-valencia\/","og_locale":"es_ES","og_type":"article","og_title":"Hostal barato en Valencia - Home Hostels Valencia","og_description":"Hostal barato en Valencia \u00bfQuieres un hostal barato Valencia? En Home Hostels Valencia tenemos un hostal barato y un albergue barato a tu disposici\u00f3n.","og_url":"https:\/\/homehostelsvalencia.com\/es\/hostal-barato-valencia\/","og_site_name":"H\u00f4me Hostels Valencia","article_publisher":"https:\/\/www.facebook.com\/HomeHostelsValencia","article_modified_time":"2018-02-17T00:37:51+00:00","og_image":[{"url":"https:\/\/www.homehostelsvalencia.com\/wp-content\/uploads\/2011\/04\/Home-Youth-Hostel-Valencia-Hostal-Barato-Valencia.jpg","type":"","width":"","height":""}],"twitter_card":"summary_large_image","twitter_site":"@homehostelsvlc","twitter_misc":{"Tiempo de lectura":"3 minutos"},"schema":{"@context":"https:\/\/schema.org","@graph":[{"@type":"WebPage","@id":"https:\/\/homehostelsvalencia.com\/es\/hostal-barato-valencia\/","url":"https:\/\/homehostelsvalencia.com\/es\/hostal-barato-valencia\/","name":"Hostal barato en Valencia - Home Hostels Valencia","isPartOf":{"@id":"https:\/\/homehostelsvalencia.com\/es\/#website"},"primaryImageOfPage":{"@id":"https:\/\/homehostelsvalencia.com\/es\/hostal-barato-valencia\/#primaryimage"},"image":{"@id":"https:\/\/homehostelsvalencia.com\/es\/hostal-barato-valencia\/#primaryimage"},"thumbnailUrl":"https:\/\/www.homehostelsvalencia.com\/wp-content\/uploads\/2011\/04\/Home-Youth-Hostel-Valencia-Hostal-Barato-Valencia.jpg","datePublished":"2011-04-28T16:31:01+00:00","dateModified":"2018-02-17T00:37:51+00:00","description":"Hostal barato en Valencia \u00bfQuieres un hostal barato Valencia? En Home Hostels Valencia tenemos un hostal barato y un albergue barato a tu disposici\u00f3n.","breadcrumb":{"@id":"https:\/\/homehostelsvalencia.com\/es\/hostal-barato-valencia\/#breadcrumb"},"inLanguage":"es","potentialAction":[{"@type":"ReadAction","target":["https:\/\/homehostelsvalencia.com\/es\/hostal-barato-valencia\/"]}]},{"@type":"ImageObject","inLanguage":"es","@id":"https:\/\/homehostelsvalencia.com\/es\/hostal-barato-valencia\/#primaryimage","url":"https:\/\/www.homehostelsvalencia.com\/wp-content\/uploads\/2011\/04\/Home-Youth-Hostel-Valencia-Hostal-Barato-Valencia.jpg","contentUrl":"https:\/\/www.homehostelsvalencia.com\/wp-content\/uploads\/2011\/04\/Home-Youth-Hostel-Valencia-Hostal-Barato-Valencia.jpg"},{"@type":"BreadcrumbList","@id":"https:\/\/homehostelsvalencia.com\/es\/hostal-barato-valencia\/#breadcrumb","itemListElement":[{"@type":"ListItem","position":1,"name":"Portada","item":"https:\/\/homehostelsvalencia.com\/es\/"},{"@type":"ListItem","position":2,"name":"Hostal barato en Valencia"}]},{"@type":"WebSite","@id":"https:\/\/homehostelsvalencia.com\/es\/#website","url":"https:\/\/homehostelsvalencia.com\/es\/","name":"H\u00f4me Hostels Valencia","description":"If you&#039;re looking for a cheap place to stay en Valencia, come to H\u00f4me Hostels Valencia.","publisher":{"@id":"https:\/\/homehostelsvalencia.com\/es\/#organization"},"potentialAction":[{"@type":"SearchAction","target":{"@type":"EntryPoint","urlTemplate":"https:\/\/homehostelsvalencia.com\/es\/?s={search_term_string}"},"query-input":{"@type":"PropertyValueSpecification","valueRequired":true,"valueName":"search_term_string"}}],"inLanguage":"es"},{"@type":"Organization","@id":"https:\/\/homehostelsvalencia.com\/es\/#organization","name":"Home Hostels Valencia","url":"https:\/\/homehostelsvalencia.com\/es\/","logo":{"@type":"ImageObject","inLanguage":"es","@id":"https:\/\/homehostelsvalencia.com\/es\/#\/schema\/logo\/image\/","url":"https:\/\/homehostelsvalencia.com\/wp-content\/uploads\/2017\/01\/logo-home-hostels-valencia-spain.png","contentUrl":"https:\/\/homehostelsvalencia.com\/wp-content\/uploads\/2017\/01\/logo-home-hostels-valencia-spain.png","width":233,"height":93,"caption":"Home Hostels Valencia"},"image":{"@id":"https:\/\/homehostelsvalencia.com\/es\/#\/schema\/logo\/image\/"},"sameAs":["https:\/\/www.facebook.com\/HomeHostelsValencia","https:\/\/x.com\/homehostelsvlc","https:\/\/www.youtube.com\/user\/homehostelsvalencia"]}]}},"_links":{"self":[{"href":"https:\/\/homehostelsvalencia.com\/es\/wp-json\/wp\/v2\/pages\/2907","targetHints":{"allow":["GET"]}}],"collection":[{"href":"https:\/\/homehostelsvalencia.com\/es\/wp-json\/wp\/v2\/pages"}],"about":[{"href":"https:\/\/homehostelsvalencia.com\/es\/wp-json\/wp\/v2\/types\/page"}],"author":[{"embeddable":true,"href":"https:\/\/homehostelsvalencia.com\/es\/wp-json\/wp\/v2\/users\/15"}],"replies":[{"embeddable":true,"href":"https:\/\/homehostelsvalencia.com\/es\/wp-json\/wp\/v2\/comments?post=2907"}],"version-history":[{"count":0,"href":"https:\/\/homehostelsvalencia.com\/es\/wp-json\/wp\/v2\/pages\/2907\/revisions"}],"wp:attachment":[{"href":"https:\/\/homehostelsvalencia.com\/es\/wp-json\/wp\/v2\/media?parent=2907"}],"curies":[{"name":"wp","href":"https:\/\/api.w.org\/{rel}","templated":true}]}}