{"id":2898,"date":"2011-04-28T16:28:19","date_gmt":"2011-04-28T16:28:19","guid":{"rendered":"http:\/\/dev.homehostelsvalencia.com\/sobre-nosotros\/"},"modified":"2018-02-19T13:48:24","modified_gmt":"2018-02-19T12:48:24","slug":"sobre-home-hostels-valencia-hostal-valencia","status":"publish","type":"page","link":"https:\/\/homehostelsvalencia.com\/es\/sobre-home-hostels-valencia-hostal-valencia\/","title":{"rendered":"Sobre nosotros: hostal en Valencia"},"content":{"rendered":"<h2>Home Hostels Valencia, la mejor cadena de hostales baratos en Valencia.<\/h2>\n<p><strong>Home Hostels Valencia<\/strong> es una cadena de hostales para viajeros que quieren un alojamiento confortable, limpio, amigable y lleno de color.<\/p>\n<p>Ponemos a tu disposici\u00f3n habitaciones privadas de 2 a 4 personas y habitaciones de literas con capacidades de 6 a 16 personas, repartidas en 2 edificios situados en el centro de Valencia.<\/p>\n<p><strong><span style=\"text-decoration: underline;\"><span style=\"color: #888888; text-decoration: underline;\">Hostal en Valencia:<\/span><\/span><span style=\"color: #888888;\">\u00a0<\/span>Home Youth Hostel<\/strong>: habitaciones bonitas y sin literas, a dos pasos del Mercado Central y la Lonja.<br \/>\n<strong><strong><span style=\"text-decoration: underline;\"><span style=\"color: #888888; text-decoration: underline;\">Hostal en Valencia:<\/span><\/span>\u00a0<\/strong>Home Backpackers Hostel<\/strong>: habitaciones con literas, en pleno Barrio del Carmen y con una terraza al aire libre de 200mts cuadrados.<\/p>\n<p>Adem\u00e1s te ofrecemos todos los servicios que puedas necesitar durante tu estancia, como recepci\u00f3n 24 horas, cocina, tel\u00e9fono, Internet, taquillas, dep\u00f3sito de maletas, s\u00e1banas incluidas, TV, etc.<\/p>\n<p>Cada hostal tiene un sal\u00f3n donde puedes relajarte, tomarte una cerveza y hablar con tus amigos o incluso hacer amistad con otras personas. Si lo que quieres es tomar el sol, tenemos dos terrazas con tumbonas y una espectacular vista de la ciudad.<\/p>\n<p>Te invitamos a compartir tu experiencia con viajeros de todo el mundo. Tambi\u00e9n, por qu\u00e9 no, a alquilar una bici y visitar la soleada playa de Valencia o la Ciudad de las Artes y las Ciencias. Y si tienes cualquier duda sobre a d\u00f3nde ir, tranquilo, nuestro personal estar\u00e1 encantado de ayudarte.<\/p>\n<p>Los hostales de Home Hostels Valencia son ideales para gente joven porque son hostales baratos, con un aspecto muy colorido y un ambiente divertido que seguro te encantar\u00e1.<\/p>\n<p><strong>\u00a1Ven a Home Hostels Valencia!\u00a0<\/strong><\/p>\n<p><strong>Hostal en Valencia\u00a0<\/strong><\/p>\n","protected":false},"excerpt":{"rendered":"<p>Home Hostels Valencia, la mejor cadena de hostales baratos en Valencia. Home Hostels Valencia es una cadena de hostales para viajeros que quieren un alojamiento confortable, limpio, amigable y lleno de color. Ponemos a tu disposici\u00f3n habitaciones privadas de 2 a 4 personas y habitaciones de literas con capacidades de 6 a 16 personas, repartidas [&hellip;]<\/p>\n","protected":false},"author":15,"featured_media":938,"parent":0,"menu_order":0,"comment_status":"open","ping_status":"open","template":"","meta":{"footnotes":""},"class_list":["post-2898","page","type-page","status-publish","has-post-thumbnail","hentry"],"yoast_head":"<!-- This site is optimized with the Yoast SEO plugin v27.3 - https:\/\/yoast.com\/product\/yoast-seo-wordpress\/ -->\n<title>Sobre nosotros | Home Hostels Valencia | Hostal en Valencia<\/title>\n<meta name=\"description\" content=\"Hostal en Valencia: Home Hostels Valencia, la mejor cadena de hostales baratos en Valencia. Alojamientos confortables, limpios y agradables\" \/>\n<meta name=\"robots\" content=\"index, follow, max-snippet:-1, max-image-preview:large, max-video-preview:-1\" \/>\n<link rel=\"canonical\" href=\"https:\/\/homehostelsvalencia.com\/es\/sobre-home-hostels-valencia-hostal-valencia\/\" \/>\n<meta property=\"og:locale\" content=\"es_ES\" \/>\n<meta property=\"og:type\" content=\"article\" \/>\n<meta property=\"og:title\" content=\"Sobre nosotros | Home Hostels Valencia | Hostal en Valencia\" \/>\n<meta property=\"og:description\" content=\"Hostal en Valencia: Home Hostels Valencia, la mejor cadena de hostales baratos en Valencia. Alojamientos confortables, limpios y agradables\" \/>\n<meta property=\"og:url\" content=\"https:\/\/homehostelsvalencia.com\/es\/sobre-home-hostels-valencia-hostal-valencia\/\" \/>\n<meta property=\"og:site_name\" content=\"H\u00f4me Hostels Valencia\" \/>\n<meta property=\"article:publisher\" content=\"https:\/\/www.facebook.com\/HomeHostelsValencia\" \/>\n<meta property=\"article:modified_time\" content=\"2018-02-19T12:48:24+00:00\" \/>\n<meta property=\"og:image\" content=\"https:\/\/homehostelsvalencia.com\/wp-content\/uploads\/2011\/04\/img_about-us1.jpg\" \/>\n\t<meta property=\"og:image:width\" content=\"202\" \/>\n\t<meta property=\"og:image:height\" content=\"323\" \/>\n\t<meta property=\"og:image:type\" content=\"image\/jpeg\" \/>\n<meta name=\"twitter:card\" content=\"summary_large_image\" \/>\n<meta name=\"twitter:site\" content=\"@homehostelsvlc\" \/>\n<meta name=\"twitter:label1\" content=\"Tiempo de lectura\" \/>\n\t<meta name=\"twitter:data1\" content=\"1 minuto\" \/>\n<script type=\"application\/ld+json\" class=\"yoast-schema-graph\">{\"@context\":\"https:\\\/\\\/schema.org\",\"@graph\":[{\"@type\":\"WebPage\",\"@id\":\"https:\\\/\\\/homehostelsvalencia.com\\\/es\\\/sobre-home-hostels-valencia-hostal-valencia\\\/\",\"url\":\"https:\\\/\\\/homehostelsvalencia.com\\\/es\\\/sobre-home-hostels-valencia-hostal-valencia\\\/\",\"name\":\"Sobre nosotros | Home Hostels Valencia | Hostal en Valencia\",\"isPartOf\":{\"@id\":\"https:\\\/\\\/homehostelsvalencia.com\\\/es\\\/#website\"},\"primaryImageOfPage\":{\"@id\":\"https:\\\/\\\/homehostelsvalencia.com\\\/es\\\/sobre-home-hostels-valencia-hostal-valencia\\\/#primaryimage\"},\"image\":{\"@id\":\"https:\\\/\\\/homehostelsvalencia.com\\\/es\\\/sobre-home-hostels-valencia-hostal-valencia\\\/#primaryimage\"},\"thumbnailUrl\":\"https:\\\/\\\/homehostelsvalencia.com\\\/wp-content\\\/uploads\\\/2011\\\/04\\\/img_about-us1.jpg\",\"datePublished\":\"2011-04-28T16:28:19+00:00\",\"dateModified\":\"2018-02-19T12:48:24+00:00\",\"description\":\"Hostal en Valencia: Home Hostels Valencia, la mejor cadena de hostales baratos en Valencia. Alojamientos confortables, limpios y agradables\",\"breadcrumb\":{\"@id\":\"https:\\\/\\\/homehostelsvalencia.com\\\/es\\\/sobre-home-hostels-valencia-hostal-valencia\\\/#breadcrumb\"},\"inLanguage\":\"es\",\"potentialAction\":[{\"@type\":\"ReadAction\",\"target\":[\"https:\\\/\\\/homehostelsvalencia.com\\\/es\\\/sobre-home-hostels-valencia-hostal-valencia\\\/\"]}]},{\"@type\":\"ImageObject\",\"inLanguage\":\"es\",\"@id\":\"https:\\\/\\\/homehostelsvalencia.com\\\/es\\\/sobre-home-hostels-valencia-hostal-valencia\\\/#primaryimage\",\"url\":\"https:\\\/\\\/homehostelsvalencia.com\\\/wp-content\\\/uploads\\\/2011\\\/04\\\/img_about-us1.jpg\",\"contentUrl\":\"https:\\\/\\\/homehostelsvalencia.com\\\/wp-content\\\/uploads\\\/2011\\\/04\\\/img_about-us1.jpg\",\"width\":\"202\",\"height\":\"323\",\"caption\":\"[:en] H\u00f4me Hostels Valencia, the best chain of low cost hostels en Valencia. [:es] H\u00f4me Hostels Valencia, la mejor cadena de hostales baratos en Valencia. [:it] H\u00f4me Hostels Valencia, la migliore catena di ostelli economici di Valencia.\"},{\"@type\":\"BreadcrumbList\",\"@id\":\"https:\\\/\\\/homehostelsvalencia.com\\\/es\\\/sobre-home-hostels-valencia-hostal-valencia\\\/#breadcrumb\",\"itemListElement\":[{\"@type\":\"ListItem\",\"position\":1,\"name\":\"Portada\",\"item\":\"https:\\\/\\\/homehostelsvalencia.com\\\/es\\\/\"},{\"@type\":\"ListItem\",\"position\":2,\"name\":\"Sobre nosotros: hostal en Valencia\"}]},{\"@type\":\"WebSite\",\"@id\":\"https:\\\/\\\/homehostelsvalencia.com\\\/es\\\/#website\",\"url\":\"https:\\\/\\\/homehostelsvalencia.com\\\/es\\\/\",\"name\":\"H\u00f4me Hostels Valencia\",\"description\":\"If you&#039;re looking for a cheap place to stay en Valencia, come to H\u00f4me Hostels Valencia.\",\"publisher\":{\"@id\":\"https:\\\/\\\/homehostelsvalencia.com\\\/es\\\/#organization\"},\"potentialAction\":[{\"@type\":\"SearchAction\",\"target\":{\"@type\":\"EntryPoint\",\"urlTemplate\":\"https:\\\/\\\/homehostelsvalencia.com\\\/es\\\/?s={search_term_string}\"},\"query-input\":{\"@type\":\"PropertyValueSpecification\",\"valueRequired\":true,\"valueName\":\"search_term_string\"}}],\"inLanguage\":\"es\"},{\"@type\":\"Organization\",\"@id\":\"https:\\\/\\\/homehostelsvalencia.com\\\/es\\\/#organization\",\"name\":\"Home Hostels Valencia\",\"url\":\"https:\\\/\\\/homehostelsvalencia.com\\\/es\\\/\",\"logo\":{\"@type\":\"ImageObject\",\"inLanguage\":\"es\",\"@id\":\"https:\\\/\\\/homehostelsvalencia.com\\\/es\\\/#\\\/schema\\\/logo\\\/image\\\/\",\"url\":\"https:\\\/\\\/homehostelsvalencia.com\\\/wp-content\\\/uploads\\\/2017\\\/01\\\/logo-home-hostels-valencia-spain.png\",\"contentUrl\":\"https:\\\/\\\/homehostelsvalencia.com\\\/wp-content\\\/uploads\\\/2017\\\/01\\\/logo-home-hostels-valencia-spain.png\",\"width\":233,\"height\":93,\"caption\":\"Home Hostels Valencia\"},\"image\":{\"@id\":\"https:\\\/\\\/homehostelsvalencia.com\\\/es\\\/#\\\/schema\\\/logo\\\/image\\\/\"},\"sameAs\":[\"https:\\\/\\\/www.facebook.com\\\/HomeHostelsValencia\",\"https:\\\/\\\/x.com\\\/homehostelsvlc\",\"https:\\\/\\\/www.youtube.com\\\/user\\\/homehostelsvalencia\"]}]}<\/script>\n<!-- \/ Yoast SEO plugin. -->","yoast_head_json":{"title":"Sobre nosotros | Home Hostels Valencia | Hostal en Valencia","description":"Hostal en Valencia: Home Hostels Valencia, la mejor cadena de hostales baratos en Valencia. Alojamientos confortables, limpios y agradables","robots":{"index":"index","follow":"follow","max-snippet":"max-snippet:-1","max-image-preview":"max-image-preview:large","max-video-preview":"max-video-preview:-1"},"canonical":"https:\/\/homehostelsvalencia.com\/es\/sobre-home-hostels-valencia-hostal-valencia\/","og_locale":"es_ES","og_type":"article","og_title":"Sobre nosotros | Home Hostels Valencia | Hostal en Valencia","og_description":"Hostal en Valencia: Home Hostels Valencia, la mejor cadena de hostales baratos en Valencia. Alojamientos confortables, limpios y agradables","og_url":"https:\/\/homehostelsvalencia.com\/es\/sobre-home-hostels-valencia-hostal-valencia\/","og_site_name":"H\u00f4me Hostels Valencia","article_publisher":"https:\/\/www.facebook.com\/HomeHostelsValencia","article_modified_time":"2018-02-19T12:48:24+00:00","og_image":[{"width":202,"height":323,"url":"https:\/\/homehostelsvalencia.com\/wp-content\/uploads\/2011\/04\/img_about-us1.jpg","type":"image\/jpeg"}],"twitter_card":"summary_large_image","twitter_site":"@homehostelsvlc","twitter_misc":{"Tiempo de lectura":"1 minuto"},"schema":{"@context":"https:\/\/schema.org","@graph":[{"@type":"WebPage","@id":"https:\/\/homehostelsvalencia.com\/es\/sobre-home-hostels-valencia-hostal-valencia\/","url":"https:\/\/homehostelsvalencia.com\/es\/sobre-home-hostels-valencia-hostal-valencia\/","name":"Sobre nosotros | Home Hostels Valencia | Hostal en Valencia","isPartOf":{"@id":"https:\/\/homehostelsvalencia.com\/es\/#website"},"primaryImageOfPage":{"@id":"https:\/\/homehostelsvalencia.com\/es\/sobre-home-hostels-valencia-hostal-valencia\/#primaryimage"},"image":{"@id":"https:\/\/homehostelsvalencia.com\/es\/sobre-home-hostels-valencia-hostal-valencia\/#primaryimage"},"thumbnailUrl":"https:\/\/homehostelsvalencia.com\/wp-content\/uploads\/2011\/04\/img_about-us1.jpg","datePublished":"2011-04-28T16:28:19+00:00","dateModified":"2018-02-19T12:48:24+00:00","description":"Hostal en Valencia: Home Hostels Valencia, la mejor cadena de hostales baratos en Valencia. Alojamientos confortables, limpios y agradables","breadcrumb":{"@id":"https:\/\/homehostelsvalencia.com\/es\/sobre-home-hostels-valencia-hostal-valencia\/#breadcrumb"},"inLanguage":"es","potentialAction":[{"@type":"ReadAction","target":["https:\/\/homehostelsvalencia.com\/es\/sobre-home-hostels-valencia-hostal-valencia\/"]}]},{"@type":"ImageObject","inLanguage":"es","@id":"https:\/\/homehostelsvalencia.com\/es\/sobre-home-hostels-valencia-hostal-valencia\/#primaryimage","url":"https:\/\/homehostelsvalencia.com\/wp-content\/uploads\/2011\/04\/img_about-us1.jpg","contentUrl":"https:\/\/homehostelsvalencia.com\/wp-content\/uploads\/2011\/04\/img_about-us1.jpg","width":"202","height":"323","caption":"[:en] H\u00f4me Hostels Valencia, the best chain of low cost hostels en Valencia. [:es] H\u00f4me Hostels Valencia, la mejor cadena de hostales baratos en Valencia. [:it] H\u00f4me Hostels Valencia, la migliore catena di ostelli economici di Valencia."},{"@type":"BreadcrumbList","@id":"https:\/\/homehostelsvalencia.com\/es\/sobre-home-hostels-valencia-hostal-valencia\/#breadcrumb","itemListElement":[{"@type":"ListItem","position":1,"name":"Portada","item":"https:\/\/homehostelsvalencia.com\/es\/"},{"@type":"ListItem","position":2,"name":"Sobre nosotros: hostal en Valencia"}]},{"@type":"WebSite","@id":"https:\/\/homehostelsvalencia.com\/es\/#website","url":"https:\/\/homehostelsvalencia.com\/es\/","name":"H\u00f4me Hostels Valencia","description":"If you&#039;re looking for a cheap place to stay en Valencia, come to H\u00f4me Hostels Valencia.","publisher":{"@id":"https:\/\/homehostelsvalencia.com\/es\/#organization"},"potentialAction":[{"@type":"SearchAction","target":{"@type":"EntryPoint","urlTemplate":"https:\/\/homehostelsvalencia.com\/es\/?s={search_term_string}"},"query-input":{"@type":"PropertyValueSpecification","valueRequired":true,"valueName":"search_term_string"}}],"inLanguage":"es"},{"@type":"Organization","@id":"https:\/\/homehostelsvalencia.com\/es\/#organization","name":"Home Hostels Valencia","url":"https:\/\/homehostelsvalencia.com\/es\/","logo":{"@type":"ImageObject","inLanguage":"es","@id":"https:\/\/homehostelsvalencia.com\/es\/#\/schema\/logo\/image\/","url":"https:\/\/homehostelsvalencia.com\/wp-content\/uploads\/2017\/01\/logo-home-hostels-valencia-spain.png","contentUrl":"https:\/\/homehostelsvalencia.com\/wp-content\/uploads\/2017\/01\/logo-home-hostels-valencia-spain.png","width":233,"height":93,"caption":"Home Hostels Valencia"},"image":{"@id":"https:\/\/homehostelsvalencia.com\/es\/#\/schema\/logo\/image\/"},"sameAs":["https:\/\/www.facebook.com\/HomeHostelsValencia","https:\/\/x.com\/homehostelsvlc","https:\/\/www.youtube.com\/user\/homehostelsvalencia"]}]}},"_links":{"self":[{"href":"https:\/\/homehostelsvalencia.com\/es\/wp-json\/wp\/v2\/pages\/2898","targetHints":{"allow":["GET"]}}],"collection":[{"href":"https:\/\/homehostelsvalencia.com\/es\/wp-json\/wp\/v2\/pages"}],"about":[{"href":"https:\/\/homehostelsvalencia.com\/es\/wp-json\/wp\/v2\/types\/page"}],"author":[{"embeddable":true,"href":"https:\/\/homehostelsvalencia.com\/es\/wp-json\/wp\/v2\/users\/15"}],"replies":[{"embeddable":true,"href":"https:\/\/homehostelsvalencia.com\/es\/wp-json\/wp\/v2\/comments?post=2898"}],"version-history":[{"count":0,"href":"https:\/\/homehostelsvalencia.com\/es\/wp-json\/wp\/v2\/pages\/2898\/revisions"}],"wp:featuredmedia":[{"embeddable":true,"href":"https:\/\/homehostelsvalencia.com\/es\/wp-json\/wp\/v2\/media\/938"}],"wp:attachment":[{"href":"https:\/\/homehostelsvalencia.com\/es\/wp-json\/wp\/v2\/media?parent=2898"}],"curies":[{"name":"wp","href":"https:\/\/api.w.org\/{rel}","templated":true}]}}