{"id":2895,"date":"2011-04-27T16:28:19","date_gmt":"2011-04-27T16:28:19","guid":{"rendered":"http:\/\/dev.homehostelsvalencia.com\/home-youth-hostel-valencia-servicios\/"},"modified":"2017-10-01T01:35:23","modified_gmt":"2017-09-30T23:35:23","slug":"servicios-alojamiento","status":"publish","type":"page","link":"https:\/\/homehostelsvalencia.com\/es\/youth-hostel-valencia\/servicios-alojamiento\/","title":{"rendered":"Home Youth Hostel Valencia : Servicios"},"content":{"rendered":"<p>[ci-button size=\u00bbsmall\u00bb scheme=\u00bbblue\u00bb icon=\u00bbfa-tag\u00bb url=\u00bb\/es\/youth-hostel-valencia\/presentacion\/\u00bb]Presentaci\u00f3n[\/ci-button][ci-button size=\u00bbsmall\u00bb scheme=\u00bbblue\u00bb icon=\u00bbfa-picture-o\u00bb url=\u00bb\/es\/youth-hostel-valencia\/fotos-hostal\/\u00bb]Galer\u00eda[\/ci-button][ci-button size=\u00bbsmall\u00bb scheme=\u00bbblue\u00bb icon=\u00bbfa-location-arrow\u00bb url=\u00bb\/es\/youth-hostel-valencia\/hostal-centro-historico-valencia\/\u00bb]Ubicaci\u00f3n[\/ci-button][ci-button size=\u00bbsmall\u00bb scheme=\u00bbblue\u00bb icon=\u00bbfa-bed\u00bb url=\u00bb\/es\/youth-hostel-valencia\/habitaciones-hostal\/\u00bb]Habitaciones[\/ci-button][ci-button size=\u00bbsmall\u00bb scheme=\u00bbblue\u00bb icon=\u00bbfa-group\u00bb url=\u00bb\/es\/youth-hostel-valencia\/hostal-grupos-valencia\/\u00bb]Grupos[\/ci-button][ci-button size=\u00bbsmall\u00bb scheme=\u00bbblue\u00bb icon=\u00bbfa-commenting-o\u00bb url=\u00bb\/es\/youth-hostel-valencia\/home-youth-hostel-valencia-opiniones\/\u00bb]Opiniones[\/ci-button][ci-button size=\u00bbsmall\u00bb scheme=\u00bbblue\u00bb icon=\u00bbfa-street-view\u00bb url=\u00bb\/es\/youth-hostel-valencia\/visita-virtual\/\u00bb]Virtual 360\u00ba[\/ci-button][ci-button size=\u00bbsmall\u00bb scheme=\u00bbblue\u00bb icon=\u00bbfa-video-camera\u00bb url=\u00bb\/es\/youth-hostel-valencia\/home-youth-hostel-valencia-videos\/\u00bb]Videos[\/ci-button]<\/p>\n<p>Servicios del alojamiento | Home Youth Hostel Valencia<\/p>\n<ul>\n<li>Abierto 24 hrs.<\/li>\n<li>Recepci\u00f3n 24 hrs.<\/li>\n<li>Staff internacional<\/li>\n<li>Cocina<\/li>\n<li>S\u00e1banas incluidas<\/li>\n<li>Sala de estar y lectura<\/li>\n<li>Acceso a Internet<\/li>\n<li>Dep\u00f3sito de maletas<\/li>\n<li>TV con DVD<\/li>\n<li>Amplia terraza<\/li>\n<li>Tel\u00e9fono<\/li>\n<li>Taquillas<\/li>\n<\/ul>\n<p><script src=\"https:\/\/wubook.net\/js\/wblib.jgz\"><\/script><\/p>\n<div id=\"_baror_\"  class=\"_baror____fixed\"> <a href=\"http:\/\/es.wubook.net\/\" style=\"display: block; margin-top: 5px; text-decoration:none;border:none;background: rgb(244, 63, 40); margin-top:0; z-index: 1000;\" target=\"_blank\">  <\/a> <\/div>\n<p><script>\n  var WuBook= new _WuBook(1399028894);\n  var wbparams= {\n    fixedPosition: 1,\n    ditextcolor: '#ffffff',\n    avgcolor: '#fff200',\n    textcolorbb: '#ffffff',\n    plusperc: 5,\n    listtypebb: '#ffffff',\n    rpkgs: '',\n    barbackground: 'rgb(244, 63, 40)',\n    textcolorpk: '#988454',\n    default_nights: 3,\n    textcolorcalendarbe: '#000000',\n    bordercolor: '#ffffff',\n    blocks: 'be,fe',\n    failback_lang: 'es',\n    hdcode: '',\n    textcolorbuttonbe: '#ffffff',\n    avgtextcolor: '#fff200',\n    diinputcolor: '#ffffff',\n    lang: 'es',\n    buttoncolorbe: '#f43f28',\n    dibuttoncolor: '#008000',\n    wbgoogle: 1,\n    bgblocks: '#000000',\n    cmsgs: '',\n    textcolornightspk: '#ffffff',\n    adchi: 1,\n    only_beds_occupancy: 1\n  };\n  WuBook.design_bwidget(\"_baror_\", wbparams);\n<\/script><\/p>\n","protected":false},"excerpt":{"rendered":"<p>[ci-button size=\u00bbsmall\u00bb scheme=\u00bbblue\u00bb icon=\u00bbfa-tag\u00bb url=\u00bb\/es\/youth-hostel-valencia\/presentacion\/\u00bb]Presentaci\u00f3n[\/ci-button][ci-button size=\u00bbsmall\u00bb scheme=\u00bbblue\u00bb icon=\u00bbfa-picture-o\u00bb url=\u00bb\/es\/youth-hostel-valencia\/fotos-hostal\/\u00bb]Galer\u00eda[\/ci-button][ci-button size=\u00bbsmall\u00bb scheme=\u00bbblue\u00bb icon=\u00bbfa-location-arrow\u00bb url=\u00bb\/es\/youth-hostel-valencia\/hostal-centro-historico-valencia\/\u00bb]Ubicaci\u00f3n[\/ci-button][ci-button size=\u00bbsmall\u00bb scheme=\u00bbblue\u00bb icon=\u00bbfa-bed\u00bb url=\u00bb\/es\/youth-hostel-valencia\/habitaciones-hostal\/\u00bb]Habitaciones[\/ci-button][ci-button size=\u00bbsmall\u00bb scheme=\u00bbblue\u00bb icon=\u00bbfa-group\u00bb url=\u00bb\/es\/youth-hostel-valencia\/hostal-grupos-valencia\/\u00bb]Grupos[\/ci-button][ci-button size=\u00bbsmall\u00bb scheme=\u00bbblue\u00bb icon=\u00bbfa-commenting-o\u00bb url=\u00bb\/es\/youth-hostel-valencia\/home-youth-hostel-valencia-opiniones\/\u00bb]Opiniones[\/ci-button][ci-button size=\u00bbsmall\u00bb scheme=\u00bbblue\u00bb icon=\u00bbfa-street-view\u00bb url=\u00bb\/es\/youth-hostel-valencia\/visita-virtual\/\u00bb]Virtual 360\u00ba[\/ci-button][ci-button size=\u00bbsmall\u00bb scheme=\u00bbblue\u00bb icon=\u00bbfa-video-camera\u00bb url=\u00bb\/es\/youth-hostel-valencia\/home-youth-hostel-valencia-videos\/\u00bb]Videos[\/ci-button] Servicios del alojamiento | Home Youth Hostel Valencia Abierto 24 hrs. Recepci\u00f3n 24 hrs. Staff internacional Cocina S\u00e1banas incluidas Sala de [&hellip;]<\/p>\n","protected":false},"author":15,"featured_media":0,"parent":3703,"menu_order":0,"comment_status":"closed","ping_status":"closed","template":"","meta":{"footnotes":""},"class_list":["post-2895","page","type-page","status-publish","hentry"],"yoast_head":"<!-- This site is optimized with the Yoast SEO plugin v27.3 - https:\/\/yoast.com\/product\/yoast-seo-wordpress\/ -->\n<title>Servicios del alojamiento | Home Youth Hostel Valencia<\/title>\n<meta name=\"description\" content=\"Servicios del alojamiento: Recepci\u00f3n 24 hrs., Cocina, S\u00e1banas incluidas, Sala de lectura, Internet, Dep\u00f3sito de maletas, TV, terraza, Tel\u00e9fono, Taquillas\" \/>\n<meta name=\"robots\" content=\"index, follow, max-snippet:-1, max-image-preview:large, max-video-preview:-1\" \/>\n<link rel=\"canonical\" href=\"https:\/\/homehostelsvalencia.com\/es\/youth-hostel-valencia\/servicios-alojamiento\/\" \/>\n<meta property=\"og:locale\" content=\"es_ES\" \/>\n<meta property=\"og:type\" content=\"article\" \/>\n<meta property=\"og:title\" content=\"Servicios del alojamiento | Home Youth Hostel Valencia\" \/>\n<meta property=\"og:description\" content=\"Servicios del alojamiento: Recepci\u00f3n 24 hrs., Cocina, S\u00e1banas incluidas, Sala de lectura, Internet, Dep\u00f3sito de maletas, TV, terraza, Tel\u00e9fono, Taquillas\" \/>\n<meta property=\"og:url\" content=\"https:\/\/homehostelsvalencia.com\/es\/youth-hostel-valencia\/servicios-alojamiento\/\" \/>\n<meta property=\"og:site_name\" content=\"H\u00f4me Hostels Valencia\" \/>\n<meta property=\"article:publisher\" content=\"https:\/\/www.facebook.com\/HomeHostelsValencia\" \/>\n<meta property=\"article:modified_time\" content=\"2017-09-30T23:35:23+00:00\" \/>\n<meta name=\"twitter:card\" content=\"summary_large_image\" \/>\n<meta name=\"twitter:site\" content=\"@homehostelsvlc\" \/>\n<meta name=\"twitter:label1\" content=\"Tiempo de lectura\" \/>\n\t<meta name=\"twitter:data1\" content=\"1 minuto\" \/>\n<script type=\"application\/ld+json\" class=\"yoast-schema-graph\">{\"@context\":\"https:\\\/\\\/schema.org\",\"@graph\":[{\"@type\":\"WebPage\",\"@id\":\"https:\\\/\\\/homehostelsvalencia.com\\\/es\\\/youth-hostel-valencia\\\/servicios-alojamiento\\\/\",\"url\":\"https:\\\/\\\/homehostelsvalencia.com\\\/es\\\/youth-hostel-valencia\\\/servicios-alojamiento\\\/\",\"name\":\"Servicios del alojamiento | Home Youth Hostel Valencia\",\"isPartOf\":{\"@id\":\"https:\\\/\\\/homehostelsvalencia.com\\\/es\\\/#website\"},\"datePublished\":\"2011-04-27T16:28:19+00:00\",\"dateModified\":\"2017-09-30T23:35:23+00:00\",\"description\":\"Servicios del alojamiento: Recepci\u00f3n 24 hrs., Cocina, S\u00e1banas incluidas, Sala de lectura, Internet, Dep\u00f3sito de maletas, TV, terraza, Tel\u00e9fono, Taquillas\",\"breadcrumb\":{\"@id\":\"https:\\\/\\\/homehostelsvalencia.com\\\/es\\\/youth-hostel-valencia\\\/servicios-alojamiento\\\/#breadcrumb\"},\"inLanguage\":\"es\",\"potentialAction\":[{\"@type\":\"ReadAction\",\"target\":[\"https:\\\/\\\/homehostelsvalencia.com\\\/es\\\/youth-hostel-valencia\\\/servicios-alojamiento\\\/\"]}]},{\"@type\":\"BreadcrumbList\",\"@id\":\"https:\\\/\\\/homehostelsvalencia.com\\\/es\\\/youth-hostel-valencia\\\/servicios-alojamiento\\\/#breadcrumb\",\"itemListElement\":[{\"@type\":\"ListItem\",\"position\":1,\"name\":\"Portada\",\"item\":\"https:\\\/\\\/homehostelsvalencia.com\\\/es\\\/\"},{\"@type\":\"ListItem\",\"position\":2,\"name\":\"Youth Hostel\",\"item\":\"https:\\\/\\\/homehostelsvalencia.com\\\/es\\\/youth-hostel-valencia\\\/\"},{\"@type\":\"ListItem\",\"position\":3,\"name\":\"Home Youth Hostel Valencia : Servicios\"}]},{\"@type\":\"WebSite\",\"@id\":\"https:\\\/\\\/homehostelsvalencia.com\\\/es\\\/#website\",\"url\":\"https:\\\/\\\/homehostelsvalencia.com\\\/es\\\/\",\"name\":\"H\u00f4me Hostels Valencia\",\"description\":\"If you&#039;re looking for a cheap place to stay en Valencia, come to H\u00f4me Hostels Valencia.\",\"publisher\":{\"@id\":\"https:\\\/\\\/homehostelsvalencia.com\\\/es\\\/#organization\"},\"potentialAction\":[{\"@type\":\"SearchAction\",\"target\":{\"@type\":\"EntryPoint\",\"urlTemplate\":\"https:\\\/\\\/homehostelsvalencia.com\\\/es\\\/?s={search_term_string}\"},\"query-input\":{\"@type\":\"PropertyValueSpecification\",\"valueRequired\":true,\"valueName\":\"search_term_string\"}}],\"inLanguage\":\"es\"},{\"@type\":\"Organization\",\"@id\":\"https:\\\/\\\/homehostelsvalencia.com\\\/es\\\/#organization\",\"name\":\"Home Hostels Valencia\",\"url\":\"https:\\\/\\\/homehostelsvalencia.com\\\/es\\\/\",\"logo\":{\"@type\":\"ImageObject\",\"inLanguage\":\"es\",\"@id\":\"https:\\\/\\\/homehostelsvalencia.com\\\/es\\\/#\\\/schema\\\/logo\\\/image\\\/\",\"url\":\"https:\\\/\\\/homehostelsvalencia.com\\\/wp-content\\\/uploads\\\/2017\\\/01\\\/logo-home-hostels-valencia-spain.png\",\"contentUrl\":\"https:\\\/\\\/homehostelsvalencia.com\\\/wp-content\\\/uploads\\\/2017\\\/01\\\/logo-home-hostels-valencia-spain.png\",\"width\":233,\"height\":93,\"caption\":\"Home Hostels Valencia\"},\"image\":{\"@id\":\"https:\\\/\\\/homehostelsvalencia.com\\\/es\\\/#\\\/schema\\\/logo\\\/image\\\/\"},\"sameAs\":[\"https:\\\/\\\/www.facebook.com\\\/HomeHostelsValencia\",\"https:\\\/\\\/x.com\\\/homehostelsvlc\",\"https:\\\/\\\/www.youtube.com\\\/user\\\/homehostelsvalencia\"]}]}<\/script>\n<!-- \/ Yoast SEO plugin. -->","yoast_head_json":{"title":"Servicios del alojamiento | Home Youth Hostel Valencia","description":"Servicios del alojamiento: Recepci\u00f3n 24 hrs., Cocina, S\u00e1banas incluidas, Sala de lectura, Internet, Dep\u00f3sito de maletas, TV, terraza, Tel\u00e9fono, Taquillas","robots":{"index":"index","follow":"follow","max-snippet":"max-snippet:-1","max-image-preview":"max-image-preview:large","max-video-preview":"max-video-preview:-1"},"canonical":"https:\/\/homehostelsvalencia.com\/es\/youth-hostel-valencia\/servicios-alojamiento\/","og_locale":"es_ES","og_type":"article","og_title":"Servicios del alojamiento | Home Youth Hostel Valencia","og_description":"Servicios del alojamiento: Recepci\u00f3n 24 hrs., Cocina, S\u00e1banas incluidas, Sala de lectura, Internet, Dep\u00f3sito de maletas, TV, terraza, Tel\u00e9fono, Taquillas","og_url":"https:\/\/homehostelsvalencia.com\/es\/youth-hostel-valencia\/servicios-alojamiento\/","og_site_name":"H\u00f4me Hostels Valencia","article_publisher":"https:\/\/www.facebook.com\/HomeHostelsValencia","article_modified_time":"2017-09-30T23:35:23+00:00","twitter_card":"summary_large_image","twitter_site":"@homehostelsvlc","twitter_misc":{"Tiempo de lectura":"1 minuto"},"schema":{"@context":"https:\/\/schema.org","@graph":[{"@type":"WebPage","@id":"https:\/\/homehostelsvalencia.com\/es\/youth-hostel-valencia\/servicios-alojamiento\/","url":"https:\/\/homehostelsvalencia.com\/es\/youth-hostel-valencia\/servicios-alojamiento\/","name":"Servicios del alojamiento | Home Youth Hostel Valencia","isPartOf":{"@id":"https:\/\/homehostelsvalencia.com\/es\/#website"},"datePublished":"2011-04-27T16:28:19+00:00","dateModified":"2017-09-30T23:35:23+00:00","description":"Servicios del alojamiento: Recepci\u00f3n 24 hrs., Cocina, S\u00e1banas incluidas, Sala de lectura, Internet, Dep\u00f3sito de maletas, TV, terraza, Tel\u00e9fono, Taquillas","breadcrumb":{"@id":"https:\/\/homehostelsvalencia.com\/es\/youth-hostel-valencia\/servicios-alojamiento\/#breadcrumb"},"inLanguage":"es","potentialAction":[{"@type":"ReadAction","target":["https:\/\/homehostelsvalencia.com\/es\/youth-hostel-valencia\/servicios-alojamiento\/"]}]},{"@type":"BreadcrumbList","@id":"https:\/\/homehostelsvalencia.com\/es\/youth-hostel-valencia\/servicios-alojamiento\/#breadcrumb","itemListElement":[{"@type":"ListItem","position":1,"name":"Portada","item":"https:\/\/homehostelsvalencia.com\/es\/"},{"@type":"ListItem","position":2,"name":"Youth Hostel","item":"https:\/\/homehostelsvalencia.com\/es\/youth-hostel-valencia\/"},{"@type":"ListItem","position":3,"name":"Home Youth Hostel Valencia : Servicios"}]},{"@type":"WebSite","@id":"https:\/\/homehostelsvalencia.com\/es\/#website","url":"https:\/\/homehostelsvalencia.com\/es\/","name":"H\u00f4me Hostels Valencia","description":"If you&#039;re looking for a cheap place to stay en Valencia, come to H\u00f4me Hostels Valencia.","publisher":{"@id":"https:\/\/homehostelsvalencia.com\/es\/#organization"},"potentialAction":[{"@type":"SearchAction","target":{"@type":"EntryPoint","urlTemplate":"https:\/\/homehostelsvalencia.com\/es\/?s={search_term_string}"},"query-input":{"@type":"PropertyValueSpecification","valueRequired":true,"valueName":"search_term_string"}}],"inLanguage":"es"},{"@type":"Organization","@id":"https:\/\/homehostelsvalencia.com\/es\/#organization","name":"Home Hostels Valencia","url":"https:\/\/homehostelsvalencia.com\/es\/","logo":{"@type":"ImageObject","inLanguage":"es","@id":"https:\/\/homehostelsvalencia.com\/es\/#\/schema\/logo\/image\/","url":"https:\/\/homehostelsvalencia.com\/wp-content\/uploads\/2017\/01\/logo-home-hostels-valencia-spain.png","contentUrl":"https:\/\/homehostelsvalencia.com\/wp-content\/uploads\/2017\/01\/logo-home-hostels-valencia-spain.png","width":233,"height":93,"caption":"Home Hostels Valencia"},"image":{"@id":"https:\/\/homehostelsvalencia.com\/es\/#\/schema\/logo\/image\/"},"sameAs":["https:\/\/www.facebook.com\/HomeHostelsValencia","https:\/\/x.com\/homehostelsvlc","https:\/\/www.youtube.com\/user\/homehostelsvalencia"]}]}},"_links":{"self":[{"href":"https:\/\/homehostelsvalencia.com\/es\/wp-json\/wp\/v2\/pages\/2895","targetHints":{"allow":["GET"]}}],"collection":[{"href":"https:\/\/homehostelsvalencia.com\/es\/wp-json\/wp\/v2\/pages"}],"about":[{"href":"https:\/\/homehostelsvalencia.com\/es\/wp-json\/wp\/v2\/types\/page"}],"author":[{"embeddable":true,"href":"https:\/\/homehostelsvalencia.com\/es\/wp-json\/wp\/v2\/users\/15"}],"replies":[{"embeddable":true,"href":"https:\/\/homehostelsvalencia.com\/es\/wp-json\/wp\/v2\/comments?post=2895"}],"version-history":[{"count":0,"href":"https:\/\/homehostelsvalencia.com\/es\/wp-json\/wp\/v2\/pages\/2895\/revisions"}],"up":[{"embeddable":true,"href":"https:\/\/homehostelsvalencia.com\/es\/wp-json\/wp\/v2\/pages\/3703"}],"wp:attachment":[{"href":"https:\/\/homehostelsvalencia.com\/es\/wp-json\/wp\/v2\/media?parent=2895"}],"curies":[{"name":"wp","href":"https:\/\/api.w.org\/{rel}","templated":true}]}}