{"id":2892,"date":"2011-04-27T16:27:58","date_gmt":"2011-04-27T16:27:58","guid":{"rendered":"http:\/\/dev.homehostelsvalencia.com\/home-youth-hostel-valencia-habitaciones\/"},"modified":"2018-02-21T00:20:29","modified_gmt":"2018-02-20T23:20:29","slug":"habitaciones-hostal","status":"publish","type":"page","link":"https:\/\/homehostelsvalencia.com\/es\/youth-hostel-valencia\/habitaciones-hostal\/","title":{"rendered":"Habitaciones del Home Youth Hostel Valencia"},"content":{"rendered":"<p style=\"text-align: center;\">[su_menu name=\u00bbES Youth\u00bb class=\u00bblist-amenities\u00bb]<\/p>\n<p style=\"text-align: justify;\">En <strong>Home Youth Hostel <\/strong>ponemos a tu disposici\u00f3n habitaciones dobles y habitaciones para 3 \u00f3 4 personas.<\/p>\n<h2 style=\"text-align: justify;\">Servicios del Hostal Home Youth Hostel Valencia<\/h2>\n<ul style=\"text-align: justify;\">\n<li>Abierto 24 hrs.<\/li>\n<li>Recepci\u00f3n 24 hrs.<\/li>\n<li>Staff internacional<\/li>\n<li>Sala de estar y lectura<\/li>\n<li><strong>Internet GRATUITO!!!<\/strong><\/li>\n<li>Dep\u00f3sito de maletas<\/li>\n<li>TV con DVD<\/li>\n<li><strong>Taquillas en las habitaciones GRATUITAS!!!<\/strong><\/li>\n<li>Tel\u00e9fono &#8230;<\/li>\n<\/ul>\n<p style=\"text-align: justify;\">Cada habitaci\u00f3n est\u00e1 decorada con un motivo distinto. P\u00eddele a nuestro personal que te ense\u00f1e las habitaciones. \u00a1Te gustar\u00e1n! En las habitaciones de este hostal tenemos camas individuales, sin literas. Es la opci\u00f3n ideal si buscas un hostal barato en Valencia pero con un poco de intimidad para visitar la ciudad con tu pareja o amigos.<\/p>\n","protected":false},"excerpt":{"rendered":"<p>[su_menu name=\u00bbES Youth\u00bb class=\u00bblist-amenities\u00bb] En Home Youth Hostel ponemos a tu disposici\u00f3n habitaciones dobles y habitaciones para 3 \u00f3 4 personas. Servicios del Hostal Home Youth Hostel Valencia Abierto 24 hrs. Recepci\u00f3n 24 hrs. Staff internacional Sala de estar y lectura Internet GRATUITO!!! Dep\u00f3sito de maletas TV con DVD Taquillas en las habitaciones GRATUITAS!!! Tel\u00e9fono [&hellip;]<\/p>\n","protected":false},"author":15,"featured_media":6905,"parent":3703,"menu_order":0,"comment_status":"closed","ping_status":"closed","template":"","meta":{"footnotes":""},"class_list":["post-2892","page","type-page","status-publish","has-post-thumbnail","hentry"],"yoast_head":"<!-- This site is optimized with the Yoast SEO plugin v27.3 - https:\/\/yoast.com\/product\/yoast-seo-wordpress\/ -->\n<title>Habitaciones de Home Youth Hostel Valencia. Habitaciones sin Literas<\/title>\n<meta name=\"description\" content=\"Habitaciones de Home Youth Hostel Valencia. Habitaciones sin Literas. En Youth Hostel tenemos habitaciones dobles y de 3 \u00f3 4 personas. Primer hostal sin literas de Valencia. Habitaciones de Home Youth Hostel Valencia con WIFI en tu habitaci\u00f3n, paredes decoradas, ba\u00f1o privado en algunas habitaciones y Aire acondicionado\" \/>\n<meta name=\"robots\" content=\"index, follow, max-snippet:-1, max-image-preview:large, max-video-preview:-1\" \/>\n<link rel=\"canonical\" href=\"https:\/\/homehostelsvalencia.com\/es\/youth-hostel-valencia\/habitaciones-hostal\/\" \/>\n<meta property=\"og:locale\" content=\"es_ES\" \/>\n<meta property=\"og:type\" content=\"article\" \/>\n<meta property=\"og:title\" content=\"Habitaciones de Home Youth Hostel Valencia. Habitaciones sin Literas\" \/>\n<meta property=\"og:description\" content=\"Habitaciones de Home Youth Hostel Valencia. Habitaciones sin Literas. En Youth Hostel tenemos habitaciones dobles y de 3 \u00f3 4 personas. Primer hostal sin literas de Valencia. Habitaciones de Home Youth Hostel Valencia con WIFI en tu habitaci\u00f3n, paredes decoradas, ba\u00f1o privado en algunas habitaciones y Aire acondicionado\" \/>\n<meta property=\"og:url\" content=\"https:\/\/homehostelsvalencia.com\/es\/youth-hostel-valencia\/habitaciones-hostal\/\" \/>\n<meta property=\"og:site_name\" content=\"H\u00f4me Hostels Valencia\" \/>\n<meta property=\"article:publisher\" content=\"https:\/\/www.facebook.com\/HomeHostelsValencia\" \/>\n<meta property=\"article:modified_time\" content=\"2018-02-20T23:20:29+00:00\" \/>\n<meta property=\"og:image\" content=\"https:\/\/homehostelsvalencia.com\/wp-content\/uploads\/2011\/04\/18homeyouthhostelvalencia.jpg\" \/>\n\t<meta property=\"og:image:width\" content=\"1200\" \/>\n\t<meta property=\"og:image:height\" content=\"900\" \/>\n\t<meta property=\"og:image:type\" content=\"image\/jpeg\" \/>\n<meta name=\"twitter:card\" content=\"summary_large_image\" \/>\n<meta name=\"twitter:site\" content=\"@homehostelsvlc\" \/>\n<meta name=\"twitter:label1\" content=\"Tiempo de lectura\" \/>\n\t<meta name=\"twitter:data1\" content=\"1 minuto\" \/>\n<script type=\"application\/ld+json\" class=\"yoast-schema-graph\">{\"@context\":\"https:\\\/\\\/schema.org\",\"@graph\":[{\"@type\":\"WebPage\",\"@id\":\"https:\\\/\\\/homehostelsvalencia.com\\\/es\\\/youth-hostel-valencia\\\/habitaciones-hostal\\\/\",\"url\":\"https:\\\/\\\/homehostelsvalencia.com\\\/es\\\/youth-hostel-valencia\\\/habitaciones-hostal\\\/\",\"name\":\"Habitaciones de Home Youth Hostel Valencia. Habitaciones sin Literas\",\"isPartOf\":{\"@id\":\"https:\\\/\\\/homehostelsvalencia.com\\\/es\\\/#website\"},\"primaryImageOfPage\":{\"@id\":\"https:\\\/\\\/homehostelsvalencia.com\\\/es\\\/youth-hostel-valencia\\\/habitaciones-hostal\\\/#primaryimage\"},\"image\":{\"@id\":\"https:\\\/\\\/homehostelsvalencia.com\\\/es\\\/youth-hostel-valencia\\\/habitaciones-hostal\\\/#primaryimage\"},\"thumbnailUrl\":\"https:\\\/\\\/homehostelsvalencia.com\\\/wp-content\\\/uploads\\\/2011\\\/04\\\/18homeyouthhostelvalencia.jpg\",\"datePublished\":\"2011-04-27T16:27:58+00:00\",\"dateModified\":\"2018-02-20T23:20:29+00:00\",\"description\":\"Habitaciones de Home Youth Hostel Valencia. Habitaciones sin Literas. En Youth Hostel tenemos habitaciones dobles y de 3 \u00f3 4 personas. Primer hostal sin literas de Valencia. Habitaciones de Home Youth Hostel Valencia con WIFI en tu habitaci\u00f3n, paredes decoradas, ba\u00f1o privado en algunas habitaciones y Aire acondicionado\",\"breadcrumb\":{\"@id\":\"https:\\\/\\\/homehostelsvalencia.com\\\/es\\\/youth-hostel-valencia\\\/habitaciones-hostal\\\/#breadcrumb\"},\"inLanguage\":\"es\",\"potentialAction\":[{\"@type\":\"ReadAction\",\"target\":[\"https:\\\/\\\/homehostelsvalencia.com\\\/es\\\/youth-hostel-valencia\\\/habitaciones-hostal\\\/\"]}]},{\"@type\":\"ImageObject\",\"inLanguage\":\"es\",\"@id\":\"https:\\\/\\\/homehostelsvalencia.com\\\/es\\\/youth-hostel-valencia\\\/habitaciones-hostal\\\/#primaryimage\",\"url\":\"https:\\\/\\\/homehostelsvalencia.com\\\/wp-content\\\/uploads\\\/2011\\\/04\\\/18homeyouthhostelvalencia.jpg\",\"contentUrl\":\"https:\\\/\\\/homehostelsvalencia.com\\\/wp-content\\\/uploads\\\/2011\\\/04\\\/18homeyouthhostelvalencia.jpg\",\"width\":1200,\"height\":900},{\"@type\":\"BreadcrumbList\",\"@id\":\"https:\\\/\\\/homehostelsvalencia.com\\\/es\\\/youth-hostel-valencia\\\/habitaciones-hostal\\\/#breadcrumb\",\"itemListElement\":[{\"@type\":\"ListItem\",\"position\":1,\"name\":\"Portada\",\"item\":\"https:\\\/\\\/homehostelsvalencia.com\\\/es\\\/\"},{\"@type\":\"ListItem\",\"position\":2,\"name\":\"Youth Hostel\",\"item\":\"https:\\\/\\\/homehostelsvalencia.com\\\/es\\\/youth-hostel-valencia\\\/\"},{\"@type\":\"ListItem\",\"position\":3,\"name\":\"Habitaciones del Home Youth Hostel Valencia\"}]},{\"@type\":\"WebSite\",\"@id\":\"https:\\\/\\\/homehostelsvalencia.com\\\/es\\\/#website\",\"url\":\"https:\\\/\\\/homehostelsvalencia.com\\\/es\\\/\",\"name\":\"H\u00f4me Hostels Valencia\",\"description\":\"If you&#039;re looking for a cheap place to stay en Valencia, come to H\u00f4me Hostels Valencia.\",\"publisher\":{\"@id\":\"https:\\\/\\\/homehostelsvalencia.com\\\/es\\\/#organization\"},\"potentialAction\":[{\"@type\":\"SearchAction\",\"target\":{\"@type\":\"EntryPoint\",\"urlTemplate\":\"https:\\\/\\\/homehostelsvalencia.com\\\/es\\\/?s={search_term_string}\"},\"query-input\":{\"@type\":\"PropertyValueSpecification\",\"valueRequired\":true,\"valueName\":\"search_term_string\"}}],\"inLanguage\":\"es\"},{\"@type\":\"Organization\",\"@id\":\"https:\\\/\\\/homehostelsvalencia.com\\\/es\\\/#organization\",\"name\":\"Home Hostels Valencia\",\"url\":\"https:\\\/\\\/homehostelsvalencia.com\\\/es\\\/\",\"logo\":{\"@type\":\"ImageObject\",\"inLanguage\":\"es\",\"@id\":\"https:\\\/\\\/homehostelsvalencia.com\\\/es\\\/#\\\/schema\\\/logo\\\/image\\\/\",\"url\":\"https:\\\/\\\/homehostelsvalencia.com\\\/wp-content\\\/uploads\\\/2017\\\/01\\\/logo-home-hostels-valencia-spain.png\",\"contentUrl\":\"https:\\\/\\\/homehostelsvalencia.com\\\/wp-content\\\/uploads\\\/2017\\\/01\\\/logo-home-hostels-valencia-spain.png\",\"width\":233,\"height\":93,\"caption\":\"Home Hostels Valencia\"},\"image\":{\"@id\":\"https:\\\/\\\/homehostelsvalencia.com\\\/es\\\/#\\\/schema\\\/logo\\\/image\\\/\"},\"sameAs\":[\"https:\\\/\\\/www.facebook.com\\\/HomeHostelsValencia\",\"https:\\\/\\\/x.com\\\/homehostelsvlc\",\"https:\\\/\\\/www.youtube.com\\\/user\\\/homehostelsvalencia\"]}]}<\/script>\n<!-- \/ Yoast SEO plugin. -->","yoast_head_json":{"title":"Habitaciones de Home Youth Hostel Valencia. Habitaciones sin Literas","description":"Habitaciones de Home Youth Hostel Valencia. Habitaciones sin Literas. En Youth Hostel tenemos habitaciones dobles y de 3 \u00f3 4 personas. Primer hostal sin literas de Valencia. Habitaciones de Home Youth Hostel Valencia con WIFI en tu habitaci\u00f3n, paredes decoradas, ba\u00f1o privado en algunas habitaciones y Aire acondicionado","robots":{"index":"index","follow":"follow","max-snippet":"max-snippet:-1","max-image-preview":"max-image-preview:large","max-video-preview":"max-video-preview:-1"},"canonical":"https:\/\/homehostelsvalencia.com\/es\/youth-hostel-valencia\/habitaciones-hostal\/","og_locale":"es_ES","og_type":"article","og_title":"Habitaciones de Home Youth Hostel Valencia. Habitaciones sin Literas","og_description":"Habitaciones de Home Youth Hostel Valencia. Habitaciones sin Literas. En Youth Hostel tenemos habitaciones dobles y de 3 \u00f3 4 personas. Primer hostal sin literas de Valencia. Habitaciones de Home Youth Hostel Valencia con WIFI en tu habitaci\u00f3n, paredes decoradas, ba\u00f1o privado en algunas habitaciones y Aire acondicionado","og_url":"https:\/\/homehostelsvalencia.com\/es\/youth-hostel-valencia\/habitaciones-hostal\/","og_site_name":"H\u00f4me Hostels Valencia","article_publisher":"https:\/\/www.facebook.com\/HomeHostelsValencia","article_modified_time":"2018-02-20T23:20:29+00:00","og_image":[{"width":1200,"height":900,"url":"https:\/\/homehostelsvalencia.com\/wp-content\/uploads\/2011\/04\/18homeyouthhostelvalencia.jpg","type":"image\/jpeg"}],"twitter_card":"summary_large_image","twitter_site":"@homehostelsvlc","twitter_misc":{"Tiempo de lectura":"1 minuto"},"schema":{"@context":"https:\/\/schema.org","@graph":[{"@type":"WebPage","@id":"https:\/\/homehostelsvalencia.com\/es\/youth-hostel-valencia\/habitaciones-hostal\/","url":"https:\/\/homehostelsvalencia.com\/es\/youth-hostel-valencia\/habitaciones-hostal\/","name":"Habitaciones de Home Youth Hostel Valencia. Habitaciones sin Literas","isPartOf":{"@id":"https:\/\/homehostelsvalencia.com\/es\/#website"},"primaryImageOfPage":{"@id":"https:\/\/homehostelsvalencia.com\/es\/youth-hostel-valencia\/habitaciones-hostal\/#primaryimage"},"image":{"@id":"https:\/\/homehostelsvalencia.com\/es\/youth-hostel-valencia\/habitaciones-hostal\/#primaryimage"},"thumbnailUrl":"https:\/\/homehostelsvalencia.com\/wp-content\/uploads\/2011\/04\/18homeyouthhostelvalencia.jpg","datePublished":"2011-04-27T16:27:58+00:00","dateModified":"2018-02-20T23:20:29+00:00","description":"Habitaciones de Home Youth Hostel Valencia. Habitaciones sin Literas. En Youth Hostel tenemos habitaciones dobles y de 3 \u00f3 4 personas. Primer hostal sin literas de Valencia. Habitaciones de Home Youth Hostel Valencia con WIFI en tu habitaci\u00f3n, paredes decoradas, ba\u00f1o privado en algunas habitaciones y Aire acondicionado","breadcrumb":{"@id":"https:\/\/homehostelsvalencia.com\/es\/youth-hostel-valencia\/habitaciones-hostal\/#breadcrumb"},"inLanguage":"es","potentialAction":[{"@type":"ReadAction","target":["https:\/\/homehostelsvalencia.com\/es\/youth-hostel-valencia\/habitaciones-hostal\/"]}]},{"@type":"ImageObject","inLanguage":"es","@id":"https:\/\/homehostelsvalencia.com\/es\/youth-hostel-valencia\/habitaciones-hostal\/#primaryimage","url":"https:\/\/homehostelsvalencia.com\/wp-content\/uploads\/2011\/04\/18homeyouthhostelvalencia.jpg","contentUrl":"https:\/\/homehostelsvalencia.com\/wp-content\/uploads\/2011\/04\/18homeyouthhostelvalencia.jpg","width":1200,"height":900},{"@type":"BreadcrumbList","@id":"https:\/\/homehostelsvalencia.com\/es\/youth-hostel-valencia\/habitaciones-hostal\/#breadcrumb","itemListElement":[{"@type":"ListItem","position":1,"name":"Portada","item":"https:\/\/homehostelsvalencia.com\/es\/"},{"@type":"ListItem","position":2,"name":"Youth Hostel","item":"https:\/\/homehostelsvalencia.com\/es\/youth-hostel-valencia\/"},{"@type":"ListItem","position":3,"name":"Habitaciones del Home Youth Hostel Valencia"}]},{"@type":"WebSite","@id":"https:\/\/homehostelsvalencia.com\/es\/#website","url":"https:\/\/homehostelsvalencia.com\/es\/","name":"H\u00f4me Hostels Valencia","description":"If you&#039;re looking for a cheap place to stay en Valencia, come to H\u00f4me Hostels Valencia.","publisher":{"@id":"https:\/\/homehostelsvalencia.com\/es\/#organization"},"potentialAction":[{"@type":"SearchAction","target":{"@type":"EntryPoint","urlTemplate":"https:\/\/homehostelsvalencia.com\/es\/?s={search_term_string}"},"query-input":{"@type":"PropertyValueSpecification","valueRequired":true,"valueName":"search_term_string"}}],"inLanguage":"es"},{"@type":"Organization","@id":"https:\/\/homehostelsvalencia.com\/es\/#organization","name":"Home Hostels Valencia","url":"https:\/\/homehostelsvalencia.com\/es\/","logo":{"@type":"ImageObject","inLanguage":"es","@id":"https:\/\/homehostelsvalencia.com\/es\/#\/schema\/logo\/image\/","url":"https:\/\/homehostelsvalencia.com\/wp-content\/uploads\/2017\/01\/logo-home-hostels-valencia-spain.png","contentUrl":"https:\/\/homehostelsvalencia.com\/wp-content\/uploads\/2017\/01\/logo-home-hostels-valencia-spain.png","width":233,"height":93,"caption":"Home Hostels Valencia"},"image":{"@id":"https:\/\/homehostelsvalencia.com\/es\/#\/schema\/logo\/image\/"},"sameAs":["https:\/\/www.facebook.com\/HomeHostelsValencia","https:\/\/x.com\/homehostelsvlc","https:\/\/www.youtube.com\/user\/homehostelsvalencia"]}]}},"_links":{"self":[{"href":"https:\/\/homehostelsvalencia.com\/es\/wp-json\/wp\/v2\/pages\/2892","targetHints":{"allow":["GET"]}}],"collection":[{"href":"https:\/\/homehostelsvalencia.com\/es\/wp-json\/wp\/v2\/pages"}],"about":[{"href":"https:\/\/homehostelsvalencia.com\/es\/wp-json\/wp\/v2\/types\/page"}],"author":[{"embeddable":true,"href":"https:\/\/homehostelsvalencia.com\/es\/wp-json\/wp\/v2\/users\/15"}],"replies":[{"embeddable":true,"href":"https:\/\/homehostelsvalencia.com\/es\/wp-json\/wp\/v2\/comments?post=2892"}],"version-history":[{"count":0,"href":"https:\/\/homehostelsvalencia.com\/es\/wp-json\/wp\/v2\/pages\/2892\/revisions"}],"up":[{"embeddable":true,"href":"https:\/\/homehostelsvalencia.com\/es\/wp-json\/wp\/v2\/pages\/3703"}],"wp:featuredmedia":[{"embeddable":true,"href":"https:\/\/homehostelsvalencia.com\/es\/wp-json\/wp\/v2\/media\/6905"}],"wp:attachment":[{"href":"https:\/\/homehostelsvalencia.com\/es\/wp-json\/wp\/v2\/media?parent=2892"}],"curies":[{"name":"wp","href":"https:\/\/api.w.org\/{rel}","templated":true}]}}