{"id":2889,"date":"2011-04-27T16:27:28","date_gmt":"2011-04-27T16:27:28","guid":{"rendered":"http:\/\/dev.homehostelsvalencia.com\/home-backpackers-hostel-valencia-ubicacion\/"},"modified":"2018-02-21T00:46:43","modified_gmt":"2018-02-20T23:46:43","slug":"albergue-centro-valencia","status":"publish","type":"page","link":"https:\/\/homehostelsvalencia.com\/es\/backpackers-hostel-valencia\/albergue-centro-valencia\/","title":{"rendered":"Home Backpackers Hostel Valencia : Ubicaci\u00f3n"},"content":{"rendered":"<p style=\"text-align: center;\">[su_menu name=\u00bbES Backpackers\u00bb class=\u00bblist-amenities\u00bb]<\/p>\n<p style=\"text-align: justify;\"><strong>Home Backpackers Hostel<\/strong> es un <strong>albergue en el centro de Valencia<\/strong>, en pleno Barrio del Carmen, a 15 minutos desde la estaci\u00f3n de tren y de autob\u00fas.<\/p>\n<div id=\"hostel-page-map\" style=\"text-align: justify;\">\u00a0<iframe src=\"https:\/\/www.google.com\/maps\/embed?pb=!1m18!1m12!1m3!1d3079.662182870551!2d-0.3830782843603254!3d39.476959820177576!2m3!1f0!2f0!3f0!3m2!1i1024!2i768!4f13.1!3m3!1m2!1s0xd604f51b4f967d1%3A0xc3fb862388ac8c5d!2s%F0%9F%8F%A8+Home+Backpackers+Hostel+Valencia+by+Feetup!5e0!3m2!1ses!2ses!4v1471873090063\" width=\"100%\" height=\"300\" frameborder=\"0\" allowfullscreen=\"allowfullscreen\"><\/iframe><\/div>\n<p style=\"text-align: justify;\">Direcci\u00f3n: Plaza Vicente Iborra<br \/>\nValencia &#8211; Espa\u00f1a<br \/>\nTelefono: [+34] 96 391 37 97<\/p>\n<h2 style=\"text-align: justify;\">Desde el aeropuerto<\/h2>\n<p style=\"text-align: justify;\">Si llegas al Aeropuerto entre las 5:30 a.m. y las 23:00 p.m. la mejor manera de llegar a Backpackers es coger el metro que te dejar\u00e1 justo en frente de la Estaci\u00f3n de Trenes (Estaci\u00f3n del Norte). Coge la l\u00ednea 5 (VERDE), y b\u00e1jate en la parada llamada X\u00e0tiva (despu\u00e9s de la parada A. Guimer\u00e1). Desde all\u00ed sigue las instrucciones de c\u00f3mo llegar desde la Estaci\u00f3n de Trenes. Si llegas fuera de esas horas, lo mejor ser\u00e1 que cojas un taxi. Te costar\u00e1 entre 15 y 20 euros y ser\u00e1n unos 15 minutos (dependiendo del tr\u00e1fico). Dile al taxista que te lleve a Plaza Vicente Iborra s\/n<\/p>\n<h2 style=\"text-align: justify;\">Desde la estaci\u00f3n de trenes Valencia Nord<\/h2>\n<p style=\"text-align: justify;\">15 minutos andando. Desde la salida Principal camina recto hacia la Plaza del Ayuntamiento. Una vez dejes la fuente a tu derecha continua hasta Citibank. Camina por la avenida Mar\u00eda Cristina situada a tu izquierda hasta llegar al Mercado Central y continua recto. Dejar\u00e1s a tu derecha La Lonja. Sigue recto hasta la calle Bolser\u00eda y desde ah\u00ed continua hasta la Plaza del Tossal. Ver\u00e1s una tienda que se llama Showroom, continua esa calle dejando la tienda a tu izquierda y a unos veinte metros ver\u00e1s a tu izquierda una plaza con una Iglesia. <strong>Home Backpackers<\/strong> est\u00e1 justo al lado de la Iglesia<\/p>\n<h2 style=\"text-align: justify;\">Desde la estaci\u00f3n de tren Joaquin Sorolla<\/h2>\n<p style=\"text-align: justify;\">30 minutos andando. 3 posibles opciones.<\/p>\n<p style=\"text-align: justify;\">1) Desde la salida principal hay\u00a0un autob\u00fas amarillo y negro que es gratis con tu billete de tren y te lleva hasta la estaci\u00f3n de tren Nord.<\/p>\n<p style=\"text-align: justify;\">2) O bien puedes seguir las vias que ves a mano derecha hasta la estaci\u00f3n de tren Nord. Desde la salida principal de la estacion Nord camina recto hacia la Plaza del Ayuntamiento. Una vez dejes la fuente a tu derecha continua hasta Citibank. Camina por la avenida Maria Cristina situada a tu izquierda hasta llegar al Mercado Central y continua recto. Dejar\u00e1s a tu derecha La Lonja. Sigue recto hasta la calle Bolser\u00eda y desde ah\u00ed continua hasta la Plaza del Tossal. Ver\u00e1s una tienda que se llama Showroom en la calle San Miguel, continua esa calle dejando la tienda a tu izquierda y a unos veinte metros ver\u00e1s a tu izquierda una plaza con una Iglesia. La entrada de\u00a0<strong>Home Backpackers<\/strong>\u00a0est\u00e1 justo al lado de la Iglesia.<\/p>\n<p style=\"text-align: justify;\">3) Cuando sales de la estaci\u00f3n de tren Joaqu\u00edn Sorolla te vas a la Calle San Vicente Martir que est\u00e1 a tu izquierda. Coge el autob\u00fas n\u00famero 27 que te va a dejar en la parada Mercat-San Ferer. Cuando sales ves el Mercado Central y estar\u00e1s en la plaza Mercado Central. Sigue recto hasta la calle Bolser\u00eda y desde ah\u00ed continua hasta la Plaza del Tossal. Ver\u00e1s una tienda que se llama Showroom en la calle San Miguel, continua esa calle dejando la tienda a tu izquierda y a unos veinte metros ver\u00e1s a tu izquierda una plaza con una Iglesia. La entrada de\u00a0<strong>Home Backpackers<\/strong>est\u00e1 en la misma finca como la Iglesia.<\/p>\n<h2 style=\"text-align: justify;\">Desde la estaci\u00f3n de autobuses<\/h2>\n<p style=\"text-align: justify;\">10 Minutos andando.Desde la entrada principal dir\u00edgete hacia la izquierda siguiendo el viejo cauce del r\u00edo Turia, ahora es un precioso Parque. Cruza el primer Puente que te vas a encontrar, Puente de las Artes, y llegar\u00e1s al IVAM (Instituto Valenciano de Arte Moderno), deja el Museo a tu izquierda y contin\u00faa en sentido contrario a los coches por la Calle Guillem de Castro. Gira a la izquierda por la calle Pintor Zari\u00f1ena y sigue \u00e9sta todo recto. Casi al final llegar\u00e1s a la Plaza Vicente Iborra donde hay un parque con una Iglesia. Justo detr\u00e1s est\u00e1 <strong>Home Backpackers<\/strong>.<\/p>\n<h2 style=\"text-align: justify;\">Desde el Puerto<\/h2>\n<p style=\"text-align: justify;\">Una vez salgas del Puerto dir\u00edgete a La Avenida de Francia (5 min andando) y coge el bus n\u00ba 19. Baja en la Plaza del Ayuntamiento. Camina por la Avenida Mar\u00eda Cristina y pasa dejando a tu izquierda el Mercado central y a tu derecha La Lonja. Sigue hasta el final y gira a la derecha por la C\/ Bolser\u00eda hasta llegar a La Plaza del Tossal, sigue recto por la c\/ San Miguel y ver\u00e1s una plaza. <strong>Home Backpackers<\/strong> est\u00e1 justo pegado a la Iglesia.<\/p>\n","protected":false},"excerpt":{"rendered":"<p>[su_menu name=\u00bbES Backpackers\u00bb class=\u00bblist-amenities\u00bb] Home Backpackers Hostel es un albergue en el centro de Valencia, en pleno Barrio del Carmen, a 15 minutos desde la estaci\u00f3n de tren y de autob\u00fas. \u00a0 Direcci\u00f3n: Plaza Vicente Iborra Valencia &#8211; Espa\u00f1a Telefono: [+34] 96 391 37 97 Desde el aeropuerto Si llegas al Aeropuerto entre las 5:30 [&hellip;]<\/p>\n","protected":false},"author":15,"featured_media":0,"parent":2880,"menu_order":0,"comment_status":"closed","ping_status":"closed","template":"","meta":{"footnotes":""},"class_list":["post-2889","page","type-page","status-publish","hentry"],"yoast_head":"<!-- This site is optimized with the Yoast SEO plugin v27.4 - https:\/\/yoast.com\/product\/yoast-seo-wordpress\/ -->\n<title>Ubicaci\u00f3n Backpackers Hostel | Home Hostels Valencia<\/title>\n<meta name=\"description\" content=\"Ubicaci\u00f3n Backpackers Hostel, en el centro de Valencia, en pleno Barrio del Carmen, a 15 minutos desde la estaci\u00f3n de tren y de autob\u00fas.\" \/>\n<meta name=\"robots\" content=\"index, follow, max-snippet:-1, max-image-preview:large, max-video-preview:-1\" \/>\n<link rel=\"canonical\" href=\"https:\/\/homehostelsvalencia.com\/es\/backpackers-hostel-valencia\/albergue-centro-valencia\/\" \/>\n<meta property=\"og:locale\" content=\"es_ES\" \/>\n<meta property=\"og:type\" content=\"article\" \/>\n<meta property=\"og:title\" content=\"Ubicaci\u00f3n Backpackers Hostel | Home Hostels Valencia\" \/>\n<meta property=\"og:description\" content=\"Ubicaci\u00f3n Backpackers Hostel, en el centro de Valencia, en pleno Barrio del Carmen, a 15 minutos desde la estaci\u00f3n de tren y de autob\u00fas.\" \/>\n<meta property=\"og:url\" content=\"https:\/\/homehostelsvalencia.com\/es\/backpackers-hostel-valencia\/albergue-centro-valencia\/\" \/>\n<meta property=\"og:site_name\" content=\"H\u00f4me Hostels Valencia\" \/>\n<meta property=\"article:publisher\" content=\"https:\/\/www.facebook.com\/HomeHostelsValencia\" \/>\n<meta property=\"article:modified_time\" content=\"2018-02-20T23:46:43+00:00\" \/>\n<meta name=\"twitter:card\" content=\"summary_large_image\" \/>\n<meta name=\"twitter:site\" content=\"@homehostelsvlc\" \/>\n<meta name=\"twitter:label1\" content=\"Tiempo de lectura\" \/>\n\t<meta name=\"twitter:data1\" content=\"4 minutos\" \/>\n<script type=\"application\/ld+json\" class=\"yoast-schema-graph\">{\"@context\":\"https:\\\/\\\/schema.org\",\"@graph\":[{\"@type\":\"WebPage\",\"@id\":\"https:\\\/\\\/homehostelsvalencia.com\\\/es\\\/backpackers-hostel-valencia\\\/albergue-centro-valencia\\\/\",\"url\":\"https:\\\/\\\/homehostelsvalencia.com\\\/es\\\/backpackers-hostel-valencia\\\/albergue-centro-valencia\\\/\",\"name\":\"Ubicaci\u00f3n Backpackers Hostel | Home Hostels Valencia\",\"isPartOf\":{\"@id\":\"https:\\\/\\\/homehostelsvalencia.com\\\/es\\\/#website\"},\"datePublished\":\"2011-04-27T16:27:28+00:00\",\"dateModified\":\"2018-02-20T23:46:43+00:00\",\"description\":\"Ubicaci\u00f3n Backpackers Hostel, en el centro de Valencia, en pleno Barrio del Carmen, a 15 minutos desde la estaci\u00f3n de tren y de autob\u00fas.\",\"breadcrumb\":{\"@id\":\"https:\\\/\\\/homehostelsvalencia.com\\\/es\\\/backpackers-hostel-valencia\\\/albergue-centro-valencia\\\/#breadcrumb\"},\"inLanguage\":\"es\",\"potentialAction\":[{\"@type\":\"ReadAction\",\"target\":[\"https:\\\/\\\/homehostelsvalencia.com\\\/es\\\/backpackers-hostel-valencia\\\/albergue-centro-valencia\\\/\"]}]},{\"@type\":\"BreadcrumbList\",\"@id\":\"https:\\\/\\\/homehostelsvalencia.com\\\/es\\\/backpackers-hostel-valencia\\\/albergue-centro-valencia\\\/#breadcrumb\",\"itemListElement\":[{\"@type\":\"ListItem\",\"position\":1,\"name\":\"Portada\",\"item\":\"https:\\\/\\\/homehostelsvalencia.com\\\/es\\\/\"},{\"@type\":\"ListItem\",\"position\":2,\"name\":\"Home Backpackers Hostel Valencia\",\"item\":\"https:\\\/\\\/homehostelsvalencia.com\\\/es\\\/backpackers-hostel-valencia\\\/\"},{\"@type\":\"ListItem\",\"position\":3,\"name\":\"Home Backpackers Hostel Valencia : Ubicaci\u00f3n\"}]},{\"@type\":\"WebSite\",\"@id\":\"https:\\\/\\\/homehostelsvalencia.com\\\/es\\\/#website\",\"url\":\"https:\\\/\\\/homehostelsvalencia.com\\\/es\\\/\",\"name\":\"H\u00f4me Hostels Valencia\",\"description\":\"If you&#039;re looking for a cheap place to stay en Valencia, come to H\u00f4me Hostels Valencia.\",\"publisher\":{\"@id\":\"https:\\\/\\\/homehostelsvalencia.com\\\/es\\\/#organization\"},\"potentialAction\":[{\"@type\":\"SearchAction\",\"target\":{\"@type\":\"EntryPoint\",\"urlTemplate\":\"https:\\\/\\\/homehostelsvalencia.com\\\/es\\\/?s={search_term_string}\"},\"query-input\":{\"@type\":\"PropertyValueSpecification\",\"valueRequired\":true,\"valueName\":\"search_term_string\"}}],\"inLanguage\":\"es\"},{\"@type\":\"Organization\",\"@id\":\"https:\\\/\\\/homehostelsvalencia.com\\\/es\\\/#organization\",\"name\":\"Home Hostels Valencia\",\"url\":\"https:\\\/\\\/homehostelsvalencia.com\\\/es\\\/\",\"logo\":{\"@type\":\"ImageObject\",\"inLanguage\":\"es\",\"@id\":\"https:\\\/\\\/homehostelsvalencia.com\\\/es\\\/#\\\/schema\\\/logo\\\/image\\\/\",\"url\":\"https:\\\/\\\/homehostelsvalencia.com\\\/wp-content\\\/uploads\\\/2017\\\/01\\\/logo-home-hostels-valencia-spain.png\",\"contentUrl\":\"https:\\\/\\\/homehostelsvalencia.com\\\/wp-content\\\/uploads\\\/2017\\\/01\\\/logo-home-hostels-valencia-spain.png\",\"width\":233,\"height\":93,\"caption\":\"Home Hostels Valencia\"},\"image\":{\"@id\":\"https:\\\/\\\/homehostelsvalencia.com\\\/es\\\/#\\\/schema\\\/logo\\\/image\\\/\"},\"sameAs\":[\"https:\\\/\\\/www.facebook.com\\\/HomeHostelsValencia\",\"https:\\\/\\\/x.com\\\/homehostelsvlc\",\"https:\\\/\\\/www.youtube.com\\\/user\\\/homehostelsvalencia\"]}]}<\/script>\n<!-- \/ Yoast SEO plugin. -->","yoast_head_json":{"title":"Ubicaci\u00f3n Backpackers Hostel | Home Hostels Valencia","description":"Ubicaci\u00f3n Backpackers Hostel, en el centro de Valencia, en pleno Barrio del Carmen, a 15 minutos desde la estaci\u00f3n de tren y de autob\u00fas.","robots":{"index":"index","follow":"follow","max-snippet":"max-snippet:-1","max-image-preview":"max-image-preview:large","max-video-preview":"max-video-preview:-1"},"canonical":"https:\/\/homehostelsvalencia.com\/es\/backpackers-hostel-valencia\/albergue-centro-valencia\/","og_locale":"es_ES","og_type":"article","og_title":"Ubicaci\u00f3n Backpackers Hostel | Home Hostels Valencia","og_description":"Ubicaci\u00f3n Backpackers Hostel, en el centro de Valencia, en pleno Barrio del Carmen, a 15 minutos desde la estaci\u00f3n de tren y de autob\u00fas.","og_url":"https:\/\/homehostelsvalencia.com\/es\/backpackers-hostel-valencia\/albergue-centro-valencia\/","og_site_name":"H\u00f4me Hostels Valencia","article_publisher":"https:\/\/www.facebook.com\/HomeHostelsValencia","article_modified_time":"2018-02-20T23:46:43+00:00","twitter_card":"summary_large_image","twitter_site":"@homehostelsvlc","twitter_misc":{"Tiempo de lectura":"4 minutos"},"schema":{"@context":"https:\/\/schema.org","@graph":[{"@type":"WebPage","@id":"https:\/\/homehostelsvalencia.com\/es\/backpackers-hostel-valencia\/albergue-centro-valencia\/","url":"https:\/\/homehostelsvalencia.com\/es\/backpackers-hostel-valencia\/albergue-centro-valencia\/","name":"Ubicaci\u00f3n Backpackers Hostel | Home Hostels Valencia","isPartOf":{"@id":"https:\/\/homehostelsvalencia.com\/es\/#website"},"datePublished":"2011-04-27T16:27:28+00:00","dateModified":"2018-02-20T23:46:43+00:00","description":"Ubicaci\u00f3n Backpackers Hostel, en el centro de Valencia, en pleno Barrio del Carmen, a 15 minutos desde la estaci\u00f3n de tren y de autob\u00fas.","breadcrumb":{"@id":"https:\/\/homehostelsvalencia.com\/es\/backpackers-hostel-valencia\/albergue-centro-valencia\/#breadcrumb"},"inLanguage":"es","potentialAction":[{"@type":"ReadAction","target":["https:\/\/homehostelsvalencia.com\/es\/backpackers-hostel-valencia\/albergue-centro-valencia\/"]}]},{"@type":"BreadcrumbList","@id":"https:\/\/homehostelsvalencia.com\/es\/backpackers-hostel-valencia\/albergue-centro-valencia\/#breadcrumb","itemListElement":[{"@type":"ListItem","position":1,"name":"Portada","item":"https:\/\/homehostelsvalencia.com\/es\/"},{"@type":"ListItem","position":2,"name":"Home Backpackers Hostel Valencia","item":"https:\/\/homehostelsvalencia.com\/es\/backpackers-hostel-valencia\/"},{"@type":"ListItem","position":3,"name":"Home Backpackers Hostel Valencia : Ubicaci\u00f3n"}]},{"@type":"WebSite","@id":"https:\/\/homehostelsvalencia.com\/es\/#website","url":"https:\/\/homehostelsvalencia.com\/es\/","name":"H\u00f4me Hostels Valencia","description":"If you&#039;re looking for a cheap place to stay en Valencia, come to H\u00f4me Hostels Valencia.","publisher":{"@id":"https:\/\/homehostelsvalencia.com\/es\/#organization"},"potentialAction":[{"@type":"SearchAction","target":{"@type":"EntryPoint","urlTemplate":"https:\/\/homehostelsvalencia.com\/es\/?s={search_term_string}"},"query-input":{"@type":"PropertyValueSpecification","valueRequired":true,"valueName":"search_term_string"}}],"inLanguage":"es"},{"@type":"Organization","@id":"https:\/\/homehostelsvalencia.com\/es\/#organization","name":"Home Hostels Valencia","url":"https:\/\/homehostelsvalencia.com\/es\/","logo":{"@type":"ImageObject","inLanguage":"es","@id":"https:\/\/homehostelsvalencia.com\/es\/#\/schema\/logo\/image\/","url":"https:\/\/homehostelsvalencia.com\/wp-content\/uploads\/2017\/01\/logo-home-hostels-valencia-spain.png","contentUrl":"https:\/\/homehostelsvalencia.com\/wp-content\/uploads\/2017\/01\/logo-home-hostels-valencia-spain.png","width":233,"height":93,"caption":"Home Hostels Valencia"},"image":{"@id":"https:\/\/homehostelsvalencia.com\/es\/#\/schema\/logo\/image\/"},"sameAs":["https:\/\/www.facebook.com\/HomeHostelsValencia","https:\/\/x.com\/homehostelsvlc","https:\/\/www.youtube.com\/user\/homehostelsvalencia"]}]}},"_links":{"self":[{"href":"https:\/\/homehostelsvalencia.com\/es\/wp-json\/wp\/v2\/pages\/2889","targetHints":{"allow":["GET"]}}],"collection":[{"href":"https:\/\/homehostelsvalencia.com\/es\/wp-json\/wp\/v2\/pages"}],"about":[{"href":"https:\/\/homehostelsvalencia.com\/es\/wp-json\/wp\/v2\/types\/page"}],"author":[{"embeddable":true,"href":"https:\/\/homehostelsvalencia.com\/es\/wp-json\/wp\/v2\/users\/15"}],"replies":[{"embeddable":true,"href":"https:\/\/homehostelsvalencia.com\/es\/wp-json\/wp\/v2\/comments?post=2889"}],"version-history":[{"count":0,"href":"https:\/\/homehostelsvalencia.com\/es\/wp-json\/wp\/v2\/pages\/2889\/revisions"}],"up":[{"embeddable":true,"href":"https:\/\/homehostelsvalencia.com\/es\/wp-json\/wp\/v2\/pages\/2880"}],"wp:attachment":[{"href":"https:\/\/homehostelsvalencia.com\/es\/wp-json\/wp\/v2\/media?parent=2889"}],"curies":[{"name":"wp","href":"https:\/\/api.w.org\/{rel}","templated":true}]}}