{"id":2874,"date":"2011-04-06T16:09:19","date_gmt":"2011-04-06T16:09:19","guid":{"rendered":"http:\/\/dev.homehostelsvalencia.com\/home-youth-hostel-valencia-presentacion\/"},"modified":"2018-02-21T00:21:22","modified_gmt":"2018-02-20T23:21:22","slug":"presentacion","status":"publish","type":"page","link":"https:\/\/homehostelsvalencia.com\/es\/youth-hostel-valencia\/presentacion\/","title":{"rendered":"Home Youth Hostel Valencia"},"content":{"rendered":"<p style=\"text-align: center;\">[su_menu name=\u00bbES Youth\u00bb class=\u00bblist-amenities\u00bb]<\/p>\n<p><strong>\u00bfBuscas un hostal barato en Valencia? \u00a1Ven a Home Youth Hostel<\/strong>!<br \/>\nUn hostal lleno de vida a unos pocos pasos del Mercado Central y de La Lonja de Valencia.<\/p>\n<p>Es un albergue que est\u00e1 <strong>en el centro de Valencia<\/strong>, a solo 8 minutos desde la estaci\u00f3n de tren y de autob\u00fas. Este hostal est\u00e1 a pocos pasos del Mercado Central y de la Lonja, dos puntos tur\u00edsticos muy\u00a0importancias en\u00a0Valencia.<\/p>\n<p>Home Youth Hostel es el hostal con m\u00e1s vida de la ciudad. Es el lugar perfecto para viajeros que quieren un lugar <strong>confortable, limpio y lleno de color<\/strong>. Puedes relajarte en el sal\u00f3n planeando tu pr\u00f3ximo destino o compartiendo tus experiencias con otros mochileros de otro mundo.<\/p>\n<p>&nbsp;<\/p>\n<p><strong>\u00a1Recuerda! Home Hostels Valencia, la mejor cadena de hostales baratos en Valencia.<\/strong><\/p>\n","protected":false},"excerpt":{"rendered":"<p>[su_menu name=\u00bbES Youth\u00bb class=\u00bblist-amenities\u00bb] \u00bfBuscas un hostal barato en Valencia? \u00a1Ven a Home Youth Hostel! Un hostal lleno de vida a unos pocos pasos del Mercado Central y de La Lonja de Valencia. Es un albergue que est\u00e1 en el centro de Valencia, a solo 8 minutos desde la estaci\u00f3n de tren y de autob\u00fas. [&hellip;]<\/p>\n","protected":false},"author":7,"featured_media":6552,"parent":3703,"menu_order":0,"comment_status":"closed","ping_status":"closed","template":"","meta":{"footnotes":""},"class_list":["post-2874","page","type-page","status-publish","has-post-thumbnail","hentry"],"yoast_head":"<!-- This site is optimized with the Yoast SEO plugin v27.3 - https:\/\/yoast.com\/product\/yoast-seo-wordpress\/ -->\n<title>Home Youth Hostel Valencia. Un hostels colorido en el centro de Valencia<\/title>\n<meta name=\"description\" content=\"Home Youth Hostel Valencia. Un hostels colorido en el centro de Valencia \u00b7 \u00a1Ven a Home Youth Hostel! Un hostal lleno de vida a unos pocos pasos del Mercado Central y de La Lonja. Con habitaciones coloridas, sin gastos de reserva, el mejor precio de Valencia Garantizado, Buen ambiente y habitaciones sin Literas\" \/>\n<meta name=\"robots\" content=\"index, follow, max-snippet:-1, max-image-preview:large, max-video-preview:-1\" \/>\n<link rel=\"canonical\" href=\"https:\/\/homehostelsvalencia.com\/es\/youth-hostel-valencia\/presentacion\/\" \/>\n<meta property=\"og:locale\" content=\"es_ES\" \/>\n<meta property=\"og:type\" content=\"article\" \/>\n<meta property=\"og:title\" content=\"Home Youth Hostel Valencia. Un hostels colorido en el centro de Valencia\" \/>\n<meta property=\"og:description\" content=\"Home Youth Hostel Valencia. Un hostels colorido en el centro de Valencia \u00b7 \u00a1Ven a Home Youth Hostel! Un hostal lleno de vida a unos pocos pasos del Mercado Central y de La Lonja. Con habitaciones coloridas, sin gastos de reserva, el mejor precio de Valencia Garantizado, Buen ambiente y habitaciones sin Literas\" \/>\n<meta property=\"og:url\" content=\"https:\/\/homehostelsvalencia.com\/es\/youth-hostel-valencia\/presentacion\/\" \/>\n<meta property=\"og:site_name\" content=\"H\u00f4me Hostels Valencia\" \/>\n<meta property=\"article:publisher\" content=\"https:\/\/www.facebook.com\/HomeHostelsValencia\" \/>\n<meta property=\"article:modified_time\" content=\"2018-02-20T23:21:22+00:00\" \/>\n<meta property=\"og:image\" content=\"https:\/\/homehostelsvalencia.com\/wp-content\/uploads\/2011\/05\/6homeyouthhostelvalencia.jpg\" \/>\n\t<meta property=\"og:image:width\" content=\"1200\" \/>\n\t<meta property=\"og:image:height\" content=\"900\" \/>\n\t<meta property=\"og:image:type\" content=\"image\/jpeg\" \/>\n<meta name=\"twitter:card\" content=\"summary_large_image\" \/>\n<meta name=\"twitter:site\" content=\"@homehostelsvlc\" \/>\n<meta name=\"twitter:label1\" content=\"Tiempo de lectura\" \/>\n\t<meta name=\"twitter:data1\" content=\"1 minuto\" \/>\n<script type=\"application\/ld+json\" class=\"yoast-schema-graph\">{\"@context\":\"https:\\\/\\\/schema.org\",\"@graph\":[{\"@type\":\"WebPage\",\"@id\":\"https:\\\/\\\/homehostelsvalencia.com\\\/es\\\/youth-hostel-valencia\\\/presentacion\\\/\",\"url\":\"https:\\\/\\\/homehostelsvalencia.com\\\/es\\\/youth-hostel-valencia\\\/presentacion\\\/\",\"name\":\"Home Youth Hostel Valencia. Un hostels colorido en el centro de Valencia\",\"isPartOf\":{\"@id\":\"https:\\\/\\\/homehostelsvalencia.com\\\/es\\\/#website\"},\"primaryImageOfPage\":{\"@id\":\"https:\\\/\\\/homehostelsvalencia.com\\\/es\\\/youth-hostel-valencia\\\/presentacion\\\/#primaryimage\"},\"image\":{\"@id\":\"https:\\\/\\\/homehostelsvalencia.com\\\/es\\\/youth-hostel-valencia\\\/presentacion\\\/#primaryimage\"},\"thumbnailUrl\":\"https:\\\/\\\/homehostelsvalencia.com\\\/wp-content\\\/uploads\\\/2011\\\/05\\\/6homeyouthhostelvalencia.jpg\",\"datePublished\":\"2011-04-06T16:09:19+00:00\",\"dateModified\":\"2018-02-20T23:21:22+00:00\",\"description\":\"Home Youth Hostel Valencia. Un hostels colorido en el centro de Valencia \u00b7 \u00a1Ven a Home Youth Hostel! Un hostal lleno de vida a unos pocos pasos del Mercado Central y de La Lonja. Con habitaciones coloridas, sin gastos de reserva, el mejor precio de Valencia Garantizado, Buen ambiente y habitaciones sin Literas\",\"breadcrumb\":{\"@id\":\"https:\\\/\\\/homehostelsvalencia.com\\\/es\\\/youth-hostel-valencia\\\/presentacion\\\/#breadcrumb\"},\"inLanguage\":\"es\",\"potentialAction\":[{\"@type\":\"ReadAction\",\"target\":[\"https:\\\/\\\/homehostelsvalencia.com\\\/es\\\/youth-hostel-valencia\\\/presentacion\\\/\"]}]},{\"@type\":\"ImageObject\",\"inLanguage\":\"es\",\"@id\":\"https:\\\/\\\/homehostelsvalencia.com\\\/es\\\/youth-hostel-valencia\\\/presentacion\\\/#primaryimage\",\"url\":\"https:\\\/\\\/homehostelsvalencia.com\\\/wp-content\\\/uploads\\\/2011\\\/05\\\/6homeyouthhostelvalencia.jpg\",\"contentUrl\":\"https:\\\/\\\/homehostelsvalencia.com\\\/wp-content\\\/uploads\\\/2011\\\/05\\\/6homeyouthhostelvalencia.jpg\",\"width\":1200,\"height\":900,\"caption\":\"Home Youth Hostel Valencia\"},{\"@type\":\"BreadcrumbList\",\"@id\":\"https:\\\/\\\/homehostelsvalencia.com\\\/es\\\/youth-hostel-valencia\\\/presentacion\\\/#breadcrumb\",\"itemListElement\":[{\"@type\":\"ListItem\",\"position\":1,\"name\":\"Portada\",\"item\":\"https:\\\/\\\/homehostelsvalencia.com\\\/es\\\/\"},{\"@type\":\"ListItem\",\"position\":2,\"name\":\"Youth Hostel\",\"item\":\"https:\\\/\\\/homehostelsvalencia.com\\\/es\\\/youth-hostel-valencia\\\/\"},{\"@type\":\"ListItem\",\"position\":3,\"name\":\"Home Youth Hostel Valencia\"}]},{\"@type\":\"WebSite\",\"@id\":\"https:\\\/\\\/homehostelsvalencia.com\\\/es\\\/#website\",\"url\":\"https:\\\/\\\/homehostelsvalencia.com\\\/es\\\/\",\"name\":\"H\u00f4me Hostels Valencia\",\"description\":\"If you&#039;re looking for a cheap place to stay en Valencia, come to H\u00f4me Hostels Valencia.\",\"publisher\":{\"@id\":\"https:\\\/\\\/homehostelsvalencia.com\\\/es\\\/#organization\"},\"potentialAction\":[{\"@type\":\"SearchAction\",\"target\":{\"@type\":\"EntryPoint\",\"urlTemplate\":\"https:\\\/\\\/homehostelsvalencia.com\\\/es\\\/?s={search_term_string}\"},\"query-input\":{\"@type\":\"PropertyValueSpecification\",\"valueRequired\":true,\"valueName\":\"search_term_string\"}}],\"inLanguage\":\"es\"},{\"@type\":\"Organization\",\"@id\":\"https:\\\/\\\/homehostelsvalencia.com\\\/es\\\/#organization\",\"name\":\"Home Hostels Valencia\",\"url\":\"https:\\\/\\\/homehostelsvalencia.com\\\/es\\\/\",\"logo\":{\"@type\":\"ImageObject\",\"inLanguage\":\"es\",\"@id\":\"https:\\\/\\\/homehostelsvalencia.com\\\/es\\\/#\\\/schema\\\/logo\\\/image\\\/\",\"url\":\"https:\\\/\\\/homehostelsvalencia.com\\\/wp-content\\\/uploads\\\/2017\\\/01\\\/logo-home-hostels-valencia-spain.png\",\"contentUrl\":\"https:\\\/\\\/homehostelsvalencia.com\\\/wp-content\\\/uploads\\\/2017\\\/01\\\/logo-home-hostels-valencia-spain.png\",\"width\":233,\"height\":93,\"caption\":\"Home Hostels Valencia\"},\"image\":{\"@id\":\"https:\\\/\\\/homehostelsvalencia.com\\\/es\\\/#\\\/schema\\\/logo\\\/image\\\/\"},\"sameAs\":[\"https:\\\/\\\/www.facebook.com\\\/HomeHostelsValencia\",\"https:\\\/\\\/x.com\\\/homehostelsvlc\",\"https:\\\/\\\/www.youtube.com\\\/user\\\/homehostelsvalencia\"]}]}<\/script>\n<!-- \/ Yoast SEO plugin. -->","yoast_head_json":{"title":"Home Youth Hostel Valencia. Un hostels colorido en el centro de Valencia","description":"Home Youth Hostel Valencia. Un hostels colorido en el centro de Valencia \u00b7 \u00a1Ven a Home Youth Hostel! Un hostal lleno de vida a unos pocos pasos del Mercado Central y de La Lonja. Con habitaciones coloridas, sin gastos de reserva, el mejor precio de Valencia Garantizado, Buen ambiente y habitaciones sin Literas","robots":{"index":"index","follow":"follow","max-snippet":"max-snippet:-1","max-image-preview":"max-image-preview:large","max-video-preview":"max-video-preview:-1"},"canonical":"https:\/\/homehostelsvalencia.com\/es\/youth-hostel-valencia\/presentacion\/","og_locale":"es_ES","og_type":"article","og_title":"Home Youth Hostel Valencia. Un hostels colorido en el centro de Valencia","og_description":"Home Youth Hostel Valencia. Un hostels colorido en el centro de Valencia \u00b7 \u00a1Ven a Home Youth Hostel! Un hostal lleno de vida a unos pocos pasos del Mercado Central y de La Lonja. Con habitaciones coloridas, sin gastos de reserva, el mejor precio de Valencia Garantizado, Buen ambiente y habitaciones sin Literas","og_url":"https:\/\/homehostelsvalencia.com\/es\/youth-hostel-valencia\/presentacion\/","og_site_name":"H\u00f4me Hostels Valencia","article_publisher":"https:\/\/www.facebook.com\/HomeHostelsValencia","article_modified_time":"2018-02-20T23:21:22+00:00","og_image":[{"width":1200,"height":900,"url":"https:\/\/homehostelsvalencia.com\/wp-content\/uploads\/2011\/05\/6homeyouthhostelvalencia.jpg","type":"image\/jpeg"}],"twitter_card":"summary_large_image","twitter_site":"@homehostelsvlc","twitter_misc":{"Tiempo de lectura":"1 minuto"},"schema":{"@context":"https:\/\/schema.org","@graph":[{"@type":"WebPage","@id":"https:\/\/homehostelsvalencia.com\/es\/youth-hostel-valencia\/presentacion\/","url":"https:\/\/homehostelsvalencia.com\/es\/youth-hostel-valencia\/presentacion\/","name":"Home Youth Hostel Valencia. Un hostels colorido en el centro de Valencia","isPartOf":{"@id":"https:\/\/homehostelsvalencia.com\/es\/#website"},"primaryImageOfPage":{"@id":"https:\/\/homehostelsvalencia.com\/es\/youth-hostel-valencia\/presentacion\/#primaryimage"},"image":{"@id":"https:\/\/homehostelsvalencia.com\/es\/youth-hostel-valencia\/presentacion\/#primaryimage"},"thumbnailUrl":"https:\/\/homehostelsvalencia.com\/wp-content\/uploads\/2011\/05\/6homeyouthhostelvalencia.jpg","datePublished":"2011-04-06T16:09:19+00:00","dateModified":"2018-02-20T23:21:22+00:00","description":"Home Youth Hostel Valencia. Un hostels colorido en el centro de Valencia \u00b7 \u00a1Ven a Home Youth Hostel! Un hostal lleno de vida a unos pocos pasos del Mercado Central y de La Lonja. Con habitaciones coloridas, sin gastos de reserva, el mejor precio de Valencia Garantizado, Buen ambiente y habitaciones sin Literas","breadcrumb":{"@id":"https:\/\/homehostelsvalencia.com\/es\/youth-hostel-valencia\/presentacion\/#breadcrumb"},"inLanguage":"es","potentialAction":[{"@type":"ReadAction","target":["https:\/\/homehostelsvalencia.com\/es\/youth-hostel-valencia\/presentacion\/"]}]},{"@type":"ImageObject","inLanguage":"es","@id":"https:\/\/homehostelsvalencia.com\/es\/youth-hostel-valencia\/presentacion\/#primaryimage","url":"https:\/\/homehostelsvalencia.com\/wp-content\/uploads\/2011\/05\/6homeyouthhostelvalencia.jpg","contentUrl":"https:\/\/homehostelsvalencia.com\/wp-content\/uploads\/2011\/05\/6homeyouthhostelvalencia.jpg","width":1200,"height":900,"caption":"Home Youth Hostel Valencia"},{"@type":"BreadcrumbList","@id":"https:\/\/homehostelsvalencia.com\/es\/youth-hostel-valencia\/presentacion\/#breadcrumb","itemListElement":[{"@type":"ListItem","position":1,"name":"Portada","item":"https:\/\/homehostelsvalencia.com\/es\/"},{"@type":"ListItem","position":2,"name":"Youth Hostel","item":"https:\/\/homehostelsvalencia.com\/es\/youth-hostel-valencia\/"},{"@type":"ListItem","position":3,"name":"Home Youth Hostel Valencia"}]},{"@type":"WebSite","@id":"https:\/\/homehostelsvalencia.com\/es\/#website","url":"https:\/\/homehostelsvalencia.com\/es\/","name":"H\u00f4me Hostels Valencia","description":"If you&#039;re looking for a cheap place to stay en Valencia, come to H\u00f4me Hostels Valencia.","publisher":{"@id":"https:\/\/homehostelsvalencia.com\/es\/#organization"},"potentialAction":[{"@type":"SearchAction","target":{"@type":"EntryPoint","urlTemplate":"https:\/\/homehostelsvalencia.com\/es\/?s={search_term_string}"},"query-input":{"@type":"PropertyValueSpecification","valueRequired":true,"valueName":"search_term_string"}}],"inLanguage":"es"},{"@type":"Organization","@id":"https:\/\/homehostelsvalencia.com\/es\/#organization","name":"Home Hostels Valencia","url":"https:\/\/homehostelsvalencia.com\/es\/","logo":{"@type":"ImageObject","inLanguage":"es","@id":"https:\/\/homehostelsvalencia.com\/es\/#\/schema\/logo\/image\/","url":"https:\/\/homehostelsvalencia.com\/wp-content\/uploads\/2017\/01\/logo-home-hostels-valencia-spain.png","contentUrl":"https:\/\/homehostelsvalencia.com\/wp-content\/uploads\/2017\/01\/logo-home-hostels-valencia-spain.png","width":233,"height":93,"caption":"Home Hostels Valencia"},"image":{"@id":"https:\/\/homehostelsvalencia.com\/es\/#\/schema\/logo\/image\/"},"sameAs":["https:\/\/www.facebook.com\/HomeHostelsValencia","https:\/\/x.com\/homehostelsvlc","https:\/\/www.youtube.com\/user\/homehostelsvalencia"]}]}},"_links":{"self":[{"href":"https:\/\/homehostelsvalencia.com\/es\/wp-json\/wp\/v2\/pages\/2874","targetHints":{"allow":["GET"]}}],"collection":[{"href":"https:\/\/homehostelsvalencia.com\/es\/wp-json\/wp\/v2\/pages"}],"about":[{"href":"https:\/\/homehostelsvalencia.com\/es\/wp-json\/wp\/v2\/types\/page"}],"author":[{"embeddable":true,"href":"https:\/\/homehostelsvalencia.com\/es\/wp-json\/wp\/v2\/users\/7"}],"replies":[{"embeddable":true,"href":"https:\/\/homehostelsvalencia.com\/es\/wp-json\/wp\/v2\/comments?post=2874"}],"version-history":[{"count":0,"href":"https:\/\/homehostelsvalencia.com\/es\/wp-json\/wp\/v2\/pages\/2874\/revisions"}],"up":[{"embeddable":true,"href":"https:\/\/homehostelsvalencia.com\/es\/wp-json\/wp\/v2\/pages\/3703"}],"wp:featuredmedia":[{"embeddable":true,"href":"https:\/\/homehostelsvalencia.com\/es\/wp-json\/wp\/v2\/media\/6552"}],"wp:attachment":[{"href":"https:\/\/homehostelsvalencia.com\/es\/wp-json\/wp\/v2\/media?parent=2874"}],"curies":[{"name":"wp","href":"https:\/\/api.w.org\/{rel}","templated":true}]}}